{"id":217178,"date":"2022-12-07T11:50:06","date_gmt":"2022-12-07T11:50:11","guid":{"rendered":"https:\/\/www.erresse-shop.it\/?post_type=product&#038;p=217178"},"modified":"2025-05-22T06:13:06","modified_gmt":"2025-05-22T06:13:06","slug":"joseph-joseph-folio-plus-ensemble-de-8-couteaux-et-planche-a-decouper","status":"publish","type":"product","link":"https:\/\/www.erresse-shop.it\/fr\/shop\/cuisine\/planches-a-decouper\/joseph-joseph-folio-plus-ensemble-de-8-couteaux-et-planche-a-decouper\/","title":{"rendered":"JOSEPH JOSEPH Folio Plus Ensemble de 8 couteaux et planche \u00e0 d\u00e9couper"},"content":{"rendered":"<p>Un design \u00e9l\u00e9gant et pratique vous permet de mieux organiser tous vos outils de coupe.<br \/>\nIl est livr\u00e9 avec une mallette \u00e9l\u00e9gante et fine contenant quatre planches \u00e0 d\u00e9couper \u00e0 code couleur et quatre couteaux Elevate\u2122 assortis.<\/p>\n<ul>\n<li>\u00c9tui mince pour un rangement organis\u00e9.<\/li>\n<li>Conception \u00e0 plusieurs niveaux et barres en acier inoxydable sur les planches pour une s\u00e9lection facile.<\/li>\n<li>Des planches \u00e0 double face avec des surfaces de coupe textur\u00e9es, adapt\u00e9es aux couteaux, et des pieds antid\u00e9rapants.<\/li>\n<li>Couteaux Elevate\u2122 avec des lames en acier inoxydable japonais et des porte-outils int\u00e9gr\u00e9s.<\/li>\n<li>Couteaux inclus : couteau d&#8217;office 3,5&#8243; ; couteau dentel\u00e9 4,5&#8243; ; couteau Santoku 5,5&#8243; ; couteau de chef 6,5&#8243;.<\/li>\n<\/ul>\n<p><strong>Entretien et utilisation:<\/strong><\/p>\n<ul>\n<li>Tables : Lavable au lave-vaisselle.<\/li>\n<li>Bo\u00eetier : Nettoyez-le avec un chiffon doux et humide.<\/li>\n<li>Comme pour toutes les planches \u00e0 d\u00e9couper en plastique, la surface des couteaux se raye \u00e0 l&#8217;usage.<\/li>\n<li>Couteau : ne va pas au lave-vaisselle. Laver \u00e0 la main uniquement et s\u00e9cher imm\u00e9diatement.<\/li>\n<\/ul>\n<p><strong>Con\u00e7u par Joseph Joseph<\/strong><\/p>\n","protected":false},"excerpt":{"rendered":"<p>Un design \u00e9l\u00e9gant et pratique vous permet de mieux organiser tous vos outils de coupe. Il est livr\u00e9 avec une<\/p>\n","protected":false},"featured_media":455775,"template":"","meta":{"_acf_changed":false,"inline_featured_image":false},"product_cat":[12748,12759],"product_tag":[25026,20988,25021],"acf":[],"yoast_head":"<!-- This site is optimized with the Yoast SEO Premium plugin v18.6 (Yoast SEO v19.13) - https:\/\/yoast.com\/wordpress\/plugins\/seo\/ -->\n<title>JOSEPH JOSEPH Folio Plus Ensemble de 8 couteaux et planche \u00e0 d\u00e9couper - Erresse Shop<\/title>\n<meta name=\"description\" content=\"Un design \u00e9l\u00e9gant et pratique vous permet de mieux organiser tous vos outils de coupe. Il est livr\u00e9 avec une mallette \u00e9l\u00e9gante et fine contenant quatre\" \/>\n<meta name=\"robots\" content=\"index, follow, max-snippet:-1, max-image-preview:large, max-video-preview:-1\" \/>\n<link rel=\"canonical\" href=\"https:\/\/www.erresse-shop.it\/fr\/shop\/cuisine\/planches-a-decouper\/joseph-joseph-folio-plus-ensemble-de-8-couteaux-et-planche-a-decouper\/\" \/>\n<meta property=\"og:locale\" content=\"fr_FR\" \/>\n<meta property=\"og:type\" content=\"article\" \/>\n<meta property=\"og:title\" content=\"JOSEPH JOSEPH Folio Plus Ensemble de 8 couteaux et planche \u00e0 d\u00e9couper\" \/>\n<meta property=\"og:description\" content=\"Un design \u00e9l\u00e9gant et pratique vous permet de mieux organiser tous vos outils de coupe. Il est livr\u00e9 avec une mallette \u00e9l\u00e9gante et fine contenant quatre\" \/>\n<meta property=\"og:url\" content=\"https:\/\/www.erresse-shop.it\/fr\/shop\/cuisine\/planches-a-decouper\/joseph-joseph-folio-plus-ensemble-de-8-couteaux-et-planche-a-decouper\/\" \/>\n<meta property=\"og:site_name\" content=\"Erresse Shop\" \/>\n<meta property=\"article:modified_time\" content=\"2025-05-22T06:13:06+00:00\" \/>\n<meta property=\"og:image\" content=\"https:\/\/www.erresse-shop.it\/wp-content\/uploads\/2022\/12\/joseph-joseph-folio-con-coltelli-1.jpg\" \/>\n\t<meta property=\"og:image:width\" content=\"1200\" \/>\n\t<meta property=\"og:image:height\" content=\"1200\" \/>\n\t<meta property=\"og:image:type\" content=\"image\/jpeg\" \/>\n<meta name=\"twitter:card\" content=\"summary_large_image\" \/>\n<script type=\"application\/ld+json\" class=\"yoast-schema-graph\">{\"@context\":\"https:\/\/schema.org\",\"@graph\":[{\"@type\":\"WebPage\",\"@id\":\"https:\/\/www.erresse-shop.it\/fr\/shop\/cuisine\/planches-a-decouper\/joseph-joseph-folio-plus-ensemble-de-8-couteaux-et-planche-a-decouper\/\",\"url\":\"https:\/\/www.erresse-shop.it\/fr\/shop\/cuisine\/planches-a-decouper\/joseph-joseph-folio-plus-ensemble-de-8-couteaux-et-planche-a-decouper\/\",\"name\":\"JOSEPH JOSEPH Folio Plus Ensemble de 8 couteaux et planche \u00e0 d\u00e9couper - Erresse Shop\",\"isPartOf\":{\"@id\":\"https:\/\/www.erresse-shop.it\/fr\/#website\"},\"datePublished\":\"2022-12-07T11:50:11+00:00\",\"dateModified\":\"2025-05-22T06:13:06+00:00\",\"description\":\"Un design \u00e9l\u00e9gant et pratique vous permet de mieux organiser tous vos outils de coupe. Il est livr\u00e9 avec une mallette \u00e9l\u00e9gante et fine contenant quatre\",\"breadcrumb\":{\"@id\":\"https:\/\/www.erresse-shop.it\/fr\/shop\/cuisine\/planches-a-decouper\/joseph-joseph-folio-plus-ensemble-de-8-couteaux-et-planche-a-decouper\/#breadcrumb\"},\"inLanguage\":\"fr-FR\",\"potentialAction\":[{\"@type\":\"ReadAction\",\"target\":[\"https:\/\/www.erresse-shop.it\/fr\/shop\/cuisine\/planches-a-decouper\/joseph-joseph-folio-plus-ensemble-de-8-couteaux-et-planche-a-decouper\/\"]}]},{\"@type\":\"BreadcrumbList\",\"@id\":\"https:\/\/www.erresse-shop.it\/fr\/shop\/cuisine\/planches-a-decouper\/joseph-joseph-folio-plus-ensemble-de-8-couteaux-et-planche-a-decouper\/#breadcrumb\",\"itemListElement\":[{\"@type\":\"ListItem\",\"position\":1,\"name\":\"Home\",\"item\":\"https:\/\/www.erresse-shop.it\/fr\/\"},{\"@type\":\"ListItem\",\"position\":2,\"name\":\"Shop\",\"item\":\"https:\/\/www.erresse-shop.it\/fr\/shop\/\"},{\"@type\":\"ListItem\",\"position\":3,\"name\":\"JOSEPH JOSEPH Folio Plus Ensemble de 8 couteaux et planche \u00e0 d\u00e9couper\"}]},{\"@type\":\"WebSite\",\"@id\":\"https:\/\/www.erresse-shop.it\/fr\/#website\",\"url\":\"https:\/\/www.erresse-shop.it\/fr\/\",\"name\":\"Erresse Shop\",\"description\":\"Articoli di qualit\u00e0 per la casa\",\"potentialAction\":[{\"@type\":\"SearchAction\",\"target\":{\"@type\":\"EntryPoint\",\"urlTemplate\":\"https:\/\/www.erresse-shop.it\/fr\/?s={search_term_string}\"},\"query-input\":\"required name=search_term_string\"}],\"inLanguage\":\"fr-FR\"}]}<\/script>\n<!-- \/ Yoast SEO Premium plugin. -->","yoast_head_json":{"title":"JOSEPH JOSEPH Folio Plus Ensemble de 8 couteaux et planche \u00e0 d\u00e9couper - Erresse Shop","description":"Un design \u00e9l\u00e9gant et pratique vous permet de mieux organiser tous vos outils de coupe. Il est livr\u00e9 avec une mallette \u00e9l\u00e9gante et fine contenant quatre","robots":{"index":"index","follow":"follow","max-snippet":"max-snippet:-1","max-image-preview":"max-image-preview:large","max-video-preview":"max-video-preview:-1"},"canonical":"https:\/\/www.erresse-shop.it\/fr\/shop\/cuisine\/planches-a-decouper\/joseph-joseph-folio-plus-ensemble-de-8-couteaux-et-planche-a-decouper\/","og_locale":"fr_FR","og_type":"article","og_title":"JOSEPH JOSEPH Folio Plus Ensemble de 8 couteaux et planche \u00e0 d\u00e9couper","og_description":"Un design \u00e9l\u00e9gant et pratique vous permet de mieux organiser tous vos outils de coupe. Il est livr\u00e9 avec une mallette \u00e9l\u00e9gante et fine contenant quatre","og_url":"https:\/\/www.erresse-shop.it\/fr\/shop\/cuisine\/planches-a-decouper\/joseph-joseph-folio-plus-ensemble-de-8-couteaux-et-planche-a-decouper\/","og_site_name":"Erresse Shop","article_modified_time":"2025-05-22T06:13:06+00:00","og_image":[{"width":1200,"height":1200,"url":"https:\/\/www.erresse-shop.it\/wp-content\/uploads\/2022\/12\/joseph-joseph-folio-con-coltelli-1.jpg","type":"image\/jpeg"}],"twitter_card":"summary_large_image","schema":{"@context":"https:\/\/schema.org","@graph":[{"@type":"WebPage","@id":"https:\/\/www.erresse-shop.it\/fr\/shop\/cuisine\/planches-a-decouper\/joseph-joseph-folio-plus-ensemble-de-8-couteaux-et-planche-a-decouper\/","url":"https:\/\/www.erresse-shop.it\/fr\/shop\/cuisine\/planches-a-decouper\/joseph-joseph-folio-plus-ensemble-de-8-couteaux-et-planche-a-decouper\/","name":"JOSEPH JOSEPH Folio Plus Ensemble de 8 couteaux et planche \u00e0 d\u00e9couper - Erresse Shop","isPartOf":{"@id":"https:\/\/www.erresse-shop.it\/fr\/#website"},"datePublished":"2022-12-07T11:50:11+00:00","dateModified":"2025-05-22T06:13:06+00:00","description":"Un design \u00e9l\u00e9gant et pratique vous permet de mieux organiser tous vos outils de coupe. Il est livr\u00e9 avec une mallette \u00e9l\u00e9gante et fine contenant quatre","breadcrumb":{"@id":"https:\/\/www.erresse-shop.it\/fr\/shop\/cuisine\/planches-a-decouper\/joseph-joseph-folio-plus-ensemble-de-8-couteaux-et-planche-a-decouper\/#breadcrumb"},"inLanguage":"fr-FR","potentialAction":[{"@type":"ReadAction","target":["https:\/\/www.erresse-shop.it\/fr\/shop\/cuisine\/planches-a-decouper\/joseph-joseph-folio-plus-ensemble-de-8-couteaux-et-planche-a-decouper\/"]}]},{"@type":"BreadcrumbList","@id":"https:\/\/www.erresse-shop.it\/fr\/shop\/cuisine\/planches-a-decouper\/joseph-joseph-folio-plus-ensemble-de-8-couteaux-et-planche-a-decouper\/#breadcrumb","itemListElement":[{"@type":"ListItem","position":1,"name":"Home","item":"https:\/\/www.erresse-shop.it\/fr\/"},{"@type":"ListItem","position":2,"name":"Shop","item":"https:\/\/www.erresse-shop.it\/fr\/shop\/"},{"@type":"ListItem","position":3,"name":"JOSEPH JOSEPH Folio Plus Ensemble de 8 couteaux et planche \u00e0 d\u00e9couper"}]},{"@type":"WebSite","@id":"https:\/\/www.erresse-shop.it\/fr\/#website","url":"https:\/\/www.erresse-shop.it\/fr\/","name":"Erresse Shop","description":"Articoli di qualit\u00e0 per la casa","potentialAction":[{"@type":"SearchAction","target":{"@type":"EntryPoint","urlTemplate":"https:\/\/www.erresse-shop.it\/fr\/?s={search_term_string}"},"query-input":"required name=search_term_string"}],"inLanguage":"fr-FR"}]}},"df_price":54.95,"df_sale_price":54.95,"df_regular_price":109.9,"df_image_link":"https:\/\/www.erresse-shop.it\/wp-content\/uploads\/2022\/12\/joseph-joseph-folio-con-coltelli-1-300x300.jpg","_links":{"self":[{"href":"https:\/\/www.erresse-shop.it\/fr\/wp-json\/wp\/v2\/product\/217178"}],"collection":[{"href":"https:\/\/www.erresse-shop.it\/fr\/wp-json\/wp\/v2\/product"}],"about":[{"href":"https:\/\/www.erresse-shop.it\/fr\/wp-json\/wp\/v2\/types\/product"}],"wp:featuredmedia":[{"embeddable":true,"href":"https:\/\/www.erresse-shop.it\/fr\/wp-json\/wp\/v2\/media\/455775"}],"wp:attachment":[{"href":"https:\/\/www.erresse-shop.it\/fr\/wp-json\/wp\/v2\/media?parent=217178"}],"wp:term":[{"taxonomy":"product_cat","embeddable":true,"href":"https:\/\/www.erresse-shop.it\/fr\/wp-json\/wp\/v2\/product_cat?post=217178"},{"taxonomy":"product_tag","embeddable":true,"href":"https:\/\/www.erresse-shop.it\/fr\/wp-json\/wp\/v2\/product_tag?post=217178"}],"curies":[{"name":"wp","href":"https:\/\/api.w.org\/{rel}","templated":true}]}}