{"id":216794,"date":"2022-12-06T16:35:17","date_gmt":"2022-12-06T16:35:21","guid":{"rendered":"https:\/\/www.erresse-shop.it\/?post_type=product&#038;p=216794"},"modified":"2025-05-21T13:42:07","modified_gmt":"2025-05-21T13:42:07","slug":"sparkling-bouchon-de-vin-mousseux-paquet-de-2-pieces","status":"publish","type":"product","link":"https:\/\/www.erresse-shop.it\/fr\/shop\/table-fr-2\/vin\/sparkling-bouchon-de-vin-mousseux-paquet-de-2-pieces\/","title":{"rendered":"CORAVIN Sparkling bouchon de vin mousseux, paquet de 2 pi\u00e8ces."},"content":{"rendered":"<p>Des bouchons Coravin Sparkling\u2122 suppl\u00e9mentaires vous permettent de stocker encore plus de bouteilles avec votre syst\u00e8me Coravin Sparkling\u2122, afin que vous n&#8217;ayez jamais \u00e0 choisir entre vos champagnes pr\u00e9f\u00e9r\u00e9s ou d&#8217;autres vins mousseux. Les bouchons pour vins mousseux s&#8217;adaptent \u00e0 toutes les bouteilles de vin mousseux standard, jusqu&#8217;aux magnums. Compatible uniquement avec le syst\u00e8me de conservation des vins p\u00e9tillants Coravin Sparkling\u2122.<\/p>\n<p><strong>Ce qui est inclus<\/strong><\/p>\n<p>Le Sparkling Stopper universel brevet\u00e9 s&#8217;adapte \u00e0 toute bouteille standard ou magnum et se verrouille solidement en place.<\/p>\n<p><strong>Comment utiliser le Coravin P\u00e9tillant<\/strong><\/p>\n<p>Ins\u00e9rer le bouchon p\u00e9tillant<br \/>\nApr\u00e8s avoir vers\u00e9 tout le vin mousseux que vous voulez, soulevez la poign\u00e9e de verrouillage du Stopper en position ouverte. Placez ensuite le bouchon sur la bouteille ouverte et appuyez fermement sur la poign\u00e9e de verrouillage jusqu&#8217;\u00e0 ce que vous entendiez un d\u00e9clic.<\/p>\n<p>R\u00e9initialisation du niveau de CO2<br \/>\nV\u00e9rifiez l&#8217;indicateur de pression pour vous assurer qu&#8217;il est vert. Cela signifie qu&#8217;une capsule de CO2 p\u00e9tillant Coravin Pure\u2122 est install\u00e9e. Alignez le syst\u00e8me sur le dessus du Stopper et appuyez fermement. L&#8217;indicateur de pression devient rouge, indiquant que la bouteille est pr\u00eate \u00e0 \u00eatre remplie de CO2. Lorsque l&#8217;indicateur repasse au vert, le niveau de CO2 a \u00e9t\u00e9 r\u00e9tabli.<\/p>\n<p>Indicateur visuel de CO2<br \/>\nV\u00e9rifiez instantan\u00e9ment l&#8217;\u00e9tat du CO2 \u00e0 l&#8217;int\u00e9rieur de la bouteille gr\u00e2ce \u00e0 l&#8217;indicateur simple et intuitif.<\/p>\n<p>Inclinaison pour lib\u00e9rer le gaz<br \/>\nLorsque vous \u00eates pr\u00eat \u00e0 retirer le bouchon, vous pouvez rel\u00e2cher la pression dans la bouteille en la faisant simplement basculer.<\/p>\n<p>Caract\u00e9ristiques de s\u00e9curit\u00e9<br \/>\nLe chargeur Sparkling est con\u00e7u avec un r\u00e9gulateur interne qui arr\u00eate de charger la bouteille lorsque la pression correcte est atteinte.<\/p>\n<p><strong>D\u00e9tails du produit<\/strong><\/p>\n<ul>\n<li>Se verse de la m\u00eame bouteille parfaitement conserv\u00e9e pendant 2 semaines.<\/li>\n<li>Le Sparkling Stopper universel brevet\u00e9 s&#8217;adapte \u00e0 toute bouteille standard ou magnum et se verrouille en toute s\u00e9curit\u00e9.<\/li>\n<li>Facile \u00e0 utiliser<\/li>\n<li>Apr\u00e8s avoir vers\u00e9 le vin mousseux, il suffit de soulever la poign\u00e9e de verrouillage du bouchon jusqu&#8217;en haut, de la placer sur la bouteille ouverte et d&#8217;abaisser la poign\u00e9e jusqu&#8217;en bas pour installer le bouchon.<\/li>\n<li>Nettoyage facile.\u00a0Lorsque vous avez fini d&#8217;utiliser le bouchon, nettoyez l&#8217;int\u00e9rieur avec un chiffon humide. C&#8217;est aussi simple que cela !<\/li>\n<\/ul>\n","protected":false},"excerpt":{"rendered":"<p>Des bouchons Coravin Sparkling\u2122 suppl\u00e9mentaires vous permettent de stocker encore plus de bouteilles avec votre syst\u00e8me Coravin Sparkling\u2122, afin que<\/p>\n","protected":false},"featured_media":500483,"template":"","meta":{"_acf_changed":false,"inline_featured_image":false},"product_cat":[25982,12782,12754],"product_tag":[25036,21414,21507,25021,24397,23682,21477],"acf":[],"yoast_head":"<!-- This site is optimized with the Yoast SEO Premium plugin v18.6 (Yoast SEO v19.13) - https:\/\/yoast.com\/wordpress\/plugins\/seo\/ -->\n<title>CORAVIN Sparkling\u2122 bouchon de vin mousseux, paquet de 2 pi\u00e8ces.<\/title>\n<meta name=\"description\" content=\"D\u00e9couvrez CORAVIN Sparkling\u2122 bouchon de vin mousseux, paquet de 2 pi\u00e8ces. sur ErresseShop. Qualit\u00e9, prix r\u00e9duits et achat s\u00e9curis\u00e9 \u2013 commandez d\u00e8s maintenant en ligne !\" \/>\n<meta name=\"robots\" content=\"index, follow, max-snippet:-1, max-image-preview:large, max-video-preview:-1\" \/>\n<link rel=\"canonical\" href=\"https:\/\/www.erresse-shop.it\/fr\/shop\/table-fr-2\/vin\/sparkling-bouchon-de-vin-mousseux-paquet-de-2-pieces\/\" \/>\n<meta property=\"og:locale\" content=\"fr_FR\" \/>\n<meta property=\"og:type\" content=\"article\" \/>\n<meta property=\"og:title\" content=\"CORAVIN Sparkling bouchon de vin mousseux, paquet de 2 pi\u00e8ces.\" \/>\n<meta property=\"og:description\" content=\"D\u00e9couvrez CORAVIN Sparkling\u2122 bouchon de vin mousseux, paquet de 2 pi\u00e8ces. sur ErresseShop. Qualit\u00e9, prix r\u00e9duits et achat s\u00e9curis\u00e9 \u2013 commandez d\u00e8s maintenant en ligne !\" \/>\n<meta property=\"og:url\" content=\"https:\/\/www.erresse-shop.it\/fr\/shop\/table-fr-2\/vin\/sparkling-bouchon-de-vin-mousseux-paquet-de-2-pieces\/\" \/>\n<meta property=\"og:site_name\" content=\"Erresse Shop\" \/>\n<meta property=\"article:modified_time\" content=\"2025-05-21T13:42:07+00:00\" \/>\n<meta property=\"og:image\" content=\"https:\/\/www.erresse-shop.it\/wp-content\/uploads\/2022\/12\/CORAVIN-Set-2-pezzi-Tappo-Spumante.jpg\" \/>\n\t<meta property=\"og:image:width\" content=\"1200\" \/>\n\t<meta property=\"og:image:height\" content=\"1200\" \/>\n\t<meta property=\"og:image:type\" content=\"image\/jpeg\" \/>\n<meta name=\"twitter:card\" content=\"summary_large_image\" \/>\n<script type=\"application\/ld+json\" class=\"yoast-schema-graph\">{\"@context\":\"https:\/\/schema.org\",\"@graph\":[{\"@type\":\"WebPage\",\"@id\":\"https:\/\/www.erresse-shop.it\/fr\/shop\/table-fr-2\/vin\/sparkling-bouchon-de-vin-mousseux-paquet-de-2-pieces\/\",\"url\":\"https:\/\/www.erresse-shop.it\/fr\/shop\/table-fr-2\/vin\/sparkling-bouchon-de-vin-mousseux-paquet-de-2-pieces\/\",\"name\":\"CORAVIN Sparkling\u2122 bouchon de vin mousseux, paquet de 2 pi\u00e8ces.\",\"isPartOf\":{\"@id\":\"https:\/\/www.erresse-shop.it\/fr\/#website\"},\"datePublished\":\"2022-12-06T16:35:21+00:00\",\"dateModified\":\"2025-05-21T13:42:07+00:00\",\"description\":\"D\u00e9couvrez CORAVIN Sparkling\u2122 bouchon de vin mousseux, paquet de 2 pi\u00e8ces. sur ErresseShop. Qualit\u00e9, prix r\u00e9duits et achat s\u00e9curis\u00e9 \u2013 commandez d\u00e8s maintenant en ligne !\",\"breadcrumb\":{\"@id\":\"https:\/\/www.erresse-shop.it\/fr\/shop\/table-fr-2\/vin\/sparkling-bouchon-de-vin-mousseux-paquet-de-2-pieces\/#breadcrumb\"},\"inLanguage\":\"fr-FR\",\"potentialAction\":[{\"@type\":\"ReadAction\",\"target\":[\"https:\/\/www.erresse-shop.it\/fr\/shop\/table-fr-2\/vin\/sparkling-bouchon-de-vin-mousseux-paquet-de-2-pieces\/\"]}]},{\"@type\":\"BreadcrumbList\",\"@id\":\"https:\/\/www.erresse-shop.it\/fr\/shop\/table-fr-2\/vin\/sparkling-bouchon-de-vin-mousseux-paquet-de-2-pieces\/#breadcrumb\",\"itemListElement\":[{\"@type\":\"ListItem\",\"position\":1,\"name\":\"Home\",\"item\":\"https:\/\/www.erresse-shop.it\/fr\/\"},{\"@type\":\"ListItem\",\"position\":2,\"name\":\"Shop\",\"item\":\"https:\/\/www.erresse-shop.it\/fr\/shop\/\"},{\"@type\":\"ListItem\",\"position\":3,\"name\":\"CORAVIN Sparkling bouchon de vin mousseux, paquet de 2 pi\u00e8ces.\"}]},{\"@type\":\"WebSite\",\"@id\":\"https:\/\/www.erresse-shop.it\/fr\/#website\",\"url\":\"https:\/\/www.erresse-shop.it\/fr\/\",\"name\":\"Erresse Shop\",\"description\":\"Articoli di qualit\u00e0 per la casa\",\"potentialAction\":[{\"@type\":\"SearchAction\",\"target\":{\"@type\":\"EntryPoint\",\"urlTemplate\":\"https:\/\/www.erresse-shop.it\/fr\/?s={search_term_string}\"},\"query-input\":\"required name=search_term_string\"}],\"inLanguage\":\"fr-FR\"}]}<\/script>\n<!-- \/ Yoast SEO Premium plugin. -->","yoast_head_json":{"title":"CORAVIN Sparkling\u2122 bouchon de vin mousseux, paquet de 2 pi\u00e8ces.","description":"D\u00e9couvrez CORAVIN Sparkling\u2122 bouchon de vin mousseux, paquet de 2 pi\u00e8ces. sur ErresseShop. Qualit\u00e9, prix r\u00e9duits et achat s\u00e9curis\u00e9 \u2013 commandez d\u00e8s maintenant en ligne !","robots":{"index":"index","follow":"follow","max-snippet":"max-snippet:-1","max-image-preview":"max-image-preview:large","max-video-preview":"max-video-preview:-1"},"canonical":"https:\/\/www.erresse-shop.it\/fr\/shop\/table-fr-2\/vin\/sparkling-bouchon-de-vin-mousseux-paquet-de-2-pieces\/","og_locale":"fr_FR","og_type":"article","og_title":"CORAVIN Sparkling bouchon de vin mousseux, paquet de 2 pi\u00e8ces.","og_description":"D\u00e9couvrez CORAVIN Sparkling\u2122 bouchon de vin mousseux, paquet de 2 pi\u00e8ces. sur ErresseShop. Qualit\u00e9, prix r\u00e9duits et achat s\u00e9curis\u00e9 \u2013 commandez d\u00e8s maintenant en ligne !","og_url":"https:\/\/www.erresse-shop.it\/fr\/shop\/table-fr-2\/vin\/sparkling-bouchon-de-vin-mousseux-paquet-de-2-pieces\/","og_site_name":"Erresse Shop","article_modified_time":"2025-05-21T13:42:07+00:00","og_image":[{"width":1200,"height":1200,"url":"https:\/\/www.erresse-shop.it\/wp-content\/uploads\/2022\/12\/CORAVIN-Set-2-pezzi-Tappo-Spumante.jpg","type":"image\/jpeg"}],"twitter_card":"summary_large_image","schema":{"@context":"https:\/\/schema.org","@graph":[{"@type":"WebPage","@id":"https:\/\/www.erresse-shop.it\/fr\/shop\/table-fr-2\/vin\/sparkling-bouchon-de-vin-mousseux-paquet-de-2-pieces\/","url":"https:\/\/www.erresse-shop.it\/fr\/shop\/table-fr-2\/vin\/sparkling-bouchon-de-vin-mousseux-paquet-de-2-pieces\/","name":"CORAVIN Sparkling\u2122 bouchon de vin mousseux, paquet de 2 pi\u00e8ces.","isPartOf":{"@id":"https:\/\/www.erresse-shop.it\/fr\/#website"},"datePublished":"2022-12-06T16:35:21+00:00","dateModified":"2025-05-21T13:42:07+00:00","description":"D\u00e9couvrez CORAVIN Sparkling\u2122 bouchon de vin mousseux, paquet de 2 pi\u00e8ces. sur ErresseShop. Qualit\u00e9, prix r\u00e9duits et achat s\u00e9curis\u00e9 \u2013 commandez d\u00e8s maintenant en ligne !","breadcrumb":{"@id":"https:\/\/www.erresse-shop.it\/fr\/shop\/table-fr-2\/vin\/sparkling-bouchon-de-vin-mousseux-paquet-de-2-pieces\/#breadcrumb"},"inLanguage":"fr-FR","potentialAction":[{"@type":"ReadAction","target":["https:\/\/www.erresse-shop.it\/fr\/shop\/table-fr-2\/vin\/sparkling-bouchon-de-vin-mousseux-paquet-de-2-pieces\/"]}]},{"@type":"BreadcrumbList","@id":"https:\/\/www.erresse-shop.it\/fr\/shop\/table-fr-2\/vin\/sparkling-bouchon-de-vin-mousseux-paquet-de-2-pieces\/#breadcrumb","itemListElement":[{"@type":"ListItem","position":1,"name":"Home","item":"https:\/\/www.erresse-shop.it\/fr\/"},{"@type":"ListItem","position":2,"name":"Shop","item":"https:\/\/www.erresse-shop.it\/fr\/shop\/"},{"@type":"ListItem","position":3,"name":"CORAVIN Sparkling bouchon de vin mousseux, paquet de 2 pi\u00e8ces."}]},{"@type":"WebSite","@id":"https:\/\/www.erresse-shop.it\/fr\/#website","url":"https:\/\/www.erresse-shop.it\/fr\/","name":"Erresse Shop","description":"Articoli di qualit\u00e0 per la casa","potentialAction":[{"@type":"SearchAction","target":{"@type":"EntryPoint","urlTemplate":"https:\/\/www.erresse-shop.it\/fr\/?s={search_term_string}"},"query-input":"required name=search_term_string"}],"inLanguage":"fr-FR"}]}},"df_price":62.992999999999995,"df_sale_price":62.992999999999995,"df_regular_price":89.99,"df_image_link":"https:\/\/www.erresse-shop.it\/wp-content\/uploads\/2022\/12\/CORAVIN-Set-2-pezzi-Tappo-Spumante-300x300.jpg","_links":{"self":[{"href":"https:\/\/www.erresse-shop.it\/fr\/wp-json\/wp\/v2\/product\/216794"}],"collection":[{"href":"https:\/\/www.erresse-shop.it\/fr\/wp-json\/wp\/v2\/product"}],"about":[{"href":"https:\/\/www.erresse-shop.it\/fr\/wp-json\/wp\/v2\/types\/product"}],"wp:featuredmedia":[{"embeddable":true,"href":"https:\/\/www.erresse-shop.it\/fr\/wp-json\/wp\/v2\/media\/500483"}],"wp:attachment":[{"href":"https:\/\/www.erresse-shop.it\/fr\/wp-json\/wp\/v2\/media?parent=216794"}],"wp:term":[{"taxonomy":"product_cat","embeddable":true,"href":"https:\/\/www.erresse-shop.it\/fr\/wp-json\/wp\/v2\/product_cat?post=216794"},{"taxonomy":"product_tag","embeddable":true,"href":"https:\/\/www.erresse-shop.it\/fr\/wp-json\/wp\/v2\/product_tag?post=216794"}],"curies":[{"name":"wp","href":"https:\/\/api.w.org\/{rel}","templated":true}]}}