{"id":216761,"date":"2022-12-06T15:32:55","date_gmt":"2022-12-06T15:33:00","guid":{"rendered":"https:\/\/www.erresse-shop.it\/?post_type=product&#038;p=216761"},"modified":"2022-12-07T09:27:52","modified_gmt":"2022-12-07T09:27:52","slug":"versace-home-vase-24cm-scala-palazzo-rose","status":"publish","type":"product","link":"https:\/\/www.erresse-shop.it\/fr\/shop\/ameublement-maison\/vases-fr\/versace-home-vase-24cm-scala-palazzo-rose\/","title":{"rendered":"VERSACE HOME Vase 24cm Scala Palazzo Rose"},"content":{"rendered":"<p>Avant que la c\u00e9l\u00e8bre et iconique t\u00eate de <strong>M\u00e9duse<\/strong> n&#8217;attire l&#8217;attention du spectateur, ce dernier est particuli\u00e8rement frapp\u00e9 par le majestueux escalier en marbre \u00e0 l&#8217;entr\u00e9e du Palazzo Versace sur la Via Ges\u00f9 \u00e0 Milan. Les lignes m\u00e9talliques brillantes en spirale m\u00e8nent \u00e0 l&#8217;int\u00e9rieur de la r\u00e9sidence et laissent d\u00e9j\u00e0 entrevoir la beaut\u00e9 de l&#8217;int\u00e9rieur. Elles ont \u00e9galement inspir\u00e9 les designers dans la cr\u00e9ation de la nouvelle d\u00e9coration &#8220;<strong>La Scala del Palazzo<\/strong>&#8221; pour Rosenthal meets <strong>Versace<\/strong>.<\/p>\n<p>Le style pr\u00e9gnant du nouveau service est mis en valeur par l&#8217;\u00e9l\u00e9gance des verts pastel et des ros\u00e9s, qui rappellent le monde color\u00e9 fascinant des anciens palais italiens.<\/p>\n<p>Mat\u00e9riau : porcelaine<br \/>\nDimensions : H 24 cm<\/p>\n","protected":false},"excerpt":{"rendered":"<p>Avant que la c\u00e9l\u00e8bre et iconique t\u00eate de M\u00e9duse n&#8217;attire l&#8217;attention du spectateur, ce dernier est particuli\u00e8rement frapp\u00e9 par le<\/p>\n","protected":false},"featured_media":216766,"template":"","meta":{"_acf_changed":false,"inline_featured_image":false},"product_cat":[12738,14422],"product_tag":[25181,23690,25021,24680,17838,17862,21518,13849,17839],"acf":[],"yoast_head":"<!-- This site is optimized with the Yoast SEO Premium plugin v18.6 (Yoast SEO v19.13) - https:\/\/yoast.com\/wordpress\/plugins\/seo\/ -->\n<title>VERSACE HOME Vase 24cm Scala Palazzo Rose - Erresse Shop<\/title>\n<meta name=\"description\" content=\"Avant que la c\u00e9l\u00e8bre et iconique t\u00eate de M\u00e9duse n&#039;attire l&#039;attention du spectateur, ce dernier est particuli\u00e8rement frapp\u00e9 par le majestueux escalier en\" \/>\n<meta name=\"robots\" content=\"index, follow, max-snippet:-1, max-image-preview:large, max-video-preview:-1\" \/>\n<link rel=\"canonical\" href=\"https:\/\/www.erresse-shop.it\/fr\/shop\/ameublement-maison\/vases-fr\/versace-home-vase-24cm-scala-palazzo-rose\/\" \/>\n<meta property=\"og:locale\" content=\"fr_FR\" \/>\n<meta property=\"og:type\" content=\"article\" \/>\n<meta property=\"og:title\" content=\"VERSACE HOME Vase 24cm Scala Palazzo Rose\" \/>\n<meta property=\"og:description\" content=\"Avant que la c\u00e9l\u00e8bre et iconique t\u00eate de M\u00e9duse n&#039;attire l&#039;attention du spectateur, ce dernier est particuli\u00e8rement frapp\u00e9 par le majestueux escalier en\" \/>\n<meta property=\"og:url\" content=\"https:\/\/www.erresse-shop.it\/fr\/shop\/ameublement-maison\/vases-fr\/versace-home-vase-24cm-scala-palazzo-rose\/\" \/>\n<meta property=\"og:site_name\" content=\"Erresse Shop\" \/>\n<meta property=\"article:modified_time\" content=\"2022-12-07T09:27:52+00:00\" \/>\n<meta property=\"og:image\" content=\"https:\/\/www.erresse-shop.it\/wp-content\/uploads\/2022\/12\/VERSACE-HOME-Vaso-24cm-Scala-Palazzo-Rosa.jpg\" \/>\n\t<meta property=\"og:image:width\" content=\"800\" \/>\n\t<meta property=\"og:image:height\" content=\"800\" \/>\n\t<meta property=\"og:image:type\" content=\"image\/jpeg\" \/>\n<meta name=\"twitter:card\" content=\"summary_large_image\" \/>\n<script type=\"application\/ld+json\" class=\"yoast-schema-graph\">{\"@context\":\"https:\/\/schema.org\",\"@graph\":[{\"@type\":\"WebPage\",\"@id\":\"https:\/\/www.erresse-shop.it\/fr\/shop\/ameublement-maison\/vases-fr\/versace-home-vase-24cm-scala-palazzo-rose\/\",\"url\":\"https:\/\/www.erresse-shop.it\/fr\/shop\/ameublement-maison\/vases-fr\/versace-home-vase-24cm-scala-palazzo-rose\/\",\"name\":\"VERSACE HOME Vase 24cm Scala Palazzo Rose - Erresse Shop\",\"isPartOf\":{\"@id\":\"https:\/\/www.erresse-shop.it\/fr\/#website\"},\"datePublished\":\"2022-12-06T15:33:00+00:00\",\"dateModified\":\"2022-12-07T09:27:52+00:00\",\"description\":\"Avant que la c\u00e9l\u00e8bre et iconique t\u00eate de M\u00e9duse n'attire l'attention du spectateur, ce dernier est particuli\u00e8rement frapp\u00e9 par le majestueux escalier en\",\"breadcrumb\":{\"@id\":\"https:\/\/www.erresse-shop.it\/fr\/shop\/ameublement-maison\/vases-fr\/versace-home-vase-24cm-scala-palazzo-rose\/#breadcrumb\"},\"inLanguage\":\"fr-FR\",\"potentialAction\":[{\"@type\":\"ReadAction\",\"target\":[\"https:\/\/www.erresse-shop.it\/fr\/shop\/ameublement-maison\/vases-fr\/versace-home-vase-24cm-scala-palazzo-rose\/\"]}]},{\"@type\":\"BreadcrumbList\",\"@id\":\"https:\/\/www.erresse-shop.it\/fr\/shop\/ameublement-maison\/vases-fr\/versace-home-vase-24cm-scala-palazzo-rose\/#breadcrumb\",\"itemListElement\":[{\"@type\":\"ListItem\",\"position\":1,\"name\":\"Home\",\"item\":\"https:\/\/www.erresse-shop.it\/fr\/\"},{\"@type\":\"ListItem\",\"position\":2,\"name\":\"Shop\",\"item\":\"https:\/\/www.erresse-shop.it\/fr\/shop\/\"},{\"@type\":\"ListItem\",\"position\":3,\"name\":\"VERSACE HOME Vase 24cm Scala Palazzo Rose\"}]},{\"@type\":\"WebSite\",\"@id\":\"https:\/\/www.erresse-shop.it\/fr\/#website\",\"url\":\"https:\/\/www.erresse-shop.it\/fr\/\",\"name\":\"Erresse Shop\",\"description\":\"Articoli di qualit\u00e0 per la casa\",\"potentialAction\":[{\"@type\":\"SearchAction\",\"target\":{\"@type\":\"EntryPoint\",\"urlTemplate\":\"https:\/\/www.erresse-shop.it\/fr\/?s={search_term_string}\"},\"query-input\":\"required name=search_term_string\"}],\"inLanguage\":\"fr-FR\"}]}<\/script>\n<!-- \/ Yoast SEO Premium plugin. -->","yoast_head_json":{"title":"VERSACE HOME Vase 24cm Scala Palazzo Rose - Erresse Shop","description":"Avant que la c\u00e9l\u00e8bre et iconique t\u00eate de M\u00e9duse n'attire l'attention du spectateur, ce dernier est particuli\u00e8rement frapp\u00e9 par le majestueux escalier en","robots":{"index":"index","follow":"follow","max-snippet":"max-snippet:-1","max-image-preview":"max-image-preview:large","max-video-preview":"max-video-preview:-1"},"canonical":"https:\/\/www.erresse-shop.it\/fr\/shop\/ameublement-maison\/vases-fr\/versace-home-vase-24cm-scala-palazzo-rose\/","og_locale":"fr_FR","og_type":"article","og_title":"VERSACE HOME Vase 24cm Scala Palazzo Rose","og_description":"Avant que la c\u00e9l\u00e8bre et iconique t\u00eate de M\u00e9duse n'attire l'attention du spectateur, ce dernier est particuli\u00e8rement frapp\u00e9 par le majestueux escalier en","og_url":"https:\/\/www.erresse-shop.it\/fr\/shop\/ameublement-maison\/vases-fr\/versace-home-vase-24cm-scala-palazzo-rose\/","og_site_name":"Erresse Shop","article_modified_time":"2022-12-07T09:27:52+00:00","og_image":[{"width":800,"height":800,"url":"https:\/\/www.erresse-shop.it\/wp-content\/uploads\/2022\/12\/VERSACE-HOME-Vaso-24cm-Scala-Palazzo-Rosa.jpg","type":"image\/jpeg"}],"twitter_card":"summary_large_image","schema":{"@context":"https:\/\/schema.org","@graph":[{"@type":"WebPage","@id":"https:\/\/www.erresse-shop.it\/fr\/shop\/ameublement-maison\/vases-fr\/versace-home-vase-24cm-scala-palazzo-rose\/","url":"https:\/\/www.erresse-shop.it\/fr\/shop\/ameublement-maison\/vases-fr\/versace-home-vase-24cm-scala-palazzo-rose\/","name":"VERSACE HOME Vase 24cm Scala Palazzo Rose - Erresse Shop","isPartOf":{"@id":"https:\/\/www.erresse-shop.it\/fr\/#website"},"datePublished":"2022-12-06T15:33:00+00:00","dateModified":"2022-12-07T09:27:52+00:00","description":"Avant que la c\u00e9l\u00e8bre et iconique t\u00eate de M\u00e9duse n'attire l'attention du spectateur, ce dernier est particuli\u00e8rement frapp\u00e9 par le majestueux escalier en","breadcrumb":{"@id":"https:\/\/www.erresse-shop.it\/fr\/shop\/ameublement-maison\/vases-fr\/versace-home-vase-24cm-scala-palazzo-rose\/#breadcrumb"},"inLanguage":"fr-FR","potentialAction":[{"@type":"ReadAction","target":["https:\/\/www.erresse-shop.it\/fr\/shop\/ameublement-maison\/vases-fr\/versace-home-vase-24cm-scala-palazzo-rose\/"]}]},{"@type":"BreadcrumbList","@id":"https:\/\/www.erresse-shop.it\/fr\/shop\/ameublement-maison\/vases-fr\/versace-home-vase-24cm-scala-palazzo-rose\/#breadcrumb","itemListElement":[{"@type":"ListItem","position":1,"name":"Home","item":"https:\/\/www.erresse-shop.it\/fr\/"},{"@type":"ListItem","position":2,"name":"Shop","item":"https:\/\/www.erresse-shop.it\/fr\/shop\/"},{"@type":"ListItem","position":3,"name":"VERSACE HOME Vase 24cm Scala Palazzo Rose"}]},{"@type":"WebSite","@id":"https:\/\/www.erresse-shop.it\/fr\/#website","url":"https:\/\/www.erresse-shop.it\/fr\/","name":"Erresse Shop","description":"Articoli di qualit\u00e0 per la casa","potentialAction":[{"@type":"SearchAction","target":{"@type":"EntryPoint","urlTemplate":"https:\/\/www.erresse-shop.it\/fr\/?s={search_term_string}"},"query-input":"required name=search_term_string"}],"inLanguage":"fr-FR"}]}},"df_price":455.05,"df_sale_price":455.05,"df_regular_price":479,"df_image_link":"https:\/\/www.erresse-shop.it\/wp-content\/uploads\/2022\/12\/VERSACE-HOME-Vaso-24cm-Scala-Palazzo-Rosa-300x300.jpg","_links":{"self":[{"href":"https:\/\/www.erresse-shop.it\/fr\/wp-json\/wp\/v2\/product\/216761"}],"collection":[{"href":"https:\/\/www.erresse-shop.it\/fr\/wp-json\/wp\/v2\/product"}],"about":[{"href":"https:\/\/www.erresse-shop.it\/fr\/wp-json\/wp\/v2\/types\/product"}],"wp:featuredmedia":[{"embeddable":true,"href":"https:\/\/www.erresse-shop.it\/fr\/wp-json\/wp\/v2\/media\/216766"}],"wp:attachment":[{"href":"https:\/\/www.erresse-shop.it\/fr\/wp-json\/wp\/v2\/media?parent=216761"}],"wp:term":[{"taxonomy":"product_cat","embeddable":true,"href":"https:\/\/www.erresse-shop.it\/fr\/wp-json\/wp\/v2\/product_cat?post=216761"},{"taxonomy":"product_tag","embeddable":true,"href":"https:\/\/www.erresse-shop.it\/fr\/wp-json\/wp\/v2\/product_tag?post=216761"}],"curies":[{"name":"wp","href":"https:\/\/api.w.org\/{rel}","templated":true}]}}