{"id":216563,"date":"2022-12-06T13:42:27","date_gmt":"2022-12-06T13:42:33","guid":{"rendered":"https:\/\/www.erresse-shop.it\/?post_type=product&#038;p=216563"},"modified":"2023-06-09T10:00:50","modified_gmt":"2023-06-09T10:00:50","slug":"zwilling-friteuse-a-air-4-l-noir","status":"publish","type":"product","link":"https:\/\/www.erresse-shop.it\/fr\/shop\/petits-electromenagers\/friteuses-a-air-petits-electromenagers\/zwilling-friteuse-a-air-4-l-noir\/","title":{"rendered":"ZWILLING Friteuse \u00e0 air 4 L Noir"},"content":{"rendered":"<p>3&#8230;2&#8230;1&#8230; Profitez-en ! La friteuse \u00e0 air chaud ZWILLING pr\u00e9pare des plats sal\u00e9s et sucr\u00e9s en un rien de temps et sans pr\u00e9chauffage. Vous pouvez facilement pr\u00e9parer des chips, des pizzas, des muffins et bien plus encore. Vous pouvez cuisiner dans la friteuse sans huile ou avec peu de graisse. Sur l&#8217;\u00e9cran tactile LED, vous pouvez s\u00e9lectionner six programmes pr\u00e9d\u00e9finis pour les frites, le poulet, les crevettes, le poisson, la pizza et le g\u00e2teau. La temp\u00e9rature et la dur\u00e9e peuvent \u00e9galement \u00eatre r\u00e9gl\u00e9es individuellement. Le livre de recettes ci-joint propose d&#8217;autres id\u00e9es d\u00e9licieuses \u00e0 tester imm\u00e9diatement dans la friteuse. \u00c0 la fin du temps de cuisson, un signal sonore retentit et la friteuse termine automatiquement le processus de cuisson. Avec une capacit\u00e9 de 4 litres, le panier offre suffisamment d&#8217;espace pour des portions g\u00e9n\u00e9reuses. Le panier et la grille vont au lave-vaisselle. La friteuse \u00e0 air n&#8217;a pas de graisse r\u00e9siduelle \u00e0 \u00e9liminer, ce qui la rend particuli\u00e8rement pratique pour une utilisation quotidienne.<\/p>\n<p>Votre nouvel alli\u00e9 dans la cuisine pour des plats simples et savoureux. Gr\u00e2ce \u00e0 la friteuse ZWILLING, vous pouvez facilement pr\u00e9parer des frites, des pizzas, des ailes de poulet. Mais il n&#8217;est pas seulement parfait pour les plats sal\u00e9s ; vous pouvez \u00e9galement pr\u00e9parer de d\u00e9licieux muffins et g\u00e2teaux avec une simple touche. Friture, cuisson au four ou \u00e0 la po\u00eale, tout est possible gr\u00e2ce au flux d&#8217;air chaud de notre nouvelle friteuse.<\/p>\n<p><strong>Sp\u00e9cifications techniques :<\/strong><\/p>\n<p>Effet de friture, cuisson \u00e0 la po\u00eale et cuisson comme au four<br \/>\nCapacit\u00e9 de 4 L<br \/>\n\u00c9cran tactile LED pour un fonctionnement instantan\u00e9<br \/>\n6 programmes pr\u00e9d\u00e9finis<br \/>\nTemp\u00e9rature r\u00e9glable entre 80 et 200 degr\u00e9s<br \/>\nGrille et panier lavables au lave-vaisselle<br \/>\nLivre de recettes en anglais inclus<\/p>\n<p><strong>Dimensions<\/strong> :<\/p>\n<p>Poids : 3,91 kg<br \/>\nCapacit\u00e9 : 4 L<br \/>\nLongueur : 34,70 cm<br \/>\nLargeur : 29,10 cm<br \/>\nHauteur : 30 cm<\/p>\n<p><strong>Ne peut \u00eatre vendu en dehors de l&#8217;Europe<\/strong><\/p>\n","protected":false},"excerpt":{"rendered":"<p>3&#8230;2&#8230;1&#8230; Profitez-en ! La friteuse \u00e0 air chaud ZWILLING pr\u00e9pare des plats sal\u00e9s et sucr\u00e9s en un rien de temps<\/p>\n","protected":false},"featured_media":216665,"template":"","meta":{"_acf_changed":false,"inline_featured_image":false},"product_cat":[21503,12449],"product_tag":[21495,20942,20943],"acf":[],"yoast_head":"<!-- This site is optimized with the Yoast SEO Premium plugin v18.6 (Yoast SEO v19.13) - https:\/\/yoast.com\/wordpress\/plugins\/seo\/ -->\n<title>ZWILLING Friteuse \u00e0 air 4 L Noir - Erresse Shop<\/title>\n<meta name=\"description\" content=\"3...2...1... Profitez-en ! La friteuse \u00e0 air chaud ZWILLING pr\u00e9pare des plats sal\u00e9s et sucr\u00e9s en un rien de temps et sans pr\u00e9chauffage. Vous pouvez\" \/>\n<meta name=\"robots\" content=\"index, follow, max-snippet:-1, max-image-preview:large, max-video-preview:-1\" \/>\n<link rel=\"canonical\" href=\"https:\/\/www.erresse-shop.it\/fr\/shop\/petits-electromenagers\/friteuses-a-air-petits-electromenagers\/zwilling-friteuse-a-air-4-l-noir\/\" \/>\n<meta property=\"og:locale\" content=\"fr_FR\" \/>\n<meta property=\"og:type\" content=\"article\" \/>\n<meta property=\"og:title\" content=\"ZWILLING Friteuse \u00e0 air 4 L Noir\" \/>\n<meta property=\"og:description\" content=\"3...2...1... Profitez-en ! La friteuse \u00e0 air chaud ZWILLING pr\u00e9pare des plats sal\u00e9s et sucr\u00e9s en un rien de temps et sans pr\u00e9chauffage. Vous pouvez\" \/>\n<meta property=\"og:url\" content=\"https:\/\/www.erresse-shop.it\/fr\/shop\/petits-electromenagers\/friteuses-a-air-petits-electromenagers\/zwilling-friteuse-a-air-4-l-noir\/\" \/>\n<meta property=\"og:site_name\" content=\"Erresse Shop\" \/>\n<meta property=\"article:modified_time\" content=\"2023-06-09T10:00:50+00:00\" \/>\n<meta property=\"og:image\" content=\"https:\/\/www.erresse-shop.it\/wp-content\/uploads\/2022\/12\/Zwilling-friggitrice-ad-aria2.jpg\" \/>\n\t<meta property=\"og:image:width\" content=\"800\" \/>\n\t<meta property=\"og:image:height\" content=\"800\" \/>\n\t<meta property=\"og:image:type\" content=\"image\/jpeg\" \/>\n<meta name=\"twitter:card\" content=\"summary_large_image\" \/>\n<script type=\"application\/ld+json\" class=\"yoast-schema-graph\">{\"@context\":\"https:\/\/schema.org\",\"@graph\":[{\"@type\":\"WebPage\",\"@id\":\"https:\/\/www.erresse-shop.it\/fr\/shop\/petits-electromenagers\/friteuses-a-air-petits-electromenagers\/zwilling-friteuse-a-air-4-l-noir\/\",\"url\":\"https:\/\/www.erresse-shop.it\/fr\/shop\/petits-electromenagers\/friteuses-a-air-petits-electromenagers\/zwilling-friteuse-a-air-4-l-noir\/\",\"name\":\"ZWILLING Friteuse \u00e0 air 4 L Noir - Erresse Shop\",\"isPartOf\":{\"@id\":\"https:\/\/www.erresse-shop.it\/fr\/#website\"},\"datePublished\":\"2022-12-06T13:42:33+00:00\",\"dateModified\":\"2023-06-09T10:00:50+00:00\",\"description\":\"3...2...1... Profitez-en ! La friteuse \u00e0 air chaud ZWILLING pr\u00e9pare des plats sal\u00e9s et sucr\u00e9s en un rien de temps et sans pr\u00e9chauffage. Vous pouvez\",\"breadcrumb\":{\"@id\":\"https:\/\/www.erresse-shop.it\/fr\/shop\/petits-electromenagers\/friteuses-a-air-petits-electromenagers\/zwilling-friteuse-a-air-4-l-noir\/#breadcrumb\"},\"inLanguage\":\"fr-FR\",\"potentialAction\":[{\"@type\":\"ReadAction\",\"target\":[\"https:\/\/www.erresse-shop.it\/fr\/shop\/petits-electromenagers\/friteuses-a-air-petits-electromenagers\/zwilling-friteuse-a-air-4-l-noir\/\"]}]},{\"@type\":\"BreadcrumbList\",\"@id\":\"https:\/\/www.erresse-shop.it\/fr\/shop\/petits-electromenagers\/friteuses-a-air-petits-electromenagers\/zwilling-friteuse-a-air-4-l-noir\/#breadcrumb\",\"itemListElement\":[{\"@type\":\"ListItem\",\"position\":1,\"name\":\"Home\",\"item\":\"https:\/\/www.erresse-shop.it\/fr\/\"},{\"@type\":\"ListItem\",\"position\":2,\"name\":\"Shop\",\"item\":\"https:\/\/www.erresse-shop.it\/fr\/shop\/\"},{\"@type\":\"ListItem\",\"position\":3,\"name\":\"ZWILLING Friteuse \u00e0 air 4 L Noir\"}]},{\"@type\":\"WebSite\",\"@id\":\"https:\/\/www.erresse-shop.it\/fr\/#website\",\"url\":\"https:\/\/www.erresse-shop.it\/fr\/\",\"name\":\"Erresse Shop\",\"description\":\"Articoli di qualit\u00e0 per la casa\",\"potentialAction\":[{\"@type\":\"SearchAction\",\"target\":{\"@type\":\"EntryPoint\",\"urlTemplate\":\"https:\/\/www.erresse-shop.it\/fr\/?s={search_term_string}\"},\"query-input\":\"required name=search_term_string\"}],\"inLanguage\":\"fr-FR\"}]}<\/script>\n<!-- \/ Yoast SEO Premium plugin. -->","yoast_head_json":{"title":"ZWILLING Friteuse \u00e0 air 4 L Noir - Erresse Shop","description":"3...2...1... Profitez-en ! La friteuse \u00e0 air chaud ZWILLING pr\u00e9pare des plats sal\u00e9s et sucr\u00e9s en un rien de temps et sans pr\u00e9chauffage. Vous pouvez","robots":{"index":"index","follow":"follow","max-snippet":"max-snippet:-1","max-image-preview":"max-image-preview:large","max-video-preview":"max-video-preview:-1"},"canonical":"https:\/\/www.erresse-shop.it\/fr\/shop\/petits-electromenagers\/friteuses-a-air-petits-electromenagers\/zwilling-friteuse-a-air-4-l-noir\/","og_locale":"fr_FR","og_type":"article","og_title":"ZWILLING Friteuse \u00e0 air 4 L Noir","og_description":"3...2...1... Profitez-en ! La friteuse \u00e0 air chaud ZWILLING pr\u00e9pare des plats sal\u00e9s et sucr\u00e9s en un rien de temps et sans pr\u00e9chauffage. Vous pouvez","og_url":"https:\/\/www.erresse-shop.it\/fr\/shop\/petits-electromenagers\/friteuses-a-air-petits-electromenagers\/zwilling-friteuse-a-air-4-l-noir\/","og_site_name":"Erresse Shop","article_modified_time":"2023-06-09T10:00:50+00:00","og_image":[{"width":800,"height":800,"url":"https:\/\/www.erresse-shop.it\/wp-content\/uploads\/2022\/12\/Zwilling-friggitrice-ad-aria2.jpg","type":"image\/jpeg"}],"twitter_card":"summary_large_image","schema":{"@context":"https:\/\/schema.org","@graph":[{"@type":"WebPage","@id":"https:\/\/www.erresse-shop.it\/fr\/shop\/petits-electromenagers\/friteuses-a-air-petits-electromenagers\/zwilling-friteuse-a-air-4-l-noir\/","url":"https:\/\/www.erresse-shop.it\/fr\/shop\/petits-electromenagers\/friteuses-a-air-petits-electromenagers\/zwilling-friteuse-a-air-4-l-noir\/","name":"ZWILLING Friteuse \u00e0 air 4 L Noir - Erresse Shop","isPartOf":{"@id":"https:\/\/www.erresse-shop.it\/fr\/#website"},"datePublished":"2022-12-06T13:42:33+00:00","dateModified":"2023-06-09T10:00:50+00:00","description":"3...2...1... Profitez-en ! La friteuse \u00e0 air chaud ZWILLING pr\u00e9pare des plats sal\u00e9s et sucr\u00e9s en un rien de temps et sans pr\u00e9chauffage. Vous pouvez","breadcrumb":{"@id":"https:\/\/www.erresse-shop.it\/fr\/shop\/petits-electromenagers\/friteuses-a-air-petits-electromenagers\/zwilling-friteuse-a-air-4-l-noir\/#breadcrumb"},"inLanguage":"fr-FR","potentialAction":[{"@type":"ReadAction","target":["https:\/\/www.erresse-shop.it\/fr\/shop\/petits-electromenagers\/friteuses-a-air-petits-electromenagers\/zwilling-friteuse-a-air-4-l-noir\/"]}]},{"@type":"BreadcrumbList","@id":"https:\/\/www.erresse-shop.it\/fr\/shop\/petits-electromenagers\/friteuses-a-air-petits-electromenagers\/zwilling-friteuse-a-air-4-l-noir\/#breadcrumb","itemListElement":[{"@type":"ListItem","position":1,"name":"Home","item":"https:\/\/www.erresse-shop.it\/fr\/"},{"@type":"ListItem","position":2,"name":"Shop","item":"https:\/\/www.erresse-shop.it\/fr\/shop\/"},{"@type":"ListItem","position":3,"name":"ZWILLING Friteuse \u00e0 air 4 L Noir"}]},{"@type":"WebSite","@id":"https:\/\/www.erresse-shop.it\/fr\/#website","url":"https:\/\/www.erresse-shop.it\/fr\/","name":"Erresse Shop","description":"Articoli di qualit\u00e0 per la casa","potentialAction":[{"@type":"SearchAction","target":{"@type":"EntryPoint","urlTemplate":"https:\/\/www.erresse-shop.it\/fr\/?s={search_term_string}"},"query-input":"required name=search_term_string"}],"inLanguage":"fr-FR"}]}},"df_price":59,"df_sale_price":59,"df_regular_price":139,"df_image_link":"https:\/\/www.erresse-shop.it\/wp-content\/uploads\/2022\/12\/Zwilling-friggitrice-ad-aria2-300x300.jpg","_links":{"self":[{"href":"https:\/\/www.erresse-shop.it\/fr\/wp-json\/wp\/v2\/product\/216563"}],"collection":[{"href":"https:\/\/www.erresse-shop.it\/fr\/wp-json\/wp\/v2\/product"}],"about":[{"href":"https:\/\/www.erresse-shop.it\/fr\/wp-json\/wp\/v2\/types\/product"}],"wp:featuredmedia":[{"embeddable":true,"href":"https:\/\/www.erresse-shop.it\/fr\/wp-json\/wp\/v2\/media\/216665"}],"wp:attachment":[{"href":"https:\/\/www.erresse-shop.it\/fr\/wp-json\/wp\/v2\/media?parent=216563"}],"wp:term":[{"taxonomy":"product_cat","embeddable":true,"href":"https:\/\/www.erresse-shop.it\/fr\/wp-json\/wp\/v2\/product_cat?post=216563"},{"taxonomy":"product_tag","embeddable":true,"href":"https:\/\/www.erresse-shop.it\/fr\/wp-json\/wp\/v2\/product_tag?post=216563"}],"curies":[{"name":"wp","href":"https:\/\/api.w.org\/{rel}","templated":true}]}}