{"id":216551,"date":"2022-12-06T13:34:30","date_gmt":"2022-12-06T13:34:34","guid":{"rendered":"https:\/\/www.erresse-shop.it\/?post_type=product&#038;p=216551"},"modified":"2025-01-14T17:34:45","modified_gmt":"2025-01-14T17:34:45","slug":"coravin-timeless-aerateur-gris","status":"publish","type":"product","link":"https:\/\/www.erresse-shop.it\/fr\/shop\/table-fr-2\/vin\/coravin-timeless-aerateur-gris\/","title":{"rendered":"CORAVIN Timeless A\u00e9rateur Gris"},"content":{"rendered":"<p>L&#8217;a\u00e9rateur Coravin Timeless, con\u00e7u exclusivement pour les syst\u00e8mes de stockage du vin Coravin, est l&#8217;accessoire id\u00e9al pour rehausser le go\u00fbt du vin. Cet accessoire unique a\u00e8re rapidement le vin pendant le versement, garantissant les m\u00eames r\u00e9sultats d&#8217;aromaticit\u00e9, d&#8217;homog\u00e9n\u00e9it\u00e9 et de douceur qu&#8217;une d\u00e9cantation de 60-90 minutes. Non compatible avec le syst\u00e8me de conservation du vin Pivot\u00ae.<\/p>\n<p><strong>Un moyen plus rapide d&#8217;a\u00e9rer le vin<\/strong><\/p>\n<p>Installer<br \/>\nPlacez l&#8217;a\u00e9rateur sur le bec du syst\u00e8me Coravin.<\/p>\n<p>Pour<br \/>\nUtilisez le syst\u00e8me Coravin normalement, en versant directement \u00e0 travers l&#8217;a\u00e9rateur.<\/p>\n<p>Design unique<br \/>\nLes 30 trous soigneusement positionn\u00e9s et de taille id\u00e9ale de l&#8217;a\u00e9rateur optimisent le contact du vin avec l&#8217;air.<\/p>\n<p>Vin doux et soyeux<br \/>\nL&#8217;a\u00e9rateur expose rapidement de fins filets de vin \u00e0 l&#8217;air pendant le versement, pour des r\u00e9sultats \u00e9quivalents \u00e0 une d\u00e9cantation d&#8217;environ 60 \u00e0 90 minutes.<\/p>\n<p>Compatible avec le Coravin<br \/>\nL&#8217;a\u00e9rateur peut \u00eatre mont\u00e9 en toute s\u00e9curit\u00e9 sur n&#8217;importe quel syst\u00e8me Coravin, ce qui permet d&#8217;a\u00e9rer n&#8217;importe quel vin.<\/p>\n","protected":false},"excerpt":{"rendered":"<p>L&#8217;a\u00e9rateur Coravin Timeless, con\u00e7u exclusivement pour les syst\u00e8mes de stockage du vin Coravin, est l&#8217;accessoire id\u00e9al pour rehausser le go\u00fbt<\/p>\n","protected":false},"featured_media":216580,"template":"","meta":{"_acf_changed":false,"inline_featured_image":false},"product_cat":[25982,12782,12754],"product_tag":[21414,23682,21477],"acf":[],"yoast_head":"<!-- This site is optimized with the Yoast SEO Premium plugin v18.6 (Yoast SEO v19.13) - https:\/\/yoast.com\/wordpress\/plugins\/seo\/ -->\n<title>CORAVIN Timeless A\u00e9rateur Gris<\/title>\n<meta name=\"description\" content=\"D\u00e9couvrez CORAVIN Timeless A\u00e9rateur Gris sur ErresseShop. Qualit\u00e9, prix r\u00e9duits et achat s\u00e9curis\u00e9 \u2013 commandez d\u00e8s maintenant en ligne !\" \/>\n<meta name=\"robots\" content=\"index, follow, max-snippet:-1, max-image-preview:large, max-video-preview:-1\" \/>\n<link rel=\"canonical\" href=\"https:\/\/www.erresse-shop.it\/fr\/shop\/table-fr-2\/vin\/coravin-timeless-aerateur-gris\/\" \/>\n<meta property=\"og:locale\" content=\"fr_FR\" \/>\n<meta property=\"og:type\" content=\"article\" \/>\n<meta property=\"og:title\" content=\"CORAVIN Timeless A\u00e9rateur Gris\" \/>\n<meta property=\"og:description\" content=\"D\u00e9couvrez CORAVIN Timeless A\u00e9rateur Gris sur ErresseShop. Qualit\u00e9, prix r\u00e9duits et achat s\u00e9curis\u00e9 \u2013 commandez d\u00e8s maintenant en ligne !\" \/>\n<meta property=\"og:url\" content=\"https:\/\/www.erresse-shop.it\/fr\/shop\/table-fr-2\/vin\/coravin-timeless-aerateur-gris\/\" \/>\n<meta property=\"og:site_name\" content=\"Erresse Shop\" \/>\n<meta property=\"article:modified_time\" content=\"2025-01-14T17:34:45+00:00\" \/>\n<meta property=\"og:image\" content=\"https:\/\/www.erresse-shop.it\/wp-content\/uploads\/2022\/12\/4631019.jpg\" \/>\n\t<meta property=\"og:image:width\" content=\"800\" \/>\n\t<meta property=\"og:image:height\" content=\"800\" \/>\n\t<meta property=\"og:image:type\" content=\"image\/jpeg\" \/>\n<meta name=\"twitter:card\" content=\"summary_large_image\" \/>\n<script type=\"application\/ld+json\" class=\"yoast-schema-graph\">{\"@context\":\"https:\/\/schema.org\",\"@graph\":[{\"@type\":\"WebPage\",\"@id\":\"https:\/\/www.erresse-shop.it\/fr\/shop\/table-fr-2\/vin\/coravin-timeless-aerateur-gris\/\",\"url\":\"https:\/\/www.erresse-shop.it\/fr\/shop\/table-fr-2\/vin\/coravin-timeless-aerateur-gris\/\",\"name\":\"CORAVIN Timeless A\u00e9rateur Gris\",\"isPartOf\":{\"@id\":\"https:\/\/www.erresse-shop.it\/fr\/#website\"},\"datePublished\":\"2022-12-06T13:34:34+00:00\",\"dateModified\":\"2025-01-14T17:34:45+00:00\",\"description\":\"D\u00e9couvrez CORAVIN Timeless A\u00e9rateur Gris sur ErresseShop. Qualit\u00e9, prix r\u00e9duits et achat s\u00e9curis\u00e9 \u2013 commandez d\u00e8s maintenant en ligne !\",\"breadcrumb\":{\"@id\":\"https:\/\/www.erresse-shop.it\/fr\/shop\/table-fr-2\/vin\/coravin-timeless-aerateur-gris\/#breadcrumb\"},\"inLanguage\":\"fr-FR\",\"potentialAction\":[{\"@type\":\"ReadAction\",\"target\":[\"https:\/\/www.erresse-shop.it\/fr\/shop\/table-fr-2\/vin\/coravin-timeless-aerateur-gris\/\"]}]},{\"@type\":\"BreadcrumbList\",\"@id\":\"https:\/\/www.erresse-shop.it\/fr\/shop\/table-fr-2\/vin\/coravin-timeless-aerateur-gris\/#breadcrumb\",\"itemListElement\":[{\"@type\":\"ListItem\",\"position\":1,\"name\":\"Home\",\"item\":\"https:\/\/www.erresse-shop.it\/fr\/\"},{\"@type\":\"ListItem\",\"position\":2,\"name\":\"Shop\",\"item\":\"https:\/\/www.erresse-shop.it\/fr\/shop\/\"},{\"@type\":\"ListItem\",\"position\":3,\"name\":\"CORAVIN Timeless A\u00e9rateur Gris\"}]},{\"@type\":\"WebSite\",\"@id\":\"https:\/\/www.erresse-shop.it\/fr\/#website\",\"url\":\"https:\/\/www.erresse-shop.it\/fr\/\",\"name\":\"Erresse Shop\",\"description\":\"Articoli di qualit\u00e0 per la casa\",\"potentialAction\":[{\"@type\":\"SearchAction\",\"target\":{\"@type\":\"EntryPoint\",\"urlTemplate\":\"https:\/\/www.erresse-shop.it\/fr\/?s={search_term_string}\"},\"query-input\":\"required name=search_term_string\"}],\"inLanguage\":\"fr-FR\"}]}<\/script>\n<!-- \/ Yoast SEO Premium plugin. -->","yoast_head_json":{"title":"CORAVIN Timeless A\u00e9rateur Gris","description":"D\u00e9couvrez CORAVIN Timeless A\u00e9rateur Gris sur ErresseShop. Qualit\u00e9, prix r\u00e9duits et achat s\u00e9curis\u00e9 \u2013 commandez d\u00e8s maintenant en ligne !","robots":{"index":"index","follow":"follow","max-snippet":"max-snippet:-1","max-image-preview":"max-image-preview:large","max-video-preview":"max-video-preview:-1"},"canonical":"https:\/\/www.erresse-shop.it\/fr\/shop\/table-fr-2\/vin\/coravin-timeless-aerateur-gris\/","og_locale":"fr_FR","og_type":"article","og_title":"CORAVIN Timeless A\u00e9rateur Gris","og_description":"D\u00e9couvrez CORAVIN Timeless A\u00e9rateur Gris sur ErresseShop. Qualit\u00e9, prix r\u00e9duits et achat s\u00e9curis\u00e9 \u2013 commandez d\u00e8s maintenant en ligne !","og_url":"https:\/\/www.erresse-shop.it\/fr\/shop\/table-fr-2\/vin\/coravin-timeless-aerateur-gris\/","og_site_name":"Erresse Shop","article_modified_time":"2025-01-14T17:34:45+00:00","og_image":[{"width":800,"height":800,"url":"https:\/\/www.erresse-shop.it\/wp-content\/uploads\/2022\/12\/4631019.jpg","type":"image\/jpeg"}],"twitter_card":"summary_large_image","schema":{"@context":"https:\/\/schema.org","@graph":[{"@type":"WebPage","@id":"https:\/\/www.erresse-shop.it\/fr\/shop\/table-fr-2\/vin\/coravin-timeless-aerateur-gris\/","url":"https:\/\/www.erresse-shop.it\/fr\/shop\/table-fr-2\/vin\/coravin-timeless-aerateur-gris\/","name":"CORAVIN Timeless A\u00e9rateur Gris","isPartOf":{"@id":"https:\/\/www.erresse-shop.it\/fr\/#website"},"datePublished":"2022-12-06T13:34:34+00:00","dateModified":"2025-01-14T17:34:45+00:00","description":"D\u00e9couvrez CORAVIN Timeless A\u00e9rateur Gris sur ErresseShop. Qualit\u00e9, prix r\u00e9duits et achat s\u00e9curis\u00e9 \u2013 commandez d\u00e8s maintenant en ligne !","breadcrumb":{"@id":"https:\/\/www.erresse-shop.it\/fr\/shop\/table-fr-2\/vin\/coravin-timeless-aerateur-gris\/#breadcrumb"},"inLanguage":"fr-FR","potentialAction":[{"@type":"ReadAction","target":["https:\/\/www.erresse-shop.it\/fr\/shop\/table-fr-2\/vin\/coravin-timeless-aerateur-gris\/"]}]},{"@type":"BreadcrumbList","@id":"https:\/\/www.erresse-shop.it\/fr\/shop\/table-fr-2\/vin\/coravin-timeless-aerateur-gris\/#breadcrumb","itemListElement":[{"@type":"ListItem","position":1,"name":"Home","item":"https:\/\/www.erresse-shop.it\/fr\/"},{"@type":"ListItem","position":2,"name":"Shop","item":"https:\/\/www.erresse-shop.it\/fr\/shop\/"},{"@type":"ListItem","position":3,"name":"CORAVIN Timeless A\u00e9rateur Gris"}]},{"@type":"WebSite","@id":"https:\/\/www.erresse-shop.it\/fr\/#website","url":"https:\/\/www.erresse-shop.it\/fr\/","name":"Erresse Shop","description":"Articoli di qualit\u00e0 per la casa","potentialAction":[{"@type":"SearchAction","target":{"@type":"EntryPoint","urlTemplate":"https:\/\/www.erresse-shop.it\/fr\/?s={search_term_string}"},"query-input":"required name=search_term_string"}],"inLanguage":"fr-FR"}]}},"df_price":48.992999999999995,"df_sale_price":48.992999999999995,"df_regular_price":69.99,"df_image_link":"https:\/\/www.erresse-shop.it\/wp-content\/uploads\/2022\/12\/4631019-300x300.jpg","_links":{"self":[{"href":"https:\/\/www.erresse-shop.it\/fr\/wp-json\/wp\/v2\/product\/216551"}],"collection":[{"href":"https:\/\/www.erresse-shop.it\/fr\/wp-json\/wp\/v2\/product"}],"about":[{"href":"https:\/\/www.erresse-shop.it\/fr\/wp-json\/wp\/v2\/types\/product"}],"wp:featuredmedia":[{"embeddable":true,"href":"https:\/\/www.erresse-shop.it\/fr\/wp-json\/wp\/v2\/media\/216580"}],"wp:attachment":[{"href":"https:\/\/www.erresse-shop.it\/fr\/wp-json\/wp\/v2\/media?parent=216551"}],"wp:term":[{"taxonomy":"product_cat","embeddable":true,"href":"https:\/\/www.erresse-shop.it\/fr\/wp-json\/wp\/v2\/product_cat?post=216551"},{"taxonomy":"product_tag","embeddable":true,"href":"https:\/\/www.erresse-shop.it\/fr\/wp-json\/wp\/v2\/product_tag?post=216551"}],"curies":[{"name":"wp","href":"https:\/\/api.w.org\/{rel}","templated":true}]}}