{"id":216025,"date":"2022-12-06T09:55:01","date_gmt":"2022-12-06T09:55:07","guid":{"rendered":"https:\/\/www.erresse-shop.it\/?post_type=product&#038;p=216025"},"modified":"2022-12-06T10:05:56","modified_gmt":"2022-12-06T10:05:56","slug":"villeroy-boch-jouet-de-noel-pere-noel-en-fauteuil-10x15-cm","status":"publish","type":"product","link":"https:\/\/www.erresse-shop.it\/fr\/shop\/ameublement-maison\/objets-de-decoration\/villeroy-boch-jouet-de-noel-pere-noel-en-fauteuil-10x15-cm\/","title":{"rendered":"VILLEROY &#038; BOCH Jouet de No\u00ebl P\u00e8re No\u00ebl en fauteuil 10&#215;15 cm"},"content":{"rendered":"<p><strong>Figurine d\u00e9corative festive<\/strong><br \/>\nLa collection Christmas Toy combine des moments nostalgiques et un design moderne dans un monde merveilleux et festif avec des march\u00e9s de No\u00ebl, des bonhommes de neige et le P\u00e8re No\u00ebl. Id\u00e9al pour compl\u00e9ter votre d\u00e9coration festive, \u00e0 collectionner et \u00e0 assortir, et \u00e0 offrir en cadeau. Le P\u00e8re No\u00ebl a aussi besoin d&#8217;une pause. Dans ce cas, il s&#8217;est install\u00e9 confortablement dans un fauteuil pour \u00e9couter les souhaits des enfants. Offrez des accessoires joyeux et festifs \u00e0 vous-m\u00eame ou \u00e0 vos proches.<\/p>\n","protected":false},"excerpt":{"rendered":"<p>Figurine d\u00e9corative festive La collection Christmas Toy combine des moments nostalgiques et un design moderne dans un monde merveilleux et<\/p>\n","protected":false},"featured_media":508380,"template":"","meta":{"_acf_changed":false,"inline_featured_image":false},"product_cat":[12738,14441],"product_tag":[23910,20499,20501,20500,21327],"acf":[],"yoast_head":"<!-- This site is optimized with the Yoast SEO Premium plugin v18.6 (Yoast SEO v19.13) - https:\/\/yoast.com\/wordpress\/plugins\/seo\/ -->\n<title>VILLEROY &amp; BOCH Jouet de No\u00ebl P\u00e8re No\u00ebl en fauteuil 10x15 cm - Erresse Shop<\/title>\n<meta name=\"description\" content=\"Figurine d\u00e9corative festive La collection Christmas Toy combine des moments nostalgiques et un design moderne dans un monde merveilleux et festif avec des\" \/>\n<meta name=\"robots\" content=\"index, follow, max-snippet:-1, max-image-preview:large, max-video-preview:-1\" \/>\n<link rel=\"canonical\" href=\"https:\/\/www.erresse-shop.it\/fr\/shop\/ameublement-maison\/objets-de-decoration\/villeroy-boch-jouet-de-noel-pere-noel-en-fauteuil-10x15-cm\/\" \/>\n<meta property=\"og:locale\" content=\"fr_FR\" \/>\n<meta property=\"og:type\" content=\"article\" \/>\n<meta property=\"og:title\" content=\"VILLEROY &amp; BOCH Jouet de No\u00ebl P\u00e8re No\u00ebl en fauteuil 10x15 cm\" \/>\n<meta property=\"og:description\" content=\"Figurine d\u00e9corative festive La collection Christmas Toy combine des moments nostalgiques et un design moderne dans un monde merveilleux et festif avec des\" \/>\n<meta property=\"og:url\" content=\"https:\/\/www.erresse-shop.it\/fr\/shop\/ameublement-maison\/objets-de-decoration\/villeroy-boch-jouet-de-noel-pere-noel-en-fauteuil-10x15-cm\/\" \/>\n<meta property=\"og:site_name\" content=\"Erresse Shop\" \/>\n<meta property=\"article:modified_time\" content=\"2022-12-06T10:05:56+00:00\" \/>\n<meta property=\"og:image\" content=\"https:\/\/www.erresse-shop.it\/wp-content\/uploads\/2022\/12\/Villeroy-Boch-Babbo-natale-in-poltrona.jpg\" \/>\n\t<meta property=\"og:image:width\" content=\"800\" \/>\n\t<meta property=\"og:image:height\" content=\"800\" \/>\n\t<meta property=\"og:image:type\" content=\"image\/jpeg\" \/>\n<meta name=\"twitter:card\" content=\"summary_large_image\" \/>\n<script type=\"application\/ld+json\" class=\"yoast-schema-graph\">{\"@context\":\"https:\/\/schema.org\",\"@graph\":[{\"@type\":\"WebPage\",\"@id\":\"https:\/\/www.erresse-shop.it\/fr\/shop\/ameublement-maison\/objets-de-decoration\/villeroy-boch-jouet-de-noel-pere-noel-en-fauteuil-10x15-cm\/\",\"url\":\"https:\/\/www.erresse-shop.it\/fr\/shop\/ameublement-maison\/objets-de-decoration\/villeroy-boch-jouet-de-noel-pere-noel-en-fauteuil-10x15-cm\/\",\"name\":\"VILLEROY & BOCH Jouet de No\u00ebl P\u00e8re No\u00ebl en fauteuil 10x15 cm - Erresse Shop\",\"isPartOf\":{\"@id\":\"https:\/\/www.erresse-shop.it\/fr\/#website\"},\"datePublished\":\"2022-12-06T09:55:07+00:00\",\"dateModified\":\"2022-12-06T10:05:56+00:00\",\"description\":\"Figurine d\u00e9corative festive La collection Christmas Toy combine des moments nostalgiques et un design moderne dans un monde merveilleux et festif avec des\",\"breadcrumb\":{\"@id\":\"https:\/\/www.erresse-shop.it\/fr\/shop\/ameublement-maison\/objets-de-decoration\/villeroy-boch-jouet-de-noel-pere-noel-en-fauteuil-10x15-cm\/#breadcrumb\"},\"inLanguage\":\"fr-FR\",\"potentialAction\":[{\"@type\":\"ReadAction\",\"target\":[\"https:\/\/www.erresse-shop.it\/fr\/shop\/ameublement-maison\/objets-de-decoration\/villeroy-boch-jouet-de-noel-pere-noel-en-fauteuil-10x15-cm\/\"]}]},{\"@type\":\"BreadcrumbList\",\"@id\":\"https:\/\/www.erresse-shop.it\/fr\/shop\/ameublement-maison\/objets-de-decoration\/villeroy-boch-jouet-de-noel-pere-noel-en-fauteuil-10x15-cm\/#breadcrumb\",\"itemListElement\":[{\"@type\":\"ListItem\",\"position\":1,\"name\":\"Home\",\"item\":\"https:\/\/www.erresse-shop.it\/fr\/\"},{\"@type\":\"ListItem\",\"position\":2,\"name\":\"Shop\",\"item\":\"https:\/\/www.erresse-shop.it\/fr\/shop\/\"},{\"@type\":\"ListItem\",\"position\":3,\"name\":\"VILLEROY &#038; BOCH Jouet de No\u00ebl P\u00e8re No\u00ebl en fauteuil 10&#215;15 cm\"}]},{\"@type\":\"WebSite\",\"@id\":\"https:\/\/www.erresse-shop.it\/fr\/#website\",\"url\":\"https:\/\/www.erresse-shop.it\/fr\/\",\"name\":\"Erresse Shop\",\"description\":\"Articoli di qualit\u00e0 per la casa\",\"potentialAction\":[{\"@type\":\"SearchAction\",\"target\":{\"@type\":\"EntryPoint\",\"urlTemplate\":\"https:\/\/www.erresse-shop.it\/fr\/?s={search_term_string}\"},\"query-input\":\"required name=search_term_string\"}],\"inLanguage\":\"fr-FR\"}]}<\/script>\n<!-- \/ Yoast SEO Premium plugin. -->","yoast_head_json":{"title":"VILLEROY & BOCH Jouet de No\u00ebl P\u00e8re No\u00ebl en fauteuil 10x15 cm - Erresse Shop","description":"Figurine d\u00e9corative festive La collection Christmas Toy combine des moments nostalgiques et un design moderne dans un monde merveilleux et festif avec des","robots":{"index":"index","follow":"follow","max-snippet":"max-snippet:-1","max-image-preview":"max-image-preview:large","max-video-preview":"max-video-preview:-1"},"canonical":"https:\/\/www.erresse-shop.it\/fr\/shop\/ameublement-maison\/objets-de-decoration\/villeroy-boch-jouet-de-noel-pere-noel-en-fauteuil-10x15-cm\/","og_locale":"fr_FR","og_type":"article","og_title":"VILLEROY & BOCH Jouet de No\u00ebl P\u00e8re No\u00ebl en fauteuil 10x15 cm","og_description":"Figurine d\u00e9corative festive La collection Christmas Toy combine des moments nostalgiques et un design moderne dans un monde merveilleux et festif avec des","og_url":"https:\/\/www.erresse-shop.it\/fr\/shop\/ameublement-maison\/objets-de-decoration\/villeroy-boch-jouet-de-noel-pere-noel-en-fauteuil-10x15-cm\/","og_site_name":"Erresse Shop","article_modified_time":"2022-12-06T10:05:56+00:00","og_image":[{"width":800,"height":800,"url":"https:\/\/www.erresse-shop.it\/wp-content\/uploads\/2022\/12\/Villeroy-Boch-Babbo-natale-in-poltrona.jpg","type":"image\/jpeg"}],"twitter_card":"summary_large_image","schema":{"@context":"https:\/\/schema.org","@graph":[{"@type":"WebPage","@id":"https:\/\/www.erresse-shop.it\/fr\/shop\/ameublement-maison\/objets-de-decoration\/villeroy-boch-jouet-de-noel-pere-noel-en-fauteuil-10x15-cm\/","url":"https:\/\/www.erresse-shop.it\/fr\/shop\/ameublement-maison\/objets-de-decoration\/villeroy-boch-jouet-de-noel-pere-noel-en-fauteuil-10x15-cm\/","name":"VILLEROY & BOCH Jouet de No\u00ebl P\u00e8re No\u00ebl en fauteuil 10x15 cm - Erresse Shop","isPartOf":{"@id":"https:\/\/www.erresse-shop.it\/fr\/#website"},"datePublished":"2022-12-06T09:55:07+00:00","dateModified":"2022-12-06T10:05:56+00:00","description":"Figurine d\u00e9corative festive La collection Christmas Toy combine des moments nostalgiques et un design moderne dans un monde merveilleux et festif avec des","breadcrumb":{"@id":"https:\/\/www.erresse-shop.it\/fr\/shop\/ameublement-maison\/objets-de-decoration\/villeroy-boch-jouet-de-noel-pere-noel-en-fauteuil-10x15-cm\/#breadcrumb"},"inLanguage":"fr-FR","potentialAction":[{"@type":"ReadAction","target":["https:\/\/www.erresse-shop.it\/fr\/shop\/ameublement-maison\/objets-de-decoration\/villeroy-boch-jouet-de-noel-pere-noel-en-fauteuil-10x15-cm\/"]}]},{"@type":"BreadcrumbList","@id":"https:\/\/www.erresse-shop.it\/fr\/shop\/ameublement-maison\/objets-de-decoration\/villeroy-boch-jouet-de-noel-pere-noel-en-fauteuil-10x15-cm\/#breadcrumb","itemListElement":[{"@type":"ListItem","position":1,"name":"Home","item":"https:\/\/www.erresse-shop.it\/fr\/"},{"@type":"ListItem","position":2,"name":"Shop","item":"https:\/\/www.erresse-shop.it\/fr\/shop\/"},{"@type":"ListItem","position":3,"name":"VILLEROY &#038; BOCH Jouet de No\u00ebl P\u00e8re No\u00ebl en fauteuil 10&#215;15 cm"}]},{"@type":"WebSite","@id":"https:\/\/www.erresse-shop.it\/fr\/#website","url":"https:\/\/www.erresse-shop.it\/fr\/","name":"Erresse Shop","description":"Articoli di qualit\u00e0 per la casa","potentialAction":[{"@type":"SearchAction","target":{"@type":"EntryPoint","urlTemplate":"https:\/\/www.erresse-shop.it\/fr\/?s={search_term_string}"},"query-input":"required name=search_term_string"}],"inLanguage":"fr-FR"}]}},"df_price":38.45,"df_sale_price":38.45,"df_regular_price":76.9,"df_image_link":"https:\/\/www.erresse-shop.it\/wp-content\/uploads\/2022\/12\/VILLEROY-BOCH-Christmas-Toys-Babbo-Natale-in-Poltrona-10-cm-300x300.jpg","_links":{"self":[{"href":"https:\/\/www.erresse-shop.it\/fr\/wp-json\/wp\/v2\/product\/216025"}],"collection":[{"href":"https:\/\/www.erresse-shop.it\/fr\/wp-json\/wp\/v2\/product"}],"about":[{"href":"https:\/\/www.erresse-shop.it\/fr\/wp-json\/wp\/v2\/types\/product"}],"wp:featuredmedia":[{"embeddable":true,"href":"https:\/\/www.erresse-shop.it\/fr\/wp-json\/wp\/v2\/media\/508380"}],"wp:attachment":[{"href":"https:\/\/www.erresse-shop.it\/fr\/wp-json\/wp\/v2\/media?parent=216025"}],"wp:term":[{"taxonomy":"product_cat","embeddable":true,"href":"https:\/\/www.erresse-shop.it\/fr\/wp-json\/wp\/v2\/product_cat?post=216025"},{"taxonomy":"product_tag","embeddable":true,"href":"https:\/\/www.erresse-shop.it\/fr\/wp-json\/wp\/v2\/product_tag?post=216025"}],"curies":[{"name":"wp","href":"https:\/\/api.w.org\/{rel}","templated":true}]}}