{"id":215243,"date":"2022-12-05T13:26:37","date_gmt":"2022-12-05T13:26:42","guid":{"rendered":"https:\/\/www.erresse-shop.it\/?post_type=product&#038;p=215243"},"modified":"2025-07-23T15:37:05","modified_gmt":"2025-07-23T15:37:05","slug":"joseph-joseph-2-filtres-de-remplacement-anti-odeurs","status":"publish","type":"product","link":"https:\/\/www.erresse-shop.it\/fr\/shop\/ameublement-maison\/poubelles\/joseph-joseph-2-filtres-de-remplacement-anti-odeurs\/","title":{"rendered":"JOSEPH JOSEPH 2 Filtres de remplacement anti-odeurs"},"content":{"rendered":"<p><strong>Caract\u00e9ristiques du produit<\/strong><\/p>\n<p>\u00c9liminez facilement les odeurs d\u00e9sagr\u00e9ables gr\u00e2ce \u00e0 ces sacs poubelle sans odeur.<\/p>\n<ul>\n<li>Recharges de charbon actif<\/li>\n<li>Ces sacs absorbent les odeurs<\/li>\n<li>Les sacs se glissent discr\u00e8tement sous le couvercle<\/li>\n<li>Les odeurs d&#8217;\u00e9chappement (avec la combinaison de l&#8217;air frais) sont \u00e9limin\u00e9es<\/li>\n<li>Compatible avec les poubelles Totem et Titan et les poubelles alimentaires empilables.<\/li>\n<li>Un jeu comprend 2 filtres<\/li>\n<li>Con\u00e7u pour les unit\u00e9s Intelligent Waste<\/li>\n<\/ul>\n<p><strong>Dimensions:<\/strong><br \/>\nH0.5 x W7 x D9.5 cm (H\u00bc x W2\u00be x D3\u00be pouces)<\/p>\n<p><strong>Con\u00e7u par Joseph Joseph<\/strong><\/p>\n<p>&nbsp;<\/p>\n","protected":false},"excerpt":{"rendered":"<p><\/p>\n","protected":false},"featured_media":455870,"template":"","meta":{"_acf_changed":false,"inline_featured_image":false},"product_cat":[12738,14033],"product_tag":[25026,21551,21222,25021,21550,21224,21225,21549,21552],"acf":[],"yoast_head":"<!-- This site is optimized with the Yoast SEO Premium plugin v18.6 (Yoast SEO v19.13) - https:\/\/yoast.com\/wordpress\/plugins\/seo\/ -->\n<title>JOSEPH JOSEPH 2 Filtres de remplacement anti-odeurs - Erresse Shop<\/title>\n<meta name=\"robots\" content=\"index, follow, max-snippet:-1, max-image-preview:large, max-video-preview:-1\" \/>\n<link rel=\"canonical\" href=\"https:\/\/www.erresse-shop.it\/fr\/shop\/ameublement-maison\/poubelles\/joseph-joseph-2-filtres-de-remplacement-anti-odeurs\/\" \/>\n<meta property=\"og:locale\" content=\"fr_FR\" \/>\n<meta property=\"og:type\" content=\"article\" \/>\n<meta property=\"og:title\" content=\"JOSEPH JOSEPH 2 Filtres de remplacement anti-odeurs\" \/>\n<meta property=\"og:url\" content=\"https:\/\/www.erresse-shop.it\/fr\/shop\/ameublement-maison\/poubelles\/joseph-joseph-2-filtres-de-remplacement-anti-odeurs\/\" \/>\n<meta property=\"og:site_name\" content=\"Erresse Shop\" \/>\n<meta property=\"article:modified_time\" content=\"2025-07-23T15:37:05+00:00\" \/>\n<meta property=\"og:image\" content=\"https:\/\/www.erresse-shop.it\/wp-content\/uploads\/2022\/12\/filtro-anti-odore.jpg\" \/>\n\t<meta property=\"og:image:width\" content=\"800\" \/>\n\t<meta property=\"og:image:height\" content=\"800\" \/>\n\t<meta property=\"og:image:type\" content=\"image\/jpeg\" \/>\n<meta name=\"twitter:card\" content=\"summary_large_image\" \/>\n<script type=\"application\/ld+json\" class=\"yoast-schema-graph\">{\"@context\":\"https:\/\/schema.org\",\"@graph\":[{\"@type\":\"WebPage\",\"@id\":\"https:\/\/www.erresse-shop.it\/fr\/shop\/ameublement-maison\/poubelles\/joseph-joseph-2-filtres-de-remplacement-anti-odeurs\/\",\"url\":\"https:\/\/www.erresse-shop.it\/fr\/shop\/ameublement-maison\/poubelles\/joseph-joseph-2-filtres-de-remplacement-anti-odeurs\/\",\"name\":\"JOSEPH JOSEPH 2 Filtres de remplacement anti-odeurs - Erresse Shop\",\"isPartOf\":{\"@id\":\"https:\/\/www.erresse-shop.it\/fr\/#website\"},\"datePublished\":\"2022-12-05T13:26:42+00:00\",\"dateModified\":\"2025-07-23T15:37:05+00:00\",\"breadcrumb\":{\"@id\":\"https:\/\/www.erresse-shop.it\/fr\/shop\/ameublement-maison\/poubelles\/joseph-joseph-2-filtres-de-remplacement-anti-odeurs\/#breadcrumb\"},\"inLanguage\":\"fr-FR\",\"potentialAction\":[{\"@type\":\"ReadAction\",\"target\":[\"https:\/\/www.erresse-shop.it\/fr\/shop\/ameublement-maison\/poubelles\/joseph-joseph-2-filtres-de-remplacement-anti-odeurs\/\"]}]},{\"@type\":\"BreadcrumbList\",\"@id\":\"https:\/\/www.erresse-shop.it\/fr\/shop\/ameublement-maison\/poubelles\/joseph-joseph-2-filtres-de-remplacement-anti-odeurs\/#breadcrumb\",\"itemListElement\":[{\"@type\":\"ListItem\",\"position\":1,\"name\":\"Home\",\"item\":\"https:\/\/www.erresse-shop.it\/fr\/\"},{\"@type\":\"ListItem\",\"position\":2,\"name\":\"Shop\",\"item\":\"https:\/\/www.erresse-shop.it\/fr\/shop\/\"},{\"@type\":\"ListItem\",\"position\":3,\"name\":\"JOSEPH JOSEPH 2 Filtres de remplacement anti-odeurs\"}]},{\"@type\":\"WebSite\",\"@id\":\"https:\/\/www.erresse-shop.it\/fr\/#website\",\"url\":\"https:\/\/www.erresse-shop.it\/fr\/\",\"name\":\"Erresse Shop\",\"description\":\"Articoli di qualit\u00e0 per la casa\",\"potentialAction\":[{\"@type\":\"SearchAction\",\"target\":{\"@type\":\"EntryPoint\",\"urlTemplate\":\"https:\/\/www.erresse-shop.it\/fr\/?s={search_term_string}\"},\"query-input\":\"required name=search_term_string\"}],\"inLanguage\":\"fr-FR\"}]}<\/script>\n<!-- \/ Yoast SEO Premium plugin. -->","yoast_head_json":{"title":"JOSEPH JOSEPH 2 Filtres de remplacement anti-odeurs - Erresse Shop","robots":{"index":"index","follow":"follow","max-snippet":"max-snippet:-1","max-image-preview":"max-image-preview:large","max-video-preview":"max-video-preview:-1"},"canonical":"https:\/\/www.erresse-shop.it\/fr\/shop\/ameublement-maison\/poubelles\/joseph-joseph-2-filtres-de-remplacement-anti-odeurs\/","og_locale":"fr_FR","og_type":"article","og_title":"JOSEPH JOSEPH 2 Filtres de remplacement anti-odeurs","og_url":"https:\/\/www.erresse-shop.it\/fr\/shop\/ameublement-maison\/poubelles\/joseph-joseph-2-filtres-de-remplacement-anti-odeurs\/","og_site_name":"Erresse Shop","article_modified_time":"2025-07-23T15:37:05+00:00","og_image":[{"width":800,"height":800,"url":"https:\/\/www.erresse-shop.it\/wp-content\/uploads\/2022\/12\/filtro-anti-odore.jpg","type":"image\/jpeg"}],"twitter_card":"summary_large_image","schema":{"@context":"https:\/\/schema.org","@graph":[{"@type":"WebPage","@id":"https:\/\/www.erresse-shop.it\/fr\/shop\/ameublement-maison\/poubelles\/joseph-joseph-2-filtres-de-remplacement-anti-odeurs\/","url":"https:\/\/www.erresse-shop.it\/fr\/shop\/ameublement-maison\/poubelles\/joseph-joseph-2-filtres-de-remplacement-anti-odeurs\/","name":"JOSEPH JOSEPH 2 Filtres de remplacement anti-odeurs - Erresse Shop","isPartOf":{"@id":"https:\/\/www.erresse-shop.it\/fr\/#website"},"datePublished":"2022-12-05T13:26:42+00:00","dateModified":"2025-07-23T15:37:05+00:00","breadcrumb":{"@id":"https:\/\/www.erresse-shop.it\/fr\/shop\/ameublement-maison\/poubelles\/joseph-joseph-2-filtres-de-remplacement-anti-odeurs\/#breadcrumb"},"inLanguage":"fr-FR","potentialAction":[{"@type":"ReadAction","target":["https:\/\/www.erresse-shop.it\/fr\/shop\/ameublement-maison\/poubelles\/joseph-joseph-2-filtres-de-remplacement-anti-odeurs\/"]}]},{"@type":"BreadcrumbList","@id":"https:\/\/www.erresse-shop.it\/fr\/shop\/ameublement-maison\/poubelles\/joseph-joseph-2-filtres-de-remplacement-anti-odeurs\/#breadcrumb","itemListElement":[{"@type":"ListItem","position":1,"name":"Home","item":"https:\/\/www.erresse-shop.it\/fr\/"},{"@type":"ListItem","position":2,"name":"Shop","item":"https:\/\/www.erresse-shop.it\/fr\/shop\/"},{"@type":"ListItem","position":3,"name":"JOSEPH JOSEPH 2 Filtres de remplacement anti-odeurs"}]},{"@type":"WebSite","@id":"https:\/\/www.erresse-shop.it\/fr\/#website","url":"https:\/\/www.erresse-shop.it\/fr\/","name":"Erresse Shop","description":"Articoli di qualit\u00e0 per la casa","potentialAction":[{"@type":"SearchAction","target":{"@type":"EntryPoint","urlTemplate":"https:\/\/www.erresse-shop.it\/fr\/?s={search_term_string}"},"query-input":"required name=search_term_string"}],"inLanguage":"fr-FR"}]}},"df_price":5.95,"df_sale_price":5.95,"df_regular_price":11.9,"df_image_link":"https:\/\/www.erresse-shop.it\/wp-content\/uploads\/2022\/12\/joseph-joseph-intellingent-waste-300x300.jpg","_links":{"self":[{"href":"https:\/\/www.erresse-shop.it\/fr\/wp-json\/wp\/v2\/product\/215243"}],"collection":[{"href":"https:\/\/www.erresse-shop.it\/fr\/wp-json\/wp\/v2\/product"}],"about":[{"href":"https:\/\/www.erresse-shop.it\/fr\/wp-json\/wp\/v2\/types\/product"}],"wp:featuredmedia":[{"embeddable":true,"href":"https:\/\/www.erresse-shop.it\/fr\/wp-json\/wp\/v2\/media\/455870"}],"wp:attachment":[{"href":"https:\/\/www.erresse-shop.it\/fr\/wp-json\/wp\/v2\/media?parent=215243"}],"wp:term":[{"taxonomy":"product_cat","embeddable":true,"href":"https:\/\/www.erresse-shop.it\/fr\/wp-json\/wp\/v2\/product_cat?post=215243"},{"taxonomy":"product_tag","embeddable":true,"href":"https:\/\/www.erresse-shop.it\/fr\/wp-json\/wp\/v2\/product_tag?post=215243"}],"curies":[{"name":"wp","href":"https:\/\/api.w.org\/{rel}","templated":true}]}}