{"id":215119,"date":"2022-12-05T10:39:20","date_gmt":"2022-12-05T10:39:26","guid":{"rendered":"https:\/\/www.erresse-shop.it\/?post_type=product&#038;p=215119"},"modified":"2025-07-23T15:37:04","modified_gmt":"2025-07-23T15:37:04","slug":"joseph-joseph-titan-compacteur-de-dechets-de-poubelles-30-litres","status":"publish","type":"product","link":"https:\/\/www.erresse-shop.it\/fr\/shop\/ameublement-maison\/poubelles\/joseph-joseph-titan-compacteur-de-dechets-de-poubelles-30-litres\/","title":{"rendered":"JOSEPH JOSEPH Titan Compacteur de d\u00e9chets de poubelles 30 litres"},"content":{"rendered":"<p>Cette poubelle compacte innovante peut contenir jusqu&#8217;\u00e0 trois fois plus de d\u00e9chets qu&#8217;une poubelle de taille similaire.<br \/>\nCette poubelle ne doit pas \u00eatre vid\u00e9e aussi souvent car elle utilise moins de sacs.<br \/>\nVider la poubelle 3 fois moins souvent<br \/>\nLe format Titan 30 L peut contenir jusqu&#8217;\u00e0 90 litres de d\u00e9chets et est compatible avec les sacs IW4.<\/p>\n<ul>\n<li>Construction durable<\/li>\n<li>Hygi\u00e9nique<\/li>\n<li>La poubelle n&#8217;endommage pas les rev\u00eatements<\/li>\n<li>Filtre \u00e0 odeurs rempla\u00e7able<\/li>\n<\/ul>\n<p><strong>Dimensions:<\/strong><br \/>\n(30L) : H68.4 x W39 x D34.4cm (H27 x W15\u00bd x D13\u00bd inches)<br \/>\nHauteur avec le couvercle ouvert : 95 cm (37\u00bd pouces)<br \/>\nPoids : (30L) : 7.9kg<\/p>\n<p>Cr\u00e9\u00e9 par Joseph Joseph<br \/>\n<strong>Garantie 2 ans<\/strong><\/p>\n","protected":false},"excerpt":{"rendered":"<p><\/p>\n","protected":false},"featured_media":442970,"template":"","meta":{"_acf_changed":false,"inline_featured_image":false},"product_cat":[12738,14033],"product_tag":[25026,25021],"acf":[],"yoast_head":"<!-- This site is optimized with the Yoast SEO Premium plugin v18.6 (Yoast SEO v19.13) - https:\/\/yoast.com\/wordpress\/plugins\/seo\/ -->\n<title>JOSEPH JOSEPH Titan Compacteur de d\u00e9chets de poubelles 30 litres - Erresse Shop<\/title>\n<meta name=\"robots\" content=\"index, follow, max-snippet:-1, max-image-preview:large, max-video-preview:-1\" \/>\n<link rel=\"canonical\" href=\"https:\/\/www.erresse-shop.it\/fr\/shop\/ameublement-maison\/poubelles\/joseph-joseph-titan-compacteur-de-dechets-de-poubelles-30-litres\/\" \/>\n<meta property=\"og:locale\" content=\"fr_FR\" \/>\n<meta property=\"og:type\" content=\"article\" \/>\n<meta property=\"og:title\" content=\"JOSEPH JOSEPH Titan Compacteur de d\u00e9chets de poubelles 30 litres\" \/>\n<meta property=\"og:url\" content=\"https:\/\/www.erresse-shop.it\/fr\/shop\/ameublement-maison\/poubelles\/joseph-joseph-titan-compacteur-de-dechets-de-poubelles-30-litres\/\" \/>\n<meta property=\"og:site_name\" content=\"Erresse Shop\" \/>\n<meta property=\"article:modified_time\" content=\"2025-07-23T15:37:04+00:00\" \/>\n<meta property=\"og:image\" content=\"https:\/\/www.erresse-shop.it\/wp-content\/uploads\/2022\/12\/JOSEPH-JOSEPH-Titan-Pattumiera-Compattatore-di-Rifiuti-30-litri.jpg\" \/>\n\t<meta property=\"og:image:width\" content=\"1200\" \/>\n\t<meta property=\"og:image:height\" content=\"1200\" \/>\n\t<meta property=\"og:image:type\" content=\"image\/jpeg\" \/>\n<meta name=\"twitter:card\" content=\"summary_large_image\" \/>\n<script type=\"application\/ld+json\" class=\"yoast-schema-graph\">{\"@context\":\"https:\/\/schema.org\",\"@graph\":[{\"@type\":\"WebPage\",\"@id\":\"https:\/\/www.erresse-shop.it\/fr\/shop\/ameublement-maison\/poubelles\/joseph-joseph-titan-compacteur-de-dechets-de-poubelles-30-litres\/\",\"url\":\"https:\/\/www.erresse-shop.it\/fr\/shop\/ameublement-maison\/poubelles\/joseph-joseph-titan-compacteur-de-dechets-de-poubelles-30-litres\/\",\"name\":\"JOSEPH JOSEPH Titan Compacteur de d\u00e9chets de poubelles 30 litres - Erresse Shop\",\"isPartOf\":{\"@id\":\"https:\/\/www.erresse-shop.it\/fr\/#website\"},\"datePublished\":\"2022-12-05T10:39:26+00:00\",\"dateModified\":\"2025-07-23T15:37:04+00:00\",\"breadcrumb\":{\"@id\":\"https:\/\/www.erresse-shop.it\/fr\/shop\/ameublement-maison\/poubelles\/joseph-joseph-titan-compacteur-de-dechets-de-poubelles-30-litres\/#breadcrumb\"},\"inLanguage\":\"fr-FR\",\"potentialAction\":[{\"@type\":\"ReadAction\",\"target\":[\"https:\/\/www.erresse-shop.it\/fr\/shop\/ameublement-maison\/poubelles\/joseph-joseph-titan-compacteur-de-dechets-de-poubelles-30-litres\/\"]}]},{\"@type\":\"BreadcrumbList\",\"@id\":\"https:\/\/www.erresse-shop.it\/fr\/shop\/ameublement-maison\/poubelles\/joseph-joseph-titan-compacteur-de-dechets-de-poubelles-30-litres\/#breadcrumb\",\"itemListElement\":[{\"@type\":\"ListItem\",\"position\":1,\"name\":\"Home\",\"item\":\"https:\/\/www.erresse-shop.it\/fr\/\"},{\"@type\":\"ListItem\",\"position\":2,\"name\":\"Shop\",\"item\":\"https:\/\/www.erresse-shop.it\/fr\/shop\/\"},{\"@type\":\"ListItem\",\"position\":3,\"name\":\"JOSEPH JOSEPH Titan Compacteur de d\u00e9chets de poubelles 30 litres\"}]},{\"@type\":\"WebSite\",\"@id\":\"https:\/\/www.erresse-shop.it\/fr\/#website\",\"url\":\"https:\/\/www.erresse-shop.it\/fr\/\",\"name\":\"Erresse Shop\",\"description\":\"Articoli di qualit\u00e0 per la casa\",\"potentialAction\":[{\"@type\":\"SearchAction\",\"target\":{\"@type\":\"EntryPoint\",\"urlTemplate\":\"https:\/\/www.erresse-shop.it\/fr\/?s={search_term_string}\"},\"query-input\":\"required name=search_term_string\"}],\"inLanguage\":\"fr-FR\"}]}<\/script>\n<!-- \/ Yoast SEO Premium plugin. -->","yoast_head_json":{"title":"JOSEPH JOSEPH Titan Compacteur de d\u00e9chets de poubelles 30 litres - Erresse Shop","robots":{"index":"index","follow":"follow","max-snippet":"max-snippet:-1","max-image-preview":"max-image-preview:large","max-video-preview":"max-video-preview:-1"},"canonical":"https:\/\/www.erresse-shop.it\/fr\/shop\/ameublement-maison\/poubelles\/joseph-joseph-titan-compacteur-de-dechets-de-poubelles-30-litres\/","og_locale":"fr_FR","og_type":"article","og_title":"JOSEPH JOSEPH Titan Compacteur de d\u00e9chets de poubelles 30 litres","og_url":"https:\/\/www.erresse-shop.it\/fr\/shop\/ameublement-maison\/poubelles\/joseph-joseph-titan-compacteur-de-dechets-de-poubelles-30-litres\/","og_site_name":"Erresse Shop","article_modified_time":"2025-07-23T15:37:04+00:00","og_image":[{"width":1200,"height":1200,"url":"https:\/\/www.erresse-shop.it\/wp-content\/uploads\/2022\/12\/JOSEPH-JOSEPH-Titan-Pattumiera-Compattatore-di-Rifiuti-30-litri.jpg","type":"image\/jpeg"}],"twitter_card":"summary_large_image","schema":{"@context":"https:\/\/schema.org","@graph":[{"@type":"WebPage","@id":"https:\/\/www.erresse-shop.it\/fr\/shop\/ameublement-maison\/poubelles\/joseph-joseph-titan-compacteur-de-dechets-de-poubelles-30-litres\/","url":"https:\/\/www.erresse-shop.it\/fr\/shop\/ameublement-maison\/poubelles\/joseph-joseph-titan-compacteur-de-dechets-de-poubelles-30-litres\/","name":"JOSEPH JOSEPH Titan Compacteur de d\u00e9chets de poubelles 30 litres - Erresse Shop","isPartOf":{"@id":"https:\/\/www.erresse-shop.it\/fr\/#website"},"datePublished":"2022-12-05T10:39:26+00:00","dateModified":"2025-07-23T15:37:04+00:00","breadcrumb":{"@id":"https:\/\/www.erresse-shop.it\/fr\/shop\/ameublement-maison\/poubelles\/joseph-joseph-titan-compacteur-de-dechets-de-poubelles-30-litres\/#breadcrumb"},"inLanguage":"fr-FR","potentialAction":[{"@type":"ReadAction","target":["https:\/\/www.erresse-shop.it\/fr\/shop\/ameublement-maison\/poubelles\/joseph-joseph-titan-compacteur-de-dechets-de-poubelles-30-litres\/"]}]},{"@type":"BreadcrumbList","@id":"https:\/\/www.erresse-shop.it\/fr\/shop\/ameublement-maison\/poubelles\/joseph-joseph-titan-compacteur-de-dechets-de-poubelles-30-litres\/#breadcrumb","itemListElement":[{"@type":"ListItem","position":1,"name":"Home","item":"https:\/\/www.erresse-shop.it\/fr\/"},{"@type":"ListItem","position":2,"name":"Shop","item":"https:\/\/www.erresse-shop.it\/fr\/shop\/"},{"@type":"ListItem","position":3,"name":"JOSEPH JOSEPH Titan Compacteur de d\u00e9chets de poubelles 30 litres"}]},{"@type":"WebSite","@id":"https:\/\/www.erresse-shop.it\/fr\/#website","url":"https:\/\/www.erresse-shop.it\/fr\/","name":"Erresse Shop","description":"Articoli di qualit\u00e0 per la casa","potentialAction":[{"@type":"SearchAction","target":{"@type":"EntryPoint","urlTemplate":"https:\/\/www.erresse-shop.it\/fr\/?s={search_term_string}"},"query-input":"required name=search_term_string"}],"inLanguage":"fr-FR"}]}},"df_price":189.95,"df_sale_price":189.95,"df_regular_price":229.99,"df_image_link":"https:\/\/www.erresse-shop.it\/wp-content\/uploads\/2022\/12\/JOSEPH-JOSEPH-Titan-Pattumiera-Compattatore-di-Rifiuti-30-litri-300x300.jpg","_links":{"self":[{"href":"https:\/\/www.erresse-shop.it\/fr\/wp-json\/wp\/v2\/product\/215119"}],"collection":[{"href":"https:\/\/www.erresse-shop.it\/fr\/wp-json\/wp\/v2\/product"}],"about":[{"href":"https:\/\/www.erresse-shop.it\/fr\/wp-json\/wp\/v2\/types\/product"}],"wp:featuredmedia":[{"embeddable":true,"href":"https:\/\/www.erresse-shop.it\/fr\/wp-json\/wp\/v2\/media\/442970"}],"wp:attachment":[{"href":"https:\/\/www.erresse-shop.it\/fr\/wp-json\/wp\/v2\/media?parent=215119"}],"wp:term":[{"taxonomy":"product_cat","embeddable":true,"href":"https:\/\/www.erresse-shop.it\/fr\/wp-json\/wp\/v2\/product_cat?post=215119"},{"taxonomy":"product_tag","embeddable":true,"href":"https:\/\/www.erresse-shop.it\/fr\/wp-json\/wp\/v2\/product_tag?post=215119"}],"curies":[{"name":"wp","href":"https:\/\/api.w.org\/{rel}","templated":true}]}}