{"id":214134,"date":"2022-12-02T10:00:27","date_gmt":"2022-12-02T10:00:31","guid":{"rendered":"https:\/\/www.erresse-shop.it\/?post_type=product&#038;p=214134"},"modified":"2024-05-09T12:45:24","modified_gmt":"2024-05-09T12:45:24","slug":"sambonet-36-pieces-de-service-monobloc-velvet-acier-mirror","status":"publish","type":"product","link":"https:\/\/www.erresse-shop.it\/fr\/shop\/table-fr-2\/couverts\/sambonet-36-pieces-de-service-monobloc-velvet-acier-mirror\/","title":{"rendered":"SAMBONET 36 pi\u00e8ces de service Monobloc Velvet Acier Mirror"},"content":{"rendered":"<p><strong>Description<\/strong><br \/>\nLignes sinueuses et design \u00e9quilibr\u00e9.<br \/>\nLe style contemporain minimaliste et chic peut \u00eatre associ\u00e9 \u00e0 tout type de table.<br \/>\n\u00c9paisseur de 4 mm.<br \/>\nFabriqu\u00e9s en acier inoxydable 18\/10 de haute qualit\u00e9 et lavables au lave-vaisselle.<br \/>\nLes couverts Sambonet Velvet s&#8217;inscrivent dans la philosophie du chic minimal, o\u00f9 l&#8217;harmonie des formes r\u00e9pond \u00e0 une esth\u00e9tique simple et raffin\u00e9e, id\u00e9ale pour les tables d\u00e9contract\u00e9es et contemporaines.<\/p>\n<p><strong>Sp\u00e9cifications techniques<\/strong><br \/>\nMarque : Sambonet<br \/>\nCollection : Velvet<br \/>\nMat\u00e9riau : Acier inoxydable<br \/>\nD\u00e9cor : Edelstahl 18\/10<br \/>\nNombre d&#8217;articles dans le set : 36<br \/>\nSet compos\u00e9 de : 6 cuill\u00e8res de table, 6 fourchettes de table, 6 couteaux de table, 6 fourchettes \u00e0 dessert, 6 couteaux \u00e0 dessert, 6 cuill\u00e8res \u00e0 th\u00e9.<br \/>\nPour combien de personnes : 6<br \/>\nNum\u00e9ro d&#8217;article : 52512-83<br \/>\nAnn\u00e9e d&#8217;introduction : 2021<\/p>\n<p><strong>Dimensions<\/strong><br \/>\nPoids de l&#8217;article : 3,12 kg<br \/>\nHauteur du paquet : 5,20 cm<br \/>\nLongueur du paquet : 59,40 cm<br \/>\nLargeur du paquet : 35,70 cm<br \/>\nPoids du paquet : 3,12 kg<\/p>\n","protected":false},"excerpt":{"rendered":"<p>Description Lignes sinueuses et design \u00e9quilibr\u00e9. Le style contemporain minimaliste et chic peut \u00eatre associ\u00e9 \u00e0 tout type de table.<\/p>\n","protected":false},"featured_media":477449,"template":"","meta":{"_acf_changed":false,"inline_featured_image":false},"product_cat":[12790,12782],"product_tag":[23910,23690,21384,21385],"acf":[],"yoast_head":"<!-- This site is optimized with the Yoast SEO Premium plugin v18.6 (Yoast SEO v19.13) - https:\/\/yoast.com\/wordpress\/plugins\/seo\/ -->\n<title>SAMBONET 36 pi\u00e8ces de service Monobloc Velvet Acier Mirror - Erresse Shop<\/title>\n<meta name=\"description\" content=\"Description Lignes sinueuses et design \u00e9quilibr\u00e9. Le style contemporain minimaliste et chic peut \u00eatre associ\u00e9 \u00e0 tout type de table. \u00c9paisseur de 4 mm.\" \/>\n<meta name=\"robots\" content=\"index, follow, max-snippet:-1, max-image-preview:large, max-video-preview:-1\" \/>\n<link rel=\"canonical\" href=\"https:\/\/www.erresse-shop.it\/fr\/shop\/table-fr-2\/couverts\/sambonet-36-pieces-de-service-monobloc-velvet-acier-mirror\/\" \/>\n<meta property=\"og:locale\" content=\"fr_FR\" \/>\n<meta property=\"og:type\" content=\"article\" \/>\n<meta property=\"og:title\" content=\"SAMBONET 36 pi\u00e8ces de service Monobloc Velvet Acier Mirror\" \/>\n<meta property=\"og:description\" content=\"Description Lignes sinueuses et design \u00e9quilibr\u00e9. Le style contemporain minimaliste et chic peut \u00eatre associ\u00e9 \u00e0 tout type de table. \u00c9paisseur de 4 mm.\" \/>\n<meta property=\"og:url\" content=\"https:\/\/www.erresse-shop.it\/fr\/shop\/table-fr-2\/couverts\/sambonet-36-pieces-de-service-monobloc-velvet-acier-mirror\/\" \/>\n<meta property=\"og:site_name\" content=\"Erresse Shop\" \/>\n<meta property=\"article:modified_time\" content=\"2024-05-09T12:45:24+00:00\" \/>\n<meta property=\"og:image\" content=\"https:\/\/www.erresse-shop.it\/wp-content\/uploads\/2022\/12\/Sambonet-Servizio-36-pz-Monoblocco-Velvet-Inox.jpg\" \/>\n\t<meta property=\"og:image:width\" content=\"1600\" \/>\n\t<meta property=\"og:image:height\" content=\"1600\" \/>\n\t<meta property=\"og:image:type\" content=\"image\/jpeg\" \/>\n<meta name=\"twitter:card\" content=\"summary_large_image\" \/>\n<script type=\"application\/ld+json\" class=\"yoast-schema-graph\">{\"@context\":\"https:\/\/schema.org\",\"@graph\":[{\"@type\":\"WebPage\",\"@id\":\"https:\/\/www.erresse-shop.it\/fr\/shop\/table-fr-2\/couverts\/sambonet-36-pieces-de-service-monobloc-velvet-acier-mirror\/\",\"url\":\"https:\/\/www.erresse-shop.it\/fr\/shop\/table-fr-2\/couverts\/sambonet-36-pieces-de-service-monobloc-velvet-acier-mirror\/\",\"name\":\"SAMBONET 36 pi\u00e8ces de service Monobloc Velvet Acier Mirror - Erresse Shop\",\"isPartOf\":{\"@id\":\"https:\/\/www.erresse-shop.it\/fr\/#website\"},\"datePublished\":\"2022-12-02T10:00:31+00:00\",\"dateModified\":\"2024-05-09T12:45:24+00:00\",\"description\":\"Description Lignes sinueuses et design \u00e9quilibr\u00e9. Le style contemporain minimaliste et chic peut \u00eatre associ\u00e9 \u00e0 tout type de table. \u00c9paisseur de 4 mm.\",\"breadcrumb\":{\"@id\":\"https:\/\/www.erresse-shop.it\/fr\/shop\/table-fr-2\/couverts\/sambonet-36-pieces-de-service-monobloc-velvet-acier-mirror\/#breadcrumb\"},\"inLanguage\":\"fr-FR\",\"potentialAction\":[{\"@type\":\"ReadAction\",\"target\":[\"https:\/\/www.erresse-shop.it\/fr\/shop\/table-fr-2\/couverts\/sambonet-36-pieces-de-service-monobloc-velvet-acier-mirror\/\"]}]},{\"@type\":\"BreadcrumbList\",\"@id\":\"https:\/\/www.erresse-shop.it\/fr\/shop\/table-fr-2\/couverts\/sambonet-36-pieces-de-service-monobloc-velvet-acier-mirror\/#breadcrumb\",\"itemListElement\":[{\"@type\":\"ListItem\",\"position\":1,\"name\":\"Home\",\"item\":\"https:\/\/www.erresse-shop.it\/fr\/\"},{\"@type\":\"ListItem\",\"position\":2,\"name\":\"Shop\",\"item\":\"https:\/\/www.erresse-shop.it\/fr\/shop\/\"},{\"@type\":\"ListItem\",\"position\":3,\"name\":\"SAMBONET 36 pi\u00e8ces de service Monobloc Velvet Acier Mirror\"}]},{\"@type\":\"WebSite\",\"@id\":\"https:\/\/www.erresse-shop.it\/fr\/#website\",\"url\":\"https:\/\/www.erresse-shop.it\/fr\/\",\"name\":\"Erresse Shop\",\"description\":\"Articoli di qualit\u00e0 per la casa\",\"potentialAction\":[{\"@type\":\"SearchAction\",\"target\":{\"@type\":\"EntryPoint\",\"urlTemplate\":\"https:\/\/www.erresse-shop.it\/fr\/?s={search_term_string}\"},\"query-input\":\"required name=search_term_string\"}],\"inLanguage\":\"fr-FR\"}]}<\/script>\n<!-- \/ Yoast SEO Premium plugin. -->","yoast_head_json":{"title":"SAMBONET 36 pi\u00e8ces de service Monobloc Velvet Acier Mirror - Erresse Shop","description":"Description Lignes sinueuses et design \u00e9quilibr\u00e9. Le style contemporain minimaliste et chic peut \u00eatre associ\u00e9 \u00e0 tout type de table. \u00c9paisseur de 4 mm.","robots":{"index":"index","follow":"follow","max-snippet":"max-snippet:-1","max-image-preview":"max-image-preview:large","max-video-preview":"max-video-preview:-1"},"canonical":"https:\/\/www.erresse-shop.it\/fr\/shop\/table-fr-2\/couverts\/sambonet-36-pieces-de-service-monobloc-velvet-acier-mirror\/","og_locale":"fr_FR","og_type":"article","og_title":"SAMBONET 36 pi\u00e8ces de service Monobloc Velvet Acier Mirror","og_description":"Description Lignes sinueuses et design \u00e9quilibr\u00e9. Le style contemporain minimaliste et chic peut \u00eatre associ\u00e9 \u00e0 tout type de table. \u00c9paisseur de 4 mm.","og_url":"https:\/\/www.erresse-shop.it\/fr\/shop\/table-fr-2\/couverts\/sambonet-36-pieces-de-service-monobloc-velvet-acier-mirror\/","og_site_name":"Erresse Shop","article_modified_time":"2024-05-09T12:45:24+00:00","og_image":[{"width":1600,"height":1600,"url":"https:\/\/www.erresse-shop.it\/wp-content\/uploads\/2022\/12\/Sambonet-Servizio-36-pz-Monoblocco-Velvet-Inox.jpg","type":"image\/jpeg"}],"twitter_card":"summary_large_image","schema":{"@context":"https:\/\/schema.org","@graph":[{"@type":"WebPage","@id":"https:\/\/www.erresse-shop.it\/fr\/shop\/table-fr-2\/couverts\/sambonet-36-pieces-de-service-monobloc-velvet-acier-mirror\/","url":"https:\/\/www.erresse-shop.it\/fr\/shop\/table-fr-2\/couverts\/sambonet-36-pieces-de-service-monobloc-velvet-acier-mirror\/","name":"SAMBONET 36 pi\u00e8ces de service Monobloc Velvet Acier Mirror - Erresse Shop","isPartOf":{"@id":"https:\/\/www.erresse-shop.it\/fr\/#website"},"datePublished":"2022-12-02T10:00:31+00:00","dateModified":"2024-05-09T12:45:24+00:00","description":"Description Lignes sinueuses et design \u00e9quilibr\u00e9. Le style contemporain minimaliste et chic peut \u00eatre associ\u00e9 \u00e0 tout type de table. \u00c9paisseur de 4 mm.","breadcrumb":{"@id":"https:\/\/www.erresse-shop.it\/fr\/shop\/table-fr-2\/couverts\/sambonet-36-pieces-de-service-monobloc-velvet-acier-mirror\/#breadcrumb"},"inLanguage":"fr-FR","potentialAction":[{"@type":"ReadAction","target":["https:\/\/www.erresse-shop.it\/fr\/shop\/table-fr-2\/couverts\/sambonet-36-pieces-de-service-monobloc-velvet-acier-mirror\/"]}]},{"@type":"BreadcrumbList","@id":"https:\/\/www.erresse-shop.it\/fr\/shop\/table-fr-2\/couverts\/sambonet-36-pieces-de-service-monobloc-velvet-acier-mirror\/#breadcrumb","itemListElement":[{"@type":"ListItem","position":1,"name":"Home","item":"https:\/\/www.erresse-shop.it\/fr\/"},{"@type":"ListItem","position":2,"name":"Shop","item":"https:\/\/www.erresse-shop.it\/fr\/shop\/"},{"@type":"ListItem","position":3,"name":"SAMBONET 36 pi\u00e8ces de service Monobloc Velvet Acier Mirror"}]},{"@type":"WebSite","@id":"https:\/\/www.erresse-shop.it\/fr\/#website","url":"https:\/\/www.erresse-shop.it\/fr\/","name":"Erresse Shop","description":"Articoli di qualit\u00e0 per la casa","potentialAction":[{"@type":"SearchAction","target":{"@type":"EntryPoint","urlTemplate":"https:\/\/www.erresse-shop.it\/fr\/?s={search_term_string}"},"query-input":"required name=search_term_string"}],"inLanguage":"fr-FR"}]}},"df_price":175.89000000000001,"df_sale_price":175.89000000000001,"df_regular_price":319.8,"df_image_link":"https:\/\/www.erresse-shop.it\/wp-content\/uploads\/2022\/12\/SAMBONET-Servizio-36-Pezzi-Monoblocco-Velvet-Inox-300x300.jpg","_links":{"self":[{"href":"https:\/\/www.erresse-shop.it\/fr\/wp-json\/wp\/v2\/product\/214134"}],"collection":[{"href":"https:\/\/www.erresse-shop.it\/fr\/wp-json\/wp\/v2\/product"}],"about":[{"href":"https:\/\/www.erresse-shop.it\/fr\/wp-json\/wp\/v2\/types\/product"}],"wp:featuredmedia":[{"embeddable":true,"href":"https:\/\/www.erresse-shop.it\/fr\/wp-json\/wp\/v2\/media\/477449"}],"wp:attachment":[{"href":"https:\/\/www.erresse-shop.it\/fr\/wp-json\/wp\/v2\/media?parent=214134"}],"wp:term":[{"taxonomy":"product_cat","embeddable":true,"href":"https:\/\/www.erresse-shop.it\/fr\/wp-json\/wp\/v2\/product_cat?post=214134"},{"taxonomy":"product_tag","embeddable":true,"href":"https:\/\/www.erresse-shop.it\/fr\/wp-json\/wp\/v2\/product_tag?post=214134"}],"curies":[{"name":"wp","href":"https:\/\/api.w.org\/{rel}","templated":true}]}}