{"id":213600,"date":"2022-12-01T11:42:43","date_gmt":"2022-12-01T11:42:47","guid":{"rendered":"https:\/\/www.erresse-shop.it\/?post_type=product&#038;p=213600"},"modified":"2024-05-09T12:48:22","modified_gmt":"2024-05-09T12:48:22","slug":"sambonet-30-pieces-de-service-monobloc-dream-acier-mirror","status":"publish","type":"product","link":"https:\/\/www.erresse-shop.it\/fr\/shop\/table-fr-2\/couverts\/sambonet-30-pieces-de-service-monobloc-dream-acier-mirror\/","title":{"rendered":"SAMBONET 30 pi\u00e8ces de service Monobloc Dream Acier Mirror"},"content":{"rendered":"<p><strong>Description<\/strong><br \/>\nAvec sa forme originale et harmonieuse en goutte d&#8217;eau, Dream est une collection qui se distingue par son style tr\u00e8s moderne. Une collection &#8220;incontournable&#8221; pour Sambonet. Cette ligne de couverts met en valeur votre table, aussi bien au quotidien que pour les grandes occasions.<\/p>\n<p><strong>Sp\u00e9cifications techniques<\/strong><br \/>\nMarque : Sambonet<br \/>\nCollection : Dream<br \/>\nMat\u00e9riau : Acier inoxydable<br \/>\nD\u00e9cor : Edelstahl 18\/10<br \/>\nNombre d&#8217;articles dans le set : 30<br \/>\nSet compos\u00e9 de : 6 cuill\u00e8res de table, 6 fourchettes de table, 6 couteaux de table, 6 fourchettes \u00e0 dessert, 6 cuill\u00e8res \u00e0 th\u00e9.<br \/>\nPour combien de personnes : 6<br \/>\nNum\u00e9ro d&#8217;article : 52515-N1<br \/>\nAnn\u00e9e de lancement : 2015<\/p>\n<p><strong>Dimensions<\/strong><br \/>\nPoids de l&#8217;article : 2,20 kg<br \/>\nHauteur du paquet : 6,00 cm<br \/>\nLongueur du paquet : 35,00 cm<br \/>\nLargeur du paquet : 48,00 cm<br \/>\nPoids du paquet : 2,20 kg<\/p>\n<p><strong>Informations sur l&#8217;entretien<\/strong><br \/>\nAVANT ET APR\u00c8S CHAQUE UTILISATION : Lavez les articles en acier inoxydable \u00e0 l&#8217;eau chaude et avec une solution de lavage neutre (d\u00e9tergent). N&#8217;utilisez pas de d\u00e9tergents synth\u00e9tiques contenant du chlore ou des nettoyants alcalins puissants. Ensuite, s\u00e9chez-les soigneusement avant de les ranger dans une pi\u00e8ce s\u00e8che. Tout r\u00e9sidu d&#8217;aliments, notamment de sel (NaCI), de citron, de vinaigre, de tomates, etc. doit \u00eatre soigneusement \u00e9limin\u00e9 pour \u00e9viter la corrosion. Si les articles sont lav\u00e9s au lave-vaisselle, v\u00e9rifiez qu&#8217;ils sont parfaitement secs \u00e0 la fin du cycle de lavage. Si ce n&#8217;est pas le cas, s\u00e9chez-les soigneusement \u00e0 la main. Les lames des couteaux sont fabriqu\u00e9es en acier inoxydable martensitique 420 et tremp\u00e9, ce qui garantit des tranchants durables mais moins r\u00e9sistants \u00e0 la corrosion. Il faut donc laver, s\u00e9cher et ranger soigneusement les articles apr\u00e8s usage.<\/p>\n","protected":false},"excerpt":{"rendered":"<p>Description Avec sa forme originale et harmonieuse en goutte d&#8217;eau, Dream est une collection qui se distingue par son style<\/p>\n","protected":false},"featured_media":489132,"template":"","meta":{"_acf_changed":false,"inline_featured_image":false},"product_cat":[12790,12782],"product_tag":[23910,23690,23660,16823,24428,22641],"acf":[],"yoast_head":"<!-- This site is optimized with the Yoast SEO Premium plugin v18.6 (Yoast SEO v19.13) - https:\/\/yoast.com\/wordpress\/plugins\/seo\/ -->\n<title>SAMBONET 30 pi\u00e8ces de service Monobloc Dream Acier Mirror - Erresse Shop<\/title>\n<meta name=\"description\" content=\"Description Avec sa forme originale et harmonieuse en goutte d&#039;eau, Dream est une collection qui se distingue par son style tr\u00e8s moderne. Une collection\" \/>\n<meta name=\"robots\" content=\"index, follow, max-snippet:-1, max-image-preview:large, max-video-preview:-1\" \/>\n<link rel=\"canonical\" href=\"https:\/\/www.erresse-shop.it\/fr\/shop\/table-fr-2\/couverts\/sambonet-30-pieces-de-service-monobloc-dream-acier-mirror\/\" \/>\n<meta property=\"og:locale\" content=\"fr_FR\" \/>\n<meta property=\"og:type\" content=\"article\" \/>\n<meta property=\"og:title\" content=\"SAMBONET 30 pi\u00e8ces de service Monobloc Dream Acier Mirror\" \/>\n<meta property=\"og:description\" content=\"Description Avec sa forme originale et harmonieuse en goutte d&#039;eau, Dream est une collection qui se distingue par son style tr\u00e8s moderne. Une collection\" \/>\n<meta property=\"og:url\" content=\"https:\/\/www.erresse-shop.it\/fr\/shop\/table-fr-2\/couverts\/sambonet-30-pieces-de-service-monobloc-dream-acier-mirror\/\" \/>\n<meta property=\"og:site_name\" content=\"Erresse Shop\" \/>\n<meta property=\"article:modified_time\" content=\"2024-05-09T12:48:22+00:00\" \/>\n<meta property=\"og:image\" content=\"https:\/\/www.erresse-shop.it\/wp-content\/uploads\/2022\/12\/Sambonet-servizio-30-pz-monoblocco-dream-inox.jpg\" \/>\n\t<meta property=\"og:image:width\" content=\"1600\" \/>\n\t<meta property=\"og:image:height\" content=\"1600\" \/>\n\t<meta property=\"og:image:type\" content=\"image\/jpeg\" \/>\n<meta name=\"twitter:card\" content=\"summary_large_image\" \/>\n<script type=\"application\/ld+json\" class=\"yoast-schema-graph\">{\"@context\":\"https:\/\/schema.org\",\"@graph\":[{\"@type\":\"WebPage\",\"@id\":\"https:\/\/www.erresse-shop.it\/fr\/shop\/table-fr-2\/couverts\/sambonet-30-pieces-de-service-monobloc-dream-acier-mirror\/\",\"url\":\"https:\/\/www.erresse-shop.it\/fr\/shop\/table-fr-2\/couverts\/sambonet-30-pieces-de-service-monobloc-dream-acier-mirror\/\",\"name\":\"SAMBONET 30 pi\u00e8ces de service Monobloc Dream Acier Mirror - Erresse Shop\",\"isPartOf\":{\"@id\":\"https:\/\/www.erresse-shop.it\/fr\/#website\"},\"datePublished\":\"2022-12-01T11:42:47+00:00\",\"dateModified\":\"2024-05-09T12:48:22+00:00\",\"description\":\"Description Avec sa forme originale et harmonieuse en goutte d'eau, Dream est une collection qui se distingue par son style tr\u00e8s moderne. Une collection\",\"breadcrumb\":{\"@id\":\"https:\/\/www.erresse-shop.it\/fr\/shop\/table-fr-2\/couverts\/sambonet-30-pieces-de-service-monobloc-dream-acier-mirror\/#breadcrumb\"},\"inLanguage\":\"fr-FR\",\"potentialAction\":[{\"@type\":\"ReadAction\",\"target\":[\"https:\/\/www.erresse-shop.it\/fr\/shop\/table-fr-2\/couverts\/sambonet-30-pieces-de-service-monobloc-dream-acier-mirror\/\"]}]},{\"@type\":\"BreadcrumbList\",\"@id\":\"https:\/\/www.erresse-shop.it\/fr\/shop\/table-fr-2\/couverts\/sambonet-30-pieces-de-service-monobloc-dream-acier-mirror\/#breadcrumb\",\"itemListElement\":[{\"@type\":\"ListItem\",\"position\":1,\"name\":\"Home\",\"item\":\"https:\/\/www.erresse-shop.it\/fr\/\"},{\"@type\":\"ListItem\",\"position\":2,\"name\":\"Shop\",\"item\":\"https:\/\/www.erresse-shop.it\/fr\/shop\/\"},{\"@type\":\"ListItem\",\"position\":3,\"name\":\"SAMBONET 30 pi\u00e8ces de service Monobloc Dream Acier Mirror\"}]},{\"@type\":\"WebSite\",\"@id\":\"https:\/\/www.erresse-shop.it\/fr\/#website\",\"url\":\"https:\/\/www.erresse-shop.it\/fr\/\",\"name\":\"Erresse Shop\",\"description\":\"Articoli di qualit\u00e0 per la casa\",\"potentialAction\":[{\"@type\":\"SearchAction\",\"target\":{\"@type\":\"EntryPoint\",\"urlTemplate\":\"https:\/\/www.erresse-shop.it\/fr\/?s={search_term_string}\"},\"query-input\":\"required name=search_term_string\"}],\"inLanguage\":\"fr-FR\"}]}<\/script>\n<!-- \/ Yoast SEO Premium plugin. -->","yoast_head_json":{"title":"SAMBONET 30 pi\u00e8ces de service Monobloc Dream Acier Mirror - Erresse Shop","description":"Description Avec sa forme originale et harmonieuse en goutte d'eau, Dream est une collection qui se distingue par son style tr\u00e8s moderne. Une collection","robots":{"index":"index","follow":"follow","max-snippet":"max-snippet:-1","max-image-preview":"max-image-preview:large","max-video-preview":"max-video-preview:-1"},"canonical":"https:\/\/www.erresse-shop.it\/fr\/shop\/table-fr-2\/couverts\/sambonet-30-pieces-de-service-monobloc-dream-acier-mirror\/","og_locale":"fr_FR","og_type":"article","og_title":"SAMBONET 30 pi\u00e8ces de service Monobloc Dream Acier Mirror","og_description":"Description Avec sa forme originale et harmonieuse en goutte d'eau, Dream est une collection qui se distingue par son style tr\u00e8s moderne. Une collection","og_url":"https:\/\/www.erresse-shop.it\/fr\/shop\/table-fr-2\/couverts\/sambonet-30-pieces-de-service-monobloc-dream-acier-mirror\/","og_site_name":"Erresse Shop","article_modified_time":"2024-05-09T12:48:22+00:00","og_image":[{"width":1600,"height":1600,"url":"https:\/\/www.erresse-shop.it\/wp-content\/uploads\/2022\/12\/Sambonet-servizio-30-pz-monoblocco-dream-inox.jpg","type":"image\/jpeg"}],"twitter_card":"summary_large_image","schema":{"@context":"https:\/\/schema.org","@graph":[{"@type":"WebPage","@id":"https:\/\/www.erresse-shop.it\/fr\/shop\/table-fr-2\/couverts\/sambonet-30-pieces-de-service-monobloc-dream-acier-mirror\/","url":"https:\/\/www.erresse-shop.it\/fr\/shop\/table-fr-2\/couverts\/sambonet-30-pieces-de-service-monobloc-dream-acier-mirror\/","name":"SAMBONET 30 pi\u00e8ces de service Monobloc Dream Acier Mirror - Erresse Shop","isPartOf":{"@id":"https:\/\/www.erresse-shop.it\/fr\/#website"},"datePublished":"2022-12-01T11:42:47+00:00","dateModified":"2024-05-09T12:48:22+00:00","description":"Description Avec sa forme originale et harmonieuse en goutte d'eau, Dream est une collection qui se distingue par son style tr\u00e8s moderne. Une collection","breadcrumb":{"@id":"https:\/\/www.erresse-shop.it\/fr\/shop\/table-fr-2\/couverts\/sambonet-30-pieces-de-service-monobloc-dream-acier-mirror\/#breadcrumb"},"inLanguage":"fr-FR","potentialAction":[{"@type":"ReadAction","target":["https:\/\/www.erresse-shop.it\/fr\/shop\/table-fr-2\/couverts\/sambonet-30-pieces-de-service-monobloc-dream-acier-mirror\/"]}]},{"@type":"BreadcrumbList","@id":"https:\/\/www.erresse-shop.it\/fr\/shop\/table-fr-2\/couverts\/sambonet-30-pieces-de-service-monobloc-dream-acier-mirror\/#breadcrumb","itemListElement":[{"@type":"ListItem","position":1,"name":"Home","item":"https:\/\/www.erresse-shop.it\/fr\/"},{"@type":"ListItem","position":2,"name":"Shop","item":"https:\/\/www.erresse-shop.it\/fr\/shop\/"},{"@type":"ListItem","position":3,"name":"SAMBONET 30 pi\u00e8ces de service Monobloc Dream Acier Mirror"}]},{"@type":"WebSite","@id":"https:\/\/www.erresse-shop.it\/fr\/#website","url":"https:\/\/www.erresse-shop.it\/fr\/","name":"Erresse Shop","description":"Articoli di qualit\u00e0 per la casa","potentialAction":[{"@type":"SearchAction","target":{"@type":"EntryPoint","urlTemplate":"https:\/\/www.erresse-shop.it\/fr\/?s={search_term_string}"},"query-input":"required name=search_term_string"}],"inLanguage":"fr-FR"}]}},"df_price":109.89000000000001,"df_sale_price":109.89000000000001,"df_regular_price":199.8,"df_image_link":"https:\/\/www.erresse-shop.it\/wp-content\/uploads\/2022\/12\/SAMBONET-Servizio-30-Pezzi-Monoblocco-Dream-Inox-300x300.jpg","_links":{"self":[{"href":"https:\/\/www.erresse-shop.it\/fr\/wp-json\/wp\/v2\/product\/213600"}],"collection":[{"href":"https:\/\/www.erresse-shop.it\/fr\/wp-json\/wp\/v2\/product"}],"about":[{"href":"https:\/\/www.erresse-shop.it\/fr\/wp-json\/wp\/v2\/types\/product"}],"wp:featuredmedia":[{"embeddable":true,"href":"https:\/\/www.erresse-shop.it\/fr\/wp-json\/wp\/v2\/media\/489132"}],"wp:attachment":[{"href":"https:\/\/www.erresse-shop.it\/fr\/wp-json\/wp\/v2\/media?parent=213600"}],"wp:term":[{"taxonomy":"product_cat","embeddable":true,"href":"https:\/\/www.erresse-shop.it\/fr\/wp-json\/wp\/v2\/product_cat?post=213600"},{"taxonomy":"product_tag","embeddable":true,"href":"https:\/\/www.erresse-shop.it\/fr\/wp-json\/wp\/v2\/product_tag?post=213600"}],"curies":[{"name":"wp","href":"https:\/\/api.w.org\/{rel}","templated":true}]}}