{"id":213092,"date":"2022-11-30T12:06:40","date_gmt":"2022-11-30T12:06:44","guid":{"rendered":"https:\/\/www.erresse-shop.it\/?post_type=product&#038;p=213092"},"modified":"2026-03-31T22:12:37","modified_gmt":"2026-03-31T22:12:37","slug":"sambonet-paderno-set-de-mixologie-3-pieces-martini-or","status":"publish","type":"product","link":"https:\/\/www.erresse-shop.it\/fr\/shop\/table-fr-2\/sambonet-paderno-set-de-mixologie-3-pieces-martini-or\/","title":{"rendered":"SAMBONET Paderno Set de Mixologie 3 Pi\u00e8ces Martini Or"},"content":{"rendered":"<p>C&#8217;est le seul cocktail reconnaissable \u00e0 son verre, qui ne doit jamais \u00eatre tenu que par le pied, afin de ne pas le chauffer. Une tasse pratique \u00e0 utiliser et raffin\u00e9e \u00e0 servir. Son design minimaliste lui permet de s&#8217;adapter \u00e0 toutes les atmosph\u00e8res, tandis que la finition en acier poli et les couleurs brillantes rendent chaque happy hour sp\u00e9cial.<\/p>\n<p>Mat\u00e9riau : Acier inoxydable<\/p>\n<p>Nombre de pi\u00e8ces dans le set : 3<\/p>\n","protected":false},"excerpt":{"rendered":"<p>C&#8217;est le seul cocktail reconnaissable \u00e0 son verre, qui ne doit jamais \u00eatre tenu que par le pied, afin de<\/p>\n","protected":false},"featured_media":491537,"template":"","meta":{"_acf_changed":false,"inline_featured_image":false},"product_cat":[21703,12782],"product_tag":[25086,23910,23690,21304,25021,21314,21391],"acf":[],"yoast_head":"<!-- This site is optimized with the Yoast SEO Premium plugin v18.6 (Yoast SEO v19.13) - https:\/\/yoast.com\/wordpress\/plugins\/seo\/ -->\n<title>SAMBONET Paderno Set de Mixologie 3 Pi\u00e8ces Martini Or - Erresse Shop<\/title>\n<meta name=\"description\" content=\"C&#039;est le seul cocktail reconnaissable \u00e0 son verre, qui ne doit jamais \u00eatre tenu que par le pied, afin de ne pas le chauffer. Une tasse pratique \u00e0 utiliser\" \/>\n<meta name=\"robots\" content=\"index, follow, max-snippet:-1, max-image-preview:large, max-video-preview:-1\" \/>\n<link rel=\"canonical\" href=\"https:\/\/www.erresse-shop.it\/fr\/shop\/table-fr-2\/sambonet-paderno-set-de-mixologie-3-pieces-martini-or\/\" \/>\n<meta property=\"og:locale\" content=\"fr_FR\" \/>\n<meta property=\"og:type\" content=\"article\" \/>\n<meta property=\"og:title\" content=\"SAMBONET Paderno Set de Mixologie 3 Pi\u00e8ces Martini Or\" \/>\n<meta property=\"og:description\" content=\"C&#039;est le seul cocktail reconnaissable \u00e0 son verre, qui ne doit jamais \u00eatre tenu que par le pied, afin de ne pas le chauffer. Une tasse pratique \u00e0 utiliser\" \/>\n<meta property=\"og:url\" content=\"https:\/\/www.erresse-shop.it\/fr\/shop\/table-fr-2\/sambonet-paderno-set-de-mixologie-3-pieces-martini-or\/\" \/>\n<meta property=\"og:site_name\" content=\"Erresse Shop\" \/>\n<meta property=\"article:modified_time\" content=\"2026-03-31T22:12:37+00:00\" \/>\n<meta property=\"og:image\" content=\"https:\/\/www.erresse-shop.it\/wp-content\/uploads\/2022\/11\/41494-G3.jpg\" \/>\n\t<meta property=\"og:image:width\" content=\"1277\" \/>\n\t<meta property=\"og:image:height\" content=\"1277\" \/>\n\t<meta property=\"og:image:type\" content=\"image\/jpeg\" \/>\n<meta name=\"twitter:card\" content=\"summary_large_image\" \/>\n<script type=\"application\/ld+json\" class=\"yoast-schema-graph\">{\"@context\":\"https:\/\/schema.org\",\"@graph\":[{\"@type\":\"WebPage\",\"@id\":\"https:\/\/www.erresse-shop.it\/fr\/shop\/table-fr-2\/sambonet-paderno-set-de-mixologie-3-pieces-martini-or\/\",\"url\":\"https:\/\/www.erresse-shop.it\/fr\/shop\/table-fr-2\/sambonet-paderno-set-de-mixologie-3-pieces-martini-or\/\",\"name\":\"SAMBONET Paderno Set de Mixologie 3 Pi\u00e8ces Martini Or - Erresse Shop\",\"isPartOf\":{\"@id\":\"https:\/\/www.erresse-shop.it\/fr\/#website\"},\"datePublished\":\"2022-11-30T12:06:44+00:00\",\"dateModified\":\"2026-03-31T22:12:37+00:00\",\"description\":\"C'est le seul cocktail reconnaissable \u00e0 son verre, qui ne doit jamais \u00eatre tenu que par le pied, afin de ne pas le chauffer. Une tasse pratique \u00e0 utiliser\",\"breadcrumb\":{\"@id\":\"https:\/\/www.erresse-shop.it\/fr\/shop\/table-fr-2\/sambonet-paderno-set-de-mixologie-3-pieces-martini-or\/#breadcrumb\"},\"inLanguage\":\"fr-FR\",\"potentialAction\":[{\"@type\":\"ReadAction\",\"target\":[\"https:\/\/www.erresse-shop.it\/fr\/shop\/table-fr-2\/sambonet-paderno-set-de-mixologie-3-pieces-martini-or\/\"]}]},{\"@type\":\"BreadcrumbList\",\"@id\":\"https:\/\/www.erresse-shop.it\/fr\/shop\/table-fr-2\/sambonet-paderno-set-de-mixologie-3-pieces-martini-or\/#breadcrumb\",\"itemListElement\":[{\"@type\":\"ListItem\",\"position\":1,\"name\":\"Home\",\"item\":\"https:\/\/www.erresse-shop.it\/fr\/\"},{\"@type\":\"ListItem\",\"position\":2,\"name\":\"Shop\",\"item\":\"https:\/\/www.erresse-shop.it\/fr\/shop\/\"},{\"@type\":\"ListItem\",\"position\":3,\"name\":\"SAMBONET Paderno Set de Mixologie 3 Pi\u00e8ces Martini Or\"}]},{\"@type\":\"WebSite\",\"@id\":\"https:\/\/www.erresse-shop.it\/fr\/#website\",\"url\":\"https:\/\/www.erresse-shop.it\/fr\/\",\"name\":\"Erresse Shop\",\"description\":\"Articoli di qualit\u00e0 per la casa\",\"potentialAction\":[{\"@type\":\"SearchAction\",\"target\":{\"@type\":\"EntryPoint\",\"urlTemplate\":\"https:\/\/www.erresse-shop.it\/fr\/?s={search_term_string}\"},\"query-input\":\"required name=search_term_string\"}],\"inLanguage\":\"fr-FR\"}]}<\/script>\n<!-- \/ Yoast SEO Premium plugin. -->","yoast_head_json":{"title":"SAMBONET Paderno Set de Mixologie 3 Pi\u00e8ces Martini Or - Erresse Shop","description":"C'est le seul cocktail reconnaissable \u00e0 son verre, qui ne doit jamais \u00eatre tenu que par le pied, afin de ne pas le chauffer. Une tasse pratique \u00e0 utiliser","robots":{"index":"index","follow":"follow","max-snippet":"max-snippet:-1","max-image-preview":"max-image-preview:large","max-video-preview":"max-video-preview:-1"},"canonical":"https:\/\/www.erresse-shop.it\/fr\/shop\/table-fr-2\/sambonet-paderno-set-de-mixologie-3-pieces-martini-or\/","og_locale":"fr_FR","og_type":"article","og_title":"SAMBONET Paderno Set de Mixologie 3 Pi\u00e8ces Martini Or","og_description":"C'est le seul cocktail reconnaissable \u00e0 son verre, qui ne doit jamais \u00eatre tenu que par le pied, afin de ne pas le chauffer. Une tasse pratique \u00e0 utiliser","og_url":"https:\/\/www.erresse-shop.it\/fr\/shop\/table-fr-2\/sambonet-paderno-set-de-mixologie-3-pieces-martini-or\/","og_site_name":"Erresse Shop","article_modified_time":"2026-03-31T22:12:37+00:00","og_image":[{"width":1277,"height":1277,"url":"https:\/\/www.erresse-shop.it\/wp-content\/uploads\/2022\/11\/41494-G3.jpg","type":"image\/jpeg"}],"twitter_card":"summary_large_image","schema":{"@context":"https:\/\/schema.org","@graph":[{"@type":"WebPage","@id":"https:\/\/www.erresse-shop.it\/fr\/shop\/table-fr-2\/sambonet-paderno-set-de-mixologie-3-pieces-martini-or\/","url":"https:\/\/www.erresse-shop.it\/fr\/shop\/table-fr-2\/sambonet-paderno-set-de-mixologie-3-pieces-martini-or\/","name":"SAMBONET Paderno Set de Mixologie 3 Pi\u00e8ces Martini Or - Erresse Shop","isPartOf":{"@id":"https:\/\/www.erresse-shop.it\/fr\/#website"},"datePublished":"2022-11-30T12:06:44+00:00","dateModified":"2026-03-31T22:12:37+00:00","description":"C'est le seul cocktail reconnaissable \u00e0 son verre, qui ne doit jamais \u00eatre tenu que par le pied, afin de ne pas le chauffer. Une tasse pratique \u00e0 utiliser","breadcrumb":{"@id":"https:\/\/www.erresse-shop.it\/fr\/shop\/table-fr-2\/sambonet-paderno-set-de-mixologie-3-pieces-martini-or\/#breadcrumb"},"inLanguage":"fr-FR","potentialAction":[{"@type":"ReadAction","target":["https:\/\/www.erresse-shop.it\/fr\/shop\/table-fr-2\/sambonet-paderno-set-de-mixologie-3-pieces-martini-or\/"]}]},{"@type":"BreadcrumbList","@id":"https:\/\/www.erresse-shop.it\/fr\/shop\/table-fr-2\/sambonet-paderno-set-de-mixologie-3-pieces-martini-or\/#breadcrumb","itemListElement":[{"@type":"ListItem","position":1,"name":"Home","item":"https:\/\/www.erresse-shop.it\/fr\/"},{"@type":"ListItem","position":2,"name":"Shop","item":"https:\/\/www.erresse-shop.it\/fr\/shop\/"},{"@type":"ListItem","position":3,"name":"SAMBONET Paderno Set de Mixologie 3 Pi\u00e8ces Martini Or"}]},{"@type":"WebSite","@id":"https:\/\/www.erresse-shop.it\/fr\/#website","url":"https:\/\/www.erresse-shop.it\/fr\/","name":"Erresse Shop","description":"Articoli di qualit\u00e0 per la casa","potentialAction":[{"@type":"SearchAction","target":{"@type":"EntryPoint","urlTemplate":"https:\/\/www.erresse-shop.it\/fr\/?s={search_term_string}"},"query-input":"required name=search_term_string"}],"inLanguage":"fr-FR"}]}},"df_price":29.95,"df_sale_price":29.95,"df_regular_price":69.9,"df_image_link":"https:\/\/www.erresse-shop.it\/wp-content\/uploads\/2022\/11\/SAMBONET-Paderno-Mixology-Set-3-Pezzi-Martini-Oro-300x300.jpg","_links":{"self":[{"href":"https:\/\/www.erresse-shop.it\/fr\/wp-json\/wp\/v2\/product\/213092"}],"collection":[{"href":"https:\/\/www.erresse-shop.it\/fr\/wp-json\/wp\/v2\/product"}],"about":[{"href":"https:\/\/www.erresse-shop.it\/fr\/wp-json\/wp\/v2\/types\/product"}],"wp:featuredmedia":[{"embeddable":true,"href":"https:\/\/www.erresse-shop.it\/fr\/wp-json\/wp\/v2\/media\/491537"}],"wp:attachment":[{"href":"https:\/\/www.erresse-shop.it\/fr\/wp-json\/wp\/v2\/media?parent=213092"}],"wp:term":[{"taxonomy":"product_cat","embeddable":true,"href":"https:\/\/www.erresse-shop.it\/fr\/wp-json\/wp\/v2\/product_cat?post=213092"},{"taxonomy":"product_tag","embeddable":true,"href":"https:\/\/www.erresse-shop.it\/fr\/wp-json\/wp\/v2\/product_tag?post=213092"}],"curies":[{"name":"wp","href":"https:\/\/api.w.org\/{rel}","templated":true}]}}