{"id":206153,"date":"2022-11-14T15:31:45","date_gmt":"2022-11-14T15:31:51","guid":{"rendered":"https:\/\/www.erresse-shop.it\/?post_type=product&#038;p=206153"},"modified":"2025-01-09T09:18:22","modified_gmt":"2025-01-09T09:18:22","slug":"joseph-joseph-totem-max-poubelle-60-litres-graphite","status":"publish","type":"product","link":"https:\/\/www.erresse-shop.it\/fr\/shop\/ameublement-maison\/poubelles\/joseph-joseph-totem-max-poubelle-60-litres-graphite\/","title":{"rendered":"JOSEPH JOSEPH Totem Max Poubelle 60 litres Graphite"},"content":{"rendered":"<p><strong>La seule poubelle de cuisine dont vous avez besoin<\/strong><br \/>\nLa poubelle de cuisine est le h\u00e9ros m\u00e9connu au c\u0153ur de la maison, mais peu d&#8217;entre elles sont \u00e0 la hauteur pour traiter les d\u00e9chets g\u00e9n\u00e9raux, les d\u00e9chets alimentaires et le recyclage. Rencontrez Totem. Notre poubelle prim\u00e9e poss\u00e8de plusieurs compartiments pour tous les types de d\u00e9chets m\u00e9nagers, ce qui vous permet de tout trier dans une seule unit\u00e9 compacte. Son contr\u00f4le int\u00e9gr\u00e9 des odeurs permet \u00e9galement \u00e0 la cuisine de garder une odeur fra\u00eeche.<\/p>\n<p><strong>Les petits d\u00e9tails<\/strong><br \/>\nLa poubelle de 60 litres comprend 2 compartiments de 30 litres et un bac \u00e0 d\u00e9chets alimentaires amovible de 3 litres avec couvercle.<br \/>\nLa conception verticale unique maximise la capacit\u00e9 dans un espace compact.<br \/>\nContr\u00f4le int\u00e9gr\u00e9 des odeurs avec filtres \u00e0 charbon actif rempla\u00e7ables<br \/>\nSeaux amovibles avec trous de fixation de la doublure et crochets pour sacs de transport<\/p>\n<p><strong>Entretien et utilisation :<\/strong><br \/>\nUtilisation de 6 0L avec le rev\u00eatement sur mesure IW2 et IW 6 (\u00e9galement utilisable avec le rev\u00eatement standard)<br \/>\nSurfaces ext\u00e9rieures &#8211; essuyez-les avec un chiffon humide, puis s\u00e9chez-les avec un chiffon doux et sec &#8211; n&#8217;utilisez pas de chiffons abrasifs ou de nettoyants chimiques agressifs.<br \/>\nSeaux et conteneurs \u00e0 d\u00e9chets alimentaires &#8211; les retirer de l&#8217;appareil et les nettoyer \u00e0 l&#8217;eau chaude savonneuse &#8211; les s\u00e9cher avant de les remettre dans l&#8217;appareil (pour aider \u00e0 \u00e9liminer les odeurs d\u00e9sagr\u00e9ables, on peut aussi utiliser une solution de levure chimique et d&#8217;eau).<br \/>\nFiltre \u00e0 odeurs : pour des performances optimales, nous recommandons de remplacer le filtre \u00e0 odeurs tous les 3 mois.<\/p>\n<p><strong>Dimensions :<\/strong><br \/>\n(60L) : A81.4 (couvercle ferm\u00e9) A111 (couvercle ouvert) x W39 x D36.6 cm (H32 x W15\u00bd x D14\u00bd inches)<br \/>\nDisponible \u00e9galement en 40L<\/p>\n<p><strong>Poids<\/strong> : (60 litres) : 9,7 kg<\/p>\n<p><strong>Con\u00e7u par PearsonLloyd<\/strong><br \/>\n<strong>Garantie de 2 ans<\/strong><\/p>\n","protected":false},"excerpt":{"rendered":"<p><\/p>\n","protected":false},"featured_media":460099,"template":"","meta":{"_acf_changed":false,"inline_featured_image":false},"product_cat":[12738,14033],"product_tag":[25026,25021],"acf":[],"yoast_head":"<!-- This site is optimized with the Yoast SEO Premium plugin v18.6 (Yoast SEO v19.13) - https:\/\/yoast.com\/wordpress\/plugins\/seo\/ -->\n<title>JOSEPH JOSEPH Totem Max Poubelle 60 litres Graphite - Erresse Shop<\/title>\n<meta name=\"robots\" content=\"index, follow, max-snippet:-1, max-image-preview:large, max-video-preview:-1\" \/>\n<link rel=\"canonical\" href=\"https:\/\/www.erresse-shop.it\/fr\/shop\/ameublement-maison\/poubelles\/joseph-joseph-totem-max-poubelle-60-litres-graphite\/\" \/>\n<meta property=\"og:locale\" content=\"fr_FR\" \/>\n<meta property=\"og:type\" content=\"article\" \/>\n<meta property=\"og:title\" content=\"JOSEPH JOSEPH Totem Max Poubelle 60 litres Graphite\" \/>\n<meta property=\"og:url\" content=\"https:\/\/www.erresse-shop.it\/fr\/shop\/ameublement-maison\/poubelles\/joseph-joseph-totem-max-poubelle-60-litres-graphite\/\" \/>\n<meta property=\"og:site_name\" content=\"Erresse Shop\" \/>\n<meta property=\"article:modified_time\" content=\"2025-01-09T09:18:22+00:00\" \/>\n<meta property=\"og:image\" content=\"https:\/\/www.erresse-shop.it\/wp-content\/uploads\/2022\/11\/JOSEPH-JOSEPH-Totem-Max-Pattumiera-60-litri-Grafite.webp\" \/>\n\t<meta property=\"og:image:width\" content=\"1200\" \/>\n\t<meta property=\"og:image:height\" content=\"1200\" \/>\n\t<meta property=\"og:image:type\" content=\"image\/webp\" \/>\n<meta name=\"twitter:card\" content=\"summary_large_image\" \/>\n<script type=\"application\/ld+json\" class=\"yoast-schema-graph\">{\"@context\":\"https:\/\/schema.org\",\"@graph\":[{\"@type\":\"WebPage\",\"@id\":\"https:\/\/www.erresse-shop.it\/fr\/shop\/ameublement-maison\/poubelles\/joseph-joseph-totem-max-poubelle-60-litres-graphite\/\",\"url\":\"https:\/\/www.erresse-shop.it\/fr\/shop\/ameublement-maison\/poubelles\/joseph-joseph-totem-max-poubelle-60-litres-graphite\/\",\"name\":\"JOSEPH JOSEPH Totem Max Poubelle 60 litres Graphite - Erresse Shop\",\"isPartOf\":{\"@id\":\"https:\/\/www.erresse-shop.it\/fr\/#website\"},\"datePublished\":\"2022-11-14T15:31:51+00:00\",\"dateModified\":\"2025-01-09T09:18:22+00:00\",\"breadcrumb\":{\"@id\":\"https:\/\/www.erresse-shop.it\/fr\/shop\/ameublement-maison\/poubelles\/joseph-joseph-totem-max-poubelle-60-litres-graphite\/#breadcrumb\"},\"inLanguage\":\"fr-FR\",\"potentialAction\":[{\"@type\":\"ReadAction\",\"target\":[\"https:\/\/www.erresse-shop.it\/fr\/shop\/ameublement-maison\/poubelles\/joseph-joseph-totem-max-poubelle-60-litres-graphite\/\"]}]},{\"@type\":\"BreadcrumbList\",\"@id\":\"https:\/\/www.erresse-shop.it\/fr\/shop\/ameublement-maison\/poubelles\/joseph-joseph-totem-max-poubelle-60-litres-graphite\/#breadcrumb\",\"itemListElement\":[{\"@type\":\"ListItem\",\"position\":1,\"name\":\"Home\",\"item\":\"https:\/\/www.erresse-shop.it\/fr\/\"},{\"@type\":\"ListItem\",\"position\":2,\"name\":\"Shop\",\"item\":\"https:\/\/www.erresse-shop.it\/fr\/shop\/\"},{\"@type\":\"ListItem\",\"position\":3,\"name\":\"JOSEPH JOSEPH Totem Max Poubelle 60 litres Graphite\"}]},{\"@type\":\"WebSite\",\"@id\":\"https:\/\/www.erresse-shop.it\/fr\/#website\",\"url\":\"https:\/\/www.erresse-shop.it\/fr\/\",\"name\":\"Erresse Shop\",\"description\":\"Articoli di qualit\u00e0 per la casa\",\"potentialAction\":[{\"@type\":\"SearchAction\",\"target\":{\"@type\":\"EntryPoint\",\"urlTemplate\":\"https:\/\/www.erresse-shop.it\/fr\/?s={search_term_string}\"},\"query-input\":\"required name=search_term_string\"}],\"inLanguage\":\"fr-FR\"}]}<\/script>\n<!-- \/ Yoast SEO Premium plugin. -->","yoast_head_json":{"title":"JOSEPH JOSEPH Totem Max Poubelle 60 litres Graphite - Erresse Shop","robots":{"index":"index","follow":"follow","max-snippet":"max-snippet:-1","max-image-preview":"max-image-preview:large","max-video-preview":"max-video-preview:-1"},"canonical":"https:\/\/www.erresse-shop.it\/fr\/shop\/ameublement-maison\/poubelles\/joseph-joseph-totem-max-poubelle-60-litres-graphite\/","og_locale":"fr_FR","og_type":"article","og_title":"JOSEPH JOSEPH Totem Max Poubelle 60 litres Graphite","og_url":"https:\/\/www.erresse-shop.it\/fr\/shop\/ameublement-maison\/poubelles\/joseph-joseph-totem-max-poubelle-60-litres-graphite\/","og_site_name":"Erresse Shop","article_modified_time":"2025-01-09T09:18:22+00:00","og_image":[{"width":1200,"height":1200,"url":"https:\/\/www.erresse-shop.it\/wp-content\/uploads\/2022\/11\/JOSEPH-JOSEPH-Totem-Max-Pattumiera-60-litri-Grafite.webp","type":"image\/webp"}],"twitter_card":"summary_large_image","schema":{"@context":"https:\/\/schema.org","@graph":[{"@type":"WebPage","@id":"https:\/\/www.erresse-shop.it\/fr\/shop\/ameublement-maison\/poubelles\/joseph-joseph-totem-max-poubelle-60-litres-graphite\/","url":"https:\/\/www.erresse-shop.it\/fr\/shop\/ameublement-maison\/poubelles\/joseph-joseph-totem-max-poubelle-60-litres-graphite\/","name":"JOSEPH JOSEPH Totem Max Poubelle 60 litres Graphite - Erresse Shop","isPartOf":{"@id":"https:\/\/www.erresse-shop.it\/fr\/#website"},"datePublished":"2022-11-14T15:31:51+00:00","dateModified":"2025-01-09T09:18:22+00:00","breadcrumb":{"@id":"https:\/\/www.erresse-shop.it\/fr\/shop\/ameublement-maison\/poubelles\/joseph-joseph-totem-max-poubelle-60-litres-graphite\/#breadcrumb"},"inLanguage":"fr-FR","potentialAction":[{"@type":"ReadAction","target":["https:\/\/www.erresse-shop.it\/fr\/shop\/ameublement-maison\/poubelles\/joseph-joseph-totem-max-poubelle-60-litres-graphite\/"]}]},{"@type":"BreadcrumbList","@id":"https:\/\/www.erresse-shop.it\/fr\/shop\/ameublement-maison\/poubelles\/joseph-joseph-totem-max-poubelle-60-litres-graphite\/#breadcrumb","itemListElement":[{"@type":"ListItem","position":1,"name":"Home","item":"https:\/\/www.erresse-shop.it\/fr\/"},{"@type":"ListItem","position":2,"name":"Shop","item":"https:\/\/www.erresse-shop.it\/fr\/shop\/"},{"@type":"ListItem","position":3,"name":"JOSEPH JOSEPH Totem Max Poubelle 60 litres Graphite"}]},{"@type":"WebSite","@id":"https:\/\/www.erresse-shop.it\/fr\/#website","url":"https:\/\/www.erresse-shop.it\/fr\/","name":"Erresse Shop","description":"Articoli di qualit\u00e0 per la casa","potentialAction":[{"@type":"SearchAction","target":{"@type":"EntryPoint","urlTemplate":"https:\/\/www.erresse-shop.it\/fr\/?s={search_term_string}"},"query-input":"required name=search_term_string"}],"inLanguage":"fr-FR"}]}},"df_price":179.95,"df_sale_price":179.95,"df_regular_price":229.99,"df_image_link":"https:\/\/www.erresse-shop.it\/wp-content\/uploads\/2022\/11\/JOSEPH-JOSEPH-Totem-Max-Pattumiera-60-litri-Grafite-300x300.jpg","_links":{"self":[{"href":"https:\/\/www.erresse-shop.it\/fr\/wp-json\/wp\/v2\/product\/206153"}],"collection":[{"href":"https:\/\/www.erresse-shop.it\/fr\/wp-json\/wp\/v2\/product"}],"about":[{"href":"https:\/\/www.erresse-shop.it\/fr\/wp-json\/wp\/v2\/types\/product"}],"wp:featuredmedia":[{"embeddable":true,"href":"https:\/\/www.erresse-shop.it\/fr\/wp-json\/wp\/v2\/media\/460099"}],"wp:attachment":[{"href":"https:\/\/www.erresse-shop.it\/fr\/wp-json\/wp\/v2\/media?parent=206153"}],"wp:term":[{"taxonomy":"product_cat","embeddable":true,"href":"https:\/\/www.erresse-shop.it\/fr\/wp-json\/wp\/v2\/product_cat?post=206153"},{"taxonomy":"product_tag","embeddable":true,"href":"https:\/\/www.erresse-shop.it\/fr\/wp-json\/wp\/v2\/product_tag?post=206153"}],"curies":[{"name":"wp","href":"https:\/\/api.w.org\/{rel}","templated":true}]}}