{"id":204922,"date":"2022-11-11T11:06:54","date_gmt":"2022-11-11T11:06:58","guid":{"rendered":"https:\/\/www.erresse-shop.it\/?post_type=product&#038;p=204922"},"modified":"2024-08-08T13:08:19","modified_gmt":"2024-08-08T13:08:19","slug":"le-creuset-tire-bouchon-gs-300-avec-coupe-capsule-argent","status":"publish","type":"product","link":"https:\/\/www.erresse-shop.it\/fr\/shop\/table-fr-2\/vin\/le-creuset-tire-bouchon-gs-300-avec-coupe-capsule-argent\/","title":{"rendered":"LE CREUSET Tire-bouchon GS-300 avec coupe capsule argent"},"content":{"rendered":"<p>D\u00e9tendez-vous et d\u00e9gustez votre verre de vin en un clin d&#8217;\u0153il. Le coupe-capsule fait son travail d&#8217;un simple tour de poignet, tandis que le m\u00e9canisme du tire-bouchon automatique vous permet d&#8217;ouvrir la bouteille en toute simplicit\u00e9. Une fois que la vis est enroul\u00e9e dans le bouchon, elle continue \u00e0 tourner dans le m\u00eame sens et tire le bouchon vers l&#8217;ext\u00e9rieur, pour \u00eatre ensuite lib\u00e9r\u00e9e en tournant dans le sens inverse des aiguilles d&#8217;une montre. Apr\u00e8s l&#8217;ouverture, il retire \u00e9galement le bouchon de la spirale en tournant dans le sens inverse des aiguilles d&#8217;une montre. Fonctionne avec tout type de bouchon !<\/p>\n<p><strong>D\u00e9tails<\/strong><br \/>\nFacile \u00e0 utiliser : ce coupe-capsules ergonomique retire la capsule en un quart de tour.<br \/>\nUne simple rotation : apr\u00e8s avoir retir\u00e9 le bouchon en tournant le levier \u00e0 contact doux, la technologie unique Active Ball \u00e9jecte facilement le bouchon de la vis.<br \/>\nBest in Class : nos produits sont fabriqu\u00e9s \u00e0 partir des meilleurs mat\u00e9riaux dans des usines du monde entier pour garantir la qualit\u00e9 que vous attendez de Le Creuset.<\/p>\n<p><strong>Mat\u00e9riau<\/strong> Polycarbonate<br \/>\nFabriqu\u00e9 en Chine<br \/>\n<strong>Garantie de 10 ans<\/strong><\/p>\n<p><strong>Dimensions<\/strong><br \/>\nLongueur : 15,6 cm<br \/>\nLargeur : 7,5 cm<br \/>\nHauteur : 5,5 cm<\/p>\n<p><strong>Avant la premi\u00e8re utilisation<\/strong><br \/>\nProfitez du moment o\u00f9 vous ouvrez l&#8217;emballage de votre nouvel achat ! Retirez toutes les \u00e9tiquettes et tous les emballages.<br \/>\nAvant d&#8217;utiliser des accessoires pour le vin pour la premi\u00e8re fois, consultez toujours le mode d&#8217;emploi du mod\u00e8le sp\u00e9cifique.<\/p>\n<p><strong>Nettoyer<\/strong><br \/>\nFaites attention lorsque vous nettoyez le tire-bouchon : la pointe est tranchante !<br \/>\nNettoyez le tire-bouchon de temps en temps avec un chiffon humide ou de l&#8217;eau chaude savonneuse.<br \/>\nApr\u00e8s le lavage, s\u00e9chez-le bien et stockez-le dans un endroit sec.<\/p>\n<p><strong>Utilisez<\/strong><br \/>\nRetirez la capsule qui recouvre le bouchon et v\u00e9rifiez que le col et le bord de la bouteille sont exempts d&#8217;\u00e9clats et de fissures.<br \/>\nPour ouvrir la bouteille, placez-la sur une surface plane et ferme.<br \/>\nAttention \u00e0 l&#8217;ouverture : la pointe du tire-bouchon est tranchante ! Avant d&#8217;ouvrir, v\u00e9rifiez que le tire-bouchon repose bien sur le goulot de la bouteille.<br \/>\nVous devez remplacer une spirale us\u00e9e ? D\u00e9vissez le capuchon de protection chrom\u00e9, retirez l&#8217;ancienne spirale, puis ins\u00e9rez la nouvelle spirale et replacez le capuchon de protection. Consultez toujours les instructions du mod\u00e8le sp\u00e9cifique avant de commencer.<\/p>\n","protected":false},"excerpt":{"rendered":"<p>D\u00e9tendez-vous et d\u00e9gustez votre verre de vin en un clin d&#8217;\u0153il. Le coupe-capsule fait son travail d&#8217;un simple tour de<\/p>\n","protected":false},"featured_media":205574,"template":"","meta":{"_acf_changed":false,"inline_featured_image":false},"product_cat":[12782,14463,12754],"product_tag":[16883,21327,21198,21199,13066,13067,13065,21200,16884,23682],"acf":[],"yoast_head":"<!-- This site is optimized with the Yoast SEO Premium plugin v18.6 (Yoast SEO v19.13) - https:\/\/yoast.com\/wordpress\/plugins\/seo\/ -->\n<title>LE CREUSET Tire-bouchon GS-300 avec coupe capsule argent - Erresse Shop<\/title>\n<meta name=\"description\" content=\"D\u00e9tendez-vous et d\u00e9gustez votre verre de vin en un clin d&#039;\u0153il. Le coupe-capsule fait son travail d&#039;un simple tour de poignet, tandis que le m\u00e9canisme du\" \/>\n<meta name=\"robots\" content=\"index, follow, max-snippet:-1, max-image-preview:large, max-video-preview:-1\" \/>\n<link rel=\"canonical\" href=\"https:\/\/www.erresse-shop.it\/fr\/shop\/table-fr-2\/vin\/le-creuset-tire-bouchon-gs-300-avec-coupe-capsule-argent\/\" \/>\n<meta property=\"og:locale\" content=\"fr_FR\" \/>\n<meta property=\"og:type\" content=\"article\" \/>\n<meta property=\"og:title\" content=\"LE CREUSET Tire-bouchon GS-300 avec coupe capsule argent\" \/>\n<meta property=\"og:description\" content=\"D\u00e9tendez-vous et d\u00e9gustez votre verre de vin en un clin d&#039;\u0153il. Le coupe-capsule fait son travail d&#039;un simple tour de poignet, tandis que le m\u00e9canisme du\" \/>\n<meta property=\"og:url\" content=\"https:\/\/www.erresse-shop.it\/fr\/shop\/table-fr-2\/vin\/le-creuset-tire-bouchon-gs-300-avec-coupe-capsule-argent\/\" \/>\n<meta property=\"og:site_name\" content=\"Erresse Shop\" \/>\n<meta property=\"article:modified_time\" content=\"2024-08-08T13:08:19+00:00\" \/>\n<meta property=\"og:image\" content=\"https:\/\/www.erresse-shop.it\/wp-content\/uploads\/2022\/11\/Le-Creuset-apribottilgie-GS-300-ACTB-Con-taglia-capsule-Argento.jpg\" \/>\n\t<meta property=\"og:image:width\" content=\"800\" \/>\n\t<meta property=\"og:image:height\" content=\"800\" \/>\n\t<meta property=\"og:image:type\" content=\"image\/jpeg\" \/>\n<meta name=\"twitter:card\" content=\"summary_large_image\" \/>\n<script type=\"application\/ld+json\" class=\"yoast-schema-graph\">{\"@context\":\"https:\/\/schema.org\",\"@graph\":[{\"@type\":\"WebPage\",\"@id\":\"https:\/\/www.erresse-shop.it\/fr\/shop\/table-fr-2\/vin\/le-creuset-tire-bouchon-gs-300-avec-coupe-capsule-argent\/\",\"url\":\"https:\/\/www.erresse-shop.it\/fr\/shop\/table-fr-2\/vin\/le-creuset-tire-bouchon-gs-300-avec-coupe-capsule-argent\/\",\"name\":\"LE CREUSET Tire-bouchon GS-300 avec coupe capsule argent - Erresse Shop\",\"isPartOf\":{\"@id\":\"https:\/\/www.erresse-shop.it\/fr\/#website\"},\"datePublished\":\"2022-11-11T11:06:58+00:00\",\"dateModified\":\"2024-08-08T13:08:19+00:00\",\"description\":\"D\u00e9tendez-vous et d\u00e9gustez votre verre de vin en un clin d'\u0153il. Le coupe-capsule fait son travail d'un simple tour de poignet, tandis que le m\u00e9canisme du\",\"breadcrumb\":{\"@id\":\"https:\/\/www.erresse-shop.it\/fr\/shop\/table-fr-2\/vin\/le-creuset-tire-bouchon-gs-300-avec-coupe-capsule-argent\/#breadcrumb\"},\"inLanguage\":\"fr-FR\",\"potentialAction\":[{\"@type\":\"ReadAction\",\"target\":[\"https:\/\/www.erresse-shop.it\/fr\/shop\/table-fr-2\/vin\/le-creuset-tire-bouchon-gs-300-avec-coupe-capsule-argent\/\"]}]},{\"@type\":\"BreadcrumbList\",\"@id\":\"https:\/\/www.erresse-shop.it\/fr\/shop\/table-fr-2\/vin\/le-creuset-tire-bouchon-gs-300-avec-coupe-capsule-argent\/#breadcrumb\",\"itemListElement\":[{\"@type\":\"ListItem\",\"position\":1,\"name\":\"Home\",\"item\":\"https:\/\/www.erresse-shop.it\/fr\/\"},{\"@type\":\"ListItem\",\"position\":2,\"name\":\"Shop\",\"item\":\"https:\/\/www.erresse-shop.it\/fr\/shop\/\"},{\"@type\":\"ListItem\",\"position\":3,\"name\":\"LE CREUSET Tire-bouchon GS-300 avec coupe capsule argent\"}]},{\"@type\":\"WebSite\",\"@id\":\"https:\/\/www.erresse-shop.it\/fr\/#website\",\"url\":\"https:\/\/www.erresse-shop.it\/fr\/\",\"name\":\"Erresse Shop\",\"description\":\"Articoli di qualit\u00e0 per la casa\",\"potentialAction\":[{\"@type\":\"SearchAction\",\"target\":{\"@type\":\"EntryPoint\",\"urlTemplate\":\"https:\/\/www.erresse-shop.it\/fr\/?s={search_term_string}\"},\"query-input\":\"required name=search_term_string\"}],\"inLanguage\":\"fr-FR\"}]}<\/script>\n<!-- \/ Yoast SEO Premium plugin. -->","yoast_head_json":{"title":"LE CREUSET Tire-bouchon GS-300 avec coupe capsule argent - Erresse Shop","description":"D\u00e9tendez-vous et d\u00e9gustez votre verre de vin en un clin d'\u0153il. Le coupe-capsule fait son travail d'un simple tour de poignet, tandis que le m\u00e9canisme du","robots":{"index":"index","follow":"follow","max-snippet":"max-snippet:-1","max-image-preview":"max-image-preview:large","max-video-preview":"max-video-preview:-1"},"canonical":"https:\/\/www.erresse-shop.it\/fr\/shop\/table-fr-2\/vin\/le-creuset-tire-bouchon-gs-300-avec-coupe-capsule-argent\/","og_locale":"fr_FR","og_type":"article","og_title":"LE CREUSET Tire-bouchon GS-300 avec coupe capsule argent","og_description":"D\u00e9tendez-vous et d\u00e9gustez votre verre de vin en un clin d'\u0153il. Le coupe-capsule fait son travail d'un simple tour de poignet, tandis que le m\u00e9canisme du","og_url":"https:\/\/www.erresse-shop.it\/fr\/shop\/table-fr-2\/vin\/le-creuset-tire-bouchon-gs-300-avec-coupe-capsule-argent\/","og_site_name":"Erresse Shop","article_modified_time":"2024-08-08T13:08:19+00:00","og_image":[{"width":800,"height":800,"url":"https:\/\/www.erresse-shop.it\/wp-content\/uploads\/2022\/11\/Le-Creuset-apribottilgie-GS-300-ACTB-Con-taglia-capsule-Argento.jpg","type":"image\/jpeg"}],"twitter_card":"summary_large_image","schema":{"@context":"https:\/\/schema.org","@graph":[{"@type":"WebPage","@id":"https:\/\/www.erresse-shop.it\/fr\/shop\/table-fr-2\/vin\/le-creuset-tire-bouchon-gs-300-avec-coupe-capsule-argent\/","url":"https:\/\/www.erresse-shop.it\/fr\/shop\/table-fr-2\/vin\/le-creuset-tire-bouchon-gs-300-avec-coupe-capsule-argent\/","name":"LE CREUSET Tire-bouchon GS-300 avec coupe capsule argent - Erresse Shop","isPartOf":{"@id":"https:\/\/www.erresse-shop.it\/fr\/#website"},"datePublished":"2022-11-11T11:06:58+00:00","dateModified":"2024-08-08T13:08:19+00:00","description":"D\u00e9tendez-vous et d\u00e9gustez votre verre de vin en un clin d'\u0153il. Le coupe-capsule fait son travail d'un simple tour de poignet, tandis que le m\u00e9canisme du","breadcrumb":{"@id":"https:\/\/www.erresse-shop.it\/fr\/shop\/table-fr-2\/vin\/le-creuset-tire-bouchon-gs-300-avec-coupe-capsule-argent\/#breadcrumb"},"inLanguage":"fr-FR","potentialAction":[{"@type":"ReadAction","target":["https:\/\/www.erresse-shop.it\/fr\/shop\/table-fr-2\/vin\/le-creuset-tire-bouchon-gs-300-avec-coupe-capsule-argent\/"]}]},{"@type":"BreadcrumbList","@id":"https:\/\/www.erresse-shop.it\/fr\/shop\/table-fr-2\/vin\/le-creuset-tire-bouchon-gs-300-avec-coupe-capsule-argent\/#breadcrumb","itemListElement":[{"@type":"ListItem","position":1,"name":"Home","item":"https:\/\/www.erresse-shop.it\/fr\/"},{"@type":"ListItem","position":2,"name":"Shop","item":"https:\/\/www.erresse-shop.it\/fr\/shop\/"},{"@type":"ListItem","position":3,"name":"LE CREUSET Tire-bouchon GS-300 avec coupe capsule argent"}]},{"@type":"WebSite","@id":"https:\/\/www.erresse-shop.it\/fr\/#website","url":"https:\/\/www.erresse-shop.it\/fr\/","name":"Erresse Shop","description":"Articoli di qualit\u00e0 per la casa","potentialAction":[{"@type":"SearchAction","target":{"@type":"EntryPoint","urlTemplate":"https:\/\/www.erresse-shop.it\/fr\/?s={search_term_string}"},"query-input":"required name=search_term_string"}],"inLanguage":"fr-FR"}]}},"df_price":47.25,"df_sale_price":47.25,"df_regular_price":105,"df_image_link":"https:\/\/www.erresse-shop.it\/wp-content\/uploads\/2022\/11\/Le-Creuset-apribottilgie-GS-300-ACTB-Con-taglia-capsule-Argento-300x300.jpg","_links":{"self":[{"href":"https:\/\/www.erresse-shop.it\/fr\/wp-json\/wp\/v2\/product\/204922"}],"collection":[{"href":"https:\/\/www.erresse-shop.it\/fr\/wp-json\/wp\/v2\/product"}],"about":[{"href":"https:\/\/www.erresse-shop.it\/fr\/wp-json\/wp\/v2\/types\/product"}],"wp:featuredmedia":[{"embeddable":true,"href":"https:\/\/www.erresse-shop.it\/fr\/wp-json\/wp\/v2\/media\/205574"}],"wp:attachment":[{"href":"https:\/\/www.erresse-shop.it\/fr\/wp-json\/wp\/v2\/media?parent=204922"}],"wp:term":[{"taxonomy":"product_cat","embeddable":true,"href":"https:\/\/www.erresse-shop.it\/fr\/wp-json\/wp\/v2\/product_cat?post=204922"},{"taxonomy":"product_tag","embeddable":true,"href":"https:\/\/www.erresse-shop.it\/fr\/wp-json\/wp\/v2\/product_tag?post=204922"}],"curies":[{"name":"wp","href":"https:\/\/api.w.org\/{rel}","templated":true}]}}