{"id":204858,"date":"2022-11-11T09:44:58","date_gmt":"2022-11-11T09:45:02","guid":{"rendered":"https:\/\/www.erresse-shop.it\/?post_type=product&#038;p=204858"},"modified":"2022-11-11T10:02:46","modified_gmt":"2022-11-11T10:02:46","slug":"le-creuset-tire-bouchon-lm-450-argent","status":"publish","type":"product","link":"https:\/\/www.erresse-shop.it\/fr\/shop\/table-fr-2\/vin\/le-creuset-tire-bouchon-lm-450-argent\/","title":{"rendered":"LE CREUSET Tire-bouchon LM-450 Argent"},"content":{"rendered":"<p>Combinaison de design \u00e9l\u00e9gant et de simplicit\u00e9, ce tire-bouchon fait de l&#8217;ouverture de votre nouveau vin pr\u00e9f\u00e9r\u00e9 un jeu d&#8217;enfant. La technologie brevet\u00e9e du twist permet de retirer facilement le bouchon, tandis que la construction de haute qualit\u00e9 r\u00e9siste aux chocs et pr\u00e9sente une finition agr\u00e9able au toucher. Cet accessoire est con\u00e7u pour ouvrir plus de 2 500 bouteilles sans avoir \u00e0 remplacer la spirale.<\/p>\n<p><strong>D\u00e9tails<\/strong><br \/>\nL&#8217;innovation en action : la technologie de rotation int\u00e9gr\u00e9e offre d&#8217;excellentes performances avec un minimum d&#8217;efforts.<br \/>\nLe meilleur de sa cat\u00e9gorie : nos produits sont fabriqu\u00e9s \u00e0 partir des meilleurs mat\u00e9riaux dans des usines du monde entier afin de garantir la qualit\u00e9 que vous attendez de Le Creuset.<\/p>\n<p><strong>Mat\u00e9riau<\/strong> thermoplastique<br \/>\nFabriqu\u00e9 en Chine<br \/>\n<strong>Garantie de 10 ans<\/strong><\/p>\n<p><strong>Dimensions<\/strong><br \/>\nLongueur : 17,8 cm<br \/>\nLargeur : 11,4 cm<br \/>\nHauteur : 5 cm<\/p>\n<p><strong>Recommandations d&#8217;utilisation<\/strong><br \/>\n<strong>Avant la premi\u00e8re utilisation<\/strong><br \/>\nProfitez du moment o\u00f9 vous ouvrez l&#8217;emballage de votre nouvel achat ! Et veillez \u00e0 retirer toutes les \u00e9tiquettes et tous les emballages.<br \/>\nAvant d&#8217;utiliser vos accessoires pour le vin pour la premi\u00e8re fois, consultez toujours le mode d&#8217;emploi de votre mod\u00e8le sp\u00e9cifique.<\/p>\n<p><strong>Nettoyer<\/strong><br \/>\nFaites attention lorsque vous nettoyez le tire-bouchon : la pointe est tranchante !<br \/>\nDe temps en temps, nettoyez le tire-bouchon \u00e0 l&#8217;aide d&#8217;un chiffon humide ou d&#8217;eau chaude savonneuse.<br \/>\nApr\u00e8s le lavage, s\u00e9chez soigneusement le produit et stockez-le dans un endroit sec.<\/p>\n<p><strong>Utilisez<\/strong><br \/>\nRetirez toute capsule recouvrant le bouchon et v\u00e9rifiez que le col et le bord de la bouteille sont exempts d&#8217;\u00e9clats et de fissures.<br \/>\nPour l&#8217;ouvrir, placez la bouteille sur une surface ferme et plate.<br \/>\nAttention \u00e0 l&#8217;ouverture : la pointe du tire-bouchon est tranchante ! Avant d&#8217;ouvrir, assurez-vous que le tire-bouchon repose fermement sur le goulot de la bouteille.<br \/>\nVous avez besoin de remplacer une spirale us\u00e9e ? D\u00e9vissez le capuchon de protection chrom\u00e9, retirez l&#8217;ancienne spirale, puis ins\u00e9rez la nouvelle spirale et replacez le capuchon de protection. Avant de commencer, consultez toujours les instructions relatives \u00e0 votre mod\u00e8le sp\u00e9cifique.<\/p>\n","protected":false},"excerpt":{"rendered":"<p>Combinaison de design \u00e9l\u00e9gant et de simplicit\u00e9, ce tire-bouchon fait de l&#8217;ouverture de votre nouveau vin pr\u00e9f\u00e9r\u00e9 un jeu d&#8217;enfant.<\/p>\n","protected":false},"featured_media":204871,"template":"","meta":{"_acf_changed":false,"inline_featured_image":false},"product_cat":[12782,14463,12754],"product_tag":[16883,21327,21198,21199,13066,13067,13065,21200,16884,23682],"acf":[],"yoast_head":"<!-- This site is optimized with the Yoast SEO Premium plugin v18.6 (Yoast SEO v19.13) - https:\/\/yoast.com\/wordpress\/plugins\/seo\/ -->\n<title>LE CREUSET Tire-bouchon LM-450 Argent - Erresse Shop<\/title>\n<meta name=\"description\" content=\"Combinaison de design \u00e9l\u00e9gant et de simplicit\u00e9, ce tire-bouchon fait de l&#039;ouverture de votre nouveau vin pr\u00e9f\u00e9r\u00e9 un jeu d&#039;enfant. La technologie brevet\u00e9e\" \/>\n<meta name=\"robots\" content=\"index, follow, max-snippet:-1, max-image-preview:large, max-video-preview:-1\" \/>\n<link rel=\"canonical\" href=\"https:\/\/www.erresse-shop.it\/fr\/shop\/table-fr-2\/vin\/le-creuset-tire-bouchon-lm-450-argent\/\" \/>\n<meta property=\"og:locale\" content=\"fr_FR\" \/>\n<meta property=\"og:type\" content=\"article\" \/>\n<meta property=\"og:title\" content=\"LE CREUSET Tire-bouchon LM-450 Argent\" \/>\n<meta property=\"og:description\" content=\"Combinaison de design \u00e9l\u00e9gant et de simplicit\u00e9, ce tire-bouchon fait de l&#039;ouverture de votre nouveau vin pr\u00e9f\u00e9r\u00e9 un jeu d&#039;enfant. La technologie brevet\u00e9e\" \/>\n<meta property=\"og:url\" content=\"https:\/\/www.erresse-shop.it\/fr\/shop\/table-fr-2\/vin\/le-creuset-tire-bouchon-lm-450-argent\/\" \/>\n<meta property=\"og:site_name\" content=\"Erresse Shop\" \/>\n<meta property=\"article:modified_time\" content=\"2022-11-11T10:02:46+00:00\" \/>\n<meta property=\"og:image\" content=\"https:\/\/www.erresse-shop.it\/wp-content\/uploads\/2022\/11\/Le-Creuset-apribottiglie-LM-450.jpg\" \/>\n\t<meta property=\"og:image:width\" content=\"800\" \/>\n\t<meta property=\"og:image:height\" content=\"800\" \/>\n\t<meta property=\"og:image:type\" content=\"image\/jpeg\" \/>\n<meta name=\"twitter:card\" content=\"summary_large_image\" \/>\n<script type=\"application\/ld+json\" class=\"yoast-schema-graph\">{\"@context\":\"https:\/\/schema.org\",\"@graph\":[{\"@type\":\"WebPage\",\"@id\":\"https:\/\/www.erresse-shop.it\/fr\/shop\/table-fr-2\/vin\/le-creuset-tire-bouchon-lm-450-argent\/\",\"url\":\"https:\/\/www.erresse-shop.it\/fr\/shop\/table-fr-2\/vin\/le-creuset-tire-bouchon-lm-450-argent\/\",\"name\":\"LE CREUSET Tire-bouchon LM-450 Argent - Erresse Shop\",\"isPartOf\":{\"@id\":\"https:\/\/www.erresse-shop.it\/fr\/#website\"},\"datePublished\":\"2022-11-11T09:45:02+00:00\",\"dateModified\":\"2022-11-11T10:02:46+00:00\",\"description\":\"Combinaison de design \u00e9l\u00e9gant et de simplicit\u00e9, ce tire-bouchon fait de l'ouverture de votre nouveau vin pr\u00e9f\u00e9r\u00e9 un jeu d'enfant. La technologie brevet\u00e9e\",\"breadcrumb\":{\"@id\":\"https:\/\/www.erresse-shop.it\/fr\/shop\/table-fr-2\/vin\/le-creuset-tire-bouchon-lm-450-argent\/#breadcrumb\"},\"inLanguage\":\"fr-FR\",\"potentialAction\":[{\"@type\":\"ReadAction\",\"target\":[\"https:\/\/www.erresse-shop.it\/fr\/shop\/table-fr-2\/vin\/le-creuset-tire-bouchon-lm-450-argent\/\"]}]},{\"@type\":\"BreadcrumbList\",\"@id\":\"https:\/\/www.erresse-shop.it\/fr\/shop\/table-fr-2\/vin\/le-creuset-tire-bouchon-lm-450-argent\/#breadcrumb\",\"itemListElement\":[{\"@type\":\"ListItem\",\"position\":1,\"name\":\"Home\",\"item\":\"https:\/\/www.erresse-shop.it\/fr\/\"},{\"@type\":\"ListItem\",\"position\":2,\"name\":\"Shop\",\"item\":\"https:\/\/www.erresse-shop.it\/fr\/shop\/\"},{\"@type\":\"ListItem\",\"position\":3,\"name\":\"LE CREUSET Tire-bouchon LM-450 Argent\"}]},{\"@type\":\"WebSite\",\"@id\":\"https:\/\/www.erresse-shop.it\/fr\/#website\",\"url\":\"https:\/\/www.erresse-shop.it\/fr\/\",\"name\":\"Erresse Shop\",\"description\":\"Articoli di qualit\u00e0 per la casa\",\"potentialAction\":[{\"@type\":\"SearchAction\",\"target\":{\"@type\":\"EntryPoint\",\"urlTemplate\":\"https:\/\/www.erresse-shop.it\/fr\/?s={search_term_string}\"},\"query-input\":\"required name=search_term_string\"}],\"inLanguage\":\"fr-FR\"}]}<\/script>\n<!-- \/ Yoast SEO Premium plugin. -->","yoast_head_json":{"title":"LE CREUSET Tire-bouchon LM-450 Argent - Erresse Shop","description":"Combinaison de design \u00e9l\u00e9gant et de simplicit\u00e9, ce tire-bouchon fait de l'ouverture de votre nouveau vin pr\u00e9f\u00e9r\u00e9 un jeu d'enfant. La technologie brevet\u00e9e","robots":{"index":"index","follow":"follow","max-snippet":"max-snippet:-1","max-image-preview":"max-image-preview:large","max-video-preview":"max-video-preview:-1"},"canonical":"https:\/\/www.erresse-shop.it\/fr\/shop\/table-fr-2\/vin\/le-creuset-tire-bouchon-lm-450-argent\/","og_locale":"fr_FR","og_type":"article","og_title":"LE CREUSET Tire-bouchon LM-450 Argent","og_description":"Combinaison de design \u00e9l\u00e9gant et de simplicit\u00e9, ce tire-bouchon fait de l'ouverture de votre nouveau vin pr\u00e9f\u00e9r\u00e9 un jeu d'enfant. La technologie brevet\u00e9e","og_url":"https:\/\/www.erresse-shop.it\/fr\/shop\/table-fr-2\/vin\/le-creuset-tire-bouchon-lm-450-argent\/","og_site_name":"Erresse Shop","article_modified_time":"2022-11-11T10:02:46+00:00","og_image":[{"width":800,"height":800,"url":"https:\/\/www.erresse-shop.it\/wp-content\/uploads\/2022\/11\/Le-Creuset-apribottiglie-LM-450.jpg","type":"image\/jpeg"}],"twitter_card":"summary_large_image","schema":{"@context":"https:\/\/schema.org","@graph":[{"@type":"WebPage","@id":"https:\/\/www.erresse-shop.it\/fr\/shop\/table-fr-2\/vin\/le-creuset-tire-bouchon-lm-450-argent\/","url":"https:\/\/www.erresse-shop.it\/fr\/shop\/table-fr-2\/vin\/le-creuset-tire-bouchon-lm-450-argent\/","name":"LE CREUSET Tire-bouchon LM-450 Argent - Erresse Shop","isPartOf":{"@id":"https:\/\/www.erresse-shop.it\/fr\/#website"},"datePublished":"2022-11-11T09:45:02+00:00","dateModified":"2022-11-11T10:02:46+00:00","description":"Combinaison de design \u00e9l\u00e9gant et de simplicit\u00e9, ce tire-bouchon fait de l'ouverture de votre nouveau vin pr\u00e9f\u00e9r\u00e9 un jeu d'enfant. La technologie brevet\u00e9e","breadcrumb":{"@id":"https:\/\/www.erresse-shop.it\/fr\/shop\/table-fr-2\/vin\/le-creuset-tire-bouchon-lm-450-argent\/#breadcrumb"},"inLanguage":"fr-FR","potentialAction":[{"@type":"ReadAction","target":["https:\/\/www.erresse-shop.it\/fr\/shop\/table-fr-2\/vin\/le-creuset-tire-bouchon-lm-450-argent\/"]}]},{"@type":"BreadcrumbList","@id":"https:\/\/www.erresse-shop.it\/fr\/shop\/table-fr-2\/vin\/le-creuset-tire-bouchon-lm-450-argent\/#breadcrumb","itemListElement":[{"@type":"ListItem","position":1,"name":"Home","item":"https:\/\/www.erresse-shop.it\/fr\/"},{"@type":"ListItem","position":2,"name":"Shop","item":"https:\/\/www.erresse-shop.it\/fr\/shop\/"},{"@type":"ListItem","position":3,"name":"LE CREUSET Tire-bouchon LM-450 Argent"}]},{"@type":"WebSite","@id":"https:\/\/www.erresse-shop.it\/fr\/#website","url":"https:\/\/www.erresse-shop.it\/fr\/","name":"Erresse Shop","description":"Articoli di qualit\u00e0 per la casa","potentialAction":[{"@type":"SearchAction","target":{"@type":"EntryPoint","urlTemplate":"https:\/\/www.erresse-shop.it\/fr\/?s={search_term_string}"},"query-input":"required name=search_term_string"}],"inLanguage":"fr-FR"}]}},"df_price":47.25,"df_sale_price":47.25,"df_regular_price":105,"df_image_link":"https:\/\/www.erresse-shop.it\/wp-content\/uploads\/2022\/11\/Le-Creuset-apribottiglie-LM-450-300x300.jpg","_links":{"self":[{"href":"https:\/\/www.erresse-shop.it\/fr\/wp-json\/wp\/v2\/product\/204858"}],"collection":[{"href":"https:\/\/www.erresse-shop.it\/fr\/wp-json\/wp\/v2\/product"}],"about":[{"href":"https:\/\/www.erresse-shop.it\/fr\/wp-json\/wp\/v2\/types\/product"}],"wp:featuredmedia":[{"embeddable":true,"href":"https:\/\/www.erresse-shop.it\/fr\/wp-json\/wp\/v2\/media\/204871"}],"wp:attachment":[{"href":"https:\/\/www.erresse-shop.it\/fr\/wp-json\/wp\/v2\/media?parent=204858"}],"wp:term":[{"taxonomy":"product_cat","embeddable":true,"href":"https:\/\/www.erresse-shop.it\/fr\/wp-json\/wp\/v2\/product_cat?post=204858"},{"taxonomy":"product_tag","embeddable":true,"href":"https:\/\/www.erresse-shop.it\/fr\/wp-json\/wp\/v2\/product_tag?post=204858"}],"curies":[{"name":"wp","href":"https:\/\/api.w.org\/{rel}","templated":true}]}}