{"id":204505,"date":"2022-11-09T15:31:30","date_gmt":"2022-11-09T15:31:35","guid":{"rendered":"https:\/\/www.erresse-shop.it\/?post_type=product&#038;p=204505"},"modified":"2024-06-29T16:19:04","modified_gmt":"2024-06-29T16:19:04","slug":"le-creuset-tire-bouchon-gaia-lm-150-noir","status":"publish","type":"product","link":"https:\/\/www.erresse-shop.it\/fr\/shop\/table-fr-2\/vin\/le-creuset-tire-bouchon-gaia-lm-150-noir\/","title":{"rendered":"LE CREUSET Tire-bouchon Gaia LM-150 noir"},"content":{"rendered":"<p>C&#8217;est le moment de prendre un verre de vin ? Cet ouvre-bouteille pratique r\u00e9soudra tous les probl\u00e8mes. El\u00e9gant et facile \u00e0 utiliser, il extrait tous les types de bouchons, m\u00eame synth\u00e9tiques, en les lib\u00e9rant par un simple mouvement de haut en bas. Placez-la sur la table \u00e0 manger, \u00e0 port\u00e9e de main de vos invit\u00e9s. Apr\u00e8s tout, un \u00e9l\u00e9ment d&#8217;informalit\u00e9 peut rendre une r\u00e9union encore plus m\u00e9morable.<\/p>\n<p><strong>D\u00e9tails<\/strong><br \/>\nLe meilleur de sa cat\u00e9gorie : nos produits sont fabriqu\u00e9s \u00e0 partir des meilleurs mat\u00e9riaux dans des usines du monde entier afin de garantir la qualit\u00e9 que vous attendez de Le Creuset.<\/p>\n<p><strong>Mat\u00e9riau thermoplastique<\/strong><br \/>\nFabriqu\u00e9 en Chine<br \/>\n<strong>Garantie de 5 ans<\/strong><\/p>\n<p><strong>Dimensions<\/strong><br \/>\nLongueur : 19 cm<br \/>\nLargeur : 11,6 cm<br \/>\nHauteur : 4 cm<\/p>\n<p><strong>Recommandations d&#8217;utilisation<\/strong><br \/>\n<strong>Avant la premi\u00e8re utilisation<\/strong><br \/>\nAvant d&#8217;utiliser vos accessoires pour le vin pour la premi\u00e8re fois, consultez toujours le mode d&#8217;emploi de votre mod\u00e8le sp\u00e9cifique.<\/p>\n<p><strong>Nettoyer<\/strong><br \/>\nFaites attention lorsque vous nettoyez le tire-bouchon : la pointe est tranchante !<br \/>\nDe temps en temps, nettoyez le tire-bouchon \u00e0 l&#8217;aide d&#8217;un chiffon humide ou d&#8217;eau chaude savonneuse.<br \/>\nApr\u00e8s le lavage, s\u00e9chez soigneusement le produit et stockez-le dans un endroit sec.<\/p>\n<p><strong>Utilisez<\/strong><br \/>\nRetirez toute capsule recouvrant le bouchon et v\u00e9rifiez que le col et le bord de la bouteille sont exempts d&#8217;\u00e9clats et de fissures.<br \/>\nPour l&#8217;ouvrir, placez la bouteille sur une surface ferme et plate.<br \/>\nAttention \u00e0 l&#8217;ouverture : la pointe du tire-bouchon est tranchante ! Avant d&#8217;ouvrir, assurez-vous que le tire-bouchon repose fermement sur le goulot de la bouteille.<br \/>\nVous avez besoin de remplacer une spirale us\u00e9e ?<br \/>\nD\u00e9vissez le capuchon de protection chrom\u00e9, retirez l&#8217;ancienne spirale, puis ins\u00e9rez la nouvelle spirale et replacez le capuchon de protection. Avant de commencer, consultez toujours les instructions relatives \u00e0 votre mod\u00e8le sp\u00e9cifique.<\/p>\n","protected":false},"excerpt":{"rendered":"<p>C&#8217;est le moment de prendre un verre de vin ? Cet ouvre-bouteille pratique r\u00e9soudra tous les probl\u00e8mes. El\u00e9gant et facile<\/p>\n","protected":false},"featured_media":204529,"template":"","meta":{"_acf_changed":false,"inline_featured_image":false},"product_cat":[12782,14463,12754],"product_tag":[25086,16883,25021,21327,21198,21199,13066,13067,13065,21200,16884,23682],"acf":[],"yoast_head":"<!-- This site is optimized with the Yoast SEO Premium plugin v18.6 (Yoast SEO v19.13) - https:\/\/yoast.com\/wordpress\/plugins\/seo\/ -->\n<title>LE CREUSET Tire-bouchon Gaia LM-150 noir - Erresse Shop<\/title>\n<meta name=\"description\" content=\"C&#039;est le moment de prendre un verre de vin ? Cet ouvre-bouteille pratique r\u00e9soudra tous les probl\u00e8mes. El\u00e9gant et facile \u00e0 utiliser, il extrait tous les\" \/>\n<meta name=\"robots\" content=\"index, follow, max-snippet:-1, max-image-preview:large, max-video-preview:-1\" \/>\n<link rel=\"canonical\" href=\"https:\/\/www.erresse-shop.it\/fr\/shop\/table-fr-2\/vin\/le-creuset-tire-bouchon-gaia-lm-150-noir\/\" \/>\n<meta property=\"og:locale\" content=\"fr_FR\" \/>\n<meta property=\"og:type\" content=\"article\" \/>\n<meta property=\"og:title\" content=\"LE CREUSET Tire-bouchon Gaia LM-150 noir\" \/>\n<meta property=\"og:description\" content=\"C&#039;est le moment de prendre un verre de vin ? Cet ouvre-bouteille pratique r\u00e9soudra tous les probl\u00e8mes. El\u00e9gant et facile \u00e0 utiliser, il extrait tous les\" \/>\n<meta property=\"og:url\" content=\"https:\/\/www.erresse-shop.it\/fr\/shop\/table-fr-2\/vin\/le-creuset-tire-bouchon-gaia-lm-150-noir\/\" \/>\n<meta property=\"og:site_name\" content=\"Erresse Shop\" \/>\n<meta property=\"article:modified_time\" content=\"2024-06-29T16:19:04+00:00\" \/>\n<meta property=\"og:image\" content=\"https:\/\/www.erresse-shop.it\/wp-content\/uploads\/2022\/11\/Le-Creuset-apribottiglie-Gaia7.jpg\" \/>\n\t<meta property=\"og:image:width\" content=\"800\" \/>\n\t<meta property=\"og:image:height\" content=\"800\" \/>\n\t<meta property=\"og:image:type\" content=\"image\/jpeg\" \/>\n<meta name=\"twitter:card\" content=\"summary_large_image\" \/>\n<script type=\"application\/ld+json\" class=\"yoast-schema-graph\">{\"@context\":\"https:\/\/schema.org\",\"@graph\":[{\"@type\":\"WebPage\",\"@id\":\"https:\/\/www.erresse-shop.it\/fr\/shop\/table-fr-2\/vin\/le-creuset-tire-bouchon-gaia-lm-150-noir\/\",\"url\":\"https:\/\/www.erresse-shop.it\/fr\/shop\/table-fr-2\/vin\/le-creuset-tire-bouchon-gaia-lm-150-noir\/\",\"name\":\"LE CREUSET Tire-bouchon Gaia LM-150 noir - Erresse Shop\",\"isPartOf\":{\"@id\":\"https:\/\/www.erresse-shop.it\/fr\/#website\"},\"datePublished\":\"2022-11-09T15:31:35+00:00\",\"dateModified\":\"2024-06-29T16:19:04+00:00\",\"description\":\"C'est le moment de prendre un verre de vin ? Cet ouvre-bouteille pratique r\u00e9soudra tous les probl\u00e8mes. El\u00e9gant et facile \u00e0 utiliser, il extrait tous les\",\"breadcrumb\":{\"@id\":\"https:\/\/www.erresse-shop.it\/fr\/shop\/table-fr-2\/vin\/le-creuset-tire-bouchon-gaia-lm-150-noir\/#breadcrumb\"},\"inLanguage\":\"fr-FR\",\"potentialAction\":[{\"@type\":\"ReadAction\",\"target\":[\"https:\/\/www.erresse-shop.it\/fr\/shop\/table-fr-2\/vin\/le-creuset-tire-bouchon-gaia-lm-150-noir\/\"]}]},{\"@type\":\"BreadcrumbList\",\"@id\":\"https:\/\/www.erresse-shop.it\/fr\/shop\/table-fr-2\/vin\/le-creuset-tire-bouchon-gaia-lm-150-noir\/#breadcrumb\",\"itemListElement\":[{\"@type\":\"ListItem\",\"position\":1,\"name\":\"Home\",\"item\":\"https:\/\/www.erresse-shop.it\/fr\/\"},{\"@type\":\"ListItem\",\"position\":2,\"name\":\"Shop\",\"item\":\"https:\/\/www.erresse-shop.it\/fr\/shop\/\"},{\"@type\":\"ListItem\",\"position\":3,\"name\":\"LE CREUSET Tire-bouchon Gaia LM-150 noir\"}]},{\"@type\":\"WebSite\",\"@id\":\"https:\/\/www.erresse-shop.it\/fr\/#website\",\"url\":\"https:\/\/www.erresse-shop.it\/fr\/\",\"name\":\"Erresse Shop\",\"description\":\"Articoli di qualit\u00e0 per la casa\",\"potentialAction\":[{\"@type\":\"SearchAction\",\"target\":{\"@type\":\"EntryPoint\",\"urlTemplate\":\"https:\/\/www.erresse-shop.it\/fr\/?s={search_term_string}\"},\"query-input\":\"required name=search_term_string\"}],\"inLanguage\":\"fr-FR\"}]}<\/script>\n<!-- \/ Yoast SEO Premium plugin. -->","yoast_head_json":{"title":"LE CREUSET Tire-bouchon Gaia LM-150 noir - Erresse Shop","description":"C'est le moment de prendre un verre de vin ? Cet ouvre-bouteille pratique r\u00e9soudra tous les probl\u00e8mes. El\u00e9gant et facile \u00e0 utiliser, il extrait tous les","robots":{"index":"index","follow":"follow","max-snippet":"max-snippet:-1","max-image-preview":"max-image-preview:large","max-video-preview":"max-video-preview:-1"},"canonical":"https:\/\/www.erresse-shop.it\/fr\/shop\/table-fr-2\/vin\/le-creuset-tire-bouchon-gaia-lm-150-noir\/","og_locale":"fr_FR","og_type":"article","og_title":"LE CREUSET Tire-bouchon Gaia LM-150 noir","og_description":"C'est le moment de prendre un verre de vin ? Cet ouvre-bouteille pratique r\u00e9soudra tous les probl\u00e8mes. El\u00e9gant et facile \u00e0 utiliser, il extrait tous les","og_url":"https:\/\/www.erresse-shop.it\/fr\/shop\/table-fr-2\/vin\/le-creuset-tire-bouchon-gaia-lm-150-noir\/","og_site_name":"Erresse Shop","article_modified_time":"2024-06-29T16:19:04+00:00","og_image":[{"width":800,"height":800,"url":"https:\/\/www.erresse-shop.it\/wp-content\/uploads\/2022\/11\/Le-Creuset-apribottiglie-Gaia7.jpg","type":"image\/jpeg"}],"twitter_card":"summary_large_image","schema":{"@context":"https:\/\/schema.org","@graph":[{"@type":"WebPage","@id":"https:\/\/www.erresse-shop.it\/fr\/shop\/table-fr-2\/vin\/le-creuset-tire-bouchon-gaia-lm-150-noir\/","url":"https:\/\/www.erresse-shop.it\/fr\/shop\/table-fr-2\/vin\/le-creuset-tire-bouchon-gaia-lm-150-noir\/","name":"LE CREUSET Tire-bouchon Gaia LM-150 noir - Erresse Shop","isPartOf":{"@id":"https:\/\/www.erresse-shop.it\/fr\/#website"},"datePublished":"2022-11-09T15:31:35+00:00","dateModified":"2024-06-29T16:19:04+00:00","description":"C'est le moment de prendre un verre de vin ? Cet ouvre-bouteille pratique r\u00e9soudra tous les probl\u00e8mes. El\u00e9gant et facile \u00e0 utiliser, il extrait tous les","breadcrumb":{"@id":"https:\/\/www.erresse-shop.it\/fr\/shop\/table-fr-2\/vin\/le-creuset-tire-bouchon-gaia-lm-150-noir\/#breadcrumb"},"inLanguage":"fr-FR","potentialAction":[{"@type":"ReadAction","target":["https:\/\/www.erresse-shop.it\/fr\/shop\/table-fr-2\/vin\/le-creuset-tire-bouchon-gaia-lm-150-noir\/"]}]},{"@type":"BreadcrumbList","@id":"https:\/\/www.erresse-shop.it\/fr\/shop\/table-fr-2\/vin\/le-creuset-tire-bouchon-gaia-lm-150-noir\/#breadcrumb","itemListElement":[{"@type":"ListItem","position":1,"name":"Home","item":"https:\/\/www.erresse-shop.it\/fr\/"},{"@type":"ListItem","position":2,"name":"Shop","item":"https:\/\/www.erresse-shop.it\/fr\/shop\/"},{"@type":"ListItem","position":3,"name":"LE CREUSET Tire-bouchon Gaia LM-150 noir"}]},{"@type":"WebSite","@id":"https:\/\/www.erresse-shop.it\/fr\/#website","url":"https:\/\/www.erresse-shop.it\/fr\/","name":"Erresse Shop","description":"Articoli di qualit\u00e0 per la casa","potentialAction":[{"@type":"SearchAction","target":{"@type":"EntryPoint","urlTemplate":"https:\/\/www.erresse-shop.it\/fr\/?s={search_term_string}"},"query-input":"required name=search_term_string"}],"inLanguage":"fr-FR"}]}},"df_price":69,"df_sale_price":69,"df_regular_price":119,"df_image_link":"https:\/\/www.erresse-shop.it\/wp-content\/uploads\/2022\/11\/Le-Creuset-apribottiglie-Gaia7-300x300.jpg","_links":{"self":[{"href":"https:\/\/www.erresse-shop.it\/fr\/wp-json\/wp\/v2\/product\/204505"}],"collection":[{"href":"https:\/\/www.erresse-shop.it\/fr\/wp-json\/wp\/v2\/product"}],"about":[{"href":"https:\/\/www.erresse-shop.it\/fr\/wp-json\/wp\/v2\/types\/product"}],"wp:featuredmedia":[{"embeddable":true,"href":"https:\/\/www.erresse-shop.it\/fr\/wp-json\/wp\/v2\/media\/204529"}],"wp:attachment":[{"href":"https:\/\/www.erresse-shop.it\/fr\/wp-json\/wp\/v2\/media?parent=204505"}],"wp:term":[{"taxonomy":"product_cat","embeddable":true,"href":"https:\/\/www.erresse-shop.it\/fr\/wp-json\/wp\/v2\/product_cat?post=204505"},{"taxonomy":"product_tag","embeddable":true,"href":"https:\/\/www.erresse-shop.it\/fr\/wp-json\/wp\/v2\/product_tag?post=204505"}],"curies":[{"name":"wp","href":"https:\/\/api.w.org\/{rel}","templated":true}]}}