{"id":203451,"date":"2022-11-07T08:14:47","date_gmt":"2022-11-07T08:14:53","guid":{"rendered":"https:\/\/www.erresse-shop.it\/?post_type=product&#038;p=203451"},"modified":"2024-07-05T14:49:46","modified_gmt":"2024-07-05T14:49:46","slug":"zafferano-pi01500-bouteille-en-verre-borosilicate-capuchon-blanc","status":"publish","type":"product","link":"https:\/\/www.erresse-shop.it\/fr\/shop\/table-fr-2\/carafes-bouteilles\/zafferano-pi01500-bouteille-en-verre-borosilicate-capuchon-blanc\/","title":{"rendered":"ZAFFERANO PI01500 Bouteille en verre borosilicate Capuchon blanc"},"content":{"rendered":"<p>Bouteille faite \u00e0 la main en verre borosilicate r\u00e9sistant aux chocs thermiques, avec bouchon de couleur. La bouteille Pirolo, avec son \u00e9l\u00e9gante forme de goutte et son bouchon de couleur diff\u00e9rente, est id\u00e9ale pour servir de l&#8217;eau, du vin et d&#8217;autres boissons.<\/p>\n<p>Le design et la fonctionnalit\u00e9 inspirent le travail de Federico de Majo, dont les cr\u00e9ations vont de lignes plus traditionnelles \u00e0 d&#8217;autres \u00e0 fort contenu technique, o\u00f9 s&#8217;expriment le go\u00fbt pour l&#8217;innovation et la recherche de produits.<\/p>\n","protected":false},"excerpt":{"rendered":"<p>Bouteille faite \u00e0 la main en verre borosilicate r\u00e9sistant aux chocs thermiques, avec bouchon de couleur. La bouteille Pirolo, avec<\/p>\n","protected":false},"featured_media":203465,"template":"","meta":{"_acf_changed":false,"inline_featured_image":false},"product_cat":[12785,12782],"product_tag":[25026,23690,19399,25021,12827,12856,14592,24603,14889],"acf":[],"yoast_head":"<!-- This site is optimized with the Yoast SEO Premium plugin v18.6 (Yoast SEO v19.13) - https:\/\/yoast.com\/wordpress\/plugins\/seo\/ -->\n<title>ZAFFERANO PI01500 Bouteille en verre borosilicate Capuchon blanc - Erresse Shop<\/title>\n<meta name=\"description\" content=\"Bouteille faite \u00e0 la main en verre borosilicate r\u00e9sistant aux chocs thermiques, avec bouchon de couleur. La bouteille Pirolo, avec son \u00e9l\u00e9gante forme de\" \/>\n<meta name=\"robots\" content=\"index, follow, max-snippet:-1, max-image-preview:large, max-video-preview:-1\" \/>\n<link rel=\"canonical\" href=\"https:\/\/www.erresse-shop.it\/fr\/shop\/table-fr-2\/carafes-bouteilles\/zafferano-pi01500-bouteille-en-verre-borosilicate-capuchon-blanc\/\" \/>\n<meta property=\"og:locale\" content=\"fr_FR\" \/>\n<meta property=\"og:type\" content=\"article\" \/>\n<meta property=\"og:title\" content=\"ZAFFERANO PI01500 Bouteille en verre borosilicate Capuchon blanc\" \/>\n<meta property=\"og:description\" content=\"Bouteille faite \u00e0 la main en verre borosilicate r\u00e9sistant aux chocs thermiques, avec bouchon de couleur. La bouteille Pirolo, avec son \u00e9l\u00e9gante forme de\" \/>\n<meta property=\"og:url\" content=\"https:\/\/www.erresse-shop.it\/fr\/shop\/table-fr-2\/carafes-bouteilles\/zafferano-pi01500-bouteille-en-verre-borosilicate-capuchon-blanc\/\" \/>\n<meta property=\"og:site_name\" content=\"Erresse Shop\" \/>\n<meta property=\"article:modified_time\" content=\"2024-07-05T14:49:46+00:00\" \/>\n<meta property=\"og:image\" content=\"https:\/\/www.erresse-shop.it\/wp-content\/uploads\/2022\/11\/ZAFFERANO-Bottiglia-tappo-bianco.jpg\" \/>\n\t<meta property=\"og:image:width\" content=\"800\" \/>\n\t<meta property=\"og:image:height\" content=\"800\" \/>\n\t<meta property=\"og:image:type\" content=\"image\/jpeg\" \/>\n<meta name=\"twitter:card\" content=\"summary_large_image\" \/>\n<script type=\"application\/ld+json\" class=\"yoast-schema-graph\">{\"@context\":\"https:\/\/schema.org\",\"@graph\":[{\"@type\":\"WebPage\",\"@id\":\"https:\/\/www.erresse-shop.it\/fr\/shop\/table-fr-2\/carafes-bouteilles\/zafferano-pi01500-bouteille-en-verre-borosilicate-capuchon-blanc\/\",\"url\":\"https:\/\/www.erresse-shop.it\/fr\/shop\/table-fr-2\/carafes-bouteilles\/zafferano-pi01500-bouteille-en-verre-borosilicate-capuchon-blanc\/\",\"name\":\"ZAFFERANO PI01500 Bouteille en verre borosilicate Capuchon blanc - Erresse Shop\",\"isPartOf\":{\"@id\":\"https:\/\/www.erresse-shop.it\/fr\/#website\"},\"datePublished\":\"2022-11-07T08:14:53+00:00\",\"dateModified\":\"2024-07-05T14:49:46+00:00\",\"description\":\"Bouteille faite \u00e0 la main en verre borosilicate r\u00e9sistant aux chocs thermiques, avec bouchon de couleur. La bouteille Pirolo, avec son \u00e9l\u00e9gante forme de\",\"breadcrumb\":{\"@id\":\"https:\/\/www.erresse-shop.it\/fr\/shop\/table-fr-2\/carafes-bouteilles\/zafferano-pi01500-bouteille-en-verre-borosilicate-capuchon-blanc\/#breadcrumb\"},\"inLanguage\":\"fr-FR\",\"potentialAction\":[{\"@type\":\"ReadAction\",\"target\":[\"https:\/\/www.erresse-shop.it\/fr\/shop\/table-fr-2\/carafes-bouteilles\/zafferano-pi01500-bouteille-en-verre-borosilicate-capuchon-blanc\/\"]}]},{\"@type\":\"BreadcrumbList\",\"@id\":\"https:\/\/www.erresse-shop.it\/fr\/shop\/table-fr-2\/carafes-bouteilles\/zafferano-pi01500-bouteille-en-verre-borosilicate-capuchon-blanc\/#breadcrumb\",\"itemListElement\":[{\"@type\":\"ListItem\",\"position\":1,\"name\":\"Home\",\"item\":\"https:\/\/www.erresse-shop.it\/fr\/\"},{\"@type\":\"ListItem\",\"position\":2,\"name\":\"Shop\",\"item\":\"https:\/\/www.erresse-shop.it\/fr\/shop\/\"},{\"@type\":\"ListItem\",\"position\":3,\"name\":\"ZAFFERANO PI01500 Bouteille en verre borosilicate Capuchon blanc\"}]},{\"@type\":\"WebSite\",\"@id\":\"https:\/\/www.erresse-shop.it\/fr\/#website\",\"url\":\"https:\/\/www.erresse-shop.it\/fr\/\",\"name\":\"Erresse Shop\",\"description\":\"Articoli di qualit\u00e0 per la casa\",\"potentialAction\":[{\"@type\":\"SearchAction\",\"target\":{\"@type\":\"EntryPoint\",\"urlTemplate\":\"https:\/\/www.erresse-shop.it\/fr\/?s={search_term_string}\"},\"query-input\":\"required name=search_term_string\"}],\"inLanguage\":\"fr-FR\"}]}<\/script>\n<!-- \/ Yoast SEO Premium plugin. -->","yoast_head_json":{"title":"ZAFFERANO PI01500 Bouteille en verre borosilicate Capuchon blanc - Erresse Shop","description":"Bouteille faite \u00e0 la main en verre borosilicate r\u00e9sistant aux chocs thermiques, avec bouchon de couleur. La bouteille Pirolo, avec son \u00e9l\u00e9gante forme de","robots":{"index":"index","follow":"follow","max-snippet":"max-snippet:-1","max-image-preview":"max-image-preview:large","max-video-preview":"max-video-preview:-1"},"canonical":"https:\/\/www.erresse-shop.it\/fr\/shop\/table-fr-2\/carafes-bouteilles\/zafferano-pi01500-bouteille-en-verre-borosilicate-capuchon-blanc\/","og_locale":"fr_FR","og_type":"article","og_title":"ZAFFERANO PI01500 Bouteille en verre borosilicate Capuchon blanc","og_description":"Bouteille faite \u00e0 la main en verre borosilicate r\u00e9sistant aux chocs thermiques, avec bouchon de couleur. La bouteille Pirolo, avec son \u00e9l\u00e9gante forme de","og_url":"https:\/\/www.erresse-shop.it\/fr\/shop\/table-fr-2\/carafes-bouteilles\/zafferano-pi01500-bouteille-en-verre-borosilicate-capuchon-blanc\/","og_site_name":"Erresse Shop","article_modified_time":"2024-07-05T14:49:46+00:00","og_image":[{"width":800,"height":800,"url":"https:\/\/www.erresse-shop.it\/wp-content\/uploads\/2022\/11\/ZAFFERANO-Bottiglia-tappo-bianco.jpg","type":"image\/jpeg"}],"twitter_card":"summary_large_image","schema":{"@context":"https:\/\/schema.org","@graph":[{"@type":"WebPage","@id":"https:\/\/www.erresse-shop.it\/fr\/shop\/table-fr-2\/carafes-bouteilles\/zafferano-pi01500-bouteille-en-verre-borosilicate-capuchon-blanc\/","url":"https:\/\/www.erresse-shop.it\/fr\/shop\/table-fr-2\/carafes-bouteilles\/zafferano-pi01500-bouteille-en-verre-borosilicate-capuchon-blanc\/","name":"ZAFFERANO PI01500 Bouteille en verre borosilicate Capuchon blanc - Erresse Shop","isPartOf":{"@id":"https:\/\/www.erresse-shop.it\/fr\/#website"},"datePublished":"2022-11-07T08:14:53+00:00","dateModified":"2024-07-05T14:49:46+00:00","description":"Bouteille faite \u00e0 la main en verre borosilicate r\u00e9sistant aux chocs thermiques, avec bouchon de couleur. La bouteille Pirolo, avec son \u00e9l\u00e9gante forme de","breadcrumb":{"@id":"https:\/\/www.erresse-shop.it\/fr\/shop\/table-fr-2\/carafes-bouteilles\/zafferano-pi01500-bouteille-en-verre-borosilicate-capuchon-blanc\/#breadcrumb"},"inLanguage":"fr-FR","potentialAction":[{"@type":"ReadAction","target":["https:\/\/www.erresse-shop.it\/fr\/shop\/table-fr-2\/carafes-bouteilles\/zafferano-pi01500-bouteille-en-verre-borosilicate-capuchon-blanc\/"]}]},{"@type":"BreadcrumbList","@id":"https:\/\/www.erresse-shop.it\/fr\/shop\/table-fr-2\/carafes-bouteilles\/zafferano-pi01500-bouteille-en-verre-borosilicate-capuchon-blanc\/#breadcrumb","itemListElement":[{"@type":"ListItem","position":1,"name":"Home","item":"https:\/\/www.erresse-shop.it\/fr\/"},{"@type":"ListItem","position":2,"name":"Shop","item":"https:\/\/www.erresse-shop.it\/fr\/shop\/"},{"@type":"ListItem","position":3,"name":"ZAFFERANO PI01500 Bouteille en verre borosilicate Capuchon blanc"}]},{"@type":"WebSite","@id":"https:\/\/www.erresse-shop.it\/fr\/#website","url":"https:\/\/www.erresse-shop.it\/fr\/","name":"Erresse Shop","description":"Articoli di qualit\u00e0 per la casa","potentialAction":[{"@type":"SearchAction","target":{"@type":"EntryPoint","urlTemplate":"https:\/\/www.erresse-shop.it\/fr\/?s={search_term_string}"},"query-input":"required name=search_term_string"}],"inLanguage":"fr-FR"}]}},"df_price":19.95,"df_sale_price":19.95,"df_regular_price":32,"df_image_link":"https:\/\/www.erresse-shop.it\/wp-content\/uploads\/2022\/11\/ZAFFERANO-Bottiglia-tappo-bianco-300x300.jpg","_links":{"self":[{"href":"https:\/\/www.erresse-shop.it\/fr\/wp-json\/wp\/v2\/product\/203451"}],"collection":[{"href":"https:\/\/www.erresse-shop.it\/fr\/wp-json\/wp\/v2\/product"}],"about":[{"href":"https:\/\/www.erresse-shop.it\/fr\/wp-json\/wp\/v2\/types\/product"}],"wp:featuredmedia":[{"embeddable":true,"href":"https:\/\/www.erresse-shop.it\/fr\/wp-json\/wp\/v2\/media\/203465"}],"wp:attachment":[{"href":"https:\/\/www.erresse-shop.it\/fr\/wp-json\/wp\/v2\/media?parent=203451"}],"wp:term":[{"taxonomy":"product_cat","embeddable":true,"href":"https:\/\/www.erresse-shop.it\/fr\/wp-json\/wp\/v2\/product_cat?post=203451"},{"taxonomy":"product_tag","embeddable":true,"href":"https:\/\/www.erresse-shop.it\/fr\/wp-json\/wp\/v2\/product_tag?post=203451"}],"curies":[{"name":"wp","href":"https:\/\/api.w.org\/{rel}","templated":true}]}}