{"id":202232,"date":"2022-11-03T13:18:23","date_gmt":"2022-11-03T13:18:29","guid":{"rendered":"https:\/\/www.erresse-shop.it\/?post_type=product&#038;p=202232"},"modified":"2023-06-21T08:12:05","modified_gmt":"2023-06-21T08:12:05","slug":"seletti-toiletpaper-vase-carre-shit-pois-14-cm","status":"publish","type":"product","link":"https:\/\/www.erresse-shop.it\/fr\/shop\/ameublement-maison\/vases-fr\/seletti-toiletpaper-vase-carre-shit-pois-14-cm\/","title":{"rendered":"SELETTI Toiletpaper Vase carr\u00e9 Shit Pois 14 cm"},"content":{"rendered":"<p>L&#8217;insoutenable l\u00e9g\u00e8ret\u00e9 du verre combin\u00e9e aux impressions iconiques de TOILETPAPER<\/p>\n<p><strong>Vase en verre<\/strong><br \/>\n<strong>Design :<\/strong> TOILETPAPER HOME<br \/>\n<strong>Mat\u00e9riau :<\/strong> verre<br \/>\n<strong>Dimensions :<\/strong> 10&#215;8 cm | h. 14 cm<\/p>\n","protected":false},"excerpt":{"rendered":"<p>L&#8217;insoutenable l\u00e9g\u00e8ret\u00e9 du verre combin\u00e9e aux impressions iconiques de TOILETPAPER Vase en verre Design : TOILETPAPER HOME Mat\u00e9riau : verre<\/p>\n","protected":false},"featured_media":202237,"template":"","meta":{"_acf_changed":false,"inline_featured_image":false},"product_cat":[12738,14422],"product_tag":[25021,21138,13102,13849],"acf":[],"yoast_head":"<!-- This site is optimized with the Yoast SEO Premium plugin v18.6 (Yoast SEO v19.13) - https:\/\/yoast.com\/wordpress\/plugins\/seo\/ -->\n<title>SELETTI Toiletpaper Vase carr\u00e9 Shit Pois 14 cm - Erresse Shop<\/title>\n<meta name=\"description\" content=\"L&#039;insoutenable l\u00e9g\u00e8ret\u00e9 du verre combin\u00e9e aux impressions iconiques de TOILETPAPER Vase en verre Design : TOILETPAPER HOME Mat\u00e9riau : verre Dimensions :\" \/>\n<meta name=\"robots\" content=\"index, follow, max-snippet:-1, max-image-preview:large, max-video-preview:-1\" \/>\n<link rel=\"canonical\" href=\"https:\/\/www.erresse-shop.it\/fr\/shop\/ameublement-maison\/vases-fr\/seletti-toiletpaper-vase-carre-shit-pois-14-cm\/\" \/>\n<meta property=\"og:locale\" content=\"fr_FR\" \/>\n<meta property=\"og:type\" content=\"article\" \/>\n<meta property=\"og:title\" content=\"SELETTI Toiletpaper Vase carr\u00e9 Shit Pois 14 cm\" \/>\n<meta property=\"og:description\" content=\"L&#039;insoutenable l\u00e9g\u00e8ret\u00e9 du verre combin\u00e9e aux impressions iconiques de TOILETPAPER Vase en verre Design : TOILETPAPER HOME Mat\u00e9riau : verre Dimensions :\" \/>\n<meta property=\"og:url\" content=\"https:\/\/www.erresse-shop.it\/fr\/shop\/ameublement-maison\/vases-fr\/seletti-toiletpaper-vase-carre-shit-pois-14-cm\/\" \/>\n<meta property=\"og:site_name\" content=\"Erresse Shop\" \/>\n<meta property=\"article:modified_time\" content=\"2023-06-21T08:12:05+00:00\" \/>\n<meta property=\"og:image\" content=\"https:\/\/www.erresse-shop.it\/wp-content\/uploads\/2022\/11\/Seletti-Vaso-Vetro-shit.jpg\" \/>\n\t<meta property=\"og:image:width\" content=\"800\" \/>\n\t<meta property=\"og:image:height\" content=\"800\" \/>\n\t<meta property=\"og:image:type\" content=\"image\/jpeg\" \/>\n<meta name=\"twitter:card\" content=\"summary_large_image\" \/>\n<script type=\"application\/ld+json\" class=\"yoast-schema-graph\">{\"@context\":\"https:\/\/schema.org\",\"@graph\":[{\"@type\":\"WebPage\",\"@id\":\"https:\/\/www.erresse-shop.it\/fr\/shop\/ameublement-maison\/vases-fr\/seletti-toiletpaper-vase-carre-shit-pois-14-cm\/\",\"url\":\"https:\/\/www.erresse-shop.it\/fr\/shop\/ameublement-maison\/vases-fr\/seletti-toiletpaper-vase-carre-shit-pois-14-cm\/\",\"name\":\"SELETTI Toiletpaper Vase carr\u00e9 Shit Pois 14 cm - Erresse Shop\",\"isPartOf\":{\"@id\":\"https:\/\/www.erresse-shop.it\/fr\/#website\"},\"datePublished\":\"2022-11-03T13:18:29+00:00\",\"dateModified\":\"2023-06-21T08:12:05+00:00\",\"description\":\"L'insoutenable l\u00e9g\u00e8ret\u00e9 du verre combin\u00e9e aux impressions iconiques de TOILETPAPER Vase en verre Design : TOILETPAPER HOME Mat\u00e9riau : verre Dimensions :\",\"breadcrumb\":{\"@id\":\"https:\/\/www.erresse-shop.it\/fr\/shop\/ameublement-maison\/vases-fr\/seletti-toiletpaper-vase-carre-shit-pois-14-cm\/#breadcrumb\"},\"inLanguage\":\"fr-FR\",\"potentialAction\":[{\"@type\":\"ReadAction\",\"target\":[\"https:\/\/www.erresse-shop.it\/fr\/shop\/ameublement-maison\/vases-fr\/seletti-toiletpaper-vase-carre-shit-pois-14-cm\/\"]}]},{\"@type\":\"BreadcrumbList\",\"@id\":\"https:\/\/www.erresse-shop.it\/fr\/shop\/ameublement-maison\/vases-fr\/seletti-toiletpaper-vase-carre-shit-pois-14-cm\/#breadcrumb\",\"itemListElement\":[{\"@type\":\"ListItem\",\"position\":1,\"name\":\"Home\",\"item\":\"https:\/\/www.erresse-shop.it\/fr\/\"},{\"@type\":\"ListItem\",\"position\":2,\"name\":\"Shop\",\"item\":\"https:\/\/www.erresse-shop.it\/fr\/shop\/\"},{\"@type\":\"ListItem\",\"position\":3,\"name\":\"SELETTI Toiletpaper Vase carr\u00e9 Shit Pois 14 cm\"}]},{\"@type\":\"WebSite\",\"@id\":\"https:\/\/www.erresse-shop.it\/fr\/#website\",\"url\":\"https:\/\/www.erresse-shop.it\/fr\/\",\"name\":\"Erresse Shop\",\"description\":\"Articoli di qualit\u00e0 per la casa\",\"potentialAction\":[{\"@type\":\"SearchAction\",\"target\":{\"@type\":\"EntryPoint\",\"urlTemplate\":\"https:\/\/www.erresse-shop.it\/fr\/?s={search_term_string}\"},\"query-input\":\"required name=search_term_string\"}],\"inLanguage\":\"fr-FR\"}]}<\/script>\n<!-- \/ Yoast SEO Premium plugin. -->","yoast_head_json":{"title":"SELETTI Toiletpaper Vase carr\u00e9 Shit Pois 14 cm - Erresse Shop","description":"L'insoutenable l\u00e9g\u00e8ret\u00e9 du verre combin\u00e9e aux impressions iconiques de TOILETPAPER Vase en verre Design : TOILETPAPER HOME Mat\u00e9riau : verre Dimensions :","robots":{"index":"index","follow":"follow","max-snippet":"max-snippet:-1","max-image-preview":"max-image-preview:large","max-video-preview":"max-video-preview:-1"},"canonical":"https:\/\/www.erresse-shop.it\/fr\/shop\/ameublement-maison\/vases-fr\/seletti-toiletpaper-vase-carre-shit-pois-14-cm\/","og_locale":"fr_FR","og_type":"article","og_title":"SELETTI Toiletpaper Vase carr\u00e9 Shit Pois 14 cm","og_description":"L'insoutenable l\u00e9g\u00e8ret\u00e9 du verre combin\u00e9e aux impressions iconiques de TOILETPAPER Vase en verre Design : TOILETPAPER HOME Mat\u00e9riau : verre Dimensions :","og_url":"https:\/\/www.erresse-shop.it\/fr\/shop\/ameublement-maison\/vases-fr\/seletti-toiletpaper-vase-carre-shit-pois-14-cm\/","og_site_name":"Erresse Shop","article_modified_time":"2023-06-21T08:12:05+00:00","og_image":[{"width":800,"height":800,"url":"https:\/\/www.erresse-shop.it\/wp-content\/uploads\/2022\/11\/Seletti-Vaso-Vetro-shit.jpg","type":"image\/jpeg"}],"twitter_card":"summary_large_image","schema":{"@context":"https:\/\/schema.org","@graph":[{"@type":"WebPage","@id":"https:\/\/www.erresse-shop.it\/fr\/shop\/ameublement-maison\/vases-fr\/seletti-toiletpaper-vase-carre-shit-pois-14-cm\/","url":"https:\/\/www.erresse-shop.it\/fr\/shop\/ameublement-maison\/vases-fr\/seletti-toiletpaper-vase-carre-shit-pois-14-cm\/","name":"SELETTI Toiletpaper Vase carr\u00e9 Shit Pois 14 cm - Erresse Shop","isPartOf":{"@id":"https:\/\/www.erresse-shop.it\/fr\/#website"},"datePublished":"2022-11-03T13:18:29+00:00","dateModified":"2023-06-21T08:12:05+00:00","description":"L'insoutenable l\u00e9g\u00e8ret\u00e9 du verre combin\u00e9e aux impressions iconiques de TOILETPAPER Vase en verre Design : TOILETPAPER HOME Mat\u00e9riau : verre Dimensions :","breadcrumb":{"@id":"https:\/\/www.erresse-shop.it\/fr\/shop\/ameublement-maison\/vases-fr\/seletti-toiletpaper-vase-carre-shit-pois-14-cm\/#breadcrumb"},"inLanguage":"fr-FR","potentialAction":[{"@type":"ReadAction","target":["https:\/\/www.erresse-shop.it\/fr\/shop\/ameublement-maison\/vases-fr\/seletti-toiletpaper-vase-carre-shit-pois-14-cm\/"]}]},{"@type":"BreadcrumbList","@id":"https:\/\/www.erresse-shop.it\/fr\/shop\/ameublement-maison\/vases-fr\/seletti-toiletpaper-vase-carre-shit-pois-14-cm\/#breadcrumb","itemListElement":[{"@type":"ListItem","position":1,"name":"Home","item":"https:\/\/www.erresse-shop.it\/fr\/"},{"@type":"ListItem","position":2,"name":"Shop","item":"https:\/\/www.erresse-shop.it\/fr\/shop\/"},{"@type":"ListItem","position":3,"name":"SELETTI Toiletpaper Vase carr\u00e9 Shit Pois 14 cm"}]},{"@type":"WebSite","@id":"https:\/\/www.erresse-shop.it\/fr\/#website","url":"https:\/\/www.erresse-shop.it\/fr\/","name":"Erresse Shop","description":"Articoli di qualit\u00e0 per la casa","potentialAction":[{"@type":"SearchAction","target":{"@type":"EntryPoint","urlTemplate":"https:\/\/www.erresse-shop.it\/fr\/?s={search_term_string}"},"query-input":"required name=search_term_string"}],"inLanguage":"fr-FR"}]}},"df_price":31.05,"df_sale_price":31.05,"df_regular_price":69,"df_image_link":"https:\/\/www.erresse-shop.it\/wp-content\/uploads\/2022\/11\/Seletti-Vaso-Vetro-shit-300x300.jpg","_links":{"self":[{"href":"https:\/\/www.erresse-shop.it\/fr\/wp-json\/wp\/v2\/product\/202232"}],"collection":[{"href":"https:\/\/www.erresse-shop.it\/fr\/wp-json\/wp\/v2\/product"}],"about":[{"href":"https:\/\/www.erresse-shop.it\/fr\/wp-json\/wp\/v2\/types\/product"}],"wp:featuredmedia":[{"embeddable":true,"href":"https:\/\/www.erresse-shop.it\/fr\/wp-json\/wp\/v2\/media\/202237"}],"wp:attachment":[{"href":"https:\/\/www.erresse-shop.it\/fr\/wp-json\/wp\/v2\/media?parent=202232"}],"wp:term":[{"taxonomy":"product_cat","embeddable":true,"href":"https:\/\/www.erresse-shop.it\/fr\/wp-json\/wp\/v2\/product_cat?post=202232"},{"taxonomy":"product_tag","embeddable":true,"href":"https:\/\/www.erresse-shop.it\/fr\/wp-json\/wp\/v2\/product_tag?post=202232"}],"curies":[{"name":"wp","href":"https:\/\/api.w.org\/{rel}","templated":true}]}}