{"id":201922,"date":"2022-11-03T10:07:13","date_gmt":"2022-11-03T10:07:19","guid":{"rendered":"https:\/\/www.erresse-shop.it\/?post_type=product&#038;p=201922"},"modified":"2023-07-31T00:10:07","modified_gmt":"2023-07-31T00:10:07","slug":"seletti-lampe-a-led-dreaming-gummy","status":"publish","type":"product","link":"https:\/\/www.erresse-shop.it\/fr\/shop\/ameublement-maison\/lampes\/seletti-lampe-a-led-dreaming-gummy\/","title":{"rendered":"SELETTI Lampe \u00e0 Led Dreaming Gummy"},"content":{"rendered":"<p>Gummy est avant tout un r\u00eaveur. C&#8217;est peut-\u00eatre un nain qui n&#8217;est pas vraiment heureux d&#8217;aller travailler dans les mines, il est le non-conformiste du groupe.<\/p>\n<p>Il ne rate aucune occasion de fantasmer et de prendre la vie \u00e0 la l\u00e9g\u00e8re.<\/p>\n<p><strong>En d\u00e9tail :<\/strong><br \/>\nCr\u00e9ateur : Uto Balmoral<br \/>\nMat\u00e9riau : R\u00e9sine<br \/>\nTaille : cm 22x42x h.26<\/p>\n","protected":false},"excerpt":{"rendered":"<p>Gummy est avant tout un r\u00eaveur. C&#8217;est peut-\u00eatre un nain qui n&#8217;est pas vraiment heureux d&#8217;aller travailler dans les mines,<\/p>\n","protected":false},"featured_media":201974,"template":"","meta":{"_acf_changed":false,"inline_featured_image":false},"product_cat":[12738,12741],"product_tag":[21113,21114,12793,25401],"acf":[],"yoast_head":"<!-- This site is optimized with the Yoast SEO Premium plugin v18.6 (Yoast SEO v19.13) - https:\/\/yoast.com\/wordpress\/plugins\/seo\/ -->\n<title>SELETTI Lampe \u00e0 Led Dreaming Gummy - Erresse Shop<\/title>\n<meta name=\"description\" content=\"Gummy est avant tout un r\u00eaveur. C&#039;est peut-\u00eatre un nain qui n&#039;est pas vraiment heureux d&#039;aller travailler dans les mines, il est le non-conformiste du\" \/>\n<meta name=\"robots\" content=\"index, follow, max-snippet:-1, max-image-preview:large, max-video-preview:-1\" \/>\n<link rel=\"canonical\" href=\"https:\/\/www.erresse-shop.it\/fr\/shop\/ameublement-maison\/lampes\/seletti-lampe-a-led-dreaming-gummy\/\" \/>\n<meta property=\"og:locale\" content=\"fr_FR\" \/>\n<meta property=\"og:type\" content=\"article\" \/>\n<meta property=\"og:title\" content=\"SELETTI Lampe \u00e0 Led Dreaming Gummy\" \/>\n<meta property=\"og:description\" content=\"Gummy est avant tout un r\u00eaveur. C&#039;est peut-\u00eatre un nain qui n&#039;est pas vraiment heureux d&#039;aller travailler dans les mines, il est le non-conformiste du\" \/>\n<meta property=\"og:url\" content=\"https:\/\/www.erresse-shop.it\/fr\/shop\/ameublement-maison\/lampes\/seletti-lampe-a-led-dreaming-gummy\/\" \/>\n<meta property=\"og:site_name\" content=\"Erresse Shop\" \/>\n<meta property=\"article:modified_time\" content=\"2023-07-31T00:10:07+00:00\" \/>\n<meta property=\"og:image\" content=\"https:\/\/www.erresse-shop.it\/wp-content\/uploads\/2022\/11\/Seletti-Lampada-led-gnomo-dreaming9.jpg\" \/>\n\t<meta property=\"og:image:width\" content=\"800\" \/>\n\t<meta property=\"og:image:height\" content=\"800\" \/>\n\t<meta property=\"og:image:type\" content=\"image\/jpeg\" \/>\n<meta name=\"twitter:card\" content=\"summary_large_image\" \/>\n<script type=\"application\/ld+json\" class=\"yoast-schema-graph\">{\"@context\":\"https:\/\/schema.org\",\"@graph\":[{\"@type\":\"WebPage\",\"@id\":\"https:\/\/www.erresse-shop.it\/fr\/shop\/ameublement-maison\/lampes\/seletti-lampe-a-led-dreaming-gummy\/\",\"url\":\"https:\/\/www.erresse-shop.it\/fr\/shop\/ameublement-maison\/lampes\/seletti-lampe-a-led-dreaming-gummy\/\",\"name\":\"SELETTI Lampe \u00e0 Led Dreaming Gummy - Erresse Shop\",\"isPartOf\":{\"@id\":\"https:\/\/www.erresse-shop.it\/fr\/#website\"},\"datePublished\":\"2022-11-03T10:07:19+00:00\",\"dateModified\":\"2023-07-31T00:10:07+00:00\",\"description\":\"Gummy est avant tout un r\u00eaveur. C'est peut-\u00eatre un nain qui n'est pas vraiment heureux d'aller travailler dans les mines, il est le non-conformiste du\",\"breadcrumb\":{\"@id\":\"https:\/\/www.erresse-shop.it\/fr\/shop\/ameublement-maison\/lampes\/seletti-lampe-a-led-dreaming-gummy\/#breadcrumb\"},\"inLanguage\":\"fr-FR\",\"potentialAction\":[{\"@type\":\"ReadAction\",\"target\":[\"https:\/\/www.erresse-shop.it\/fr\/shop\/ameublement-maison\/lampes\/seletti-lampe-a-led-dreaming-gummy\/\"]}]},{\"@type\":\"BreadcrumbList\",\"@id\":\"https:\/\/www.erresse-shop.it\/fr\/shop\/ameublement-maison\/lampes\/seletti-lampe-a-led-dreaming-gummy\/#breadcrumb\",\"itemListElement\":[{\"@type\":\"ListItem\",\"position\":1,\"name\":\"Home\",\"item\":\"https:\/\/www.erresse-shop.it\/fr\/\"},{\"@type\":\"ListItem\",\"position\":2,\"name\":\"Shop\",\"item\":\"https:\/\/www.erresse-shop.it\/fr\/shop\/\"},{\"@type\":\"ListItem\",\"position\":3,\"name\":\"SELETTI Lampe \u00e0 Led Dreaming Gummy\"}]},{\"@type\":\"WebSite\",\"@id\":\"https:\/\/www.erresse-shop.it\/fr\/#website\",\"url\":\"https:\/\/www.erresse-shop.it\/fr\/\",\"name\":\"Erresse Shop\",\"description\":\"Articoli di qualit\u00e0 per la casa\",\"potentialAction\":[{\"@type\":\"SearchAction\",\"target\":{\"@type\":\"EntryPoint\",\"urlTemplate\":\"https:\/\/www.erresse-shop.it\/fr\/?s={search_term_string}\"},\"query-input\":\"required name=search_term_string\"}],\"inLanguage\":\"fr-FR\"}]}<\/script>\n<!-- \/ Yoast SEO Premium plugin. -->","yoast_head_json":{"title":"SELETTI Lampe \u00e0 Led Dreaming Gummy - Erresse Shop","description":"Gummy est avant tout un r\u00eaveur. C'est peut-\u00eatre un nain qui n'est pas vraiment heureux d'aller travailler dans les mines, il est le non-conformiste du","robots":{"index":"index","follow":"follow","max-snippet":"max-snippet:-1","max-image-preview":"max-image-preview:large","max-video-preview":"max-video-preview:-1"},"canonical":"https:\/\/www.erresse-shop.it\/fr\/shop\/ameublement-maison\/lampes\/seletti-lampe-a-led-dreaming-gummy\/","og_locale":"fr_FR","og_type":"article","og_title":"SELETTI Lampe \u00e0 Led Dreaming Gummy","og_description":"Gummy est avant tout un r\u00eaveur. C'est peut-\u00eatre un nain qui n'est pas vraiment heureux d'aller travailler dans les mines, il est le non-conformiste du","og_url":"https:\/\/www.erresse-shop.it\/fr\/shop\/ameublement-maison\/lampes\/seletti-lampe-a-led-dreaming-gummy\/","og_site_name":"Erresse Shop","article_modified_time":"2023-07-31T00:10:07+00:00","og_image":[{"width":800,"height":800,"url":"https:\/\/www.erresse-shop.it\/wp-content\/uploads\/2022\/11\/Seletti-Lampada-led-gnomo-dreaming9.jpg","type":"image\/jpeg"}],"twitter_card":"summary_large_image","schema":{"@context":"https:\/\/schema.org","@graph":[{"@type":"WebPage","@id":"https:\/\/www.erresse-shop.it\/fr\/shop\/ameublement-maison\/lampes\/seletti-lampe-a-led-dreaming-gummy\/","url":"https:\/\/www.erresse-shop.it\/fr\/shop\/ameublement-maison\/lampes\/seletti-lampe-a-led-dreaming-gummy\/","name":"SELETTI Lampe \u00e0 Led Dreaming Gummy - Erresse Shop","isPartOf":{"@id":"https:\/\/www.erresse-shop.it\/fr\/#website"},"datePublished":"2022-11-03T10:07:19+00:00","dateModified":"2023-07-31T00:10:07+00:00","description":"Gummy est avant tout un r\u00eaveur. C'est peut-\u00eatre un nain qui n'est pas vraiment heureux d'aller travailler dans les mines, il est le non-conformiste du","breadcrumb":{"@id":"https:\/\/www.erresse-shop.it\/fr\/shop\/ameublement-maison\/lampes\/seletti-lampe-a-led-dreaming-gummy\/#breadcrumb"},"inLanguage":"fr-FR","potentialAction":[{"@type":"ReadAction","target":["https:\/\/www.erresse-shop.it\/fr\/shop\/ameublement-maison\/lampes\/seletti-lampe-a-led-dreaming-gummy\/"]}]},{"@type":"BreadcrumbList","@id":"https:\/\/www.erresse-shop.it\/fr\/shop\/ameublement-maison\/lampes\/seletti-lampe-a-led-dreaming-gummy\/#breadcrumb","itemListElement":[{"@type":"ListItem","position":1,"name":"Home","item":"https:\/\/www.erresse-shop.it\/fr\/"},{"@type":"ListItem","position":2,"name":"Shop","item":"https:\/\/www.erresse-shop.it\/fr\/shop\/"},{"@type":"ListItem","position":3,"name":"SELETTI Lampe \u00e0 Led Dreaming Gummy"}]},{"@type":"WebSite","@id":"https:\/\/www.erresse-shop.it\/fr\/#website","url":"https:\/\/www.erresse-shop.it\/fr\/","name":"Erresse Shop","description":"Articoli di qualit\u00e0 per la casa","potentialAction":[{"@type":"SearchAction","target":{"@type":"EntryPoint","urlTemplate":"https:\/\/www.erresse-shop.it\/fr\/?s={search_term_string}"},"query-input":"required name=search_term_string"}],"inLanguage":"fr-FR"}]}},"df_price":121.05,"df_sale_price":121.05,"df_regular_price":269,"df_image_link":"https:\/\/www.erresse-shop.it\/wp-content\/uploads\/2022\/11\/Seletti-Lampada-led-gnomo-dreaming9-300x300.jpg","_links":{"self":[{"href":"https:\/\/www.erresse-shop.it\/fr\/wp-json\/wp\/v2\/product\/201922"}],"collection":[{"href":"https:\/\/www.erresse-shop.it\/fr\/wp-json\/wp\/v2\/product"}],"about":[{"href":"https:\/\/www.erresse-shop.it\/fr\/wp-json\/wp\/v2\/types\/product"}],"wp:featuredmedia":[{"embeddable":true,"href":"https:\/\/www.erresse-shop.it\/fr\/wp-json\/wp\/v2\/media\/201974"}],"wp:attachment":[{"href":"https:\/\/www.erresse-shop.it\/fr\/wp-json\/wp\/v2\/media?parent=201922"}],"wp:term":[{"taxonomy":"product_cat","embeddable":true,"href":"https:\/\/www.erresse-shop.it\/fr\/wp-json\/wp\/v2\/product_cat?post=201922"},{"taxonomy":"product_tag","embeddable":true,"href":"https:\/\/www.erresse-shop.it\/fr\/wp-json\/wp\/v2\/product_tag?post=201922"}],"curies":[{"name":"wp","href":"https:\/\/api.w.org\/{rel}","templated":true}]}}