{"id":201478,"date":"2022-11-02T07:30:57","date_gmt":"2022-11-02T07:31:01","guid":{"rendered":"https:\/\/www.erresse-shop.it\/?post_type=product&#038;p=201478"},"modified":"2024-05-07T00:00:32","modified_gmt":"2024-05-07T00:00:32","slug":"sage-the-combi-wave-3-in-1-noir","status":"publish","type":"product","link":"https:\/\/www.erresse-shop.it\/fr\/shop\/petits-electromenagers\/fours\/sage-the-combi-wave-3-in-1-noir\/","title":{"rendered":"SAGE The Combi Wave 3 in 1 Noir"},"content":{"rendered":"<p><strong>FRITEUSE \u00c0 AIR CHAUD, FOUR \u00c0 CONVECTION ET MICRO-ONDES<\/strong><br \/>\nUn univers de possibilit\u00e9s et de performances. Les plats pr\u00e9f\u00e9r\u00e9s de chacun sont \u00e0 port\u00e9e de main gr\u00e2ce \u00e0 la friteuse \u00e0 air chaud, au four \u00e0 convection et au micro-ondes. Le syst\u00e8me Element iQ\u2122 dirige la chaleur au bon endroit et au bon moment pour une cuisson id\u00e9ale et des r\u00e9sultats parfaits. The Combi Wave 3 in 1 dispose \u00e9galement des pr\u00e9r\u00e9glages Combi rapide et Cuire du surgel\u00e9 avec des raccourcis faciles pour vous faciliter la vie en cuisine.<\/p>\n<p><strong>LA FLEXIBILIT\u00c9 D&#8217;UN APPAREIL 3 EN 1<\/strong><br \/>\nThe Combi Wave 3 in 1 associe une friteuse \u00e0 air chaud, un four \u00e0 convection et un micro-ondes en un seul appareil pour cr\u00e9er des repas d\u00e9licieux et sains adapt\u00e9s \u00e0 chaque occasion. Selon vos envies, pr\u00e9parez des frites dor\u00e9es et croustillantes gr\u00e2ce \u00e0 la friteuse \u00e0 air chaud ; un poulet r\u00f4ti ou des brownies pour les repas de famille gr\u00e2ce au four \u00e0 convection ; ou encore de d\u00e9licieuses soupes et lasagnes \u00e0 r\u00e9chauffer avec la fonction micro-ondes.<\/p>\n<p><strong>SYST\u00c8ME ELEMENT IQ\u2122<\/strong><br \/>\nDes algorithmes intelligents dirigent la chaleur au bon endroit et au bon moment afin de cr\u00e9er l&#8217;environnement de cuisson id\u00e9al pour des r\u00e9sultats parfaits. Savourez des aliments dor\u00e9s et croustillants \u00e0 souhait et une infinit\u00e9 de repas savoureux avec les fonctions Friteuse \u00e0 air chaud, R\u00f4tir et Cuire.<\/p>\n<p><strong>LES FONCTIONS COMBI RAPIDE ET CUIRE DU SURGEL\u00c9<\/strong><br \/>\nLa fonction Combi Rapide est con\u00e7ue pour cuire vos plats pr\u00e9f\u00e9r\u00e9s plus rapidement. Elle associe le four \u00e0 convection, le gril et le micro-ondes pour une temp\u00e9rature parfaite et des r\u00e9sultats impeccables en moins de temps qu&#8217;un four traditionnel. La fonction Cuire du surgel\u00e9 est con\u00e7ue pour cuire parfaitement les aliments surgel\u00e9s. Cette fonction utilise alternativement le four, le gril et le micro-ondes suivant les \u00e9tapes de la cuisson.<\/p>\n<p><strong>LA TECHNOLOGIE \u00c0 ONDULEUR POWER SMOOTHING\u2122<\/strong><br \/>\nAvec la technologie onduleur Power Smoothing, plus besoin d&#8217;appuyer sur ON et OFF. Le micro-ondes fournit une puissance douce et uniforme, en ajustant automatiquement l&#8217;intensit\u00e9 au besoin, pour des r\u00e9sultats parfaits. Vous pouvez r\u00e9chauffer vos aliments pr\u00e9f\u00e9r\u00e9s tels que les pizzas, soupes et lasagnes avec facilit\u00e9 et pr\u00e9cision ou d\u00e9congeler d\u00e9licatement vos viandes et vos repas sans les surchauffer ni dess\u00e9cher les bords.<\/p>\n<p><strong>FONCTIONS DE CUISSON, R\u00c9CHAUFFAGE ET D\u00c9CONG\u00c9LATION INTELLIGENTES<\/strong><br \/>\nGr\u00e2ce aux 19 pr\u00e9r\u00e9glages intelligents int\u00e9gr\u00e9s au Combi Wave 3 in 1 notamment pour cuire, r\u00e9chauffer et d\u00e9congeler, vous avez toutes les possibilit\u00e9s \u00e0 port\u00e9e de main. La basse temp\u00e9rature douce r\u00e9partit la chaleur uniform\u00e9ment sans surchauffer ni dess\u00e9cher les aliments, vous permettant de cuire en toute facilit\u00e9, de r\u00e9chauffer avec pr\u00e9cision et de d\u00e9congeler d\u00e9licatement vos plats favoris.<\/p>\n<p><strong>PORTE \u00c0 FERMETURE DOUCE ET FONCTIONNEMENT DISCRET<\/strong><br \/>\nThe Combi Wave\u2122 3 in 1 est dot\u00e9 d&#8217;une porte \u00e0 fermeture douce 80 % plus silencieuse* et \u00e9met 50 % de bruit en moins** lors du fonctionnement. Il pr\u00e9sente des fonctions intelligentes telles que la s\u00e9curit\u00e9 enfant, le mod\u00e8le de sons Sage ou encore le mode silencieux. Moins de bips et de claquements de porte, plus de go\u00fbt et de bons moments.<\/p>\n<p><strong>RACCOURCIS &amp; PARAM\u00c8TRES PR\u00c9D\u00c9FINIS<\/strong><br \/>\nLa porte int\u00e9rieure du Combi Wave 3 in 1 est \u00e9quip\u00e9e d&#8217;un panneau de raccourcis intelligents pour les actions les plus fr\u00e9quentes telles que faire fondre du chocolat, ramollir du beurre, faire du pop-corn et bien plus encore. D\u00e9finissez vos fonctions favorites en une seule touche et obtenez de d\u00e9licieux r\u00e9sultats \u00e0 chaque utilisation.<\/p>\n<p><strong>SP\u00c9CIFICATION DE PRODUIT<\/strong><br \/>\n&#8211; Dimensions internes (IxPxH): 51,9 cm (l) x 31,6 cm (H) x 51,3 cm (P) avec poign\u00e9e \/ 49 cm (P) sans poign\u00e9e<br \/>\n&#8211; Garantie: 2 ans de garantie<br \/>\n&#8211; Mat\u00e9riaux: Acier inoxydable bross\u00e9<br \/>\n&#8211; Capacit\u00e9: 32 L<br \/>\n&#8211; Param\u00e8tres: Cuisson intelligente, D\u00e9cong\u00e9lation intelligente, R\u00e9chauffer intelligent, Cuire du congel\u00e9, Friteuse \u00e0 air chaud, Micro-ondes, Gril, A Bit More\u2122, S\u00e9curit\u00e9 enfant, D\u00e9marrage instantan\u00e9 +30 secondes, Arr\u00eat du plateau tournant, Panneau des raccourcis<\/p>\n","protected":false},"excerpt":{"rendered":"<p>FRITEUSE \u00c0 AIR CHAUD, FOUR \u00c0 CONVECTION ET MICRO-ONDES Un univers de possibilit\u00e9s et de performances. Les plats pr\u00e9f\u00e9r\u00e9s de<\/p>\n","protected":false},"featured_media":201495,"template":"","meta":{"_acf_changed":false,"inline_featured_image":false},"product_cat":[15660,12449],"product_tag":[],"acf":[],"yoast_head":"<!-- This site is optimized with the Yoast SEO Premium plugin v18.6 (Yoast SEO v19.13) - https:\/\/yoast.com\/wordpress\/plugins\/seo\/ -->\n<title>SAGE The Combi Wave 3 in 1 Noir - Erresse Shop<\/title>\n<meta name=\"description\" content=\"FRITEUSE \u00c0 AIR CHAUD, FOUR \u00c0 CONVECTION ET MICRO-ONDES Un univers de possibilit\u00e9s et de performances. Les plats pr\u00e9f\u00e9r\u00e9s de chacun sont \u00e0 port\u00e9e de main\" \/>\n<meta name=\"robots\" content=\"index, follow, max-snippet:-1, max-image-preview:large, max-video-preview:-1\" \/>\n<link rel=\"canonical\" href=\"https:\/\/www.erresse-shop.it\/fr\/shop\/petits-electromenagers\/fours\/sage-the-combi-wave-3-in-1-noir\/\" \/>\n<meta property=\"og:locale\" content=\"fr_FR\" \/>\n<meta property=\"og:type\" content=\"article\" \/>\n<meta property=\"og:title\" content=\"SAGE The Combi Wave 3 in 1 Noir\" \/>\n<meta property=\"og:description\" content=\"FRITEUSE \u00c0 AIR CHAUD, FOUR \u00c0 CONVECTION ET MICRO-ONDES Un univers de possibilit\u00e9s et de performances. Les plats pr\u00e9f\u00e9r\u00e9s de chacun sont \u00e0 port\u00e9e de main\" \/>\n<meta property=\"og:url\" content=\"https:\/\/www.erresse-shop.it\/fr\/shop\/petits-electromenagers\/fours\/sage-the-combi-wave-3-in-1-noir\/\" \/>\n<meta property=\"og:site_name\" content=\"Erresse Shop\" \/>\n<meta property=\"article:modified_time\" content=\"2024-05-07T00:00:32+00:00\" \/>\n<meta property=\"og:image\" content=\"https:\/\/www.erresse-shop.it\/wp-content\/uploads\/2022\/11\/Sage-The-combi-wave-3-in-1-nero.jpg\" \/>\n\t<meta property=\"og:image:width\" content=\"800\" \/>\n\t<meta property=\"og:image:height\" content=\"800\" \/>\n\t<meta property=\"og:image:type\" content=\"image\/jpeg\" \/>\n<meta name=\"twitter:card\" content=\"summary_large_image\" \/>\n<script type=\"application\/ld+json\" class=\"yoast-schema-graph\">{\"@context\":\"https:\/\/schema.org\",\"@graph\":[{\"@type\":\"WebPage\",\"@id\":\"https:\/\/www.erresse-shop.it\/fr\/shop\/petits-electromenagers\/fours\/sage-the-combi-wave-3-in-1-noir\/\",\"url\":\"https:\/\/www.erresse-shop.it\/fr\/shop\/petits-electromenagers\/fours\/sage-the-combi-wave-3-in-1-noir\/\",\"name\":\"SAGE The Combi Wave 3 in 1 Noir - Erresse Shop\",\"isPartOf\":{\"@id\":\"https:\/\/www.erresse-shop.it\/fr\/#website\"},\"datePublished\":\"2022-11-02T07:31:01+00:00\",\"dateModified\":\"2024-05-07T00:00:32+00:00\",\"description\":\"FRITEUSE \u00c0 AIR CHAUD, FOUR \u00c0 CONVECTION ET MICRO-ONDES Un univers de possibilit\u00e9s et de performances. Les plats pr\u00e9f\u00e9r\u00e9s de chacun sont \u00e0 port\u00e9e de main\",\"breadcrumb\":{\"@id\":\"https:\/\/www.erresse-shop.it\/fr\/shop\/petits-electromenagers\/fours\/sage-the-combi-wave-3-in-1-noir\/#breadcrumb\"},\"inLanguage\":\"fr-FR\",\"potentialAction\":[{\"@type\":\"ReadAction\",\"target\":[\"https:\/\/www.erresse-shop.it\/fr\/shop\/petits-electromenagers\/fours\/sage-the-combi-wave-3-in-1-noir\/\"]}]},{\"@type\":\"BreadcrumbList\",\"@id\":\"https:\/\/www.erresse-shop.it\/fr\/shop\/petits-electromenagers\/fours\/sage-the-combi-wave-3-in-1-noir\/#breadcrumb\",\"itemListElement\":[{\"@type\":\"ListItem\",\"position\":1,\"name\":\"Home\",\"item\":\"https:\/\/www.erresse-shop.it\/fr\/\"},{\"@type\":\"ListItem\",\"position\":2,\"name\":\"Shop\",\"item\":\"https:\/\/www.erresse-shop.it\/fr\/shop\/\"},{\"@type\":\"ListItem\",\"position\":3,\"name\":\"SAGE The Combi Wave 3 in 1 Noir\"}]},{\"@type\":\"WebSite\",\"@id\":\"https:\/\/www.erresse-shop.it\/fr\/#website\",\"url\":\"https:\/\/www.erresse-shop.it\/fr\/\",\"name\":\"Erresse Shop\",\"description\":\"Articoli di qualit\u00e0 per la casa\",\"potentialAction\":[{\"@type\":\"SearchAction\",\"target\":{\"@type\":\"EntryPoint\",\"urlTemplate\":\"https:\/\/www.erresse-shop.it\/fr\/?s={search_term_string}\"},\"query-input\":\"required name=search_term_string\"}],\"inLanguage\":\"fr-FR\"}]}<\/script>\n<!-- \/ Yoast SEO Premium plugin. -->","yoast_head_json":{"title":"SAGE The Combi Wave 3 in 1 Noir - Erresse Shop","description":"FRITEUSE \u00c0 AIR CHAUD, FOUR \u00c0 CONVECTION ET MICRO-ONDES Un univers de possibilit\u00e9s et de performances. Les plats pr\u00e9f\u00e9r\u00e9s de chacun sont \u00e0 port\u00e9e de main","robots":{"index":"index","follow":"follow","max-snippet":"max-snippet:-1","max-image-preview":"max-image-preview:large","max-video-preview":"max-video-preview:-1"},"canonical":"https:\/\/www.erresse-shop.it\/fr\/shop\/petits-electromenagers\/fours\/sage-the-combi-wave-3-in-1-noir\/","og_locale":"fr_FR","og_type":"article","og_title":"SAGE The Combi Wave 3 in 1 Noir","og_description":"FRITEUSE \u00c0 AIR CHAUD, FOUR \u00c0 CONVECTION ET MICRO-ONDES Un univers de possibilit\u00e9s et de performances. Les plats pr\u00e9f\u00e9r\u00e9s de chacun sont \u00e0 port\u00e9e de main","og_url":"https:\/\/www.erresse-shop.it\/fr\/shop\/petits-electromenagers\/fours\/sage-the-combi-wave-3-in-1-noir\/","og_site_name":"Erresse Shop","article_modified_time":"2024-05-07T00:00:32+00:00","og_image":[{"width":800,"height":800,"url":"https:\/\/www.erresse-shop.it\/wp-content\/uploads\/2022\/11\/Sage-The-combi-wave-3-in-1-nero.jpg","type":"image\/jpeg"}],"twitter_card":"summary_large_image","schema":{"@context":"https:\/\/schema.org","@graph":[{"@type":"WebPage","@id":"https:\/\/www.erresse-shop.it\/fr\/shop\/petits-electromenagers\/fours\/sage-the-combi-wave-3-in-1-noir\/","url":"https:\/\/www.erresse-shop.it\/fr\/shop\/petits-electromenagers\/fours\/sage-the-combi-wave-3-in-1-noir\/","name":"SAGE The Combi Wave 3 in 1 Noir - Erresse Shop","isPartOf":{"@id":"https:\/\/www.erresse-shop.it\/fr\/#website"},"datePublished":"2022-11-02T07:31:01+00:00","dateModified":"2024-05-07T00:00:32+00:00","description":"FRITEUSE \u00c0 AIR CHAUD, FOUR \u00c0 CONVECTION ET MICRO-ONDES Un univers de possibilit\u00e9s et de performances. Les plats pr\u00e9f\u00e9r\u00e9s de chacun sont \u00e0 port\u00e9e de main","breadcrumb":{"@id":"https:\/\/www.erresse-shop.it\/fr\/shop\/petits-electromenagers\/fours\/sage-the-combi-wave-3-in-1-noir\/#breadcrumb"},"inLanguage":"fr-FR","potentialAction":[{"@type":"ReadAction","target":["https:\/\/www.erresse-shop.it\/fr\/shop\/petits-electromenagers\/fours\/sage-the-combi-wave-3-in-1-noir\/"]}]},{"@type":"BreadcrumbList","@id":"https:\/\/www.erresse-shop.it\/fr\/shop\/petits-electromenagers\/fours\/sage-the-combi-wave-3-in-1-noir\/#breadcrumb","itemListElement":[{"@type":"ListItem","position":1,"name":"Home","item":"https:\/\/www.erresse-shop.it\/fr\/"},{"@type":"ListItem","position":2,"name":"Shop","item":"https:\/\/www.erresse-shop.it\/fr\/shop\/"},{"@type":"ListItem","position":3,"name":"SAGE The Combi Wave 3 in 1 Noir"}]},{"@type":"WebSite","@id":"https:\/\/www.erresse-shop.it\/fr\/#website","url":"https:\/\/www.erresse-shop.it\/fr\/","name":"Erresse Shop","description":"Articoli di qualit\u00e0 per la casa","potentialAction":[{"@type":"SearchAction","target":{"@type":"EntryPoint","urlTemplate":"https:\/\/www.erresse-shop.it\/fr\/?s={search_term_string}"},"query-input":"required name=search_term_string"}],"inLanguage":"fr-FR"}]}},"df_price":469.95,"df_sale_price":469.95,"df_regular_price":529.9,"df_image_link":"https:\/\/www.erresse-shop.it\/wp-content\/uploads\/2022\/11\/Sage-The-combi-wave-3-in-1-nero-300x300.jpg","_links":{"self":[{"href":"https:\/\/www.erresse-shop.it\/fr\/wp-json\/wp\/v2\/product\/201478"}],"collection":[{"href":"https:\/\/www.erresse-shop.it\/fr\/wp-json\/wp\/v2\/product"}],"about":[{"href":"https:\/\/www.erresse-shop.it\/fr\/wp-json\/wp\/v2\/types\/product"}],"wp:featuredmedia":[{"embeddable":true,"href":"https:\/\/www.erresse-shop.it\/fr\/wp-json\/wp\/v2\/media\/201495"}],"wp:attachment":[{"href":"https:\/\/www.erresse-shop.it\/fr\/wp-json\/wp\/v2\/media?parent=201478"}],"wp:term":[{"taxonomy":"product_cat","embeddable":true,"href":"https:\/\/www.erresse-shop.it\/fr\/wp-json\/wp\/v2\/product_cat?post=201478"},{"taxonomy":"product_tag","embeddable":true,"href":"https:\/\/www.erresse-shop.it\/fr\/wp-json\/wp\/v2\/product_tag?post=201478"}],"curies":[{"name":"wp","href":"https:\/\/api.w.org\/{rel}","templated":true}]}}