{"id":199517,"date":"2022-10-28T13:28:32","date_gmt":"2022-10-28T13:28:36","guid":{"rendered":"https:\/\/www.erresse-shop.it\/?post_type=product&#038;p=199517"},"modified":"2023-08-25T11:48:22","modified_gmt":"2023-08-25T11:48:22","slug":"magimix-power-blender-chrome-avec-mini-bol","status":"publish","type":"product","link":"https:\/\/www.erresse-shop.it\/fr\/shop\/petits-electromenagers\/mixeurs\/magimix-power-blender-chrome-avec-mini-bol\/","title":{"rendered":"MAGIMIX Power Blender Chrome Avec Mini Bol"},"content":{"rendered":"<p>Blender incluant Mini Bol !<\/p>\n<p><strong>MAGIMIX<\/strong><br \/>\nC&#8217;est en France, au c\u0153ur de la Bourgogne, r\u00e9put\u00e9e pour sa gastronomie, que Magimix a invent\u00e9, il y a plus de quarante ans, le robot culinaire.Aujourd&#8217;hui, les appareils Magimix sont la version domestique des appareils destin\u00e9s aux professionnels. Les plus grands restaurants du monde utilisent la version professionnelle de nos produits.Au sein de la gamme Magimix, vous trouverez la gamme compl\u00e8te du petit \u00e9lectrom\u00e9nager.Toujours \u00e0 la pointe de l&#8217;innovation dans la cuisine, Magimix est fi\u00e8re de pr\u00e9senter sa derni\u00e8re collection pour le plaisir de cuisiner comme un grand cuisinier.<br \/>\n<strong>POWER BLENDER<\/strong><br \/>\nLe Blendermix permet d&#8217;obtenir une consistance tr\u00e8s onctueuse pour les smoothies, pour les soupes et les p\u00e2tes pour les cracks.Vous pouvez \u00e9galement transporter de la glace pil\u00e9e et des desserts glac\u00e9s en un clin d&#8217;\u0153il!<br \/>\nSyst\u00e8me exclusif BlenderMix: turbulence optimis\u00e9e pour une \u00e9mulsion parfaite.<br \/>\nDe 600 \u00e0 22000 tr \/ min: grande plage de vitesse, d\u00e9marrage progressif, mode impulsion turbo pour des soupes plus cr\u00e9meuses.Bo\u00eete en verre r\u00e9sistant pour r\u00e9sister aux pr\u00e9parations chaudes et froides.<br \/>\nDESCRIPTION TECHNIQUE<br \/>\nCapacit\u00e9: 1,8 litres<br \/>\nBlenderMix: Parfait pour les \u00e9mulsions 5 fonctions pr\u00e9programm\u00e9es: Glace pil\u00e9e, smoothies, soupes, Semifreddo, Rin\u00e7age automatique Vitesse variable progressive: d\u00e9marrage, mode puls\u00e9 turboConteneur:<br \/>\nVerre r\u00e9sistant \u00e0 la chaleur<br \/>\nPale de m\u00e9lange: 1 \u00c9conomie d&#8217;\u00e9nergie: veille 0 W<br \/>\nLivre de cuisine et application<br \/>\nNettoyage: enti\u00e8rement<br \/>\nMat\u00e9riel: 0% BPA<br \/>\nPuissance du moteur: 1300 W<br \/>\nRpm: de 600 \u00e0 22000<br \/>\nGarantie: 3 ans<br \/>\nDimensions: H405 x L165 x P165 mm<br \/>\nPoids: 4,8 kg<br \/>\nRemarque: la prise d&#8217;alimentation est europ\u00e9enne Schuko<br \/>\n<strong>Pas \u00e0 vendre en dehors de l&#8217;Europe<\/strong><\/p>\n","protected":false},"excerpt":{"rendered":"<p>Blender incluant Mini Bol ! MAGIMIX C&#8217;est en France, au c\u0153ur de la Bourgogne, r\u00e9put\u00e9e pour sa gastronomie, que Magimix<\/p>\n","protected":false},"featured_media":111723,"template":"","meta":{"_acf_changed":false,"inline_featured_image":false},"product_cat":[12766,12449],"product_tag":[13262,13001,12948,12994,15610,13746,15912,13260,13747,13004],"acf":[],"yoast_head":"<!-- This site is optimized with the Yoast SEO Premium plugin v18.6 (Yoast SEO v19.13) - https:\/\/yoast.com\/wordpress\/plugins\/seo\/ -->\n<title>MAGIMIX Power Blender Chrome Avec Mini Bol - Erresse Shop<\/title>\n<meta name=\"description\" content=\"Blender incluant Mini Bol ! MAGIMIX C&#039;est en France, au c\u0153ur de la Bourgogne, r\u00e9put\u00e9e pour sa gastronomie, que Magimix a invent\u00e9, il y a plus de quarante\" \/>\n<meta name=\"robots\" content=\"index, follow, max-snippet:-1, max-image-preview:large, max-video-preview:-1\" \/>\n<link rel=\"canonical\" href=\"https:\/\/www.erresse-shop.it\/fr\/shop\/petits-electromenagers\/mixeurs\/magimix-power-blender-chrome-avec-mini-bol\/\" \/>\n<meta property=\"og:locale\" content=\"fr_FR\" \/>\n<meta property=\"og:type\" content=\"article\" \/>\n<meta property=\"og:title\" content=\"MAGIMIX Power Blender Chrome Avec Mini Bol\" \/>\n<meta property=\"og:description\" content=\"Blender incluant Mini Bol ! MAGIMIX C&#039;est en France, au c\u0153ur de la Bourgogne, r\u00e9put\u00e9e pour sa gastronomie, que Magimix a invent\u00e9, il y a plus de quarante\" \/>\n<meta property=\"og:url\" content=\"https:\/\/www.erresse-shop.it\/fr\/shop\/petits-electromenagers\/mixeurs\/magimix-power-blender-chrome-avec-mini-bol\/\" \/>\n<meta property=\"og:site_name\" content=\"Erresse Shop\" \/>\n<meta property=\"article:modified_time\" content=\"2023-08-25T11:48:22+00:00\" \/>\n<meta property=\"og:image\" content=\"https:\/\/www.erresse-shop.it\/wp-content\/uploads\/2021\/08\/MAGIMIX-Frullatore-Grigio-con-Minibol-wm.jpg\" \/>\n\t<meta property=\"og:image:width\" content=\"1000\" \/>\n\t<meta property=\"og:image:height\" content=\"1000\" \/>\n\t<meta property=\"og:image:type\" content=\"image\/jpeg\" \/>\n<meta name=\"twitter:card\" content=\"summary_large_image\" \/>\n<script type=\"application\/ld+json\" class=\"yoast-schema-graph\">{\"@context\":\"https:\/\/schema.org\",\"@graph\":[{\"@type\":\"WebPage\",\"@id\":\"https:\/\/www.erresse-shop.it\/fr\/shop\/petits-electromenagers\/mixeurs\/magimix-power-blender-chrome-avec-mini-bol\/\",\"url\":\"https:\/\/www.erresse-shop.it\/fr\/shop\/petits-electromenagers\/mixeurs\/magimix-power-blender-chrome-avec-mini-bol\/\",\"name\":\"MAGIMIX Power Blender Chrome Avec Mini Bol - Erresse Shop\",\"isPartOf\":{\"@id\":\"https:\/\/www.erresse-shop.it\/fr\/#website\"},\"datePublished\":\"2022-10-28T13:28:36+00:00\",\"dateModified\":\"2023-08-25T11:48:22+00:00\",\"description\":\"Blender incluant Mini Bol ! MAGIMIX C'est en France, au c\u0153ur de la Bourgogne, r\u00e9put\u00e9e pour sa gastronomie, que Magimix a invent\u00e9, il y a plus de quarante\",\"breadcrumb\":{\"@id\":\"https:\/\/www.erresse-shop.it\/fr\/shop\/petits-electromenagers\/mixeurs\/magimix-power-blender-chrome-avec-mini-bol\/#breadcrumb\"},\"inLanguage\":\"fr-FR\",\"potentialAction\":[{\"@type\":\"ReadAction\",\"target\":[\"https:\/\/www.erresse-shop.it\/fr\/shop\/petits-electromenagers\/mixeurs\/magimix-power-blender-chrome-avec-mini-bol\/\"]}]},{\"@type\":\"BreadcrumbList\",\"@id\":\"https:\/\/www.erresse-shop.it\/fr\/shop\/petits-electromenagers\/mixeurs\/magimix-power-blender-chrome-avec-mini-bol\/#breadcrumb\",\"itemListElement\":[{\"@type\":\"ListItem\",\"position\":1,\"name\":\"Home\",\"item\":\"https:\/\/www.erresse-shop.it\/fr\/\"},{\"@type\":\"ListItem\",\"position\":2,\"name\":\"Shop\",\"item\":\"https:\/\/www.erresse-shop.it\/fr\/shop\/\"},{\"@type\":\"ListItem\",\"position\":3,\"name\":\"MAGIMIX Power Blender Chrome Avec Mini Bol\"}]},{\"@type\":\"WebSite\",\"@id\":\"https:\/\/www.erresse-shop.it\/fr\/#website\",\"url\":\"https:\/\/www.erresse-shop.it\/fr\/\",\"name\":\"Erresse Shop\",\"description\":\"Articoli di qualit\u00e0 per la casa\",\"potentialAction\":[{\"@type\":\"SearchAction\",\"target\":{\"@type\":\"EntryPoint\",\"urlTemplate\":\"https:\/\/www.erresse-shop.it\/fr\/?s={search_term_string}\"},\"query-input\":\"required name=search_term_string\"}],\"inLanguage\":\"fr-FR\"}]}<\/script>\n<!-- \/ Yoast SEO Premium plugin. -->","yoast_head_json":{"title":"MAGIMIX Power Blender Chrome Avec Mini Bol - Erresse Shop","description":"Blender incluant Mini Bol ! MAGIMIX C'est en France, au c\u0153ur de la Bourgogne, r\u00e9put\u00e9e pour sa gastronomie, que Magimix a invent\u00e9, il y a plus de quarante","robots":{"index":"index","follow":"follow","max-snippet":"max-snippet:-1","max-image-preview":"max-image-preview:large","max-video-preview":"max-video-preview:-1"},"canonical":"https:\/\/www.erresse-shop.it\/fr\/shop\/petits-electromenagers\/mixeurs\/magimix-power-blender-chrome-avec-mini-bol\/","og_locale":"fr_FR","og_type":"article","og_title":"MAGIMIX Power Blender Chrome Avec Mini Bol","og_description":"Blender incluant Mini Bol ! MAGIMIX C'est en France, au c\u0153ur de la Bourgogne, r\u00e9put\u00e9e pour sa gastronomie, que Magimix a invent\u00e9, il y a plus de quarante","og_url":"https:\/\/www.erresse-shop.it\/fr\/shop\/petits-electromenagers\/mixeurs\/magimix-power-blender-chrome-avec-mini-bol\/","og_site_name":"Erresse Shop","article_modified_time":"2023-08-25T11:48:22+00:00","og_image":[{"width":1000,"height":1000,"url":"https:\/\/www.erresse-shop.it\/wp-content\/uploads\/2021\/08\/MAGIMIX-Frullatore-Grigio-con-Minibol-wm.jpg","type":"image\/jpeg"}],"twitter_card":"summary_large_image","schema":{"@context":"https:\/\/schema.org","@graph":[{"@type":"WebPage","@id":"https:\/\/www.erresse-shop.it\/fr\/shop\/petits-electromenagers\/mixeurs\/magimix-power-blender-chrome-avec-mini-bol\/","url":"https:\/\/www.erresse-shop.it\/fr\/shop\/petits-electromenagers\/mixeurs\/magimix-power-blender-chrome-avec-mini-bol\/","name":"MAGIMIX Power Blender Chrome Avec Mini Bol - Erresse Shop","isPartOf":{"@id":"https:\/\/www.erresse-shop.it\/fr\/#website"},"datePublished":"2022-10-28T13:28:36+00:00","dateModified":"2023-08-25T11:48:22+00:00","description":"Blender incluant Mini Bol ! MAGIMIX C'est en France, au c\u0153ur de la Bourgogne, r\u00e9put\u00e9e pour sa gastronomie, que Magimix a invent\u00e9, il y a plus de quarante","breadcrumb":{"@id":"https:\/\/www.erresse-shop.it\/fr\/shop\/petits-electromenagers\/mixeurs\/magimix-power-blender-chrome-avec-mini-bol\/#breadcrumb"},"inLanguage":"fr-FR","potentialAction":[{"@type":"ReadAction","target":["https:\/\/www.erresse-shop.it\/fr\/shop\/petits-electromenagers\/mixeurs\/magimix-power-blender-chrome-avec-mini-bol\/"]}]},{"@type":"BreadcrumbList","@id":"https:\/\/www.erresse-shop.it\/fr\/shop\/petits-electromenagers\/mixeurs\/magimix-power-blender-chrome-avec-mini-bol\/#breadcrumb","itemListElement":[{"@type":"ListItem","position":1,"name":"Home","item":"https:\/\/www.erresse-shop.it\/fr\/"},{"@type":"ListItem","position":2,"name":"Shop","item":"https:\/\/www.erresse-shop.it\/fr\/shop\/"},{"@type":"ListItem","position":3,"name":"MAGIMIX Power Blender Chrome Avec Mini Bol"}]},{"@type":"WebSite","@id":"https:\/\/www.erresse-shop.it\/fr\/#website","url":"https:\/\/www.erresse-shop.it\/fr\/","name":"Erresse Shop","description":"Articoli di qualit\u00e0 per la casa","potentialAction":[{"@type":"SearchAction","target":{"@type":"EntryPoint","urlTemplate":"https:\/\/www.erresse-shop.it\/fr\/?s={search_term_string}"},"query-input":"required name=search_term_string"}],"inLanguage":"fr-FR"}]}},"df_price":201.5,"df_sale_price":201.5,"df_regular_price":310,"df_image_link":"https:\/\/www.erresse-shop.it\/wp-content\/uploads\/2021\/08\/MAGIMIX-Frullatore-Grigio-con-Minibol-wm-300x300.jpg","_links":{"self":[{"href":"https:\/\/www.erresse-shop.it\/fr\/wp-json\/wp\/v2\/product\/199517"}],"collection":[{"href":"https:\/\/www.erresse-shop.it\/fr\/wp-json\/wp\/v2\/product"}],"about":[{"href":"https:\/\/www.erresse-shop.it\/fr\/wp-json\/wp\/v2\/types\/product"}],"wp:featuredmedia":[{"embeddable":true,"href":"https:\/\/www.erresse-shop.it\/fr\/wp-json\/wp\/v2\/media\/111723"}],"wp:attachment":[{"href":"https:\/\/www.erresse-shop.it\/fr\/wp-json\/wp\/v2\/media?parent=199517"}],"wp:term":[{"taxonomy":"product_cat","embeddable":true,"href":"https:\/\/www.erresse-shop.it\/fr\/wp-json\/wp\/v2\/product_cat?post=199517"},{"taxonomy":"product_tag","embeddable":true,"href":"https:\/\/www.erresse-shop.it\/fr\/wp-json\/wp\/v2\/product_tag?post=199517"}],"curies":[{"name":"wp","href":"https:\/\/api.w.org\/{rel}","templated":true}]}}