{"id":197633,"date":"2022-10-26T07:26:34","date_gmt":"2022-10-26T07:26:38","guid":{"rendered":"https:\/\/www.erresse-shop.it\/?post_type=product&#038;p=197633"},"modified":"2025-01-14T17:34:52","modified_gmt":"2025-01-14T17:34:52","slug":"cuisinart-gril-a-deux-plaques","status":"publish","type":"product","link":"https:\/\/www.erresse-shop.it\/fr\/shop\/cuisine\/cuisinart-gril-a-deux-plaques\/","title":{"rendered":"CUISINART Gril \u00e0 deux plaques"},"content":{"rendered":"<p>Ce gril est un produit vraiment polyvalent \u00e0 avoir dans votre cuisine. Les plaques interchangeables, r\u00e9sistantes au lave-vaisselle, nervur\u00e9es et lisses, peuvent \u00eatre utilis\u00e9es pour une grande vari\u00e9t\u00e9 de recettes, des cr\u00eapes savoureuses aux d\u00e9licieux sandwichs ou aux steaks parfaits.<\/p>\n<p>Faisant partie de la collection Style, il est parfait dans n&#8217;importe quelle cuisine.<\/p>\n<p>Ce gril est livr\u00e9 avec deux jeux de plaques amovibles allant au lave-vaisselle. Utilisez les plaques nervur\u00e9es pour obtenir des marques de gril parfaites sur les viandes et les sandwichs ou les plaques lisses pour les \u0153ufs et les cr\u00eapes. Vous pouvez \u00e9galement avoir un gril par type.<\/p>\n<p>Avec une temp\u00e9rature de 240 \u00b0C, il cuit les steaks en quelques minutes. Les diff\u00e9rents r\u00e9glages de chaleur vous permettent de contr\u00f4ler totalement la cuisson, m\u00eame celle des poissons et des l\u00e9gumes d\u00e9licats. Le chauffage rapide et la r\u00e9cup\u00e9ration de la chaleur vous permettent d&#8217;obtenir des r\u00e9sultats de cuisson professionnels, quelle que soit votre recette. Le rev\u00eatement antiadh\u00e9sif de haute qualit\u00e9 ne n\u00e9cessite qu&#8217;un peu d&#8217;huile et le plateau int\u00e9gr\u00e9 permet de recueillir l&#8217;exc\u00e8s de graisse.<\/p>\n<p>Lorsqu&#8217;il est utilis\u00e9 comme un gril ferm\u00e9, la charni\u00e8re mobile repose doucement sur les aliments, cuisant la viande rapidement et uniform\u00e9ment des deux c\u00f4t\u00e9s. En l&#8217;ouvrant compl\u00e8tement, vous pouvez l&#8217;utiliser pour des ingr\u00e9dients plus d\u00e9licats ou pour une plus grande surface de cuisson. Vous pouvez r\u00e9gler le minuteur pour \u00eatre averti lorsque les aliments sont pr\u00eats.<\/p>\n<p><strong>ACCESSOIRES :<\/strong><\/p>\n<ul>\n<li>2 jeux de plaques nervur\u00e9es et lisses<\/li>\n<li>Spatule \/ outil de nettoyage<\/li>\n<li>Bac de r\u00e9cup\u00e9ration d&#8217;huile amovible<\/li>\n<\/ul>\n<p><strong>CARACT\u00c9RISTIQUES TECHNIQUES :<\/strong><\/p>\n<ul>\n<li>2 jeux de plaques interchangeables, compatibles avec le lave-vaisselle.<\/li>\n<li>Rev\u00eatement antiadh\u00e9sif de haute qualit\u00e9 pour un nettoyage facile.<\/li>\n<li>Minuterie r\u00e9glable de 0 \u00e0 30 minutes.<\/li>\n<li>Contr\u00f4le de la temp\u00e9rature variable jusqu&#8217;\u00e0 240 \u00b0C.<\/li>\n<li>Peut \u00eatre utilis\u00e9 comme un gril ferm\u00e9 pour une cuisson plus rapide ou ouvert pour les grandes quantit\u00e9s et les ingr\u00e9dients d\u00e9licats.<\/li>\n<li>Charni\u00e8re mobile jusqu&#8217;\u00e0 8 cm d&#8217;\u00e9paisseur<\/li>\n<li>Le plateau int\u00e9gr\u00e9 recueille l&#8217;exc\u00e8s de graisse pour une cuisson plus saine.<\/li>\n<li>Dimensions (position ferm\u00e9e) : H 20 x L 37 x P 33 cm.<\/li>\n<\/ul>\n<p><span style=\"text-decoration: underline;\"><strong>Garantie de 5 ans<\/strong><\/span><br \/>\n<span style=\"text-decoration: underline;\"><strong>Ne peut \u00eatre vendu en dehors de l&#8217;Europe<\/strong><\/span><\/p>\n","protected":false},"excerpt":{"rendered":"<p>Ce gril est un produit vraiment polyvalent \u00e0 avoir dans votre cuisine. Les plaques interchangeables, r\u00e9sistantes au lave-vaisselle, nervur\u00e9es et<\/p>\n","protected":false},"featured_media":491177,"template":"","meta":{"_acf_changed":false,"inline_featured_image":false},"product_cat":[12748],"product_tag":[24365],"acf":[],"yoast_head":"<!-- This site is optimized with the Yoast SEO Premium plugin v18.6 (Yoast SEO v19.13) - https:\/\/yoast.com\/wordpress\/plugins\/seo\/ -->\n<title>CUISINART Gril \u00e0 deux plaques<\/title>\n<meta name=\"description\" content=\"D\u00e9couvrez CUISINART Gril \u00e0 deux plaques sur ErresseShop. Qualit\u00e9, prix r\u00e9duits et achat s\u00e9curis\u00e9 \u2013 commandez d\u00e8s maintenant en ligne !\" \/>\n<meta name=\"robots\" content=\"index, follow, max-snippet:-1, max-image-preview:large, max-video-preview:-1\" \/>\n<link rel=\"canonical\" href=\"https:\/\/www.erresse-shop.it\/fr\/shop\/cuisine\/cuisinart-gril-a-deux-plaques\/\" \/>\n<meta property=\"og:locale\" content=\"fr_FR\" \/>\n<meta property=\"og:type\" content=\"article\" \/>\n<meta property=\"og:title\" content=\"CUISINART Gril \u00e0 deux plaques\" \/>\n<meta property=\"og:description\" content=\"D\u00e9couvrez CUISINART Gril \u00e0 deux plaques sur ErresseShop. Qualit\u00e9, prix r\u00e9duits et achat s\u00e9curis\u00e9 \u2013 commandez d\u00e8s maintenant en ligne !\" \/>\n<meta property=\"og:url\" content=\"https:\/\/www.erresse-shop.it\/fr\/shop\/cuisine\/cuisinart-gril-a-deux-plaques\/\" \/>\n<meta property=\"og:site_name\" content=\"Erresse Shop\" \/>\n<meta property=\"article:modified_time\" content=\"2025-01-14T17:34:52+00:00\" \/>\n<meta property=\"og:image\" content=\"https:\/\/www.erresse-shop.it\/wp-content\/uploads\/2022\/10\/CUISINART-grill-due-piastre2.gif\" \/>\n\t<meta property=\"og:image:width\" content=\"800\" \/>\n\t<meta property=\"og:image:height\" content=\"800\" \/>\n\t<meta property=\"og:image:type\" content=\"image\/gif\" \/>\n<meta name=\"twitter:card\" content=\"summary_large_image\" \/>\n<script type=\"application\/ld+json\" class=\"yoast-schema-graph\">{\"@context\":\"https:\/\/schema.org\",\"@graph\":[{\"@type\":\"WebPage\",\"@id\":\"https:\/\/www.erresse-shop.it\/fr\/shop\/cuisine\/cuisinart-gril-a-deux-plaques\/\",\"url\":\"https:\/\/www.erresse-shop.it\/fr\/shop\/cuisine\/cuisinart-gril-a-deux-plaques\/\",\"name\":\"CUISINART Gril \u00e0 deux plaques\",\"isPartOf\":{\"@id\":\"https:\/\/www.erresse-shop.it\/fr\/#website\"},\"datePublished\":\"2022-10-26T07:26:38+00:00\",\"dateModified\":\"2025-01-14T17:34:52+00:00\",\"description\":\"D\u00e9couvrez CUISINART Gril \u00e0 deux plaques sur ErresseShop. Qualit\u00e9, prix r\u00e9duits et achat s\u00e9curis\u00e9 \u2013 commandez d\u00e8s maintenant en ligne !\",\"breadcrumb\":{\"@id\":\"https:\/\/www.erresse-shop.it\/fr\/shop\/cuisine\/cuisinart-gril-a-deux-plaques\/#breadcrumb\"},\"inLanguage\":\"fr-FR\",\"potentialAction\":[{\"@type\":\"ReadAction\",\"target\":[\"https:\/\/www.erresse-shop.it\/fr\/shop\/cuisine\/cuisinart-gril-a-deux-plaques\/\"]}]},{\"@type\":\"BreadcrumbList\",\"@id\":\"https:\/\/www.erresse-shop.it\/fr\/shop\/cuisine\/cuisinart-gril-a-deux-plaques\/#breadcrumb\",\"itemListElement\":[{\"@type\":\"ListItem\",\"position\":1,\"name\":\"Home\",\"item\":\"https:\/\/www.erresse-shop.it\/fr\/\"},{\"@type\":\"ListItem\",\"position\":2,\"name\":\"Shop\",\"item\":\"https:\/\/www.erresse-shop.it\/fr\/shop\/\"},{\"@type\":\"ListItem\",\"position\":3,\"name\":\"CUISINART Gril \u00e0 deux plaques\"}]},{\"@type\":\"WebSite\",\"@id\":\"https:\/\/www.erresse-shop.it\/fr\/#website\",\"url\":\"https:\/\/www.erresse-shop.it\/fr\/\",\"name\":\"Erresse Shop\",\"description\":\"Articoli di qualit\u00e0 per la casa\",\"potentialAction\":[{\"@type\":\"SearchAction\",\"target\":{\"@type\":\"EntryPoint\",\"urlTemplate\":\"https:\/\/www.erresse-shop.it\/fr\/?s={search_term_string}\"},\"query-input\":\"required name=search_term_string\"}],\"inLanguage\":\"fr-FR\"}]}<\/script>\n<!-- \/ Yoast SEO Premium plugin. -->","yoast_head_json":{"title":"CUISINART Gril \u00e0 deux plaques","description":"D\u00e9couvrez CUISINART Gril \u00e0 deux plaques sur ErresseShop. Qualit\u00e9, prix r\u00e9duits et achat s\u00e9curis\u00e9 \u2013 commandez d\u00e8s maintenant en ligne !","robots":{"index":"index","follow":"follow","max-snippet":"max-snippet:-1","max-image-preview":"max-image-preview:large","max-video-preview":"max-video-preview:-1"},"canonical":"https:\/\/www.erresse-shop.it\/fr\/shop\/cuisine\/cuisinart-gril-a-deux-plaques\/","og_locale":"fr_FR","og_type":"article","og_title":"CUISINART Gril \u00e0 deux plaques","og_description":"D\u00e9couvrez CUISINART Gril \u00e0 deux plaques sur ErresseShop. Qualit\u00e9, prix r\u00e9duits et achat s\u00e9curis\u00e9 \u2013 commandez d\u00e8s maintenant en ligne !","og_url":"https:\/\/www.erresse-shop.it\/fr\/shop\/cuisine\/cuisinart-gril-a-deux-plaques\/","og_site_name":"Erresse Shop","article_modified_time":"2025-01-14T17:34:52+00:00","og_image":[{"width":800,"height":800,"url":"https:\/\/www.erresse-shop.it\/wp-content\/uploads\/2022\/10\/CUISINART-grill-due-piastre2.gif","type":"image\/gif"}],"twitter_card":"summary_large_image","schema":{"@context":"https:\/\/schema.org","@graph":[{"@type":"WebPage","@id":"https:\/\/www.erresse-shop.it\/fr\/shop\/cuisine\/cuisinart-gril-a-deux-plaques\/","url":"https:\/\/www.erresse-shop.it\/fr\/shop\/cuisine\/cuisinart-gril-a-deux-plaques\/","name":"CUISINART Gril \u00e0 deux plaques","isPartOf":{"@id":"https:\/\/www.erresse-shop.it\/fr\/#website"},"datePublished":"2022-10-26T07:26:38+00:00","dateModified":"2025-01-14T17:34:52+00:00","description":"D\u00e9couvrez CUISINART Gril \u00e0 deux plaques sur ErresseShop. Qualit\u00e9, prix r\u00e9duits et achat s\u00e9curis\u00e9 \u2013 commandez d\u00e8s maintenant en ligne !","breadcrumb":{"@id":"https:\/\/www.erresse-shop.it\/fr\/shop\/cuisine\/cuisinart-gril-a-deux-plaques\/#breadcrumb"},"inLanguage":"fr-FR","potentialAction":[{"@type":"ReadAction","target":["https:\/\/www.erresse-shop.it\/fr\/shop\/cuisine\/cuisinart-gril-a-deux-plaques\/"]}]},{"@type":"BreadcrumbList","@id":"https:\/\/www.erresse-shop.it\/fr\/shop\/cuisine\/cuisinart-gril-a-deux-plaques\/#breadcrumb","itemListElement":[{"@type":"ListItem","position":1,"name":"Home","item":"https:\/\/www.erresse-shop.it\/fr\/"},{"@type":"ListItem","position":2,"name":"Shop","item":"https:\/\/www.erresse-shop.it\/fr\/shop\/"},{"@type":"ListItem","position":3,"name":"CUISINART Gril \u00e0 deux plaques"}]},{"@type":"WebSite","@id":"https:\/\/www.erresse-shop.it\/fr\/#website","url":"https:\/\/www.erresse-shop.it\/fr\/","name":"Erresse Shop","description":"Articoli di qualit\u00e0 per la casa","potentialAction":[{"@type":"SearchAction","target":{"@type":"EntryPoint","urlTemplate":"https:\/\/www.erresse-shop.it\/fr\/?s={search_term_string}"},"query-input":"required name=search_term_string"}],"inLanguage":"fr-FR"}]}},"df_price":199.9,"df_sale_price":199.9,"df_regular_price":199.9,"df_image_link":"https:\/\/www.erresse-shop.it\/wp-content\/uploads\/2022\/10\/CUISINART-Grill-Due-Piastre-300x300.jpg","_links":{"self":[{"href":"https:\/\/www.erresse-shop.it\/fr\/wp-json\/wp\/v2\/product\/197633"}],"collection":[{"href":"https:\/\/www.erresse-shop.it\/fr\/wp-json\/wp\/v2\/product"}],"about":[{"href":"https:\/\/www.erresse-shop.it\/fr\/wp-json\/wp\/v2\/types\/product"}],"wp:featuredmedia":[{"embeddable":true,"href":"https:\/\/www.erresse-shop.it\/fr\/wp-json\/wp\/v2\/media\/491177"}],"wp:attachment":[{"href":"https:\/\/www.erresse-shop.it\/fr\/wp-json\/wp\/v2\/media?parent=197633"}],"wp:term":[{"taxonomy":"product_cat","embeddable":true,"href":"https:\/\/www.erresse-shop.it\/fr\/wp-json\/wp\/v2\/product_cat?post=197633"},{"taxonomy":"product_tag","embeddable":true,"href":"https:\/\/www.erresse-shop.it\/fr\/wp-json\/wp\/v2\/product_tag?post=197633"}],"curies":[{"name":"wp","href":"https:\/\/api.w.org\/{rel}","templated":true}]}}