{"id":197483,"date":"2022-10-25T13:08:24","date_gmt":"2022-10-25T13:08:28","guid":{"rendered":"https:\/\/www.erresse-shop.it\/?post_type=product&#038;p=197483"},"modified":"2025-01-14T17:34:54","modified_gmt":"2025-01-14T17:34:54","slug":"cuisinart-grille-pain-a-2-tranches","status":"publish","type":"product","link":"https:\/\/www.erresse-shop.it\/fr\/shop\/cuisine\/cuisinart-grille-pain-a-2-tranches\/","title":{"rendered":"CUISINART Grille-pain \u00e0 2 tranches"},"content":{"rendered":"<p>Faisant partie de notre collection Style, cet \u00e9l\u00e9gant grille-pain \u00e0 2 tranches en acier inoxydable ajoutera une touche de couleur subtile \u00e0 votre cuisine.<\/p>\n<p>Compl\u00e9tez le look avec une bouilloire assortie dans la m\u00eame belle finition ou m\u00e9langez et assortissez les diff\u00e9rentes teintes disponibles.<\/p>\n<p>Les fentes de grillage extra larges sont sp\u00e9cialement con\u00e7ues pour accueillir m\u00eame les tranches de pain \u00e9paisses, assurant un brunissement uniforme. Les diff\u00e9rents r\u00e9glages de grillage vous permettent d&#8217;obtenir des r\u00e9sultats parfaits comme vous les aimez.<\/p>\n<p>Utilisez la fonction de r\u00e9chauffage pour r\u00e9chauffer les toasts sans les faire trop brunir et la fonction de d\u00e9cong\u00e9lation pour d\u00e9congeler et griller en m\u00eame temps. Le r\u00e9glage pour les bagels ajoute du temps suppl\u00e9mentaire pour des r\u00e9sultats parfaits avec le pain, les petits pains, les muffins et les bagels.<\/p>\n<p>Si vous recherchez des produits assortis, vous pouvez combiner ce grille-pain avec les autres produits de la m\u00eame couleur dans notre collection Style, ou vous pouvez m\u00e9langer et assortir les diff\u00e9rentes teintes disponibles cr\u00e9\u00e9es pour s&#8217;harmoniser entre elles.<\/p>\n<p><strong>CARACT\u00c9RISTIQUES TECHNIQUES :<\/strong><\/p>\n<ul>\n<li>6 r\u00e9glages de grillage<\/li>\n<li>Fentes extra-larges pour des r\u00e9sultats parfaits m\u00eame avec des tranches \u00e9paisses.<\/li>\n<li>Syst\u00e8me autocentr\u00e9 pour des r\u00e9sultats uniformes.<\/li>\n<li>Fonction bagel.<\/li>\n<li>Fonction de d\u00e9cong\u00e9lation.<\/li>\n<li>Fonction de chauffage.<\/li>\n<li>Vous pouvez interrompre manuellement le cycle de grillage.<\/li>\n<li>Le levier de levage permet de retirer facilement les petits pains, bagels et scones.<\/li>\n<li>Plateau ramasse-miettes amovible int\u00e9gr\u00e9 pour un nettoyage facile.<\/li>\n<\/ul>\n<p><span style=\"text-decoration: underline;\"><strong>Garantie de 3 ans<\/strong><\/span><br \/>\n<span style=\"text-decoration: underline;\"><strong>Ne peut \u00eatre vendu en dehors de l&#8217;Europe<\/strong><\/span><\/p>\n","protected":false},"excerpt":{"rendered":"<p>Faisant partie de notre collection Style, cet \u00e9l\u00e9gant grille-pain \u00e0 2 tranches en acier inoxydable ajoutera une touche de couleur<\/p>\n","protected":false},"featured_media":197506,"template":"","meta":{"_acf_changed":false,"inline_featured_image":false},"product_cat":[12748],"product_tag":[24365],"acf":[],"yoast_head":"<!-- This site is optimized with the Yoast SEO Premium plugin v18.6 (Yoast SEO v19.13) - https:\/\/yoast.com\/wordpress\/plugins\/seo\/ -->\n<title>CUISINART Grille-pain \u00e0 2 tranches<\/title>\n<meta name=\"description\" content=\"D\u00e9couvrez CUISINART Grille-pain \u00e0 2 tranches sur ErresseShop. Qualit\u00e9, prix r\u00e9duits et achat s\u00e9curis\u00e9 \u2013 commandez d\u00e8s maintenant en ligne !\" \/>\n<meta name=\"robots\" content=\"index, follow, max-snippet:-1, max-image-preview:large, max-video-preview:-1\" \/>\n<link rel=\"canonical\" href=\"https:\/\/www.erresse-shop.it\/fr\/shop\/cuisine\/cuisinart-grille-pain-a-2-tranches\/\" \/>\n<meta property=\"og:locale\" content=\"fr_FR\" \/>\n<meta property=\"og:type\" content=\"article\" \/>\n<meta property=\"og:title\" content=\"CUISINART Grille-pain \u00e0 2 tranches\" \/>\n<meta property=\"og:description\" content=\"D\u00e9couvrez CUISINART Grille-pain \u00e0 2 tranches sur ErresseShop. Qualit\u00e9, prix r\u00e9duits et achat s\u00e9curis\u00e9 \u2013 commandez d\u00e8s maintenant en ligne !\" \/>\n<meta property=\"og:url\" content=\"https:\/\/www.erresse-shop.it\/fr\/shop\/cuisine\/cuisinart-grille-pain-a-2-tranches\/\" \/>\n<meta property=\"og:site_name\" content=\"Erresse Shop\" \/>\n<meta property=\"article:modified_time\" content=\"2025-01-14T17:34:54+00:00\" \/>\n<meta property=\"og:image\" content=\"https:\/\/www.erresse-shop.it\/wp-content\/uploads\/2022\/10\/CUISINART-Tostapane3.jpg\" \/>\n\t<meta property=\"og:image:width\" content=\"800\" \/>\n\t<meta property=\"og:image:height\" content=\"800\" \/>\n\t<meta property=\"og:image:type\" content=\"image\/jpeg\" \/>\n<meta name=\"twitter:card\" content=\"summary_large_image\" \/>\n<script type=\"application\/ld+json\" class=\"yoast-schema-graph\">{\"@context\":\"https:\/\/schema.org\",\"@graph\":[{\"@type\":\"WebPage\",\"@id\":\"https:\/\/www.erresse-shop.it\/fr\/shop\/cuisine\/cuisinart-grille-pain-a-2-tranches\/\",\"url\":\"https:\/\/www.erresse-shop.it\/fr\/shop\/cuisine\/cuisinart-grille-pain-a-2-tranches\/\",\"name\":\"CUISINART Grille-pain \u00e0 2 tranches\",\"isPartOf\":{\"@id\":\"https:\/\/www.erresse-shop.it\/fr\/#website\"},\"datePublished\":\"2022-10-25T13:08:28+00:00\",\"dateModified\":\"2025-01-14T17:34:54+00:00\",\"description\":\"D\u00e9couvrez CUISINART Grille-pain \u00e0 2 tranches sur ErresseShop. Qualit\u00e9, prix r\u00e9duits et achat s\u00e9curis\u00e9 \u2013 commandez d\u00e8s maintenant en ligne !\",\"breadcrumb\":{\"@id\":\"https:\/\/www.erresse-shop.it\/fr\/shop\/cuisine\/cuisinart-grille-pain-a-2-tranches\/#breadcrumb\"},\"inLanguage\":\"fr-FR\",\"potentialAction\":[{\"@type\":\"ReadAction\",\"target\":[\"https:\/\/www.erresse-shop.it\/fr\/shop\/cuisine\/cuisinart-grille-pain-a-2-tranches\/\"]}]},{\"@type\":\"BreadcrumbList\",\"@id\":\"https:\/\/www.erresse-shop.it\/fr\/shop\/cuisine\/cuisinart-grille-pain-a-2-tranches\/#breadcrumb\",\"itemListElement\":[{\"@type\":\"ListItem\",\"position\":1,\"name\":\"Home\",\"item\":\"https:\/\/www.erresse-shop.it\/fr\/\"},{\"@type\":\"ListItem\",\"position\":2,\"name\":\"Shop\",\"item\":\"https:\/\/www.erresse-shop.it\/fr\/shop\/\"},{\"@type\":\"ListItem\",\"position\":3,\"name\":\"CUISINART Grille-pain \u00e0 2 tranches\"}]},{\"@type\":\"WebSite\",\"@id\":\"https:\/\/www.erresse-shop.it\/fr\/#website\",\"url\":\"https:\/\/www.erresse-shop.it\/fr\/\",\"name\":\"Erresse Shop\",\"description\":\"Articoli di qualit\u00e0 per la casa\",\"potentialAction\":[{\"@type\":\"SearchAction\",\"target\":{\"@type\":\"EntryPoint\",\"urlTemplate\":\"https:\/\/www.erresse-shop.it\/fr\/?s={search_term_string}\"},\"query-input\":\"required name=search_term_string\"}],\"inLanguage\":\"fr-FR\"}]}<\/script>\n<!-- \/ Yoast SEO Premium plugin. -->","yoast_head_json":{"title":"CUISINART Grille-pain \u00e0 2 tranches","description":"D\u00e9couvrez CUISINART Grille-pain \u00e0 2 tranches sur ErresseShop. Qualit\u00e9, prix r\u00e9duits et achat s\u00e9curis\u00e9 \u2013 commandez d\u00e8s maintenant en ligne !","robots":{"index":"index","follow":"follow","max-snippet":"max-snippet:-1","max-image-preview":"max-image-preview:large","max-video-preview":"max-video-preview:-1"},"canonical":"https:\/\/www.erresse-shop.it\/fr\/shop\/cuisine\/cuisinart-grille-pain-a-2-tranches\/","og_locale":"fr_FR","og_type":"article","og_title":"CUISINART Grille-pain \u00e0 2 tranches","og_description":"D\u00e9couvrez CUISINART Grille-pain \u00e0 2 tranches sur ErresseShop. Qualit\u00e9, prix r\u00e9duits et achat s\u00e9curis\u00e9 \u2013 commandez d\u00e8s maintenant en ligne !","og_url":"https:\/\/www.erresse-shop.it\/fr\/shop\/cuisine\/cuisinart-grille-pain-a-2-tranches\/","og_site_name":"Erresse Shop","article_modified_time":"2025-01-14T17:34:54+00:00","og_image":[{"width":800,"height":800,"url":"https:\/\/www.erresse-shop.it\/wp-content\/uploads\/2022\/10\/CUISINART-Tostapane3.jpg","type":"image\/jpeg"}],"twitter_card":"summary_large_image","schema":{"@context":"https:\/\/schema.org","@graph":[{"@type":"WebPage","@id":"https:\/\/www.erresse-shop.it\/fr\/shop\/cuisine\/cuisinart-grille-pain-a-2-tranches\/","url":"https:\/\/www.erresse-shop.it\/fr\/shop\/cuisine\/cuisinart-grille-pain-a-2-tranches\/","name":"CUISINART Grille-pain \u00e0 2 tranches","isPartOf":{"@id":"https:\/\/www.erresse-shop.it\/fr\/#website"},"datePublished":"2022-10-25T13:08:28+00:00","dateModified":"2025-01-14T17:34:54+00:00","description":"D\u00e9couvrez CUISINART Grille-pain \u00e0 2 tranches sur ErresseShop. Qualit\u00e9, prix r\u00e9duits et achat s\u00e9curis\u00e9 \u2013 commandez d\u00e8s maintenant en ligne !","breadcrumb":{"@id":"https:\/\/www.erresse-shop.it\/fr\/shop\/cuisine\/cuisinart-grille-pain-a-2-tranches\/#breadcrumb"},"inLanguage":"fr-FR","potentialAction":[{"@type":"ReadAction","target":["https:\/\/www.erresse-shop.it\/fr\/shop\/cuisine\/cuisinart-grille-pain-a-2-tranches\/"]}]},{"@type":"BreadcrumbList","@id":"https:\/\/www.erresse-shop.it\/fr\/shop\/cuisine\/cuisinart-grille-pain-a-2-tranches\/#breadcrumb","itemListElement":[{"@type":"ListItem","position":1,"name":"Home","item":"https:\/\/www.erresse-shop.it\/fr\/"},{"@type":"ListItem","position":2,"name":"Shop","item":"https:\/\/www.erresse-shop.it\/fr\/shop\/"},{"@type":"ListItem","position":3,"name":"CUISINART Grille-pain \u00e0 2 tranches"}]},{"@type":"WebSite","@id":"https:\/\/www.erresse-shop.it\/fr\/#website","url":"https:\/\/www.erresse-shop.it\/fr\/","name":"Erresse Shop","description":"Articoli di qualit\u00e0 per la casa","potentialAction":[{"@type":"SearchAction","target":{"@type":"EntryPoint","urlTemplate":"https:\/\/www.erresse-shop.it\/fr\/?s={search_term_string}"},"query-input":"required name=search_term_string"}],"inLanguage":"fr-FR"}]}},"df_price":89.9,"df_sale_price":89.9,"df_regular_price":89.9,"df_image_link":"https:\/\/www.erresse-shop.it\/wp-content\/uploads\/2022\/10\/CUISINART-Tostapane3-300x300.jpg","_links":{"self":[{"href":"https:\/\/www.erresse-shop.it\/fr\/wp-json\/wp\/v2\/product\/197483"}],"collection":[{"href":"https:\/\/www.erresse-shop.it\/fr\/wp-json\/wp\/v2\/product"}],"about":[{"href":"https:\/\/www.erresse-shop.it\/fr\/wp-json\/wp\/v2\/types\/product"}],"wp:featuredmedia":[{"embeddable":true,"href":"https:\/\/www.erresse-shop.it\/fr\/wp-json\/wp\/v2\/media\/197506"}],"wp:attachment":[{"href":"https:\/\/www.erresse-shop.it\/fr\/wp-json\/wp\/v2\/media?parent=197483"}],"wp:term":[{"taxonomy":"product_cat","embeddable":true,"href":"https:\/\/www.erresse-shop.it\/fr\/wp-json\/wp\/v2\/product_cat?post=197483"},{"taxonomy":"product_tag","embeddable":true,"href":"https:\/\/www.erresse-shop.it\/fr\/wp-json\/wp\/v2\/product_tag?post=197483"}],"curies":[{"name":"wp","href":"https:\/\/api.w.org\/{rel}","templated":true}]}}