{"id":197452,"date":"2022-10-25T12:12:21","date_gmt":"2022-10-25T12:12:25","guid":{"rendered":"https:\/\/www.erresse-shop.it\/?post_type=product&#038;p=197452"},"modified":"2025-01-14T17:34:53","modified_gmt":"2025-01-14T17:34:53","slug":"cuisinart-gril-a-double-plaque","status":"publish","type":"product","link":"https:\/\/www.erresse-shop.it\/fr\/shop\/cuisine\/cuisinart-gril-a-double-plaque\/","title":{"rendered":"CUISINART Gril \u00e0 double plaque"},"content":{"rendered":"<p>Ce gril Cuisinart est une v\u00e9ritable plaque de cuisson multifonctionnelle. Les plaques de gril sont lavables au lave-vaisselle et peuvent \u00eatre utilis\u00e9es pour une vari\u00e9t\u00e9 de recettes : l\u00e9gumes grill\u00e9s, sandwichs, steaks et bien plus encore.<\/p>\n<p>Sa finition gris m\u00e9tallis\u00e9 avec des accents en acier inoxydable est assez compacte et se range facilement.<\/p>\n<p>Ce gril est \u00e9quip\u00e9 de plaques nervur\u00e9es amovibles, r\u00e9sistantes au lave-vaisselle.<\/p>\n<p>La temp\u00e9rature maximale de 240 \u00b0C permet de cuire un steak en quelques minutes seulement, et les diff\u00e9rentes options de temp\u00e9rature permettent une cuisson ad\u00e9quate m\u00eame pour les aliments d\u00e9licats comme le poisson et les l\u00e9gumes. Son chauffage rapide et sa stabilit\u00e9 de temp\u00e9rature permettent d&#8217;obtenir un r\u00e9sultat de cuisson professionnel, quelle que soit la recette choisie. Le rev\u00eatement antiadh\u00e9sif de haute qualit\u00e9 est parfait pour une cuisine saine avec tr\u00e8s peu de mati\u00e8res grasses. Il dispose \u00e9galement d&#8217;un plateau pour r\u00e9cup\u00e9rer l&#8217;exc\u00e9dent d&#8217;huile.<\/p>\n<p>Une fois ferm\u00e9, les charni\u00e8res flottantes permettent au couvercle d&#8217;appuyer doucement sur les aliments, sans les \u00e9craser. Ouvert, il peut \u00eatre utilis\u00e9 pour des aliments plus fragiles, augmentant ainsi la surface de cuisson disponible. La minuterie contr\u00f4le le temps de cuisson.<\/p>\n<p><strong>ACCESSOIRES :<\/strong><\/p>\n<ul>\n<li>Jeu d&#8217;assiettes nervur\u00e9es<\/li>\n<li>Spatule de nettoyage<\/li>\n<\/ul>\n<p><strong>CARACT\u00c9RISTIQUES TECHNIQUES :<\/strong><\/p>\n<ul>\n<li>Ensemble de plaques c\u00f4tel\u00e9es amovibles et lavables en machine.<\/li>\n<li>Rev\u00eatement antiadh\u00e9sif de haute qualit\u00e9 pour un nettoyage facile.<\/li>\n<li>Minuterie de 0 \u00e0 30 minutes.<\/li>\n<li>Contr\u00f4le de la temp\u00e9rature variable jusqu&#8217;\u00e0 240 \u00b0C.<\/li>\n<li>Peut \u00eatre utilis\u00e9 comme un gril ferm\u00e9 ou ouvert.<\/li>\n<li>Charni\u00e8re r\u00e9glable en hauteur jusqu&#8217;\u00e0 8 cm.<\/li>\n<li>Le plateau int\u00e9gr\u00e9 recueille les graisses pour une cuisson plus saine.<\/li>\n<li>Dimensions (ferm\u00e9) : 20 (H) x 37 (L) x 33 (P) cm<\/li>\n<\/ul>\n<p><span style=\"text-decoration: underline;\"><strong>Garantie de 5 ans<\/strong><\/span><br \/>\n<span style=\"text-decoration: underline;\"><strong>Ne peut \u00eatre vendu en dehors de l&#8217;Europe<\/strong><\/span><\/p>\n","protected":false},"excerpt":{"rendered":"<p>Ce gril Cuisinart est une v\u00e9ritable plaque de cuisson multifonctionnelle. Les plaques de gril sont lavables au lave-vaisselle et peuvent<\/p>\n","protected":false},"featured_media":492079,"template":"","meta":{"_acf_changed":false,"inline_featured_image":false},"product_cat":[12748],"product_tag":[24365],"acf":[],"yoast_head":"<!-- This site is optimized with the Yoast SEO Premium plugin v18.6 (Yoast SEO v19.13) - https:\/\/yoast.com\/wordpress\/plugins\/seo\/ -->\n<title>CUISINART Gril \u00e0 double plaque<\/title>\n<meta name=\"description\" content=\"D\u00e9couvrez CUISINART Gril \u00e0 double plaque sur ErresseShop. Qualit\u00e9, prix r\u00e9duits et achat s\u00e9curis\u00e9 \u2013 commandez d\u00e8s maintenant en ligne !\" \/>\n<meta name=\"robots\" content=\"index, follow, max-snippet:-1, max-image-preview:large, max-video-preview:-1\" \/>\n<link rel=\"canonical\" href=\"https:\/\/www.erresse-shop.it\/fr\/shop\/cuisine\/cuisinart-gril-a-double-plaque\/\" \/>\n<meta property=\"og:locale\" content=\"fr_FR\" \/>\n<meta property=\"og:type\" content=\"article\" \/>\n<meta property=\"og:title\" content=\"CUISINART Gril \u00e0 double plaque\" \/>\n<meta property=\"og:description\" content=\"D\u00e9couvrez CUISINART Gril \u00e0 double plaque sur ErresseShop. Qualit\u00e9, prix r\u00e9duits et achat s\u00e9curis\u00e9 \u2013 commandez d\u00e8s maintenant en ligne !\" \/>\n<meta property=\"og:url\" content=\"https:\/\/www.erresse-shop.it\/fr\/shop\/cuisine\/cuisinart-gril-a-double-plaque\/\" \/>\n<meta property=\"og:site_name\" content=\"Erresse Shop\" \/>\n<meta property=\"article:modified_time\" content=\"2025-01-14T17:34:53+00:00\" \/>\n<meta property=\"og:image\" content=\"https:\/\/www.erresse-shop.it\/wp-content\/uploads\/2022\/10\/Cuisinart-grill-bistecchiera1.jpg\" \/>\n\t<meta property=\"og:image:width\" content=\"1200\" \/>\n\t<meta property=\"og:image:height\" content=\"1200\" \/>\n\t<meta property=\"og:image:type\" content=\"image\/jpeg\" \/>\n<meta name=\"twitter:card\" content=\"summary_large_image\" \/>\n<script type=\"application\/ld+json\" class=\"yoast-schema-graph\">{\"@context\":\"https:\/\/schema.org\",\"@graph\":[{\"@type\":\"WebPage\",\"@id\":\"https:\/\/www.erresse-shop.it\/fr\/shop\/cuisine\/cuisinart-gril-a-double-plaque\/\",\"url\":\"https:\/\/www.erresse-shop.it\/fr\/shop\/cuisine\/cuisinart-gril-a-double-plaque\/\",\"name\":\"CUISINART Gril \u00e0 double plaque\",\"isPartOf\":{\"@id\":\"https:\/\/www.erresse-shop.it\/fr\/#website\"},\"datePublished\":\"2022-10-25T12:12:25+00:00\",\"dateModified\":\"2025-01-14T17:34:53+00:00\",\"description\":\"D\u00e9couvrez CUISINART Gril \u00e0 double plaque sur ErresseShop. Qualit\u00e9, prix r\u00e9duits et achat s\u00e9curis\u00e9 \u2013 commandez d\u00e8s maintenant en ligne !\",\"breadcrumb\":{\"@id\":\"https:\/\/www.erresse-shop.it\/fr\/shop\/cuisine\/cuisinart-gril-a-double-plaque\/#breadcrumb\"},\"inLanguage\":\"fr-FR\",\"potentialAction\":[{\"@type\":\"ReadAction\",\"target\":[\"https:\/\/www.erresse-shop.it\/fr\/shop\/cuisine\/cuisinart-gril-a-double-plaque\/\"]}]},{\"@type\":\"BreadcrumbList\",\"@id\":\"https:\/\/www.erresse-shop.it\/fr\/shop\/cuisine\/cuisinart-gril-a-double-plaque\/#breadcrumb\",\"itemListElement\":[{\"@type\":\"ListItem\",\"position\":1,\"name\":\"Home\",\"item\":\"https:\/\/www.erresse-shop.it\/fr\/\"},{\"@type\":\"ListItem\",\"position\":2,\"name\":\"Shop\",\"item\":\"https:\/\/www.erresse-shop.it\/fr\/shop\/\"},{\"@type\":\"ListItem\",\"position\":3,\"name\":\"CUISINART Gril \u00e0 double plaque\"}]},{\"@type\":\"WebSite\",\"@id\":\"https:\/\/www.erresse-shop.it\/fr\/#website\",\"url\":\"https:\/\/www.erresse-shop.it\/fr\/\",\"name\":\"Erresse Shop\",\"description\":\"Articoli di qualit\u00e0 per la casa\",\"potentialAction\":[{\"@type\":\"SearchAction\",\"target\":{\"@type\":\"EntryPoint\",\"urlTemplate\":\"https:\/\/www.erresse-shop.it\/fr\/?s={search_term_string}\"},\"query-input\":\"required name=search_term_string\"}],\"inLanguage\":\"fr-FR\"}]}<\/script>\n<!-- \/ Yoast SEO Premium plugin. -->","yoast_head_json":{"title":"CUISINART Gril \u00e0 double plaque","description":"D\u00e9couvrez CUISINART Gril \u00e0 double plaque sur ErresseShop. Qualit\u00e9, prix r\u00e9duits et achat s\u00e9curis\u00e9 \u2013 commandez d\u00e8s maintenant en ligne !","robots":{"index":"index","follow":"follow","max-snippet":"max-snippet:-1","max-image-preview":"max-image-preview:large","max-video-preview":"max-video-preview:-1"},"canonical":"https:\/\/www.erresse-shop.it\/fr\/shop\/cuisine\/cuisinart-gril-a-double-plaque\/","og_locale":"fr_FR","og_type":"article","og_title":"CUISINART Gril \u00e0 double plaque","og_description":"D\u00e9couvrez CUISINART Gril \u00e0 double plaque sur ErresseShop. Qualit\u00e9, prix r\u00e9duits et achat s\u00e9curis\u00e9 \u2013 commandez d\u00e8s maintenant en ligne !","og_url":"https:\/\/www.erresse-shop.it\/fr\/shop\/cuisine\/cuisinart-gril-a-double-plaque\/","og_site_name":"Erresse Shop","article_modified_time":"2025-01-14T17:34:53+00:00","og_image":[{"width":1200,"height":1200,"url":"https:\/\/www.erresse-shop.it\/wp-content\/uploads\/2022\/10\/Cuisinart-grill-bistecchiera1.jpg","type":"image\/jpeg"}],"twitter_card":"summary_large_image","schema":{"@context":"https:\/\/schema.org","@graph":[{"@type":"WebPage","@id":"https:\/\/www.erresse-shop.it\/fr\/shop\/cuisine\/cuisinart-gril-a-double-plaque\/","url":"https:\/\/www.erresse-shop.it\/fr\/shop\/cuisine\/cuisinart-gril-a-double-plaque\/","name":"CUISINART Gril \u00e0 double plaque","isPartOf":{"@id":"https:\/\/www.erresse-shop.it\/fr\/#website"},"datePublished":"2022-10-25T12:12:25+00:00","dateModified":"2025-01-14T17:34:53+00:00","description":"D\u00e9couvrez CUISINART Gril \u00e0 double plaque sur ErresseShop. Qualit\u00e9, prix r\u00e9duits et achat s\u00e9curis\u00e9 \u2013 commandez d\u00e8s maintenant en ligne !","breadcrumb":{"@id":"https:\/\/www.erresse-shop.it\/fr\/shop\/cuisine\/cuisinart-gril-a-double-plaque\/#breadcrumb"},"inLanguage":"fr-FR","potentialAction":[{"@type":"ReadAction","target":["https:\/\/www.erresse-shop.it\/fr\/shop\/cuisine\/cuisinart-gril-a-double-plaque\/"]}]},{"@type":"BreadcrumbList","@id":"https:\/\/www.erresse-shop.it\/fr\/shop\/cuisine\/cuisinart-gril-a-double-plaque\/#breadcrumb","itemListElement":[{"@type":"ListItem","position":1,"name":"Home","item":"https:\/\/www.erresse-shop.it\/fr\/"},{"@type":"ListItem","position":2,"name":"Shop","item":"https:\/\/www.erresse-shop.it\/fr\/shop\/"},{"@type":"ListItem","position":3,"name":"CUISINART Gril \u00e0 double plaque"}]},{"@type":"WebSite","@id":"https:\/\/www.erresse-shop.it\/fr\/#website","url":"https:\/\/www.erresse-shop.it\/fr\/","name":"Erresse Shop","description":"Articoli di qualit\u00e0 per la casa","potentialAction":[{"@type":"SearchAction","target":{"@type":"EntryPoint","urlTemplate":"https:\/\/www.erresse-shop.it\/fr\/?s={search_term_string}"},"query-input":"required name=search_term_string"}],"inLanguage":"fr-FR"}]}},"df_price":179.9,"df_sale_price":179.9,"df_regular_price":179.9,"df_image_link":"https:\/\/www.erresse-shop.it\/wp-content\/uploads\/2022\/10\/CUISINART-Grill-Doppia-Piastra-300x300.jpg","_links":{"self":[{"href":"https:\/\/www.erresse-shop.it\/fr\/wp-json\/wp\/v2\/product\/197452"}],"collection":[{"href":"https:\/\/www.erresse-shop.it\/fr\/wp-json\/wp\/v2\/product"}],"about":[{"href":"https:\/\/www.erresse-shop.it\/fr\/wp-json\/wp\/v2\/types\/product"}],"wp:featuredmedia":[{"embeddable":true,"href":"https:\/\/www.erresse-shop.it\/fr\/wp-json\/wp\/v2\/media\/492079"}],"wp:attachment":[{"href":"https:\/\/www.erresse-shop.it\/fr\/wp-json\/wp\/v2\/media?parent=197452"}],"wp:term":[{"taxonomy":"product_cat","embeddable":true,"href":"https:\/\/www.erresse-shop.it\/fr\/wp-json\/wp\/v2\/product_cat?post=197452"},{"taxonomy":"product_tag","embeddable":true,"href":"https:\/\/www.erresse-shop.it\/fr\/wp-json\/wp\/v2\/product_tag?post=197452"}],"curies":[{"name":"wp","href":"https:\/\/api.w.org\/{rel}","templated":true}]}}