{"id":195662,"date":"2022-10-21T07:09:51","date_gmt":"2022-10-21T07:09:55","guid":{"rendered":"https:\/\/www.erresse-shop.it\/?post_type=product&#038;p=195662"},"modified":"2025-01-14T17:34:51","modified_gmt":"2025-01-14T17:34:51","slug":"cuisinart-cuisson-multifonctionnelle-avec-couvercle-en-verre","status":"publish","type":"product","link":"https:\/\/www.erresse-shop.it\/fr\/shop\/cuisine\/cuisinart-cuisson-multifonctionnelle-avec-couvercle-en-verre\/","title":{"rendered":"CUISINART Cuisson multifonctionnelle avec couvercle en verre"},"content":{"rendered":"<p>Le mini-four avec friteuse \u00e0 air de Cuisinart est rapide et facile \u00e0 utiliser pour cr\u00e9er des recettes cuites au four ou \u00e0 l&#8217;air avec peu ou pas d&#8217;huile ajout\u00e9e, pour une alternative plus saine \u00e0 la friture normale.<\/p>\n<p>Avec 7 fonctions de cuisson diff\u00e9rentes au choix, c&#8217;est bien plus qu&#8217;une simple friteuse. Il peut \u00e9galement \u00eatre utilis\u00e9 pour cuire des d\u00e9lices au four, de d\u00e9licieux r\u00f4tis, de savoureuses pizzas croustillantes, de la viande et du poisson grill\u00e9s de mani\u00e8re experte, et des sandwichs dor\u00e9s exactement selon vos pr\u00e9f\u00e9rences.<\/p>\n<p>Avec un temps de chauffe ultra-rapide de 90 secondes, ce produit est pr\u00eat \u00e0 \u00eatre utilis\u00e9 presque instantan\u00e9ment. Sa technologie puissante \u00e0 air contr\u00f4l\u00e9 permet de cuire 30 % plus rapidement qu&#8217;un four traditionnel, ce qui vous permet d&#8217;obtenir des plats parfaitement uniformes en quelques minutes.<\/p>\n<p>Le mini-four \u00e0 friteuse de Cuisinart est vraiment facile \u00e0 utiliser. Gr\u00e2ce \u00e0 4 boutons de commande simples, vous pouvez s\u00e9lectionner la temp\u00e9rature, la fonction de cuisson, l&#8217;intensit\u00e9 du grillage et le temps de cuisson, ce qui vous donne un contr\u00f4le total.<\/p>\n<p>Il est de taille compacte, mais a une grande capacit\u00e9 de 17 litres, ce qui signifie qu&#8217;il est assez grand pour pr\u00e9parer des recettes pour une famille de 4 personnes. Vous pouvez cuisiner sur 2 niveaux, cuire une pizza ou r\u00f4tir un poulet entier de 1,8 kg.<\/p>\n<p>Il y a 6 r\u00e9glages de temp\u00e9rature allant de 90\u00b0C pour le maintien de la chaleur \u00e0 230\u00b0C pour la friture \u00e0 l&#8217;air libre avec une minuterie int\u00e9gr\u00e9e qui sonnera une fois la cuisson termin\u00e9e, \u00e9teignant automatiquement le four pour \u00e9viter toute surcuisson.<\/p>\n<p>Cr\u00e9ez de d\u00e9licieux g\u00e2teaux et quiches ou d\u00e9congelez des aliments congel\u00e9s gr\u00e2ce \u00e0 la fonction de cuisson.<\/p>\n<p>Ou bien utilisez la fonction gril pour griller tr\u00e8s rapidement la viande, le poisson et les l\u00e9gumes.<\/p>\n<p>La fonction toast vous permet de cr\u00e9er des d\u00e9jeuners rapides et faciles, comme de savoureux toasts dor\u00e9s et farcis.<\/p>\n<p>Vous pouvez griller du pain, des scones et des bagels rapidement et facilement gr\u00e2ce \u00e0 la fonction de grillage. La commande de brunissement variable vous permet de griller selon vos go\u00fbts.<\/p>\n<p>Le four peut \u00e9galement \u00eatre utilis\u00e9 pour maintenir vos pr\u00e9parations au chaud ou pour r\u00e9chauffer les restes de la veille.<br \/>\nEn outre, la mini-friteuse Cuisinart poss\u00e8de un int\u00e9rieur antiadh\u00e9sif et des accessoires faciles \u00e0 nettoyer.<\/p>\n<p><strong>CARACT\u00c9RISTIQUES TECHNIQUES :<\/strong><\/p>\n<ul>\n<li>Mini-four polyvalent avec friteuse \u00e0 air<\/li>\n<li>7 fonctions : friture \u00e0 l&#8217;air, r\u00f4tissage, cuisson au four, grillage, toastage, conservation de la chaleur.<\/li>\n<li>La technologie de flux d&#8217;air superpuissant et contr\u00f4l\u00e9 permet un chauffage ultra-rapide. Produit pr\u00eat \u00e0 l&#8217;emploi en seulement 90 secondes<\/li>\n<li>Les aliments sont cuits rapidement et uniform\u00e9ment, 30 % plus rapidement qu&#8217;un four traditionnel.<\/li>\n<li>6 r\u00e9glages de temp\u00e9rature, allant de 90\u02daC en maintien de la chaleur \u00e0 230\u02daC pour la friture \u00e0 l&#8217;air libre.<\/li>\n<li>Taille compacte, mais grande capacit\u00e9 de cuisson<\/li>\n<li>Panier \u00e0 friture de 25 cm x 29 cm<\/li>\n<li>2 \u00e9tag\u00e8res pour une cuisson homog\u00e8ne sur 2 niveaux<\/li>\n<li>Int\u00e9rieur antiadh\u00e9sif facile \u00e0 nettoyer<\/li>\n<li>La lumi\u00e8re int\u00e9rieure offre une visibilit\u00e9 maximale pour un meilleur contr\u00f4le des r\u00e9sultats de cuisson.<\/li>\n<li>Minuterie de 60 minutes avec arr\u00eat automatique<\/li>\n<li>Accessoires inclus : 1 panier \u00e0 friture, 1 grille et 1 plaque de cuisson.<\/li>\n<\/ul>\n<p><span style=\"text-decoration: underline;\"><strong>Garantie de 3 ans<\/strong><\/span><br \/>\n<span style=\"text-decoration: underline;\"><strong>Ne peut \u00eatre vendu en dehors de l&#8217;Europe<\/strong><\/span><\/p>\n","protected":false},"excerpt":{"rendered":"<p>Le mini-four avec friteuse \u00e0 air de Cuisinart est rapide et facile \u00e0 utiliser pour cr\u00e9er des recettes cuites au<\/p>\n","protected":false},"featured_media":195699,"template":"","meta":{"_acf_changed":false,"inline_featured_image":false},"product_cat":[12748],"product_tag":[24365],"acf":[],"yoast_head":"<!-- This site is optimized with the Yoast SEO Premium plugin v18.6 (Yoast SEO v19.13) - https:\/\/yoast.com\/wordpress\/plugins\/seo\/ -->\n<title>CUISINART Cuisson multifonctionnelle avec couvercle en verre<\/title>\n<meta name=\"description\" content=\"D\u00e9couvrez CUISINART Cuisson multifonctionnelle avec couvercle en verre sur ErresseShop. Qualit\u00e9, prix r\u00e9duits et achat s\u00e9curis\u00e9 \u2013 commandez d\u00e8s maintenant en ligne !\" \/>\n<meta name=\"robots\" content=\"index, follow, max-snippet:-1, max-image-preview:large, max-video-preview:-1\" \/>\n<link rel=\"canonical\" href=\"https:\/\/www.erresse-shop.it\/fr\/shop\/cuisine\/cuisinart-cuisson-multifonctionnelle-avec-couvercle-en-verre\/\" \/>\n<meta property=\"og:locale\" content=\"fr_FR\" \/>\n<meta property=\"og:type\" content=\"article\" \/>\n<meta property=\"og:title\" content=\"CUISINART Cuisson multifonctionnelle avec couvercle en verre\" \/>\n<meta property=\"og:description\" content=\"D\u00e9couvrez CUISINART Cuisson multifonctionnelle avec couvercle en verre sur ErresseShop. Qualit\u00e9, prix r\u00e9duits et achat s\u00e9curis\u00e9 \u2013 commandez d\u00e8s maintenant en ligne !\" \/>\n<meta property=\"og:url\" content=\"https:\/\/www.erresse-shop.it\/fr\/shop\/cuisine\/cuisinart-cuisson-multifonctionnelle-avec-couvercle-en-verre\/\" \/>\n<meta property=\"og:site_name\" content=\"Erresse Shop\" \/>\n<meta property=\"article:modified_time\" content=\"2025-01-14T17:34:51+00:00\" \/>\n<meta property=\"og:image\" content=\"https:\/\/www.erresse-shop.it\/wp-content\/uploads\/2022\/10\/CUISINART-cooking.jpg\" \/>\n\t<meta property=\"og:image:width\" content=\"800\" \/>\n\t<meta property=\"og:image:height\" content=\"800\" \/>\n\t<meta property=\"og:image:type\" content=\"image\/jpeg\" \/>\n<meta name=\"twitter:card\" content=\"summary_large_image\" \/>\n<script type=\"application\/ld+json\" class=\"yoast-schema-graph\">{\"@context\":\"https:\/\/schema.org\",\"@graph\":[{\"@type\":\"WebPage\",\"@id\":\"https:\/\/www.erresse-shop.it\/fr\/shop\/cuisine\/cuisinart-cuisson-multifonctionnelle-avec-couvercle-en-verre\/\",\"url\":\"https:\/\/www.erresse-shop.it\/fr\/shop\/cuisine\/cuisinart-cuisson-multifonctionnelle-avec-couvercle-en-verre\/\",\"name\":\"CUISINART Cuisson multifonctionnelle avec couvercle en verre\",\"isPartOf\":{\"@id\":\"https:\/\/www.erresse-shop.it\/fr\/#website\"},\"datePublished\":\"2022-10-21T07:09:55+00:00\",\"dateModified\":\"2025-01-14T17:34:51+00:00\",\"description\":\"D\u00e9couvrez CUISINART Cuisson multifonctionnelle avec couvercle en verre sur ErresseShop. Qualit\u00e9, prix r\u00e9duits et achat s\u00e9curis\u00e9 \u2013 commandez d\u00e8s maintenant en ligne !\",\"breadcrumb\":{\"@id\":\"https:\/\/www.erresse-shop.it\/fr\/shop\/cuisine\/cuisinart-cuisson-multifonctionnelle-avec-couvercle-en-verre\/#breadcrumb\"},\"inLanguage\":\"fr-FR\",\"potentialAction\":[{\"@type\":\"ReadAction\",\"target\":[\"https:\/\/www.erresse-shop.it\/fr\/shop\/cuisine\/cuisinart-cuisson-multifonctionnelle-avec-couvercle-en-verre\/\"]}]},{\"@type\":\"BreadcrumbList\",\"@id\":\"https:\/\/www.erresse-shop.it\/fr\/shop\/cuisine\/cuisinart-cuisson-multifonctionnelle-avec-couvercle-en-verre\/#breadcrumb\",\"itemListElement\":[{\"@type\":\"ListItem\",\"position\":1,\"name\":\"Home\",\"item\":\"https:\/\/www.erresse-shop.it\/fr\/\"},{\"@type\":\"ListItem\",\"position\":2,\"name\":\"Shop\",\"item\":\"https:\/\/www.erresse-shop.it\/fr\/shop\/\"},{\"@type\":\"ListItem\",\"position\":3,\"name\":\"CUISINART Cuisson multifonctionnelle avec couvercle en verre\"}]},{\"@type\":\"WebSite\",\"@id\":\"https:\/\/www.erresse-shop.it\/fr\/#website\",\"url\":\"https:\/\/www.erresse-shop.it\/fr\/\",\"name\":\"Erresse Shop\",\"description\":\"Articoli di qualit\u00e0 per la casa\",\"potentialAction\":[{\"@type\":\"SearchAction\",\"target\":{\"@type\":\"EntryPoint\",\"urlTemplate\":\"https:\/\/www.erresse-shop.it\/fr\/?s={search_term_string}\"},\"query-input\":\"required name=search_term_string\"}],\"inLanguage\":\"fr-FR\"}]}<\/script>\n<!-- \/ Yoast SEO Premium plugin. -->","yoast_head_json":{"title":"CUISINART Cuisson multifonctionnelle avec couvercle en verre","description":"D\u00e9couvrez CUISINART Cuisson multifonctionnelle avec couvercle en verre sur ErresseShop. Qualit\u00e9, prix r\u00e9duits et achat s\u00e9curis\u00e9 \u2013 commandez d\u00e8s maintenant en ligne !","robots":{"index":"index","follow":"follow","max-snippet":"max-snippet:-1","max-image-preview":"max-image-preview:large","max-video-preview":"max-video-preview:-1"},"canonical":"https:\/\/www.erresse-shop.it\/fr\/shop\/cuisine\/cuisinart-cuisson-multifonctionnelle-avec-couvercle-en-verre\/","og_locale":"fr_FR","og_type":"article","og_title":"CUISINART Cuisson multifonctionnelle avec couvercle en verre","og_description":"D\u00e9couvrez CUISINART Cuisson multifonctionnelle avec couvercle en verre sur ErresseShop. Qualit\u00e9, prix r\u00e9duits et achat s\u00e9curis\u00e9 \u2013 commandez d\u00e8s maintenant en ligne !","og_url":"https:\/\/www.erresse-shop.it\/fr\/shop\/cuisine\/cuisinart-cuisson-multifonctionnelle-avec-couvercle-en-verre\/","og_site_name":"Erresse Shop","article_modified_time":"2025-01-14T17:34:51+00:00","og_image":[{"width":800,"height":800,"url":"https:\/\/www.erresse-shop.it\/wp-content\/uploads\/2022\/10\/CUISINART-cooking.jpg","type":"image\/jpeg"}],"twitter_card":"summary_large_image","schema":{"@context":"https:\/\/schema.org","@graph":[{"@type":"WebPage","@id":"https:\/\/www.erresse-shop.it\/fr\/shop\/cuisine\/cuisinart-cuisson-multifonctionnelle-avec-couvercle-en-verre\/","url":"https:\/\/www.erresse-shop.it\/fr\/shop\/cuisine\/cuisinart-cuisson-multifonctionnelle-avec-couvercle-en-verre\/","name":"CUISINART Cuisson multifonctionnelle avec couvercle en verre","isPartOf":{"@id":"https:\/\/www.erresse-shop.it\/fr\/#website"},"datePublished":"2022-10-21T07:09:55+00:00","dateModified":"2025-01-14T17:34:51+00:00","description":"D\u00e9couvrez CUISINART Cuisson multifonctionnelle avec couvercle en verre sur ErresseShop. Qualit\u00e9, prix r\u00e9duits et achat s\u00e9curis\u00e9 \u2013 commandez d\u00e8s maintenant en ligne !","breadcrumb":{"@id":"https:\/\/www.erresse-shop.it\/fr\/shop\/cuisine\/cuisinart-cuisson-multifonctionnelle-avec-couvercle-en-verre\/#breadcrumb"},"inLanguage":"fr-FR","potentialAction":[{"@type":"ReadAction","target":["https:\/\/www.erresse-shop.it\/fr\/shop\/cuisine\/cuisinart-cuisson-multifonctionnelle-avec-couvercle-en-verre\/"]}]},{"@type":"BreadcrumbList","@id":"https:\/\/www.erresse-shop.it\/fr\/shop\/cuisine\/cuisinart-cuisson-multifonctionnelle-avec-couvercle-en-verre\/#breadcrumb","itemListElement":[{"@type":"ListItem","position":1,"name":"Home","item":"https:\/\/www.erresse-shop.it\/fr\/"},{"@type":"ListItem","position":2,"name":"Shop","item":"https:\/\/www.erresse-shop.it\/fr\/shop\/"},{"@type":"ListItem","position":3,"name":"CUISINART Cuisson multifonctionnelle avec couvercle en verre"}]},{"@type":"WebSite","@id":"https:\/\/www.erresse-shop.it\/fr\/#website","url":"https:\/\/www.erresse-shop.it\/fr\/","name":"Erresse Shop","description":"Articoli di qualit\u00e0 per la casa","potentialAction":[{"@type":"SearchAction","target":{"@type":"EntryPoint","urlTemplate":"https:\/\/www.erresse-shop.it\/fr\/?s={search_term_string}"},"query-input":"required name=search_term_string"}],"inLanguage":"fr-FR"}]}},"df_price":199.9,"df_sale_price":199.9,"df_regular_price":199.9,"df_image_link":"https:\/\/www.erresse-shop.it\/wp-content\/uploads\/2022\/10\/CUISINART-cooking-300x300.jpg","_links":{"self":[{"href":"https:\/\/www.erresse-shop.it\/fr\/wp-json\/wp\/v2\/product\/195662"}],"collection":[{"href":"https:\/\/www.erresse-shop.it\/fr\/wp-json\/wp\/v2\/product"}],"about":[{"href":"https:\/\/www.erresse-shop.it\/fr\/wp-json\/wp\/v2\/types\/product"}],"wp:featuredmedia":[{"embeddable":true,"href":"https:\/\/www.erresse-shop.it\/fr\/wp-json\/wp\/v2\/media\/195699"}],"wp:attachment":[{"href":"https:\/\/www.erresse-shop.it\/fr\/wp-json\/wp\/v2\/media?parent=195662"}],"wp:term":[{"taxonomy":"product_cat","embeddable":true,"href":"https:\/\/www.erresse-shop.it\/fr\/wp-json\/wp\/v2\/product_cat?post=195662"},{"taxonomy":"product_tag","embeddable":true,"href":"https:\/\/www.erresse-shop.it\/fr\/wp-json\/wp\/v2\/product_tag?post=195662"}],"curies":[{"name":"wp","href":"https:\/\/api.w.org\/{rel}","templated":true}]}}