{"id":195425,"date":"2022-10-20T13:03:39","date_gmt":"2022-10-20T13:03:43","guid":{"rendered":"https:\/\/www.erresse-shop.it\/?post_type=product&#038;p=195425"},"modified":"2025-01-14T17:34:58","modified_gmt":"2025-01-14T17:34:58","slug":"cuisinart-planetaire","status":"publish","type":"product","link":"https:\/\/www.erresse-shop.it\/fr\/shop\/petits-electromenagers\/petrins\/cuisinart-planetaire\/","title":{"rendered":"CUISINART Plan\u00e9taire"},"content":{"rendered":"<p>Tirez le meilleur parti de votre cr\u00e9ativit\u00e9 dans la cuisine avec le batteur plan\u00e9taire de Cuisinart. Alliant facilit\u00e9 d&#8217;utilisation, performance et style, ce batteur sur socle vous permet de p\u00e9trir facilement la p\u00e2te \u00e0 pain, de monter les blancs en neige ou de pr\u00e9parer des m\u00e9langes, des p\u00e2tes et des sauces.<br \/>\nDouze r\u00e9glages de vitesse diff\u00e9rents permettent un contr\u00f4le pr\u00e9cis pendant l&#8217;utilisation. S\u00e9lectionnez les r\u00e9glages \u00e0 basse vitesse pour combiner les aliments en douceur, ou passez aux r\u00e9glages \u00e0 plus haute vitesse pour m\u00e9langer les ingr\u00e9dients en quelques secondes.<\/p>\n<p>Le bol en acier inoxydable de 5,2 litres peut accueillir confortablement m\u00eame de grandes quantit\u00e9s d&#8217;ingr\u00e9dients, tandis que le couvercle transparent anti-\u00e9claboussures \u00e9limine tout d\u00e9bordement et vous permet de surveiller facilement les pr\u00e9parations en cours.<\/p>\n<p>D&#8217;une belle finition et d&#8217;un design \u00e9pur\u00e9, le batteur plan\u00e9taire de Cuisinart est l&#8217;accessoire id\u00e9al de toute cuisine.<\/p>\n<p><strong>CARACT\u00c9RISTIQUES TECHNIQUES :<\/strong><\/p>\n<ul>\n<li>Moteur haute performance de 500W &#8211; puissant et fiable pour une pr\u00e9paration de haute intensit\u00e9 en quelques secondes<\/li>\n<li>12 vitesses pour un large \u00e9ventail de recettes &#8211; le contr\u00f4le pr\u00e9cis des r\u00e9glages vous permet de passer du mixage ultra-doux au fouettage puissant en quelques secondes.<\/li>\n<li>Bol grande capacit\u00e9 de 5,2 litres, lavable au lave-vaisselle<\/li>\n<li>Fouet professionnel pour fouetter &#8211; fabriqu\u00e9 en acier inoxydable avec une t\u00eate en aluminium, il est parfait pour incorporer d\u00e9licatement de l&#8217;air dans les blancs d&#8217;\u0153ufs, fouetter la cr\u00e8me pour la rendre ferme, l\u00e9g\u00e8re et moelleuse ou pour m\u00e9langer les ingr\u00e9dients \u00e0 la perfection.<\/li>\n<li>Palette de m\u00e9lange plate &#8211; parfaite pour m\u00e9langer les biscuits, les g\u00e2teaux et les p\u00e2tes \u00e0 frire.<\/li>\n<li>Crochet \u00e0 p\u00e9trir &#8211; parfait pour le pain, la pizza et les p\u00e2tes.<\/li>\n<li>Couvercle anti-\u00e9claboussures avec bec verseur &#8211; \u00e9vite les \u00e9claboussures pendant le travail et est parfait pour ajouter les ingr\u00e9dients au fur et \u00e0 mesure, tout en gardant une vue sur les pr\u00e9parations en cours.<\/li>\n<li>Le levier de levage verrouille fermement le batteur plan\u00e9taire en position haute, ce qui facilite l&#8217;ajout d&#8217;ingr\u00e9dients et le retrait du bol.<\/li>\n<li>Bol en acier inoxydable avec poign\u00e9e ergonomique<\/li>\n<li>Cadre et base robustes en m\u00e9tal moul\u00e9 sous pression<\/li>\n<\/ul>\n<p><span style=\"text-decoration: underline;\"><strong>Garantie de 3 ans<\/strong><\/span><br \/>\n<span style=\"text-decoration: underline;\"><strong>Ne peut \u00eatre vendu en dehors de l&#8217;Europ<\/strong><\/span>e<\/p>\n","protected":false},"excerpt":{"rendered":"<p>Tirez le meilleur parti de votre cr\u00e9ativit\u00e9 dans la cuisine avec le batteur plan\u00e9taire de Cuisinart. Alliant facilit\u00e9 d&#8217;utilisation, performance<\/p>\n","protected":false},"featured_media":477269,"template":"","meta":{"_acf_changed":false,"inline_featured_image":false},"product_cat":[12449,14476],"product_tag":[23910,23690],"acf":[],"yoast_head":"<!-- This site is optimized with the Yoast SEO Premium plugin v18.6 (Yoast SEO v19.13) - https:\/\/yoast.com\/wordpress\/plugins\/seo\/ -->\n<title>CUISINART Plan\u00e9taire<\/title>\n<meta name=\"description\" content=\"D\u00e9couvrez CUISINART Plan\u00e9taire sur ErresseShop. Qualit\u00e9, prix r\u00e9duits et achat s\u00e9curis\u00e9 \u2013 commandez d\u00e8s maintenant en ligne !\" \/>\n<meta name=\"robots\" content=\"index, follow, max-snippet:-1, max-image-preview:large, max-video-preview:-1\" \/>\n<link rel=\"canonical\" href=\"https:\/\/www.erresse-shop.it\/fr\/shop\/petits-electromenagers\/petrins\/cuisinart-planetaire\/\" \/>\n<meta property=\"og:locale\" content=\"fr_FR\" \/>\n<meta property=\"og:type\" content=\"article\" \/>\n<meta property=\"og:title\" content=\"CUISINART Plan\u00e9taire\" \/>\n<meta property=\"og:description\" content=\"D\u00e9couvrez CUISINART Plan\u00e9taire sur ErresseShop. Qualit\u00e9, prix r\u00e9duits et achat s\u00e9curis\u00e9 \u2013 commandez d\u00e8s maintenant en ligne !\" \/>\n<meta property=\"og:url\" content=\"https:\/\/www.erresse-shop.it\/fr\/shop\/petits-electromenagers\/petrins\/cuisinart-planetaire\/\" \/>\n<meta property=\"og:site_name\" content=\"Erresse Shop\" \/>\n<meta property=\"article:modified_time\" content=\"2025-01-14T17:34:58+00:00\" \/>\n<meta property=\"og:image\" content=\"https:\/\/www.erresse-shop.it\/wp-content\/uploads\/2022\/10\/CUISINART-impastatrice3.jpg\" \/>\n\t<meta property=\"og:image:width\" content=\"800\" \/>\n\t<meta property=\"og:image:height\" content=\"800\" \/>\n\t<meta property=\"og:image:type\" content=\"image\/jpeg\" \/>\n<meta name=\"twitter:card\" content=\"summary_large_image\" \/>\n<script type=\"application\/ld+json\" class=\"yoast-schema-graph\">{\"@context\":\"https:\/\/schema.org\",\"@graph\":[{\"@type\":\"WebPage\",\"@id\":\"https:\/\/www.erresse-shop.it\/fr\/shop\/petits-electromenagers\/petrins\/cuisinart-planetaire\/\",\"url\":\"https:\/\/www.erresse-shop.it\/fr\/shop\/petits-electromenagers\/petrins\/cuisinart-planetaire\/\",\"name\":\"CUISINART Plan\u00e9taire\",\"isPartOf\":{\"@id\":\"https:\/\/www.erresse-shop.it\/fr\/#website\"},\"datePublished\":\"2022-10-20T13:03:43+00:00\",\"dateModified\":\"2025-01-14T17:34:58+00:00\",\"description\":\"D\u00e9couvrez CUISINART Plan\u00e9taire sur ErresseShop. Qualit\u00e9, prix r\u00e9duits et achat s\u00e9curis\u00e9 \u2013 commandez d\u00e8s maintenant en ligne !\",\"breadcrumb\":{\"@id\":\"https:\/\/www.erresse-shop.it\/fr\/shop\/petits-electromenagers\/petrins\/cuisinart-planetaire\/#breadcrumb\"},\"inLanguage\":\"fr-FR\",\"potentialAction\":[{\"@type\":\"ReadAction\",\"target\":[\"https:\/\/www.erresse-shop.it\/fr\/shop\/petits-electromenagers\/petrins\/cuisinart-planetaire\/\"]}]},{\"@type\":\"BreadcrumbList\",\"@id\":\"https:\/\/www.erresse-shop.it\/fr\/shop\/petits-electromenagers\/petrins\/cuisinart-planetaire\/#breadcrumb\",\"itemListElement\":[{\"@type\":\"ListItem\",\"position\":1,\"name\":\"Home\",\"item\":\"https:\/\/www.erresse-shop.it\/fr\/\"},{\"@type\":\"ListItem\",\"position\":2,\"name\":\"Shop\",\"item\":\"https:\/\/www.erresse-shop.it\/fr\/shop\/\"},{\"@type\":\"ListItem\",\"position\":3,\"name\":\"CUISINART Plan\u00e9taire\"}]},{\"@type\":\"WebSite\",\"@id\":\"https:\/\/www.erresse-shop.it\/fr\/#website\",\"url\":\"https:\/\/www.erresse-shop.it\/fr\/\",\"name\":\"Erresse Shop\",\"description\":\"Articoli di qualit\u00e0 per la casa\",\"potentialAction\":[{\"@type\":\"SearchAction\",\"target\":{\"@type\":\"EntryPoint\",\"urlTemplate\":\"https:\/\/www.erresse-shop.it\/fr\/?s={search_term_string}\"},\"query-input\":\"required name=search_term_string\"}],\"inLanguage\":\"fr-FR\"}]}<\/script>\n<!-- \/ Yoast SEO Premium plugin. -->","yoast_head_json":{"title":"CUISINART Plan\u00e9taire","description":"D\u00e9couvrez CUISINART Plan\u00e9taire sur ErresseShop. Qualit\u00e9, prix r\u00e9duits et achat s\u00e9curis\u00e9 \u2013 commandez d\u00e8s maintenant en ligne !","robots":{"index":"index","follow":"follow","max-snippet":"max-snippet:-1","max-image-preview":"max-image-preview:large","max-video-preview":"max-video-preview:-1"},"canonical":"https:\/\/www.erresse-shop.it\/fr\/shop\/petits-electromenagers\/petrins\/cuisinart-planetaire\/","og_locale":"fr_FR","og_type":"article","og_title":"CUISINART Plan\u00e9taire","og_description":"D\u00e9couvrez CUISINART Plan\u00e9taire sur ErresseShop. Qualit\u00e9, prix r\u00e9duits et achat s\u00e9curis\u00e9 \u2013 commandez d\u00e8s maintenant en ligne !","og_url":"https:\/\/www.erresse-shop.it\/fr\/shop\/petits-electromenagers\/petrins\/cuisinart-planetaire\/","og_site_name":"Erresse Shop","article_modified_time":"2025-01-14T17:34:58+00:00","og_image":[{"width":800,"height":800,"url":"https:\/\/www.erresse-shop.it\/wp-content\/uploads\/2022\/10\/CUISINART-impastatrice3.jpg","type":"image\/jpeg"}],"twitter_card":"summary_large_image","schema":{"@context":"https:\/\/schema.org","@graph":[{"@type":"WebPage","@id":"https:\/\/www.erresse-shop.it\/fr\/shop\/petits-electromenagers\/petrins\/cuisinart-planetaire\/","url":"https:\/\/www.erresse-shop.it\/fr\/shop\/petits-electromenagers\/petrins\/cuisinart-planetaire\/","name":"CUISINART Plan\u00e9taire","isPartOf":{"@id":"https:\/\/www.erresse-shop.it\/fr\/#website"},"datePublished":"2022-10-20T13:03:43+00:00","dateModified":"2025-01-14T17:34:58+00:00","description":"D\u00e9couvrez CUISINART Plan\u00e9taire sur ErresseShop. Qualit\u00e9, prix r\u00e9duits et achat s\u00e9curis\u00e9 \u2013 commandez d\u00e8s maintenant en ligne !","breadcrumb":{"@id":"https:\/\/www.erresse-shop.it\/fr\/shop\/petits-electromenagers\/petrins\/cuisinart-planetaire\/#breadcrumb"},"inLanguage":"fr-FR","potentialAction":[{"@type":"ReadAction","target":["https:\/\/www.erresse-shop.it\/fr\/shop\/petits-electromenagers\/petrins\/cuisinart-planetaire\/"]}]},{"@type":"BreadcrumbList","@id":"https:\/\/www.erresse-shop.it\/fr\/shop\/petits-electromenagers\/petrins\/cuisinart-planetaire\/#breadcrumb","itemListElement":[{"@type":"ListItem","position":1,"name":"Home","item":"https:\/\/www.erresse-shop.it\/fr\/"},{"@type":"ListItem","position":2,"name":"Shop","item":"https:\/\/www.erresse-shop.it\/fr\/shop\/"},{"@type":"ListItem","position":3,"name":"CUISINART Plan\u00e9taire"}]},{"@type":"WebSite","@id":"https:\/\/www.erresse-shop.it\/fr\/#website","url":"https:\/\/www.erresse-shop.it\/fr\/","name":"Erresse Shop","description":"Articoli di qualit\u00e0 per la casa","potentialAction":[{"@type":"SearchAction","target":{"@type":"EntryPoint","urlTemplate":"https:\/\/www.erresse-shop.it\/fr\/?s={search_term_string}"},"query-input":"required name=search_term_string"}],"inLanguage":"fr-FR"}]}},"df_price":449.9,"df_sale_price":449.9,"df_regular_price":449.9,"df_image_link":"https:\/\/www.erresse-shop.it\/wp-content\/uploads\/2022\/10\/CUISINART-Impastatrice-3-300x300.jpg","_links":{"self":[{"href":"https:\/\/www.erresse-shop.it\/fr\/wp-json\/wp\/v2\/product\/195425"}],"collection":[{"href":"https:\/\/www.erresse-shop.it\/fr\/wp-json\/wp\/v2\/product"}],"about":[{"href":"https:\/\/www.erresse-shop.it\/fr\/wp-json\/wp\/v2\/types\/product"}],"wp:featuredmedia":[{"embeddable":true,"href":"https:\/\/www.erresse-shop.it\/fr\/wp-json\/wp\/v2\/media\/477269"}],"wp:attachment":[{"href":"https:\/\/www.erresse-shop.it\/fr\/wp-json\/wp\/v2\/media?parent=195425"}],"wp:term":[{"taxonomy":"product_cat","embeddable":true,"href":"https:\/\/www.erresse-shop.it\/fr\/wp-json\/wp\/v2\/product_cat?post=195425"},{"taxonomy":"product_tag","embeddable":true,"href":"https:\/\/www.erresse-shop.it\/fr\/wp-json\/wp\/v2\/product_tag?post=195425"}],"curies":[{"name":"wp","href":"https:\/\/api.w.org\/{rel}","templated":true}]}}