{"id":195265,"date":"2022-10-20T10:10:50","date_gmt":"2022-10-20T10:10:56","guid":{"rendered":"https:\/\/www.erresse-shop.it\/?post_type=product&#038;p=195265"},"modified":"2024-12-01T23:40:08","modified_gmt":"2024-12-01T23:40:08","slug":"villeroy-boch-cheval-a-bascule-toys-fantasy","status":"publish","type":"product","link":"https:\/\/www.erresse-shop.it\/fr\/shop\/ameublement-maison\/objets-de-decoration\/villeroy-boch-cheval-a-bascule-toys-fantasy\/","title":{"rendered":"VILLEROY &#038; BOCH Cheval \u00e0 bascule Toy&#8217;s Fantasy"},"content":{"rendered":"<p><strong>Une d\u00e9coration joyeuse et festive pour la table et la maison<\/strong><br \/>\nLa collection Winter Collage Accessoires fait partie du vaste univers de No\u00ebl de Villeroy &amp; Boch. Vous trouverez ici les accessoires ad\u00e9quats pour apporter la touche finale \u00e0 votre table, votre sapin de No\u00ebl et votre maison. Cette figurine magnifiquement con\u00e7ue est une excellente d\u00e9coration pour votre maison ou votre table de f\u00eate. D\u00e9corez votre maison avec de belles d\u00e9corations.<\/p>\n","protected":false},"excerpt":{"rendered":"<p>Une d\u00e9coration joyeuse et festive pour la table et la maison La collection Winter Collage Accessoires fait partie du vaste<\/p>\n","protected":false},"featured_media":195276,"template":"","meta":{"_acf_changed":false,"inline_featured_image":false},"product_cat":[12738,14441],"product_tag":[23910,20499],"acf":[],"yoast_head":"<!-- This site is optimized with the Yoast SEO Premium plugin v18.6 (Yoast SEO v19.13) - https:\/\/yoast.com\/wordpress\/plugins\/seo\/ -->\n<title>VILLEROY &amp; BOCH Cheval \u00e0 bascule Toy&#039;s Fantasy - Erresse Shop<\/title>\n<meta name=\"description\" content=\"Une d\u00e9coration joyeuse et festive pour la table et la maison La collection Winter Collage Accessoires fait partie du vaste univers de No\u00ebl de Villeroy\" \/>\n<meta name=\"robots\" content=\"index, follow, max-snippet:-1, max-image-preview:large, max-video-preview:-1\" \/>\n<link rel=\"canonical\" href=\"https:\/\/www.erresse-shop.it\/fr\/shop\/ameublement-maison\/objets-de-decoration\/villeroy-boch-cheval-a-bascule-toys-fantasy\/\" \/>\n<meta property=\"og:locale\" content=\"fr_FR\" \/>\n<meta property=\"og:type\" content=\"article\" \/>\n<meta property=\"og:title\" content=\"VILLEROY &amp; BOCH Cheval \u00e0 bascule Toy&#039;s Fantasy\" \/>\n<meta property=\"og:description\" content=\"Une d\u00e9coration joyeuse et festive pour la table et la maison La collection Winter Collage Accessoires fait partie du vaste univers de No\u00ebl de Villeroy\" \/>\n<meta property=\"og:url\" content=\"https:\/\/www.erresse-shop.it\/fr\/shop\/ameublement-maison\/objets-de-decoration\/villeroy-boch-cheval-a-bascule-toys-fantasy\/\" \/>\n<meta property=\"og:site_name\" content=\"Erresse Shop\" \/>\n<meta property=\"article:modified_time\" content=\"2024-12-01T23:40:08+00:00\" \/>\n<meta property=\"og:image\" content=\"https:\/\/www.erresse-shop.it\/wp-content\/uploads\/2022\/10\/VILLEROY-BOCH-Cavallo-Dondolo.jpg\" \/>\n\t<meta property=\"og:image:width\" content=\"800\" \/>\n\t<meta property=\"og:image:height\" content=\"800\" \/>\n\t<meta property=\"og:image:type\" content=\"image\/jpeg\" \/>\n<meta name=\"twitter:card\" content=\"summary_large_image\" \/>\n<script type=\"application\/ld+json\" class=\"yoast-schema-graph\">{\"@context\":\"https:\/\/schema.org\",\"@graph\":[{\"@type\":\"WebPage\",\"@id\":\"https:\/\/www.erresse-shop.it\/fr\/shop\/ameublement-maison\/objets-de-decoration\/villeroy-boch-cheval-a-bascule-toys-fantasy\/\",\"url\":\"https:\/\/www.erresse-shop.it\/fr\/shop\/ameublement-maison\/objets-de-decoration\/villeroy-boch-cheval-a-bascule-toys-fantasy\/\",\"name\":\"VILLEROY & BOCH Cheval \u00e0 bascule Toy's Fantasy - Erresse Shop\",\"isPartOf\":{\"@id\":\"https:\/\/www.erresse-shop.it\/fr\/#website\"},\"datePublished\":\"2022-10-20T10:10:56+00:00\",\"dateModified\":\"2024-12-01T23:40:08+00:00\",\"description\":\"Une d\u00e9coration joyeuse et festive pour la table et la maison La collection Winter Collage Accessoires fait partie du vaste univers de No\u00ebl de Villeroy\",\"breadcrumb\":{\"@id\":\"https:\/\/www.erresse-shop.it\/fr\/shop\/ameublement-maison\/objets-de-decoration\/villeroy-boch-cheval-a-bascule-toys-fantasy\/#breadcrumb\"},\"inLanguage\":\"fr-FR\",\"potentialAction\":[{\"@type\":\"ReadAction\",\"target\":[\"https:\/\/www.erresse-shop.it\/fr\/shop\/ameublement-maison\/objets-de-decoration\/villeroy-boch-cheval-a-bascule-toys-fantasy\/\"]}]},{\"@type\":\"BreadcrumbList\",\"@id\":\"https:\/\/www.erresse-shop.it\/fr\/shop\/ameublement-maison\/objets-de-decoration\/villeroy-boch-cheval-a-bascule-toys-fantasy\/#breadcrumb\",\"itemListElement\":[{\"@type\":\"ListItem\",\"position\":1,\"name\":\"Home\",\"item\":\"https:\/\/www.erresse-shop.it\/fr\/\"},{\"@type\":\"ListItem\",\"position\":2,\"name\":\"Shop\",\"item\":\"https:\/\/www.erresse-shop.it\/fr\/shop\/\"},{\"@type\":\"ListItem\",\"position\":3,\"name\":\"VILLEROY &#038; BOCH Cheval \u00e0 bascule Toy&#8217;s Fantasy\"}]},{\"@type\":\"WebSite\",\"@id\":\"https:\/\/www.erresse-shop.it\/fr\/#website\",\"url\":\"https:\/\/www.erresse-shop.it\/fr\/\",\"name\":\"Erresse Shop\",\"description\":\"Articoli di qualit\u00e0 per la casa\",\"potentialAction\":[{\"@type\":\"SearchAction\",\"target\":{\"@type\":\"EntryPoint\",\"urlTemplate\":\"https:\/\/www.erresse-shop.it\/fr\/?s={search_term_string}\"},\"query-input\":\"required name=search_term_string\"}],\"inLanguage\":\"fr-FR\"}]}<\/script>\n<!-- \/ Yoast SEO Premium plugin. -->","yoast_head_json":{"title":"VILLEROY & BOCH Cheval \u00e0 bascule Toy's Fantasy - Erresse Shop","description":"Une d\u00e9coration joyeuse et festive pour la table et la maison La collection Winter Collage Accessoires fait partie du vaste univers de No\u00ebl de Villeroy","robots":{"index":"index","follow":"follow","max-snippet":"max-snippet:-1","max-image-preview":"max-image-preview:large","max-video-preview":"max-video-preview:-1"},"canonical":"https:\/\/www.erresse-shop.it\/fr\/shop\/ameublement-maison\/objets-de-decoration\/villeroy-boch-cheval-a-bascule-toys-fantasy\/","og_locale":"fr_FR","og_type":"article","og_title":"VILLEROY & BOCH Cheval \u00e0 bascule Toy's Fantasy","og_description":"Une d\u00e9coration joyeuse et festive pour la table et la maison La collection Winter Collage Accessoires fait partie du vaste univers de No\u00ebl de Villeroy","og_url":"https:\/\/www.erresse-shop.it\/fr\/shop\/ameublement-maison\/objets-de-decoration\/villeroy-boch-cheval-a-bascule-toys-fantasy\/","og_site_name":"Erresse Shop","article_modified_time":"2024-12-01T23:40:08+00:00","og_image":[{"width":800,"height":800,"url":"https:\/\/www.erresse-shop.it\/wp-content\/uploads\/2022\/10\/VILLEROY-BOCH-Cavallo-Dondolo.jpg","type":"image\/jpeg"}],"twitter_card":"summary_large_image","schema":{"@context":"https:\/\/schema.org","@graph":[{"@type":"WebPage","@id":"https:\/\/www.erresse-shop.it\/fr\/shop\/ameublement-maison\/objets-de-decoration\/villeroy-boch-cheval-a-bascule-toys-fantasy\/","url":"https:\/\/www.erresse-shop.it\/fr\/shop\/ameublement-maison\/objets-de-decoration\/villeroy-boch-cheval-a-bascule-toys-fantasy\/","name":"VILLEROY & BOCH Cheval \u00e0 bascule Toy's Fantasy - Erresse Shop","isPartOf":{"@id":"https:\/\/www.erresse-shop.it\/fr\/#website"},"datePublished":"2022-10-20T10:10:56+00:00","dateModified":"2024-12-01T23:40:08+00:00","description":"Une d\u00e9coration joyeuse et festive pour la table et la maison La collection Winter Collage Accessoires fait partie du vaste univers de No\u00ebl de Villeroy","breadcrumb":{"@id":"https:\/\/www.erresse-shop.it\/fr\/shop\/ameublement-maison\/objets-de-decoration\/villeroy-boch-cheval-a-bascule-toys-fantasy\/#breadcrumb"},"inLanguage":"fr-FR","potentialAction":[{"@type":"ReadAction","target":["https:\/\/www.erresse-shop.it\/fr\/shop\/ameublement-maison\/objets-de-decoration\/villeroy-boch-cheval-a-bascule-toys-fantasy\/"]}]},{"@type":"BreadcrumbList","@id":"https:\/\/www.erresse-shop.it\/fr\/shop\/ameublement-maison\/objets-de-decoration\/villeroy-boch-cheval-a-bascule-toys-fantasy\/#breadcrumb","itemListElement":[{"@type":"ListItem","position":1,"name":"Home","item":"https:\/\/www.erresse-shop.it\/fr\/"},{"@type":"ListItem","position":2,"name":"Shop","item":"https:\/\/www.erresse-shop.it\/fr\/shop\/"},{"@type":"ListItem","position":3,"name":"VILLEROY &#038; BOCH Cheval \u00e0 bascule Toy&#8217;s Fantasy"}]},{"@type":"WebSite","@id":"https:\/\/www.erresse-shop.it\/fr\/#website","url":"https:\/\/www.erresse-shop.it\/fr\/","name":"Erresse Shop","description":"Articoli di qualit\u00e0 per la casa","potentialAction":[{"@type":"SearchAction","target":{"@type":"EntryPoint","urlTemplate":"https:\/\/www.erresse-shop.it\/fr\/?s={search_term_string}"},"query-input":"required name=search_term_string"}],"inLanguage":"fr-FR"}]}},"df_price":24.95,"df_sale_price":24.95,"df_regular_price":49.9,"df_image_link":"https:\/\/www.erresse-shop.it\/wp-content\/uploads\/2022\/10\/VILLEROY-BOCH-Cavallo-Dondolo-300x300.jpg","_links":{"self":[{"href":"https:\/\/www.erresse-shop.it\/fr\/wp-json\/wp\/v2\/product\/195265"}],"collection":[{"href":"https:\/\/www.erresse-shop.it\/fr\/wp-json\/wp\/v2\/product"}],"about":[{"href":"https:\/\/www.erresse-shop.it\/fr\/wp-json\/wp\/v2\/types\/product"}],"wp:featuredmedia":[{"embeddable":true,"href":"https:\/\/www.erresse-shop.it\/fr\/wp-json\/wp\/v2\/media\/195276"}],"wp:attachment":[{"href":"https:\/\/www.erresse-shop.it\/fr\/wp-json\/wp\/v2\/media?parent=195265"}],"wp:term":[{"taxonomy":"product_cat","embeddable":true,"href":"https:\/\/www.erresse-shop.it\/fr\/wp-json\/wp\/v2\/product_cat?post=195265"},{"taxonomy":"product_tag","embeddable":true,"href":"https:\/\/www.erresse-shop.it\/fr\/wp-json\/wp\/v2\/product_tag?post=195265"}],"curies":[{"name":"wp","href":"https:\/\/api.w.org\/{rel}","templated":true}]}}