{"id":195210,"date":"2022-10-20T09:56:34","date_gmt":"2022-10-20T09:56:38","guid":{"rendered":"https:\/\/www.erresse-shop.it\/?post_type=product&#038;p=195210"},"modified":"2025-01-14T17:34:56","modified_gmt":"2025-01-14T17:34:56","slug":"cuisinart-mini-silver-shredder","status":"publish","type":"product","link":"https:\/\/www.erresse-shop.it\/fr\/shop\/cuisine\/cuisinart-mini-silver-shredder\/","title":{"rendered":"CUISINART Mini Silver Shredder"},"content":{"rendered":"<p>Ce mini robot culinaire fait partie de notre collection Style et est parfait dans n&#8217;importe quelle cuisine. Il combine toutes les performances d&#8217;un robot de cuisine avec des dimensions compactes et peu encombrantes.<\/p>\n<p>Utilisez-le pour hacher, m\u00e9langer, mixer et fouetter &#8211; parfait pour hacher et pr\u00e9parer des sauces.<\/p>\n<p>Le Cuisinart Mini Prep Pro a une capacit\u00e9 de 900 ml, vous pouvez rapidement et facilement hacher des oignons et de l&#8217;ail, ainsi que faire de la chapelure et broyer des noix. Vous pouvez \u00e9galement pr\u00e9parer des sauces, du pesto, du houmous et de la mayonnaise. Il est \u00e9galement id\u00e9al pour m\u00e9langer de petites quantit\u00e9s comme les smoothies, les compotes et les aliments pour b\u00e9b\u00e9s.<\/p>\n<p>Il est tr\u00e8s facile \u00e0 utiliser avec une seule lame qui tourne dans les deux sens pour hacher\/m\u00e9langer ou broyer. Le bol et la lame vont au lave-vaisselle pour un nettoyage facile.<\/p>\n<p><strong>ACCESSOIRES :<\/strong><\/p>\n<ul>\n<li>Lame<\/li>\n<li>Spatule<\/li>\n<\/ul>\n<p><strong>CARACT\u00c9RISTIQUES TECHNIQUES :<\/strong><\/p>\n<ul>\n<li>Lame en acier inoxydable de haute qualit\u00e9 et moteur puissant pour des performances optimales et des r\u00e9sultats uniformes.<\/li>\n<li>Moteur \u00e0 courant alternatif de 250 W.<\/li>\n<li>Capacit\u00e9 de 900 ml &#8211; format compact.<\/li>\n<li>La lame \u00e0 double face est aff\u00fbt\u00e9e d&#8217;un c\u00f4t\u00e9 pour moudre et de l&#8217;autre pour m\u00e9langer.<\/li>\n<li>La lame tourne dans les deux sens, ce qui permet de d\u00e9placer les ingr\u00e9dients dans le bol pour des r\u00e9sultats homog\u00e8nes.<\/li>\n<li>Conception compacte et l\u00e9g\u00e8re.<\/li>\n<li>Fonctionnement par impulsions pour un contr\u00f4le total.<\/li>\n<li>Conception compacte et l\u00e9g\u00e8re<\/li>\n<li>Le syst\u00e8me BladeLock\u2122 maintient la lame bien en place pendant la coul\u00e9e.<\/li>\n<li>Le trou dans le couvercle permet d&#8217;ajouter lentement les liquides &#8211; id\u00e9al pour la mayonnaise.<\/li>\n<li>La lame, le couvercle et le bol sont enti\u00e8rement amovibles et vont au lave-vaisselle pour un nettoyage facile.<\/li>\n<\/ul>\n<p><strong>Garantie de 5 ans<\/strong><br \/>\n<strong>Ne peut \u00eatre vendu en dehors de l&#8217;Europe<\/strong><\/p>\n","protected":false},"excerpt":{"rendered":"<p>Ce mini robot culinaire fait partie de notre collection Style et est parfait dans n&#8217;importe quelle cuisine. Il combine toutes<\/p>\n","protected":false},"featured_media":458841,"template":"","meta":{"_acf_changed":false,"inline_featured_image":false},"product_cat":[12748],"product_tag":[24365],"acf":[],"yoast_head":"<!-- This site is optimized with the Yoast SEO Premium plugin v18.6 (Yoast SEO v19.13) - https:\/\/yoast.com\/wordpress\/plugins\/seo\/ -->\n<title>CUISINART Mini Silver Shredder<\/title>\n<meta name=\"description\" content=\"D\u00e9couvrez CUISINART Mini Silver Shredder sur ErresseShop. Qualit\u00e9, prix r\u00e9duits et achat s\u00e9curis\u00e9 \u2013 commandez d\u00e8s maintenant en ligne !\" \/>\n<meta name=\"robots\" content=\"index, follow, max-snippet:-1, max-image-preview:large, max-video-preview:-1\" \/>\n<link rel=\"canonical\" href=\"https:\/\/www.erresse-shop.it\/fr\/shop\/cuisine\/cuisinart-mini-silver-shredder\/\" \/>\n<meta property=\"og:locale\" content=\"fr_FR\" \/>\n<meta property=\"og:type\" content=\"article\" \/>\n<meta property=\"og:title\" content=\"CUISINART Mini Silver Shredder\" \/>\n<meta property=\"og:description\" content=\"D\u00e9couvrez CUISINART Mini Silver Shredder sur ErresseShop. Qualit\u00e9, prix r\u00e9duits et achat s\u00e9curis\u00e9 \u2013 commandez d\u00e8s maintenant en ligne !\" \/>\n<meta property=\"og:url\" content=\"https:\/\/www.erresse-shop.it\/fr\/shop\/cuisine\/cuisinart-mini-silver-shredder\/\" \/>\n<meta property=\"og:site_name\" content=\"Erresse Shop\" \/>\n<meta property=\"article:modified_time\" content=\"2025-01-14T17:34:56+00:00\" \/>\n<meta property=\"og:image\" content=\"https:\/\/www.erresse-shop.it\/wp-content\/uploads\/2022\/10\/CUISINART-Mini-Tritatutto-Argento-1.jpg\" \/>\n\t<meta property=\"og:image:width\" content=\"1200\" \/>\n\t<meta property=\"og:image:height\" content=\"1200\" \/>\n\t<meta property=\"og:image:type\" content=\"image\/jpeg\" \/>\n<meta name=\"twitter:card\" content=\"summary_large_image\" \/>\n<script type=\"application\/ld+json\" class=\"yoast-schema-graph\">{\"@context\":\"https:\/\/schema.org\",\"@graph\":[{\"@type\":\"WebPage\",\"@id\":\"https:\/\/www.erresse-shop.it\/fr\/shop\/cuisine\/cuisinart-mini-silver-shredder\/\",\"url\":\"https:\/\/www.erresse-shop.it\/fr\/shop\/cuisine\/cuisinart-mini-silver-shredder\/\",\"name\":\"CUISINART Mini Silver Shredder\",\"isPartOf\":{\"@id\":\"https:\/\/www.erresse-shop.it\/fr\/#website\"},\"datePublished\":\"2022-10-20T09:56:38+00:00\",\"dateModified\":\"2025-01-14T17:34:56+00:00\",\"description\":\"D\u00e9couvrez CUISINART Mini Silver Shredder sur ErresseShop. Qualit\u00e9, prix r\u00e9duits et achat s\u00e9curis\u00e9 \u2013 commandez d\u00e8s maintenant en ligne !\",\"breadcrumb\":{\"@id\":\"https:\/\/www.erresse-shop.it\/fr\/shop\/cuisine\/cuisinart-mini-silver-shredder\/#breadcrumb\"},\"inLanguage\":\"fr-FR\",\"potentialAction\":[{\"@type\":\"ReadAction\",\"target\":[\"https:\/\/www.erresse-shop.it\/fr\/shop\/cuisine\/cuisinart-mini-silver-shredder\/\"]}]},{\"@type\":\"BreadcrumbList\",\"@id\":\"https:\/\/www.erresse-shop.it\/fr\/shop\/cuisine\/cuisinart-mini-silver-shredder\/#breadcrumb\",\"itemListElement\":[{\"@type\":\"ListItem\",\"position\":1,\"name\":\"Home\",\"item\":\"https:\/\/www.erresse-shop.it\/fr\/\"},{\"@type\":\"ListItem\",\"position\":2,\"name\":\"Shop\",\"item\":\"https:\/\/www.erresse-shop.it\/fr\/shop\/\"},{\"@type\":\"ListItem\",\"position\":3,\"name\":\"CUISINART Mini Silver Shredder\"}]},{\"@type\":\"WebSite\",\"@id\":\"https:\/\/www.erresse-shop.it\/fr\/#website\",\"url\":\"https:\/\/www.erresse-shop.it\/fr\/\",\"name\":\"Erresse Shop\",\"description\":\"Articoli di qualit\u00e0 per la casa\",\"potentialAction\":[{\"@type\":\"SearchAction\",\"target\":{\"@type\":\"EntryPoint\",\"urlTemplate\":\"https:\/\/www.erresse-shop.it\/fr\/?s={search_term_string}\"},\"query-input\":\"required name=search_term_string\"}],\"inLanguage\":\"fr-FR\"}]}<\/script>\n<!-- \/ Yoast SEO Premium plugin. -->","yoast_head_json":{"title":"CUISINART Mini Silver Shredder","description":"D\u00e9couvrez CUISINART Mini Silver Shredder sur ErresseShop. Qualit\u00e9, prix r\u00e9duits et achat s\u00e9curis\u00e9 \u2013 commandez d\u00e8s maintenant en ligne !","robots":{"index":"index","follow":"follow","max-snippet":"max-snippet:-1","max-image-preview":"max-image-preview:large","max-video-preview":"max-video-preview:-1"},"canonical":"https:\/\/www.erresse-shop.it\/fr\/shop\/cuisine\/cuisinart-mini-silver-shredder\/","og_locale":"fr_FR","og_type":"article","og_title":"CUISINART Mini Silver Shredder","og_description":"D\u00e9couvrez CUISINART Mini Silver Shredder sur ErresseShop. Qualit\u00e9, prix r\u00e9duits et achat s\u00e9curis\u00e9 \u2013 commandez d\u00e8s maintenant en ligne !","og_url":"https:\/\/www.erresse-shop.it\/fr\/shop\/cuisine\/cuisinart-mini-silver-shredder\/","og_site_name":"Erresse Shop","article_modified_time":"2025-01-14T17:34:56+00:00","og_image":[{"width":1200,"height":1200,"url":"https:\/\/www.erresse-shop.it\/wp-content\/uploads\/2022\/10\/CUISINART-Mini-Tritatutto-Argento-1.jpg","type":"image\/jpeg"}],"twitter_card":"summary_large_image","schema":{"@context":"https:\/\/schema.org","@graph":[{"@type":"WebPage","@id":"https:\/\/www.erresse-shop.it\/fr\/shop\/cuisine\/cuisinart-mini-silver-shredder\/","url":"https:\/\/www.erresse-shop.it\/fr\/shop\/cuisine\/cuisinart-mini-silver-shredder\/","name":"CUISINART Mini Silver Shredder","isPartOf":{"@id":"https:\/\/www.erresse-shop.it\/fr\/#website"},"datePublished":"2022-10-20T09:56:38+00:00","dateModified":"2025-01-14T17:34:56+00:00","description":"D\u00e9couvrez CUISINART Mini Silver Shredder sur ErresseShop. Qualit\u00e9, prix r\u00e9duits et achat s\u00e9curis\u00e9 \u2013 commandez d\u00e8s maintenant en ligne !","breadcrumb":{"@id":"https:\/\/www.erresse-shop.it\/fr\/shop\/cuisine\/cuisinart-mini-silver-shredder\/#breadcrumb"},"inLanguage":"fr-FR","potentialAction":[{"@type":"ReadAction","target":["https:\/\/www.erresse-shop.it\/fr\/shop\/cuisine\/cuisinart-mini-silver-shredder\/"]}]},{"@type":"BreadcrumbList","@id":"https:\/\/www.erresse-shop.it\/fr\/shop\/cuisine\/cuisinart-mini-silver-shredder\/#breadcrumb","itemListElement":[{"@type":"ListItem","position":1,"name":"Home","item":"https:\/\/www.erresse-shop.it\/fr\/"},{"@type":"ListItem","position":2,"name":"Shop","item":"https:\/\/www.erresse-shop.it\/fr\/shop\/"},{"@type":"ListItem","position":3,"name":"CUISINART Mini Silver Shredder"}]},{"@type":"WebSite","@id":"https:\/\/www.erresse-shop.it\/fr\/#website","url":"https:\/\/www.erresse-shop.it\/fr\/","name":"Erresse Shop","description":"Articoli di qualit\u00e0 per la casa","potentialAction":[{"@type":"SearchAction","target":{"@type":"EntryPoint","urlTemplate":"https:\/\/www.erresse-shop.it\/fr\/?s={search_term_string}"},"query-input":"required name=search_term_string"}],"inLanguage":"fr-FR"}]}},"df_price":69.9,"df_sale_price":69.9,"df_regular_price":69.9,"df_image_link":"https:\/\/www.erresse-shop.it\/wp-content\/uploads\/2022\/10\/CUISINART-Mini-Tritatutto-Argento-1-300x300.jpg","_links":{"self":[{"href":"https:\/\/www.erresse-shop.it\/fr\/wp-json\/wp\/v2\/product\/195210"}],"collection":[{"href":"https:\/\/www.erresse-shop.it\/fr\/wp-json\/wp\/v2\/product"}],"about":[{"href":"https:\/\/www.erresse-shop.it\/fr\/wp-json\/wp\/v2\/types\/product"}],"wp:featuredmedia":[{"embeddable":true,"href":"https:\/\/www.erresse-shop.it\/fr\/wp-json\/wp\/v2\/media\/458841"}],"wp:attachment":[{"href":"https:\/\/www.erresse-shop.it\/fr\/wp-json\/wp\/v2\/media?parent=195210"}],"wp:term":[{"taxonomy":"product_cat","embeddable":true,"href":"https:\/\/www.erresse-shop.it\/fr\/wp-json\/wp\/v2\/product_cat?post=195210"},{"taxonomy":"product_tag","embeddable":true,"href":"https:\/\/www.erresse-shop.it\/fr\/wp-json\/wp\/v2\/product_tag?post=195210"}],"curies":[{"name":"wp","href":"https:\/\/api.w.org\/{rel}","templated":true}]}}