{"id":195118,"date":"2022-10-20T09:23:23","date_gmt":"2022-10-20T09:23:27","guid":{"rendered":"https:\/\/www.erresse-shop.it\/?post_type=product&#038;p=195118"},"modified":"2025-01-14T17:34:57","modified_gmt":"2025-01-14T17:34:57","slug":"cuisinart-ouvre-bouteille-electrique","status":"publish","type":"product","link":"https:\/\/www.erresse-shop.it\/fr\/shop\/cuisine\/cuisinart-ouvre-bouteille-electrique\/","title":{"rendered":"CUISINART Ouvre-bouteille \u00e9lectrique"},"content":{"rendered":"<p><strong>COLLECTION SANS FIL<\/strong><\/p>\n<p>Faisant partie de notre collection sans fil, cet \u00e9l\u00e9gant d\u00e9capsuleur automatique ouvrira vos bouteilles pr\u00e9f\u00e9r\u00e9es en toute simplicit\u00e9. Il d\u00e9tecte, retire et \u00e9jecte le bouchon en une seule action et est livr\u00e9 avec tous les accessoires n\u00e9cessaires pour ouvrir, verser et conserver le vin.<\/p>\n<p>Ouvrir vos bouteilles de vin pr\u00e9f\u00e9r\u00e9es ne peut \u00eatre plus facile avec notre d\u00e9capsuleur automatique sans fil. Il est \u00e9quip\u00e9 d&#8217;un couteau int\u00e9gr\u00e9 pour retirer l&#8217;emballage en aluminium de la bouteille. Une fois en place, il d\u00e9tecte automatiquement le bouchon et le retire en une seule \u00e9tape facile.<\/p>\n<p>Un bec verseur pour le vin est \u00e9galement inclus : il suffit de l&#8217;ins\u00e9rer dans la bouteille ouverte pour laisser le vin s&#8217;a\u00e9rer et am\u00e9liorer son go\u00fbt lorsque vous le versez. Il y a aussi une scelleuse sous vide avec indicateur de date pour pr\u00e9server la fra\u00eecheur de tout vin non termin\u00e9 et se souvenir de la date de la premi\u00e8re ouverture de la bouteille.<\/p>\n<p>Aliment\u00e9 par des batteries lithium-ion et un chargeur USB, cet ouvre-bouteille automatique sans fil sera toujours pr\u00eat lorsque vous en aurez besoin, puisque jusqu&#8217;\u00e0 50 bouteilles peuvent \u00eatre ouvertes sur une charge compl\u00e8te de 2\u00bd heures. Gr\u00e2ce \u00e0 la technologie lithium-ion, il vous offrira des performances in\u00e9gal\u00e9es m\u00eame lorsque le niveau de la batterie est faible.<\/p>\n<p>Le t\u00e9moin lumineux du niveau de la batterie vous permet de savoir quand la charge est faible.<\/p>\n<p>Notre d\u00e9capsuleur automatique sans fil est le cadeau id\u00e9al pour les amateurs de vin et fonctionne avec les bouchons naturels et synth\u00e9tiques.<\/p>\n<p><strong>CARACT\u00c9RISTIQUES TECHNIQUES :<\/strong><\/p>\n<ul>\n<li>Ouvre automatiquement les bouchons naturels et synth\u00e9tiques<\/li>\n<li>Sans fil pour une flexibilit\u00e9 et une facilit\u00e9 d&#8217;utilisation maximales<\/li>\n<li>Taille compacte<\/li>\n<li>Recharge compl\u00e8te en 2\u00bd heures pour ouvrir jusqu&#8217;\u00e0 50 bouteilles<\/li>\n<li>Batterie lithium-ion pour des performances constantes et de haute puissance<\/li>\n<li>Les indicateurs lumineux de la batterie indiquent le niveau de charge<\/li>\n<li>C\u00e2ble USB et adaptateur inclus<\/li>\n<li>Coupe-capsules inclus<\/li>\n<li>Bec verseur pour le vin inclus<\/li>\n<li>Scelleur sous vide avec indicateur de date inclus, pour pr\u00e9server le go\u00fbt des vins non finis.<\/li>\n<\/ul>\n<p><span style=\"text-decoration: underline;\"><strong>Garantie de 2 ans<\/strong><\/span><br \/>\n<span style=\"text-decoration: underline;\"><strong>Ne peut \u00eatre vendu en dehors de l&#8217;Europe<\/strong><\/span><\/p>\n","protected":false},"excerpt":{"rendered":"<p>COLLECTION SANS FIL Faisant partie de notre collection sans fil, cet \u00e9l\u00e9gant d\u00e9capsuleur automatique ouvrira vos bouteilles pr\u00e9f\u00e9r\u00e9es en toute<\/p>\n","protected":false},"featured_media":195166,"template":"","meta":{"_acf_changed":false,"inline_featured_image":false},"product_cat":[12748],"product_tag":[24365],"acf":[],"yoast_head":"<!-- This site is optimized with the Yoast SEO Premium plugin v18.6 (Yoast SEO v19.13) - https:\/\/yoast.com\/wordpress\/plugins\/seo\/ -->\n<title>CUISINART Ouvre-bouteille \u00e9lectrique<\/title>\n<meta name=\"description\" content=\"D\u00e9couvrez CUISINART Ouvre-bouteille \u00e9lectrique sur ErresseShop. Qualit\u00e9, prix r\u00e9duits et achat s\u00e9curis\u00e9 \u2013 commandez d\u00e8s maintenant en ligne !\" \/>\n<meta name=\"robots\" content=\"index, follow, max-snippet:-1, max-image-preview:large, max-video-preview:-1\" \/>\n<link rel=\"canonical\" href=\"https:\/\/www.erresse-shop.it\/fr\/shop\/cuisine\/cuisinart-ouvre-bouteille-electrique\/\" \/>\n<meta property=\"og:locale\" content=\"fr_FR\" \/>\n<meta property=\"og:type\" content=\"article\" \/>\n<meta property=\"og:title\" content=\"CUISINART Ouvre-bouteille \u00e9lectrique\" \/>\n<meta property=\"og:description\" content=\"D\u00e9couvrez CUISINART Ouvre-bouteille \u00e9lectrique sur ErresseShop. Qualit\u00e9, prix r\u00e9duits et achat s\u00e9curis\u00e9 \u2013 commandez d\u00e8s maintenant en ligne !\" \/>\n<meta property=\"og:url\" content=\"https:\/\/www.erresse-shop.it\/fr\/shop\/cuisine\/cuisinart-ouvre-bouteille-electrique\/\" \/>\n<meta property=\"og:site_name\" content=\"Erresse Shop\" \/>\n<meta property=\"article:modified_time\" content=\"2025-01-14T17:34:57+00:00\" \/>\n<meta property=\"og:image\" content=\"https:\/\/www.erresse-shop.it\/wp-content\/uploads\/2022\/10\/Apri-vino-amb-1-RWO100E-Image-4.jpg\" \/>\n\t<meta property=\"og:image:width\" content=\"800\" \/>\n\t<meta property=\"og:image:height\" content=\"800\" \/>\n\t<meta property=\"og:image:type\" content=\"image\/jpeg\" \/>\n<meta name=\"twitter:card\" content=\"summary_large_image\" \/>\n<script type=\"application\/ld+json\" class=\"yoast-schema-graph\">{\"@context\":\"https:\/\/schema.org\",\"@graph\":[{\"@type\":\"WebPage\",\"@id\":\"https:\/\/www.erresse-shop.it\/fr\/shop\/cuisine\/cuisinart-ouvre-bouteille-electrique\/\",\"url\":\"https:\/\/www.erresse-shop.it\/fr\/shop\/cuisine\/cuisinart-ouvre-bouteille-electrique\/\",\"name\":\"CUISINART Ouvre-bouteille \u00e9lectrique\",\"isPartOf\":{\"@id\":\"https:\/\/www.erresse-shop.it\/fr\/#website\"},\"datePublished\":\"2022-10-20T09:23:27+00:00\",\"dateModified\":\"2025-01-14T17:34:57+00:00\",\"description\":\"D\u00e9couvrez CUISINART Ouvre-bouteille \u00e9lectrique sur ErresseShop. Qualit\u00e9, prix r\u00e9duits et achat s\u00e9curis\u00e9 \u2013 commandez d\u00e8s maintenant en ligne !\",\"breadcrumb\":{\"@id\":\"https:\/\/www.erresse-shop.it\/fr\/shop\/cuisine\/cuisinart-ouvre-bouteille-electrique\/#breadcrumb\"},\"inLanguage\":\"fr-FR\",\"potentialAction\":[{\"@type\":\"ReadAction\",\"target\":[\"https:\/\/www.erresse-shop.it\/fr\/shop\/cuisine\/cuisinart-ouvre-bouteille-electrique\/\"]}]},{\"@type\":\"BreadcrumbList\",\"@id\":\"https:\/\/www.erresse-shop.it\/fr\/shop\/cuisine\/cuisinart-ouvre-bouteille-electrique\/#breadcrumb\",\"itemListElement\":[{\"@type\":\"ListItem\",\"position\":1,\"name\":\"Home\",\"item\":\"https:\/\/www.erresse-shop.it\/fr\/\"},{\"@type\":\"ListItem\",\"position\":2,\"name\":\"Shop\",\"item\":\"https:\/\/www.erresse-shop.it\/fr\/shop\/\"},{\"@type\":\"ListItem\",\"position\":3,\"name\":\"CUISINART Ouvre-bouteille \u00e9lectrique\"}]},{\"@type\":\"WebSite\",\"@id\":\"https:\/\/www.erresse-shop.it\/fr\/#website\",\"url\":\"https:\/\/www.erresse-shop.it\/fr\/\",\"name\":\"Erresse Shop\",\"description\":\"Articoli di qualit\u00e0 per la casa\",\"potentialAction\":[{\"@type\":\"SearchAction\",\"target\":{\"@type\":\"EntryPoint\",\"urlTemplate\":\"https:\/\/www.erresse-shop.it\/fr\/?s={search_term_string}\"},\"query-input\":\"required name=search_term_string\"}],\"inLanguage\":\"fr-FR\"}]}<\/script>\n<!-- \/ Yoast SEO Premium plugin. -->","yoast_head_json":{"title":"CUISINART Ouvre-bouteille \u00e9lectrique","description":"D\u00e9couvrez CUISINART Ouvre-bouteille \u00e9lectrique sur ErresseShop. Qualit\u00e9, prix r\u00e9duits et achat s\u00e9curis\u00e9 \u2013 commandez d\u00e8s maintenant en ligne !","robots":{"index":"index","follow":"follow","max-snippet":"max-snippet:-1","max-image-preview":"max-image-preview:large","max-video-preview":"max-video-preview:-1"},"canonical":"https:\/\/www.erresse-shop.it\/fr\/shop\/cuisine\/cuisinart-ouvre-bouteille-electrique\/","og_locale":"fr_FR","og_type":"article","og_title":"CUISINART Ouvre-bouteille \u00e9lectrique","og_description":"D\u00e9couvrez CUISINART Ouvre-bouteille \u00e9lectrique sur ErresseShop. Qualit\u00e9, prix r\u00e9duits et achat s\u00e9curis\u00e9 \u2013 commandez d\u00e8s maintenant en ligne !","og_url":"https:\/\/www.erresse-shop.it\/fr\/shop\/cuisine\/cuisinart-ouvre-bouteille-electrique\/","og_site_name":"Erresse Shop","article_modified_time":"2025-01-14T17:34:57+00:00","og_image":[{"width":800,"height":800,"url":"https:\/\/www.erresse-shop.it\/wp-content\/uploads\/2022\/10\/Apri-vino-amb-1-RWO100E-Image-4.jpg","type":"image\/jpeg"}],"twitter_card":"summary_large_image","schema":{"@context":"https:\/\/schema.org","@graph":[{"@type":"WebPage","@id":"https:\/\/www.erresse-shop.it\/fr\/shop\/cuisine\/cuisinart-ouvre-bouteille-electrique\/","url":"https:\/\/www.erresse-shop.it\/fr\/shop\/cuisine\/cuisinart-ouvre-bouteille-electrique\/","name":"CUISINART Ouvre-bouteille \u00e9lectrique","isPartOf":{"@id":"https:\/\/www.erresse-shop.it\/fr\/#website"},"datePublished":"2022-10-20T09:23:27+00:00","dateModified":"2025-01-14T17:34:57+00:00","description":"D\u00e9couvrez CUISINART Ouvre-bouteille \u00e9lectrique sur ErresseShop. Qualit\u00e9, prix r\u00e9duits et achat s\u00e9curis\u00e9 \u2013 commandez d\u00e8s maintenant en ligne !","breadcrumb":{"@id":"https:\/\/www.erresse-shop.it\/fr\/shop\/cuisine\/cuisinart-ouvre-bouteille-electrique\/#breadcrumb"},"inLanguage":"fr-FR","potentialAction":[{"@type":"ReadAction","target":["https:\/\/www.erresse-shop.it\/fr\/shop\/cuisine\/cuisinart-ouvre-bouteille-electrique\/"]}]},{"@type":"BreadcrumbList","@id":"https:\/\/www.erresse-shop.it\/fr\/shop\/cuisine\/cuisinart-ouvre-bouteille-electrique\/#breadcrumb","itemListElement":[{"@type":"ListItem","position":1,"name":"Home","item":"https:\/\/www.erresse-shop.it\/fr\/"},{"@type":"ListItem","position":2,"name":"Shop","item":"https:\/\/www.erresse-shop.it\/fr\/shop\/"},{"@type":"ListItem","position":3,"name":"CUISINART Ouvre-bouteille \u00e9lectrique"}]},{"@type":"WebSite","@id":"https:\/\/www.erresse-shop.it\/fr\/#website","url":"https:\/\/www.erresse-shop.it\/fr\/","name":"Erresse Shop","description":"Articoli di qualit\u00e0 per la casa","potentialAction":[{"@type":"SearchAction","target":{"@type":"EntryPoint","urlTemplate":"https:\/\/www.erresse-shop.it\/fr\/?s={search_term_string}"},"query-input":"required name=search_term_string"}],"inLanguage":"fr-FR"}]}},"df_price":79.9,"df_sale_price":79.9,"df_regular_price":79.9,"df_image_link":"https:\/\/www.erresse-shop.it\/wp-content\/uploads\/2022\/10\/Apri-vino-amb-1-RWO100E-Image-4-300x300.jpg","_links":{"self":[{"href":"https:\/\/www.erresse-shop.it\/fr\/wp-json\/wp\/v2\/product\/195118"}],"collection":[{"href":"https:\/\/www.erresse-shop.it\/fr\/wp-json\/wp\/v2\/product"}],"about":[{"href":"https:\/\/www.erresse-shop.it\/fr\/wp-json\/wp\/v2\/types\/product"}],"wp:featuredmedia":[{"embeddable":true,"href":"https:\/\/www.erresse-shop.it\/fr\/wp-json\/wp\/v2\/media\/195166"}],"wp:attachment":[{"href":"https:\/\/www.erresse-shop.it\/fr\/wp-json\/wp\/v2\/media?parent=195118"}],"wp:term":[{"taxonomy":"product_cat","embeddable":true,"href":"https:\/\/www.erresse-shop.it\/fr\/wp-json\/wp\/v2\/product_cat?post=195118"},{"taxonomy":"product_tag","embeddable":true,"href":"https:\/\/www.erresse-shop.it\/fr\/wp-json\/wp\/v2\/product_tag?post=195118"}],"curies":[{"name":"wp","href":"https:\/\/api.w.org\/{rel}","templated":true}]}}