{"id":195113,"date":"2022-10-20T09:21:34","date_gmt":"2022-10-20T09:21:39","guid":{"rendered":"https:\/\/www.erresse-shop.it\/?post_type=product&#038;p=195113"},"modified":"2022-12-01T00:12:10","modified_gmt":"2022-12-01T00:12:10","slug":"villeroy-boch-support-a-gateaux-toys-fantasy","status":"publish","type":"product","link":"https:\/\/www.erresse-shop.it\/fr\/shop\/table-fr-2\/presentoirs-a-gateau\/villeroy-boch-support-a-gateaux-toys-fantasy\/","title":{"rendered":"VILLEROY &#038; BOCH Support \u00e0 G\u00e2teaux Toy&#8217;s Fantasy"},"content":{"rendered":"<p><strong><span style=\"text-decoration: underline;\">NE VA PAS AU LAVE-VAISSELLE<\/span><br \/>\nMat\u00e9riau :<\/strong> Porcelaine Premium<br \/>\n<strong>Convient au micro-ondes :<\/strong> Oui<\/p>\n<p><strong>SUPPORT A GATEAUX<br \/>\n<\/strong>Cr\u00e9ant une atmosph\u00e8re de No\u00ebl, la tasse est parfaite pour pr\u00e9senter avec style des d\u00e9corations, des bonbons ou de petits en-cas. Un aspect visuel enchanteur et un design rempli de d\u00e9tails et de couleurs de No\u00ebl raviront petits et grands.<br \/>\nLa porcelaine est d\u00e9cor\u00e9e de jolis motifs rouges, verts et blancs et \u00e9voque des souvenirs d&#8217;enfance.<br \/>\nUne belle id\u00e9e de cadeau ! Tous les articles de la collection peuvent \u00eatre combin\u00e9s les uns avec les autres. Id\u00e9al pour combiner, collectionner et offrir en cadeau.<\/p>\n<p><strong>DIMENSIONS :<\/strong> 24 x 24 x 12 cm<\/p>\n","protected":false},"excerpt":{"rendered":"<p>NE VA PAS AU LAVE-VAISSELLE Mat\u00e9riau : Porcelaine Premium Convient au micro-ondes : Oui SUPPORT A GATEAUX Cr\u00e9ant une atmosph\u00e8re<\/p>\n","protected":false},"featured_media":195126,"template":"","meta":{"_acf_changed":false,"inline_featured_image":false},"product_cat":[12783,12782],"product_tag":[23910,20499,20501,20500],"acf":[],"yoast_head":"<!-- This site is optimized with the Yoast SEO Premium plugin v18.6 (Yoast SEO v19.13) - https:\/\/yoast.com\/wordpress\/plugins\/seo\/ -->\n<title>VILLEROY &amp; BOCH Support \u00e0 G\u00e2teaux Toy&#039;s Fantasy - Erresse Shop<\/title>\n<meta name=\"description\" content=\"NE VA PAS AU LAVE-VAISSELLE Mat\u00e9riau : Porcelaine Premium Convient au micro-ondes : Oui SUPPORT A GATEAUX Cr\u00e9ant une atmosph\u00e8re de No\u00ebl, la tasse est\" \/>\n<meta name=\"robots\" content=\"index, follow, max-snippet:-1, max-image-preview:large, max-video-preview:-1\" \/>\n<link rel=\"canonical\" href=\"https:\/\/www.erresse-shop.it\/fr\/shop\/table-fr-2\/presentoirs-a-gateau\/villeroy-boch-support-a-gateaux-toys-fantasy\/\" \/>\n<meta property=\"og:locale\" content=\"fr_FR\" \/>\n<meta property=\"og:type\" content=\"article\" \/>\n<meta property=\"og:title\" content=\"VILLEROY &amp; BOCH Support \u00e0 G\u00e2teaux Toy&#039;s Fantasy\" \/>\n<meta property=\"og:description\" content=\"NE VA PAS AU LAVE-VAISSELLE Mat\u00e9riau : Porcelaine Premium Convient au micro-ondes : Oui SUPPORT A GATEAUX Cr\u00e9ant une atmosph\u00e8re de No\u00ebl, la tasse est\" \/>\n<meta property=\"og:url\" content=\"https:\/\/www.erresse-shop.it\/fr\/shop\/table-fr-2\/presentoirs-a-gateau\/villeroy-boch-support-a-gateaux-toys-fantasy\/\" \/>\n<meta property=\"og:site_name\" content=\"Erresse Shop\" \/>\n<meta property=\"article:modified_time\" content=\"2022-12-01T00:12:10+00:00\" \/>\n<meta property=\"og:image\" content=\"https:\/\/www.erresse-shop.it\/wp-content\/uploads\/2022\/10\/VILLEROY-BOCH-Coppa-Piede.jpg\" \/>\n\t<meta property=\"og:image:width\" content=\"800\" \/>\n\t<meta property=\"og:image:height\" content=\"800\" \/>\n\t<meta property=\"og:image:type\" content=\"image\/jpeg\" \/>\n<meta name=\"twitter:card\" content=\"summary_large_image\" \/>\n<script type=\"application\/ld+json\" class=\"yoast-schema-graph\">{\"@context\":\"https:\/\/schema.org\",\"@graph\":[{\"@type\":\"WebPage\",\"@id\":\"https:\/\/www.erresse-shop.it\/fr\/shop\/table-fr-2\/presentoirs-a-gateau\/villeroy-boch-support-a-gateaux-toys-fantasy\/\",\"url\":\"https:\/\/www.erresse-shop.it\/fr\/shop\/table-fr-2\/presentoirs-a-gateau\/villeroy-boch-support-a-gateaux-toys-fantasy\/\",\"name\":\"VILLEROY & BOCH Support \u00e0 G\u00e2teaux Toy's Fantasy - Erresse Shop\",\"isPartOf\":{\"@id\":\"https:\/\/www.erresse-shop.it\/fr\/#website\"},\"datePublished\":\"2022-10-20T09:21:39+00:00\",\"dateModified\":\"2022-12-01T00:12:10+00:00\",\"description\":\"NE VA PAS AU LAVE-VAISSELLE Mat\u00e9riau : Porcelaine Premium Convient au micro-ondes : Oui SUPPORT A GATEAUX Cr\u00e9ant une atmosph\u00e8re de No\u00ebl, la tasse est\",\"breadcrumb\":{\"@id\":\"https:\/\/www.erresse-shop.it\/fr\/shop\/table-fr-2\/presentoirs-a-gateau\/villeroy-boch-support-a-gateaux-toys-fantasy\/#breadcrumb\"},\"inLanguage\":\"fr-FR\",\"potentialAction\":[{\"@type\":\"ReadAction\",\"target\":[\"https:\/\/www.erresse-shop.it\/fr\/shop\/table-fr-2\/presentoirs-a-gateau\/villeroy-boch-support-a-gateaux-toys-fantasy\/\"]}]},{\"@type\":\"BreadcrumbList\",\"@id\":\"https:\/\/www.erresse-shop.it\/fr\/shop\/table-fr-2\/presentoirs-a-gateau\/villeroy-boch-support-a-gateaux-toys-fantasy\/#breadcrumb\",\"itemListElement\":[{\"@type\":\"ListItem\",\"position\":1,\"name\":\"Home\",\"item\":\"https:\/\/www.erresse-shop.it\/fr\/\"},{\"@type\":\"ListItem\",\"position\":2,\"name\":\"Shop\",\"item\":\"https:\/\/www.erresse-shop.it\/fr\/shop\/\"},{\"@type\":\"ListItem\",\"position\":3,\"name\":\"VILLEROY &#038; BOCH Support \u00e0 G\u00e2teaux Toy&#8217;s Fantasy\"}]},{\"@type\":\"WebSite\",\"@id\":\"https:\/\/www.erresse-shop.it\/fr\/#website\",\"url\":\"https:\/\/www.erresse-shop.it\/fr\/\",\"name\":\"Erresse Shop\",\"description\":\"Articoli di qualit\u00e0 per la casa\",\"potentialAction\":[{\"@type\":\"SearchAction\",\"target\":{\"@type\":\"EntryPoint\",\"urlTemplate\":\"https:\/\/www.erresse-shop.it\/fr\/?s={search_term_string}\"},\"query-input\":\"required name=search_term_string\"}],\"inLanguage\":\"fr-FR\"}]}<\/script>\n<!-- \/ Yoast SEO Premium plugin. -->","yoast_head_json":{"title":"VILLEROY & BOCH Support \u00e0 G\u00e2teaux Toy's Fantasy - Erresse Shop","description":"NE VA PAS AU LAVE-VAISSELLE Mat\u00e9riau : Porcelaine Premium Convient au micro-ondes : Oui SUPPORT A GATEAUX Cr\u00e9ant une atmosph\u00e8re de No\u00ebl, la tasse est","robots":{"index":"index","follow":"follow","max-snippet":"max-snippet:-1","max-image-preview":"max-image-preview:large","max-video-preview":"max-video-preview:-1"},"canonical":"https:\/\/www.erresse-shop.it\/fr\/shop\/table-fr-2\/presentoirs-a-gateau\/villeroy-boch-support-a-gateaux-toys-fantasy\/","og_locale":"fr_FR","og_type":"article","og_title":"VILLEROY & BOCH Support \u00e0 G\u00e2teaux Toy's Fantasy","og_description":"NE VA PAS AU LAVE-VAISSELLE Mat\u00e9riau : Porcelaine Premium Convient au micro-ondes : Oui SUPPORT A GATEAUX Cr\u00e9ant une atmosph\u00e8re de No\u00ebl, la tasse est","og_url":"https:\/\/www.erresse-shop.it\/fr\/shop\/table-fr-2\/presentoirs-a-gateau\/villeroy-boch-support-a-gateaux-toys-fantasy\/","og_site_name":"Erresse Shop","article_modified_time":"2022-12-01T00:12:10+00:00","og_image":[{"width":800,"height":800,"url":"https:\/\/www.erresse-shop.it\/wp-content\/uploads\/2022\/10\/VILLEROY-BOCH-Coppa-Piede.jpg","type":"image\/jpeg"}],"twitter_card":"summary_large_image","schema":{"@context":"https:\/\/schema.org","@graph":[{"@type":"WebPage","@id":"https:\/\/www.erresse-shop.it\/fr\/shop\/table-fr-2\/presentoirs-a-gateau\/villeroy-boch-support-a-gateaux-toys-fantasy\/","url":"https:\/\/www.erresse-shop.it\/fr\/shop\/table-fr-2\/presentoirs-a-gateau\/villeroy-boch-support-a-gateaux-toys-fantasy\/","name":"VILLEROY & BOCH Support \u00e0 G\u00e2teaux Toy's Fantasy - Erresse Shop","isPartOf":{"@id":"https:\/\/www.erresse-shop.it\/fr\/#website"},"datePublished":"2022-10-20T09:21:39+00:00","dateModified":"2022-12-01T00:12:10+00:00","description":"NE VA PAS AU LAVE-VAISSELLE Mat\u00e9riau : Porcelaine Premium Convient au micro-ondes : Oui SUPPORT A GATEAUX Cr\u00e9ant une atmosph\u00e8re de No\u00ebl, la tasse est","breadcrumb":{"@id":"https:\/\/www.erresse-shop.it\/fr\/shop\/table-fr-2\/presentoirs-a-gateau\/villeroy-boch-support-a-gateaux-toys-fantasy\/#breadcrumb"},"inLanguage":"fr-FR","potentialAction":[{"@type":"ReadAction","target":["https:\/\/www.erresse-shop.it\/fr\/shop\/table-fr-2\/presentoirs-a-gateau\/villeroy-boch-support-a-gateaux-toys-fantasy\/"]}]},{"@type":"BreadcrumbList","@id":"https:\/\/www.erresse-shop.it\/fr\/shop\/table-fr-2\/presentoirs-a-gateau\/villeroy-boch-support-a-gateaux-toys-fantasy\/#breadcrumb","itemListElement":[{"@type":"ListItem","position":1,"name":"Home","item":"https:\/\/www.erresse-shop.it\/fr\/"},{"@type":"ListItem","position":2,"name":"Shop","item":"https:\/\/www.erresse-shop.it\/fr\/shop\/"},{"@type":"ListItem","position":3,"name":"VILLEROY &#038; BOCH Support \u00e0 G\u00e2teaux Toy&#8217;s Fantasy"}]},{"@type":"WebSite","@id":"https:\/\/www.erresse-shop.it\/fr\/#website","url":"https:\/\/www.erresse-shop.it\/fr\/","name":"Erresse Shop","description":"Articoli di qualit\u00e0 per la casa","potentialAction":[{"@type":"SearchAction","target":{"@type":"EntryPoint","urlTemplate":"https:\/\/www.erresse-shop.it\/fr\/?s={search_term_string}"},"query-input":"required name=search_term_string"}],"inLanguage":"fr-FR"}]}},"df_price":24.95,"df_sale_price":24.95,"df_regular_price":49.9,"df_image_link":"https:\/\/www.erresse-shop.it\/wp-content\/uploads\/2022\/10\/VILLEROY-BOCH-Coppa-Piede-300x300.jpg","_links":{"self":[{"href":"https:\/\/www.erresse-shop.it\/fr\/wp-json\/wp\/v2\/product\/195113"}],"collection":[{"href":"https:\/\/www.erresse-shop.it\/fr\/wp-json\/wp\/v2\/product"}],"about":[{"href":"https:\/\/www.erresse-shop.it\/fr\/wp-json\/wp\/v2\/types\/product"}],"wp:featuredmedia":[{"embeddable":true,"href":"https:\/\/www.erresse-shop.it\/fr\/wp-json\/wp\/v2\/media\/195126"}],"wp:attachment":[{"href":"https:\/\/www.erresse-shop.it\/fr\/wp-json\/wp\/v2\/media?parent=195113"}],"wp:term":[{"taxonomy":"product_cat","embeddable":true,"href":"https:\/\/www.erresse-shop.it\/fr\/wp-json\/wp\/v2\/product_cat?post=195113"},{"taxonomy":"product_tag","embeddable":true,"href":"https:\/\/www.erresse-shop.it\/fr\/wp-json\/wp\/v2\/product_tag?post=195113"}],"curies":[{"name":"wp","href":"https:\/\/api.w.org\/{rel}","templated":true}]}}