{"id":194935,"date":"2022-10-20T07:28:30","date_gmt":"2022-10-20T07:28:34","guid":{"rendered":"https:\/\/www.erresse-shop.it\/?post_type=product&#038;p=194935"},"modified":"2025-01-14T17:34:57","modified_gmt":"2025-01-14T17:34:57","slug":"cuisinart-mixeur-de-boissons-a-main-sans-fil","status":"publish","type":"product","link":"https:\/\/www.erresse-shop.it\/fr\/shop\/cuisine\/cuisinart-mixeur-de-boissons-a-main-sans-fil\/","title":{"rendered":"CUISINART Mixeur de boissons \u00e0 main sans fil"},"content":{"rendered":"<p><strong>COLLECTION SANS FIL<\/strong><\/p>\n<p>Faisant partie de notre collection sans fil, ce mixeur \u00e0 immersion sans fil, avec sa gamme d&#8217;accessoires, est parfait pour pr\u00e9parer plusieurs recettes, vous aidant \u00e0 m\u00e9langer, mixer, fouetter, hacher et mixer.<\/p>\n<p>Comme il est sans fil, vous n&#8217;avez pas \u00e0 vous soucier d&#8217;avoir une prise de courant libre \u00e0 proximit\u00e9 : vous pouvez pr\u00e9parer votre recette n&#8217;importe o\u00f9 dans la cuisine, de l&#8217;\u00eelot \u00e0 la table de cuisson ou au plan de travail, sans que les c\u00e2bles ne vous g\u00eanent.<\/p>\n<p>Ce m\u00e9langeur \u00e0 immersion offre un maximum de commodit\u00e9 lors de son utilisation. Utilisez le mixeur en acier inoxydable, ainsi que le pichet sans BPA inclus, pour cr\u00e9er des sauces, des smoothies et des cocktails. Cet accessoire peut \u00eatre utilis\u00e9 avec des ingr\u00e9dients jusqu&#8217;\u00e0 100\u00b0C, il est donc \u00e9galement parfait pour les soupes.<\/p>\n<p>L&#8217;accessoire fouet est parfait pour fouetter la cr\u00e8me, cr\u00e9er des p\u00e2tes et des meringues. Vous pouvez aussi simplement utiliser l&#8217;accessoire de hachage pour acc\u00e9l\u00e9rer les t\u00e2ches quotidiennes telles que le hachage des l\u00e9gumes et des herbes, la pr\u00e9paration de la chapelure, des sauces et des vinaigrettes.<\/p>\n<p>Aliment\u00e9 par des batteries lithium-ion et un chargeur USB, ce puissant mixeur plongeant vous offrira des performances in\u00e9gal\u00e9es m\u00eame lorsque le niveau de la batterie est faible. Une charge compl\u00e8te de 130 minutes vous donne assez de puissance pour environ 30 minutes d&#8217;utilisation continue.<\/p>\n<p>Le t\u00e9moin lumineux du niveau de la batterie vous permet de savoir quand la charge est faible.<\/p>\n<p>Tous les accessoires vont au lave-vaisselle pour un nettoyage facile.<\/p>\n<p><strong>CARACT\u00c9RISTIQUES TECHNIQUES :<\/strong><\/p>\n<ul>\n<li>Sans fil pour une flexibilit\u00e9 et une facilit\u00e9 d&#8217;utilisation maximales<\/li>\n<li>Taille compacte<\/li>\n<li>Mixeur plongeant en acier inoxydable, utilisable avec des ingr\u00e9dients jusqu&#8217;\u00e0 100\u00b0C.<\/li>\n<li>Pot de mixage sans BPA<\/li>\n<li>Fouet<\/li>\n<li>Mini robot de cuisine d&#8217;une capacit\u00e9 de 250 ml<\/li>\n<li>Une charge compl\u00e8te de 130 minutes assure une utilisation continue d&#8217;environ 30 minutes.<\/li>\n<li>Batterie lithium-ion pour des performances constantes et de haute puissance<\/li>\n<li>Des t\u00e9moins lumineux indiquent le niveau de la batterie<\/li>\n<li>C\u00e2ble USB et adaptateur inclus<\/li>\n<li>Accessoires compatibles avec le lave-vaisselle<\/li>\n<li>Syst\u00e8me de verrouillage de s\u00e9curit\u00e9<\/li>\n<\/ul>\n<p><span style=\"text-decoration: underline;\"><strong>Garantie de 2 ans<\/strong><\/span><br \/>\n<span style=\"text-decoration: underline;\"><strong>Ne peut \u00eatre vendu en dehors de l&#8217;Europe<\/strong><\/span><\/p>\n","protected":false},"excerpt":{"rendered":"<p>COLLECTION SANS FIL Faisant partie de notre collection sans fil, ce mixeur \u00e0 immersion sans fil, avec sa gamme d&#8217;accessoires,<\/p>\n","protected":false},"featured_media":194989,"template":"","meta":{"_acf_changed":false,"inline_featured_image":false},"product_cat":[12748],"product_tag":[24365],"acf":[],"yoast_head":"<!-- This site is optimized with the Yoast SEO Premium plugin v18.6 (Yoast SEO v19.13) - https:\/\/yoast.com\/wordpress\/plugins\/seo\/ -->\n<title>CUISINART Mixeur de boissons \u00e0 main sans fil<\/title>\n<meta name=\"description\" content=\"D\u00e9couvrez CUISINART Mixeur de boissons \u00e0 main sans fil sur ErresseShop. Qualit\u00e9, prix r\u00e9duits et achat s\u00e9curis\u00e9 \u2013 commandez d\u00e8s maintenant en ligne !\" \/>\n<meta name=\"robots\" content=\"index, follow, max-snippet:-1, max-image-preview:large, max-video-preview:-1\" \/>\n<link rel=\"canonical\" href=\"https:\/\/www.erresse-shop.it\/fr\/shop\/cuisine\/cuisinart-mixeur-de-boissons-a-main-sans-fil\/\" \/>\n<meta property=\"og:locale\" content=\"fr_FR\" \/>\n<meta property=\"og:type\" content=\"article\" \/>\n<meta property=\"og:title\" content=\"CUISINART Mixeur de boissons \u00e0 main sans fil\" \/>\n<meta property=\"og:description\" content=\"D\u00e9couvrez CUISINART Mixeur de boissons \u00e0 main sans fil sur ErresseShop. Qualit\u00e9, prix r\u00e9duits et achat s\u00e9curis\u00e9 \u2013 commandez d\u00e8s maintenant en ligne !\" \/>\n<meta property=\"og:url\" content=\"https:\/\/www.erresse-shop.it\/fr\/shop\/cuisine\/cuisinart-mixeur-de-boissons-a-main-sans-fil\/\" \/>\n<meta property=\"og:site_name\" content=\"Erresse Shop\" \/>\n<meta property=\"article:modified_time\" content=\"2025-01-14T17:34:57+00:00\" \/>\n<meta property=\"og:image\" content=\"https:\/\/www.erresse-shop.it\/wp-content\/uploads\/2022\/10\/Frullatore-portatile-RPB100E-Image-4.jpg\" \/>\n\t<meta property=\"og:image:width\" content=\"800\" \/>\n\t<meta property=\"og:image:height\" content=\"800\" \/>\n\t<meta property=\"og:image:type\" content=\"image\/jpeg\" \/>\n<meta name=\"twitter:card\" content=\"summary_large_image\" \/>\n<script type=\"application\/ld+json\" class=\"yoast-schema-graph\">{\"@context\":\"https:\/\/schema.org\",\"@graph\":[{\"@type\":\"WebPage\",\"@id\":\"https:\/\/www.erresse-shop.it\/fr\/shop\/cuisine\/cuisinart-mixeur-de-boissons-a-main-sans-fil\/\",\"url\":\"https:\/\/www.erresse-shop.it\/fr\/shop\/cuisine\/cuisinart-mixeur-de-boissons-a-main-sans-fil\/\",\"name\":\"CUISINART Mixeur de boissons \u00e0 main sans fil\",\"isPartOf\":{\"@id\":\"https:\/\/www.erresse-shop.it\/fr\/#website\"},\"datePublished\":\"2022-10-20T07:28:34+00:00\",\"dateModified\":\"2025-01-14T17:34:57+00:00\",\"description\":\"D\u00e9couvrez CUISINART Mixeur de boissons \u00e0 main sans fil sur ErresseShop. Qualit\u00e9, prix r\u00e9duits et achat s\u00e9curis\u00e9 \u2013 commandez d\u00e8s maintenant en ligne !\",\"breadcrumb\":{\"@id\":\"https:\/\/www.erresse-shop.it\/fr\/shop\/cuisine\/cuisinart-mixeur-de-boissons-a-main-sans-fil\/#breadcrumb\"},\"inLanguage\":\"fr-FR\",\"potentialAction\":[{\"@type\":\"ReadAction\",\"target\":[\"https:\/\/www.erresse-shop.it\/fr\/shop\/cuisine\/cuisinart-mixeur-de-boissons-a-main-sans-fil\/\"]}]},{\"@type\":\"BreadcrumbList\",\"@id\":\"https:\/\/www.erresse-shop.it\/fr\/shop\/cuisine\/cuisinart-mixeur-de-boissons-a-main-sans-fil\/#breadcrumb\",\"itemListElement\":[{\"@type\":\"ListItem\",\"position\":1,\"name\":\"Home\",\"item\":\"https:\/\/www.erresse-shop.it\/fr\/\"},{\"@type\":\"ListItem\",\"position\":2,\"name\":\"Shop\",\"item\":\"https:\/\/www.erresse-shop.it\/fr\/shop\/\"},{\"@type\":\"ListItem\",\"position\":3,\"name\":\"CUISINART Mixeur de boissons \u00e0 main sans fil\"}]},{\"@type\":\"WebSite\",\"@id\":\"https:\/\/www.erresse-shop.it\/fr\/#website\",\"url\":\"https:\/\/www.erresse-shop.it\/fr\/\",\"name\":\"Erresse Shop\",\"description\":\"Articoli di qualit\u00e0 per la casa\",\"potentialAction\":[{\"@type\":\"SearchAction\",\"target\":{\"@type\":\"EntryPoint\",\"urlTemplate\":\"https:\/\/www.erresse-shop.it\/fr\/?s={search_term_string}\"},\"query-input\":\"required name=search_term_string\"}],\"inLanguage\":\"fr-FR\"}]}<\/script>\n<!-- \/ Yoast SEO Premium plugin. -->","yoast_head_json":{"title":"CUISINART Mixeur de boissons \u00e0 main sans fil","description":"D\u00e9couvrez CUISINART Mixeur de boissons \u00e0 main sans fil sur ErresseShop. Qualit\u00e9, prix r\u00e9duits et achat s\u00e9curis\u00e9 \u2013 commandez d\u00e8s maintenant en ligne !","robots":{"index":"index","follow":"follow","max-snippet":"max-snippet:-1","max-image-preview":"max-image-preview:large","max-video-preview":"max-video-preview:-1"},"canonical":"https:\/\/www.erresse-shop.it\/fr\/shop\/cuisine\/cuisinart-mixeur-de-boissons-a-main-sans-fil\/","og_locale":"fr_FR","og_type":"article","og_title":"CUISINART Mixeur de boissons \u00e0 main sans fil","og_description":"D\u00e9couvrez CUISINART Mixeur de boissons \u00e0 main sans fil sur ErresseShop. Qualit\u00e9, prix r\u00e9duits et achat s\u00e9curis\u00e9 \u2013 commandez d\u00e8s maintenant en ligne !","og_url":"https:\/\/www.erresse-shop.it\/fr\/shop\/cuisine\/cuisinart-mixeur-de-boissons-a-main-sans-fil\/","og_site_name":"Erresse Shop","article_modified_time":"2025-01-14T17:34:57+00:00","og_image":[{"width":800,"height":800,"url":"https:\/\/www.erresse-shop.it\/wp-content\/uploads\/2022\/10\/Frullatore-portatile-RPB100E-Image-4.jpg","type":"image\/jpeg"}],"twitter_card":"summary_large_image","schema":{"@context":"https:\/\/schema.org","@graph":[{"@type":"WebPage","@id":"https:\/\/www.erresse-shop.it\/fr\/shop\/cuisine\/cuisinart-mixeur-de-boissons-a-main-sans-fil\/","url":"https:\/\/www.erresse-shop.it\/fr\/shop\/cuisine\/cuisinart-mixeur-de-boissons-a-main-sans-fil\/","name":"CUISINART Mixeur de boissons \u00e0 main sans fil","isPartOf":{"@id":"https:\/\/www.erresse-shop.it\/fr\/#website"},"datePublished":"2022-10-20T07:28:34+00:00","dateModified":"2025-01-14T17:34:57+00:00","description":"D\u00e9couvrez CUISINART Mixeur de boissons \u00e0 main sans fil sur ErresseShop. Qualit\u00e9, prix r\u00e9duits et achat s\u00e9curis\u00e9 \u2013 commandez d\u00e8s maintenant en ligne !","breadcrumb":{"@id":"https:\/\/www.erresse-shop.it\/fr\/shop\/cuisine\/cuisinart-mixeur-de-boissons-a-main-sans-fil\/#breadcrumb"},"inLanguage":"fr-FR","potentialAction":[{"@type":"ReadAction","target":["https:\/\/www.erresse-shop.it\/fr\/shop\/cuisine\/cuisinart-mixeur-de-boissons-a-main-sans-fil\/"]}]},{"@type":"BreadcrumbList","@id":"https:\/\/www.erresse-shop.it\/fr\/shop\/cuisine\/cuisinart-mixeur-de-boissons-a-main-sans-fil\/#breadcrumb","itemListElement":[{"@type":"ListItem","position":1,"name":"Home","item":"https:\/\/www.erresse-shop.it\/fr\/"},{"@type":"ListItem","position":2,"name":"Shop","item":"https:\/\/www.erresse-shop.it\/fr\/shop\/"},{"@type":"ListItem","position":3,"name":"CUISINART Mixeur de boissons \u00e0 main sans fil"}]},{"@type":"WebSite","@id":"https:\/\/www.erresse-shop.it\/fr\/#website","url":"https:\/\/www.erresse-shop.it\/fr\/","name":"Erresse Shop","description":"Articoli di qualit\u00e0 per la casa","potentialAction":[{"@type":"SearchAction","target":{"@type":"EntryPoint","urlTemplate":"https:\/\/www.erresse-shop.it\/fr\/?s={search_term_string}"},"query-input":"required name=search_term_string"}],"inLanguage":"fr-FR"}]}},"df_price":99.9,"df_sale_price":99.9,"df_regular_price":99.9,"df_image_link":"https:\/\/www.erresse-shop.it\/wp-content\/uploads\/2022\/10\/Frullatore-portatile-RPB100E-Image-4-300x300.jpg","_links":{"self":[{"href":"https:\/\/www.erresse-shop.it\/fr\/wp-json\/wp\/v2\/product\/194935"}],"collection":[{"href":"https:\/\/www.erresse-shop.it\/fr\/wp-json\/wp\/v2\/product"}],"about":[{"href":"https:\/\/www.erresse-shop.it\/fr\/wp-json\/wp\/v2\/types\/product"}],"wp:featuredmedia":[{"embeddable":true,"href":"https:\/\/www.erresse-shop.it\/fr\/wp-json\/wp\/v2\/media\/194989"}],"wp:attachment":[{"href":"https:\/\/www.erresse-shop.it\/fr\/wp-json\/wp\/v2\/media?parent=194935"}],"wp:term":[{"taxonomy":"product_cat","embeddable":true,"href":"https:\/\/www.erresse-shop.it\/fr\/wp-json\/wp\/v2\/product_cat?post=194935"},{"taxonomy":"product_tag","embeddable":true,"href":"https:\/\/www.erresse-shop.it\/fr\/wp-json\/wp\/v2\/product_tag?post=194935"}],"curies":[{"name":"wp","href":"https:\/\/api.w.org\/{rel}","templated":true}]}}