{"id":193772,"date":"2022-10-17T12:39:16","date_gmt":"2022-10-17T12:39:21","guid":{"rendered":"https:\/\/www.erresse-shop.it\/?post_type=product&#038;p=193772"},"modified":"2025-06-05T06:36:04","modified_gmt":"2025-06-05T06:36:04","slug":"machine-a-cafe-jura-ena-8-touch-metropolitan-noir-dont-2-kg-de-cafe","status":"publish","type":"product","link":"https:\/\/www.erresse-shop.it\/fr\/shop\/petits-electromenagers\/machines-cafe\/automatique\/machine-a-cafe-jura-ena-8-touch-metropolitan-noir-dont-2-kg-de-cafe\/","title":{"rendered":"Machine \u00e0 caf\u00e9 JURA ENA 8 Touch Metropolitan Noir"},"content":{"rendered":"<p><strong>Un design complet avec une commande tactile intuitive<\/strong><br \/>\nPetite et \u00e9l\u00e9gante, la machine automatique \u00e0 une tasse permet d\u00e9sormais une utilisation encore plus facile gr\u00e2ce \u00e0 la technologie de l&#8217;\u00e9cran tactile et \u00e0 l&#8217;intelligence artificielle : l&#8217;\u00e9cran lit tous vos souhaits en mati\u00e8re de caf\u00e9, litt\u00e9ralement du bout des doigts. En outre, un algorithme reconna\u00eet vos pr\u00e9f\u00e9rences personnelles et adapte automatiquement l&#8217;\u00e9cran de d\u00e9marrage en fonction de celles-ci.<\/p>\n<p>L&#8217;ENA 8 conquiert avec 12 sp\u00e9cialit\u00e9s de caf\u00e9 s\u00e9lectionn\u00e9es, y compris les plus tendance comme le cortado et le caf\u00e9 Barista. Le plaisir du caf\u00e9 n&#8217;est pas le fruit du hasard, mais plut\u00f4t d&#8217;innovations telles que l&#8217;unit\u00e9 de brassage compacte VC (Vacuum-Clean). Gr\u00e2ce \u00e0 elle, le caf\u00e9 s&#8217;\u00e9coule toujours dans la tasse dans des conditions id\u00e9ales. Le proc\u00e9d\u00e9 d&#8217;extraction puls\u00e9e (P.E.P.\u00ae) optimise l&#8217;ar\u00f4me des sp\u00e9cialit\u00e9s courtes comme le ristretto et l&#8217;espresso. La technologie micro-mousse pr\u00e9pare une mousse de lait douce et d\u00e9licate pour le cappuccino &amp; Co.<\/p>\n<p>Plongez dans l&#8217;univers de l&#8217;ENA 8<\/p>\n<p><strong>PETIT<\/strong><br \/>\nSeulement 27,1 x 32,3 x 44,5 cm<\/p>\n<p><strong>ELEGANT<\/strong><br \/>\nUn design tout en rondeur avec des d\u00e9tails chrom\u00e9s et un r\u00e9servoir d&#8217;eau rond \u00e0 l&#8217;esth\u00e9tique Diamant.<\/p>\n<p><strong>SIMPLE<\/strong><br \/>\nAffichage couleur avec technologie d&#8217;\u00e9cran tactile TFT et intelligence artificielle.<\/p>\n<p><strong>VIRTUOUS<\/strong><br \/>\n12 sp\u00e9cialit\u00e9s \u00e0 touche unique, dont le cortado et le caf\u00e9 Barista.<\/p>\n<p><strong>CARACT\u00c9RISTIQUES\/SP\u00c9CIALIT\u00c9S<\/strong><br \/>\nNombre de sp\u00e9cialit\u00e9s de caf\u00e9 12<br \/>\n\u00c9cran couleur de 2,8 pouces<br \/>\nIntensit\u00e9 du caf\u00e9 programmable et personnalisable : 10 niveaux<br \/>\nQuantit\u00e9 de lait\/mousse programmable : oui<br \/>\nTemp\u00e9rature d&#8217;infusion programmable : 3 niveaux<br \/>\nTemp\u00e9rature de l&#8217;eau chaude programmable : 3 niveaux<br \/>\nProc\u00e9d\u00e9 d&#8217;extraction puls\u00e9e (P.E.P.\u00ae) : oui<br \/>\nFonction One-Touch Long : oui<br \/>\nFonction One-Touch : oui<br \/>\nGroupe de brassage \u00e0 capacit\u00e9 variable : 6 &#8211; 10 g<br \/>\nMoulin \u00e0 caf\u00e9 : Aroma G3, moulin \u00e0 caf\u00e9 multi-degr\u00e9s<br \/>\nPompe haute performance, 15 bar : 1<br \/>\nSyst\u00e8me de chauffage Thermoblock : 1<br \/>\nSyst\u00e8me de fluides : 1<br \/>\nSyst\u00e8me de lait \/ mousseur \u00e0 lait rempla\u00e7able HP1 \/ CX1<br \/>\nCompartiment pour le caf\u00e9 moulu : oui<br \/>\nCouvercle de protection contre les ar\u00f4mes : oui<\/p>\n<p><strong>CARACT\u00c9RISTIQUES TECHNIQUES<\/strong><br \/>\nDouble bec r\u00e9glable en hauteur et en largeur : 68 &#8211; 138 mm \/ -.<br \/>\nDistributeur d&#8217;eau chaude r\u00e9glable en hauteur : 68 &#8211; 138 mm<br \/>\nCapacit\u00e9 du r\u00e9servoir d&#8217;eau : 1,1 l<br \/>\nCapacit\u00e9 du r\u00e9cipient \u00e0 caf\u00e9 en grains : 125 g<br \/>\nBac \u00e0 marc de caf\u00e9 (portions) : 10<br \/>\nLongueur du c\u00e2ble 1,1 m<br \/>\nTension \/ puissance absorb\u00e9e : 230 V ~ \/ 1450 W<br \/>\nIntensit\u00e9 du courant : 10 A<br \/>\nClasse d&#8217;efficacit\u00e9 \u00e9nerg\u00e9tique \/ consommation d&#8217;\u00e9nergie : A \/ 60 kWh\/an<br \/>\nConsommation en mode veille : 0 W<br \/>\nPoids : 9,4 kg<br \/>\nDimensions (L \u00d7 H \u00d7 P) : 27,1 \u00d7 32,3 \u00d7 44,5 cm<\/p>\n<p><strong>Pays du fabricant : Made in Portugal<\/strong><br \/>\n<strong>Ann\u00e9e mod\u00e8le 2022<\/strong><\/p>\n","protected":false},"excerpt":{"rendered":"<p>Un design complet avec une commande tactile intuitive Petite et \u00e9l\u00e9gante, la machine automatique \u00e0 une tasse permet d\u00e9sormais une<\/p>\n","protected":false},"featured_media":193796,"template":"","meta":{"_acf_changed":false,"inline_featured_image":false},"product_cat":[25360,12764,12449],"product_tag":[23563,20780,13254,23568],"acf":[],"yoast_head":"<!-- This site is optimized with the Yoast SEO Premium plugin v18.6 (Yoast SEO v19.13) - https:\/\/yoast.com\/wordpress\/plugins\/seo\/ -->\n<title>Machine \u00e0 caf\u00e9 JURA ENA 8 Touch Metropolitan Noir - Erresse Shop<\/title>\n<meta name=\"description\" content=\"Un design complet avec une commande tactile intuitive Petite et \u00e9l\u00e9gante, la machine automatique \u00e0 une tasse permet d\u00e9sormais une utilisation encore plus\" \/>\n<meta name=\"robots\" content=\"index, follow, max-snippet:-1, max-image-preview:large, max-video-preview:-1\" \/>\n<link rel=\"canonical\" href=\"https:\/\/www.erresse-shop.it\/fr\/shop\/petits-electromenagers\/machines-cafe\/automatique\/machine-a-cafe-jura-ena-8-touch-metropolitan-noir-dont-2-kg-de-cafe\/\" \/>\n<meta property=\"og:locale\" content=\"fr_FR\" \/>\n<meta property=\"og:type\" content=\"article\" \/>\n<meta property=\"og:title\" content=\"Machine \u00e0 caf\u00e9 JURA ENA 8 Touch Metropolitan Noir\" \/>\n<meta property=\"og:description\" content=\"Un design complet avec une commande tactile intuitive Petite et \u00e9l\u00e9gante, la machine automatique \u00e0 une tasse permet d\u00e9sormais une utilisation encore plus\" \/>\n<meta property=\"og:url\" content=\"https:\/\/www.erresse-shop.it\/fr\/shop\/petits-electromenagers\/machines-cafe\/automatique\/machine-a-cafe-jura-ena-8-touch-metropolitan-noir-dont-2-kg-de-cafe\/\" \/>\n<meta property=\"og:site_name\" content=\"Erresse Shop\" \/>\n<meta property=\"article:modified_time\" content=\"2025-06-05T06:36:04+00:00\" \/>\n<meta property=\"og:image\" content=\"https:\/\/www.erresse-shop.it\/wp-content\/uploads\/2022\/10\/JURA-ena-8-touch-metropolitan-black.jpg\" \/>\n\t<meta property=\"og:image:width\" content=\"800\" \/>\n\t<meta property=\"og:image:height\" content=\"800\" \/>\n\t<meta property=\"og:image:type\" content=\"image\/jpeg\" \/>\n<meta name=\"twitter:card\" content=\"summary_large_image\" \/>\n<script type=\"application\/ld+json\" class=\"yoast-schema-graph\">{\"@context\":\"https:\/\/schema.org\",\"@graph\":[{\"@type\":\"WebPage\",\"@id\":\"https:\/\/www.erresse-shop.it\/fr\/shop\/petits-electromenagers\/machines-cafe\/automatique\/machine-a-cafe-jura-ena-8-touch-metropolitan-noir-dont-2-kg-de-cafe\/\",\"url\":\"https:\/\/www.erresse-shop.it\/fr\/shop\/petits-electromenagers\/machines-cafe\/automatique\/machine-a-cafe-jura-ena-8-touch-metropolitan-noir-dont-2-kg-de-cafe\/\",\"name\":\"Machine \u00e0 caf\u00e9 JURA ENA 8 Touch Metropolitan Noir - Erresse Shop\",\"isPartOf\":{\"@id\":\"https:\/\/www.erresse-shop.it\/fr\/#website\"},\"datePublished\":\"2022-10-17T12:39:21+00:00\",\"dateModified\":\"2025-06-05T06:36:04+00:00\",\"description\":\"Un design complet avec une commande tactile intuitive Petite et \u00e9l\u00e9gante, la machine automatique \u00e0 une tasse permet d\u00e9sormais une utilisation encore plus\",\"breadcrumb\":{\"@id\":\"https:\/\/www.erresse-shop.it\/fr\/shop\/petits-electromenagers\/machines-cafe\/automatique\/machine-a-cafe-jura-ena-8-touch-metropolitan-noir-dont-2-kg-de-cafe\/#breadcrumb\"},\"inLanguage\":\"fr-FR\",\"potentialAction\":[{\"@type\":\"ReadAction\",\"target\":[\"https:\/\/www.erresse-shop.it\/fr\/shop\/petits-electromenagers\/machines-cafe\/automatique\/machine-a-cafe-jura-ena-8-touch-metropolitan-noir-dont-2-kg-de-cafe\/\"]}]},{\"@type\":\"BreadcrumbList\",\"@id\":\"https:\/\/www.erresse-shop.it\/fr\/shop\/petits-electromenagers\/machines-cafe\/automatique\/machine-a-cafe-jura-ena-8-touch-metropolitan-noir-dont-2-kg-de-cafe\/#breadcrumb\",\"itemListElement\":[{\"@type\":\"ListItem\",\"position\":1,\"name\":\"Home\",\"item\":\"https:\/\/www.erresse-shop.it\/fr\/\"},{\"@type\":\"ListItem\",\"position\":2,\"name\":\"Shop\",\"item\":\"https:\/\/www.erresse-shop.it\/fr\/shop\/\"},{\"@type\":\"ListItem\",\"position\":3,\"name\":\"Machine \u00e0 caf\u00e9 JURA ENA 8 Touch Metropolitan Noir\"}]},{\"@type\":\"WebSite\",\"@id\":\"https:\/\/www.erresse-shop.it\/fr\/#website\",\"url\":\"https:\/\/www.erresse-shop.it\/fr\/\",\"name\":\"Erresse Shop\",\"description\":\"Articoli di qualit\u00e0 per la casa\",\"potentialAction\":[{\"@type\":\"SearchAction\",\"target\":{\"@type\":\"EntryPoint\",\"urlTemplate\":\"https:\/\/www.erresse-shop.it\/fr\/?s={search_term_string}\"},\"query-input\":\"required name=search_term_string\"}],\"inLanguage\":\"fr-FR\"}]}<\/script>\n<!-- \/ Yoast SEO Premium plugin. -->","yoast_head_json":{"title":"Machine \u00e0 caf\u00e9 JURA ENA 8 Touch Metropolitan Noir - Erresse Shop","description":"Un design complet avec une commande tactile intuitive Petite et \u00e9l\u00e9gante, la machine automatique \u00e0 une tasse permet d\u00e9sormais une utilisation encore plus","robots":{"index":"index","follow":"follow","max-snippet":"max-snippet:-1","max-image-preview":"max-image-preview:large","max-video-preview":"max-video-preview:-1"},"canonical":"https:\/\/www.erresse-shop.it\/fr\/shop\/petits-electromenagers\/machines-cafe\/automatique\/machine-a-cafe-jura-ena-8-touch-metropolitan-noir-dont-2-kg-de-cafe\/","og_locale":"fr_FR","og_type":"article","og_title":"Machine \u00e0 caf\u00e9 JURA ENA 8 Touch Metropolitan Noir","og_description":"Un design complet avec une commande tactile intuitive Petite et \u00e9l\u00e9gante, la machine automatique \u00e0 une tasse permet d\u00e9sormais une utilisation encore plus","og_url":"https:\/\/www.erresse-shop.it\/fr\/shop\/petits-electromenagers\/machines-cafe\/automatique\/machine-a-cafe-jura-ena-8-touch-metropolitan-noir-dont-2-kg-de-cafe\/","og_site_name":"Erresse Shop","article_modified_time":"2025-06-05T06:36:04+00:00","og_image":[{"width":800,"height":800,"url":"https:\/\/www.erresse-shop.it\/wp-content\/uploads\/2022\/10\/JURA-ena-8-touch-metropolitan-black.jpg","type":"image\/jpeg"}],"twitter_card":"summary_large_image","schema":{"@context":"https:\/\/schema.org","@graph":[{"@type":"WebPage","@id":"https:\/\/www.erresse-shop.it\/fr\/shop\/petits-electromenagers\/machines-cafe\/automatique\/machine-a-cafe-jura-ena-8-touch-metropolitan-noir-dont-2-kg-de-cafe\/","url":"https:\/\/www.erresse-shop.it\/fr\/shop\/petits-electromenagers\/machines-cafe\/automatique\/machine-a-cafe-jura-ena-8-touch-metropolitan-noir-dont-2-kg-de-cafe\/","name":"Machine \u00e0 caf\u00e9 JURA ENA 8 Touch Metropolitan Noir - Erresse Shop","isPartOf":{"@id":"https:\/\/www.erresse-shop.it\/fr\/#website"},"datePublished":"2022-10-17T12:39:21+00:00","dateModified":"2025-06-05T06:36:04+00:00","description":"Un design complet avec une commande tactile intuitive Petite et \u00e9l\u00e9gante, la machine automatique \u00e0 une tasse permet d\u00e9sormais une utilisation encore plus","breadcrumb":{"@id":"https:\/\/www.erresse-shop.it\/fr\/shop\/petits-electromenagers\/machines-cafe\/automatique\/machine-a-cafe-jura-ena-8-touch-metropolitan-noir-dont-2-kg-de-cafe\/#breadcrumb"},"inLanguage":"fr-FR","potentialAction":[{"@type":"ReadAction","target":["https:\/\/www.erresse-shop.it\/fr\/shop\/petits-electromenagers\/machines-cafe\/automatique\/machine-a-cafe-jura-ena-8-touch-metropolitan-noir-dont-2-kg-de-cafe\/"]}]},{"@type":"BreadcrumbList","@id":"https:\/\/www.erresse-shop.it\/fr\/shop\/petits-electromenagers\/machines-cafe\/automatique\/machine-a-cafe-jura-ena-8-touch-metropolitan-noir-dont-2-kg-de-cafe\/#breadcrumb","itemListElement":[{"@type":"ListItem","position":1,"name":"Home","item":"https:\/\/www.erresse-shop.it\/fr\/"},{"@type":"ListItem","position":2,"name":"Shop","item":"https:\/\/www.erresse-shop.it\/fr\/shop\/"},{"@type":"ListItem","position":3,"name":"Machine \u00e0 caf\u00e9 JURA ENA 8 Touch Metropolitan Noir"}]},{"@type":"WebSite","@id":"https:\/\/www.erresse-shop.it\/fr\/#website","url":"https:\/\/www.erresse-shop.it\/fr\/","name":"Erresse Shop","description":"Articoli di qualit\u00e0 per la casa","potentialAction":[{"@type":"SearchAction","target":{"@type":"EntryPoint","urlTemplate":"https:\/\/www.erresse-shop.it\/fr\/?s={search_term_string}"},"query-input":"required name=search_term_string"}],"inLanguage":"fr-FR"}]}},"df_price":949.95,"df_sale_price":949.95,"df_regular_price":1249,"df_image_link":"https:\/\/www.erresse-shop.it\/wp-content\/uploads\/2022\/10\/JURA-ena-8-touch-metropolitan-black-300x300.jpg","_links":{"self":[{"href":"https:\/\/www.erresse-shop.it\/fr\/wp-json\/wp\/v2\/product\/193772"}],"collection":[{"href":"https:\/\/www.erresse-shop.it\/fr\/wp-json\/wp\/v2\/product"}],"about":[{"href":"https:\/\/www.erresse-shop.it\/fr\/wp-json\/wp\/v2\/types\/product"}],"wp:featuredmedia":[{"embeddable":true,"href":"https:\/\/www.erresse-shop.it\/fr\/wp-json\/wp\/v2\/media\/193796"}],"wp:attachment":[{"href":"https:\/\/www.erresse-shop.it\/fr\/wp-json\/wp\/v2\/media?parent=193772"}],"wp:term":[{"taxonomy":"product_cat","embeddable":true,"href":"https:\/\/www.erresse-shop.it\/fr\/wp-json\/wp\/v2\/product_cat?post=193772"},{"taxonomy":"product_tag","embeddable":true,"href":"https:\/\/www.erresse-shop.it\/fr\/wp-json\/wp\/v2\/product_tag?post=193772"}],"curies":[{"name":"wp","href":"https:\/\/api.w.org\/{rel}","templated":true}]}}