{"id":193691,"date":"2022-10-17T10:09:28","date_gmt":"2022-10-17T10:09:33","guid":{"rendered":"https:\/\/www.erresse-shop.it\/?post_type=product&#038;p=193691"},"modified":"2023-08-08T00:00:21","modified_gmt":"2023-08-08T00:00:21","slug":"jura-cappuccinateur-chaud-et-froid","status":"publish","type":"product","link":"https:\/\/www.erresse-shop.it\/fr\/shop\/petits-electromenagers\/mousseurs-a-lait\/jura-cappuccinateur-chaud-et-froid\/","title":{"rendered":"JURA Cappuccinateur chaud et froid"},"content":{"rendered":"<p><strong>MOUSSE DE LAIT MAGIQUE<\/strong><br \/>\nDoux et polyvalent. Gr\u00e2ce \u00e0 la mousse de lait fra\u00eeche et cr\u00e9meuse pr\u00e9par\u00e9e avec la machine \u00e0 cappuccino JURA, il est enfin possible de r\u00e9aliser des sp\u00e9cialit\u00e9s telles que le flat white, la boisson du moment, m\u00eame en version froide.<\/p>\n<p>Le design clair et minimaliste, l&#8217;haptique d\u00e9taill\u00e9e et les mat\u00e9riaux s\u00e9lectionn\u00e9s rendent l&#8217;assistant de moussage particuli\u00e8rement facile \u00e0 manipuler, dans des conditions d&#8217;hygi\u00e8ne maximale. \u00c9quip\u00e9 de deux accessoires, il pr\u00e9pare du lait froid, chaud ou bouillant et de la mousse de lait par simple pression d&#8217;un bouton.<\/p>\n<p>Que ce soit en compl\u00e9ment d&#8217;une machine automatique \u00e0 caf\u00e9 sp\u00e9cial ou en tant qu&#8217;accessoire indispensable pour tous les amateurs de sp\u00e9cialit\u00e9s lact\u00e9es, la machine \u00e0 cappuccino JURA permet d&#8217;accro\u00eetre la vari\u00e9t\u00e9 des recettes et de perfectionner l&#8217;art de la pr\u00e9paration.<\/p>\n<p><strong>VARI\u00c9T\u00c9<\/strong><br \/>\nQue ce soit en tant que garniture ou en tant qu&#8217;ingr\u00e9dient de base, la mousse de lait douce et cr\u00e9meuse donne aux sp\u00e9cialit\u00e9s tendance la fra\u00eecheur et la l\u00e9g\u00e8ret\u00e9 n\u00e9cessaires. Froid, chaud ou bouillant &#8211; la machine \u00e0 cappuccino permet de pr\u00e9parer des d\u00e9lices pour chaque saison. Un chocolat chaud en hiver, un Cold Romanoff fruit\u00e9 au printemps, un Flat White glac\u00e9 en \u00e9t\u00e9 ou un Chai Latte glac\u00e9 en automne &#8211; l&#8217;imagination n&#8217;a pas de limites ! Le livret de recettes ci-joint donne quelques id\u00e9es pour la pr\u00e9paration de boissons tendance exclusives.<\/p>\n<p><strong>MOUSSE DE LAIT FROID SUR SIMPLE PRESSION D&#8217;UN BOUTON<\/strong><br \/>\nPour faire mousser du lait froid, chaud ou bouillant dans le r\u00e9cipient \u00e0 lait, il suffit d&#8217;appuyer une, deux ou trois fois sur le bouton de commande ergonomique. Des pictogrammes intuitifs en couleur confirment le mode choisi.<\/p>\n<p><strong>CONCEPTION ING\u00c9NIEUSE<\/strong><br \/>\nL&#8217;haptique et l&#8217;esth\u00e9tique de la machine \u00e0 cappuccino s&#8217;inspirent du design classique de JURA et assurent une manipulation facile et une hygi\u00e8ne optimale. Le r\u00e9cipient \u00e0 lait est dot\u00e9 d&#8217;une surface agr\u00e9able au toucher doux et de d\u00e9tails chrom\u00e9s \u00e9l\u00e9gants. Les mat\u00e9riaux faciles d&#8217;entretien comme l&#8217;acier inoxydable et les formes arrondies rendent le nettoyage du r\u00e9cipient particuli\u00e8rement ais\u00e9.<\/p>\n<p><strong>FAIBLE ENCOMBREMENT<\/strong><br \/>\nLe tube d&#8217;alimentation et les accessoires peuvent \u00eatre rang\u00e9s de mani\u00e8re pratique dans la base. Gr\u00e2ce \u00e0 ses dimensions de 13 x 21 cm, le cappuccinator se glisse dans n&#8217;importe quel placard de cuisine.<\/p>\n<p><strong>CARACT\u00c9RISTIQUES TECHNIQUES<\/strong><\/p>\n<p>Longueur du c\u00e2ble 0,8 m<br \/>\nTension 120 &#8211; 240 V ~<br \/>\nFr\u00e9quence 50 &#8211; 60 Hz<br \/>\nPoids 1 kg<br \/>\nLargeur 12,5 cm<br \/>\nHauteur 20,9 cm<\/p>\n","protected":false},"excerpt":{"rendered":"<p>MOUSSE DE LAIT MAGIQUE Doux et polyvalent. Gr\u00e2ce \u00e0 la mousse de lait fra\u00eeche et cr\u00e9meuse pr\u00e9par\u00e9e avec la machine<\/p>\n","protected":false},"featured_media":193725,"template":"","meta":{"_acf_changed":false,"inline_featured_image":false},"product_cat":[20620,12449],"product_tag":[23623,20779,20780,20625],"acf":[],"yoast_head":"<!-- This site is optimized with the Yoast SEO Premium plugin v18.6 (Yoast SEO v19.13) - https:\/\/yoast.com\/wordpress\/plugins\/seo\/ -->\n<title>JURA Cappuccinateur chaud et froid - Erresse Shop<\/title>\n<meta name=\"description\" content=\"MOUSSE DE LAIT MAGIQUE Doux et polyvalent. Gr\u00e2ce \u00e0 la mousse de lait fra\u00eeche et cr\u00e9meuse pr\u00e9par\u00e9e avec la machine \u00e0 cappuccino JURA, il est enfin possible\" \/>\n<meta name=\"robots\" content=\"index, follow, max-snippet:-1, max-image-preview:large, max-video-preview:-1\" \/>\n<link rel=\"canonical\" href=\"https:\/\/www.erresse-shop.it\/fr\/shop\/petits-electromenagers\/mousseurs-a-lait\/jura-cappuccinateur-chaud-et-froid\/\" \/>\n<meta property=\"og:locale\" content=\"fr_FR\" \/>\n<meta property=\"og:type\" content=\"article\" \/>\n<meta property=\"og:title\" content=\"JURA Cappuccinateur chaud et froid\" \/>\n<meta property=\"og:description\" content=\"MOUSSE DE LAIT MAGIQUE Doux et polyvalent. Gr\u00e2ce \u00e0 la mousse de lait fra\u00eeche et cr\u00e9meuse pr\u00e9par\u00e9e avec la machine \u00e0 cappuccino JURA, il est enfin possible\" \/>\n<meta property=\"og:url\" content=\"https:\/\/www.erresse-shop.it\/fr\/shop\/petits-electromenagers\/mousseurs-a-lait\/jura-cappuccinateur-chaud-et-froid\/\" \/>\n<meta property=\"og:site_name\" content=\"Erresse Shop\" \/>\n<meta property=\"article:modified_time\" content=\"2023-08-08T00:00:21+00:00\" \/>\n<meta property=\"og:image\" content=\"https:\/\/www.erresse-shop.it\/wp-content\/uploads\/2022\/10\/JURA-cappuccinatore4.jpg\" \/>\n\t<meta property=\"og:image:width\" content=\"800\" \/>\n\t<meta property=\"og:image:height\" content=\"800\" \/>\n\t<meta property=\"og:image:type\" content=\"image\/jpeg\" \/>\n<meta name=\"twitter:card\" content=\"summary_large_image\" \/>\n<script type=\"application\/ld+json\" class=\"yoast-schema-graph\">{\"@context\":\"https:\/\/schema.org\",\"@graph\":[{\"@type\":\"WebPage\",\"@id\":\"https:\/\/www.erresse-shop.it\/fr\/shop\/petits-electromenagers\/mousseurs-a-lait\/jura-cappuccinateur-chaud-et-froid\/\",\"url\":\"https:\/\/www.erresse-shop.it\/fr\/shop\/petits-electromenagers\/mousseurs-a-lait\/jura-cappuccinateur-chaud-et-froid\/\",\"name\":\"JURA Cappuccinateur chaud et froid - Erresse Shop\",\"isPartOf\":{\"@id\":\"https:\/\/www.erresse-shop.it\/fr\/#website\"},\"datePublished\":\"2022-10-17T10:09:33+00:00\",\"dateModified\":\"2023-08-08T00:00:21+00:00\",\"description\":\"MOUSSE DE LAIT MAGIQUE Doux et polyvalent. Gr\u00e2ce \u00e0 la mousse de lait fra\u00eeche et cr\u00e9meuse pr\u00e9par\u00e9e avec la machine \u00e0 cappuccino JURA, il est enfin possible\",\"breadcrumb\":{\"@id\":\"https:\/\/www.erresse-shop.it\/fr\/shop\/petits-electromenagers\/mousseurs-a-lait\/jura-cappuccinateur-chaud-et-froid\/#breadcrumb\"},\"inLanguage\":\"fr-FR\",\"potentialAction\":[{\"@type\":\"ReadAction\",\"target\":[\"https:\/\/www.erresse-shop.it\/fr\/shop\/petits-electromenagers\/mousseurs-a-lait\/jura-cappuccinateur-chaud-et-froid\/\"]}]},{\"@type\":\"BreadcrumbList\",\"@id\":\"https:\/\/www.erresse-shop.it\/fr\/shop\/petits-electromenagers\/mousseurs-a-lait\/jura-cappuccinateur-chaud-et-froid\/#breadcrumb\",\"itemListElement\":[{\"@type\":\"ListItem\",\"position\":1,\"name\":\"Home\",\"item\":\"https:\/\/www.erresse-shop.it\/fr\/\"},{\"@type\":\"ListItem\",\"position\":2,\"name\":\"Shop\",\"item\":\"https:\/\/www.erresse-shop.it\/fr\/shop\/\"},{\"@type\":\"ListItem\",\"position\":3,\"name\":\"JURA Cappuccinateur chaud et froid\"}]},{\"@type\":\"WebSite\",\"@id\":\"https:\/\/www.erresse-shop.it\/fr\/#website\",\"url\":\"https:\/\/www.erresse-shop.it\/fr\/\",\"name\":\"Erresse Shop\",\"description\":\"Articoli di qualit\u00e0 per la casa\",\"potentialAction\":[{\"@type\":\"SearchAction\",\"target\":{\"@type\":\"EntryPoint\",\"urlTemplate\":\"https:\/\/www.erresse-shop.it\/fr\/?s={search_term_string}\"},\"query-input\":\"required name=search_term_string\"}],\"inLanguage\":\"fr-FR\"}]}<\/script>\n<!-- \/ Yoast SEO Premium plugin. -->","yoast_head_json":{"title":"JURA Cappuccinateur chaud et froid - Erresse Shop","description":"MOUSSE DE LAIT MAGIQUE Doux et polyvalent. Gr\u00e2ce \u00e0 la mousse de lait fra\u00eeche et cr\u00e9meuse pr\u00e9par\u00e9e avec la machine \u00e0 cappuccino JURA, il est enfin possible","robots":{"index":"index","follow":"follow","max-snippet":"max-snippet:-1","max-image-preview":"max-image-preview:large","max-video-preview":"max-video-preview:-1"},"canonical":"https:\/\/www.erresse-shop.it\/fr\/shop\/petits-electromenagers\/mousseurs-a-lait\/jura-cappuccinateur-chaud-et-froid\/","og_locale":"fr_FR","og_type":"article","og_title":"JURA Cappuccinateur chaud et froid","og_description":"MOUSSE DE LAIT MAGIQUE Doux et polyvalent. Gr\u00e2ce \u00e0 la mousse de lait fra\u00eeche et cr\u00e9meuse pr\u00e9par\u00e9e avec la machine \u00e0 cappuccino JURA, il est enfin possible","og_url":"https:\/\/www.erresse-shop.it\/fr\/shop\/petits-electromenagers\/mousseurs-a-lait\/jura-cappuccinateur-chaud-et-froid\/","og_site_name":"Erresse Shop","article_modified_time":"2023-08-08T00:00:21+00:00","og_image":[{"width":800,"height":800,"url":"https:\/\/www.erresse-shop.it\/wp-content\/uploads\/2022\/10\/JURA-cappuccinatore4.jpg","type":"image\/jpeg"}],"twitter_card":"summary_large_image","schema":{"@context":"https:\/\/schema.org","@graph":[{"@type":"WebPage","@id":"https:\/\/www.erresse-shop.it\/fr\/shop\/petits-electromenagers\/mousseurs-a-lait\/jura-cappuccinateur-chaud-et-froid\/","url":"https:\/\/www.erresse-shop.it\/fr\/shop\/petits-electromenagers\/mousseurs-a-lait\/jura-cappuccinateur-chaud-et-froid\/","name":"JURA Cappuccinateur chaud et froid - Erresse Shop","isPartOf":{"@id":"https:\/\/www.erresse-shop.it\/fr\/#website"},"datePublished":"2022-10-17T10:09:33+00:00","dateModified":"2023-08-08T00:00:21+00:00","description":"MOUSSE DE LAIT MAGIQUE Doux et polyvalent. Gr\u00e2ce \u00e0 la mousse de lait fra\u00eeche et cr\u00e9meuse pr\u00e9par\u00e9e avec la machine \u00e0 cappuccino JURA, il est enfin possible","breadcrumb":{"@id":"https:\/\/www.erresse-shop.it\/fr\/shop\/petits-electromenagers\/mousseurs-a-lait\/jura-cappuccinateur-chaud-et-froid\/#breadcrumb"},"inLanguage":"fr-FR","potentialAction":[{"@type":"ReadAction","target":["https:\/\/www.erresse-shop.it\/fr\/shop\/petits-electromenagers\/mousseurs-a-lait\/jura-cappuccinateur-chaud-et-froid\/"]}]},{"@type":"BreadcrumbList","@id":"https:\/\/www.erresse-shop.it\/fr\/shop\/petits-electromenagers\/mousseurs-a-lait\/jura-cappuccinateur-chaud-et-froid\/#breadcrumb","itemListElement":[{"@type":"ListItem","position":1,"name":"Home","item":"https:\/\/www.erresse-shop.it\/fr\/"},{"@type":"ListItem","position":2,"name":"Shop","item":"https:\/\/www.erresse-shop.it\/fr\/shop\/"},{"@type":"ListItem","position":3,"name":"JURA Cappuccinateur chaud et froid"}]},{"@type":"WebSite","@id":"https:\/\/www.erresse-shop.it\/fr\/#website","url":"https:\/\/www.erresse-shop.it\/fr\/","name":"Erresse Shop","description":"Articoli di qualit\u00e0 per la casa","potentialAction":[{"@type":"SearchAction","target":{"@type":"EntryPoint","urlTemplate":"https:\/\/www.erresse-shop.it\/fr\/?s={search_term_string}"},"query-input":"required name=search_term_string"}],"inLanguage":"fr-FR"}]}},"df_price":107.91000000000001,"df_sale_price":107.91000000000001,"df_regular_price":119.9,"df_image_link":"https:\/\/www.erresse-shop.it\/wp-content\/uploads\/2022\/10\/JURA-cappuccinatore4-300x300.jpg","_links":{"self":[{"href":"https:\/\/www.erresse-shop.it\/fr\/wp-json\/wp\/v2\/product\/193691"}],"collection":[{"href":"https:\/\/www.erresse-shop.it\/fr\/wp-json\/wp\/v2\/product"}],"about":[{"href":"https:\/\/www.erresse-shop.it\/fr\/wp-json\/wp\/v2\/types\/product"}],"wp:featuredmedia":[{"embeddable":true,"href":"https:\/\/www.erresse-shop.it\/fr\/wp-json\/wp\/v2\/media\/193725"}],"wp:attachment":[{"href":"https:\/\/www.erresse-shop.it\/fr\/wp-json\/wp\/v2\/media?parent=193691"}],"wp:term":[{"taxonomy":"product_cat","embeddable":true,"href":"https:\/\/www.erresse-shop.it\/fr\/wp-json\/wp\/v2\/product_cat?post=193691"},{"taxonomy":"product_tag","embeddable":true,"href":"https:\/\/www.erresse-shop.it\/fr\/wp-json\/wp\/v2\/product_tag?post=193691"}],"curies":[{"name":"wp","href":"https:\/\/api.w.org\/{rel}","templated":true}]}}