{"id":193574,"date":"2022-10-17T08:16:40","date_gmt":"2022-10-17T08:16:45","guid":{"rendered":"https:\/\/www.erresse-shop.it\/?post_type=product&#038;p=193574"},"modified":"2025-06-01T17:42:53","modified_gmt":"2025-06-01T17:42:53","slug":"berkel-home-slicer-home-line-plus-250-rouge","status":"publish","type":"product","link":"https:\/\/www.erresse-shop.it\/fr\/shop\/petits-electromenagers\/trancheuses\/berkel-home-slicer-home-line-plus-250-rouge\/","title":{"rendered":"BERKEL Home Slicer Home Line Plus 250 Rouge"},"content":{"rendered":"<p><strong>Home Line PLUS : Berkel apporte le design dans la cuisine<\/strong>. Cette gamme de trancheuses domestiques est la synth\u00e8se du savoir-faire de l&#8217;\u00e9quipe technique de Berkel, des exigences fonctionnelles et des normes \u00e9lev\u00e9es de s\u00e9curit\u00e9 et de propret\u00e9. Home Line Plus est l&#8217;\u00e9volution de la technologie des trancheuses professionnelles de Berkel pour une exp\u00e9rience de cuisine unique capable de garantir une haute performance de coupe pour tous les types d&#8217;aliments : charcuterie, poisson, fromage, fruits, l\u00e9gumes et pain. Des lignes essentielles et arrondies con\u00e7ues pour \u00e9tonner et fasciner mais surtout pour \u00eatre expos\u00e9es, dans ses dimensions extraordinairement compactes. En plus de son design unique, Home Line Plus se distingue par ses caract\u00e9ristiques techniques et fonctionnelles qui am\u00e9liorent l&#8217;exp\u00e9rience du consommateur. La lame en acier chrom\u00e9 profil\u00e9e de mani\u00e8re professionnelle permet une coupe parfaite, r\u00e9duisant les d\u00e9chets et garantissant des tranches uniformes. Le prot\u00e8ge-lame \u00e0 profil continu am\u00e9liore la douceur du produit \u00e0 couper et le voile \u00e0 ouverture diagonale facilite la sortie des tranches pour une performance optimale. Le bloc moteur assure de meilleures performances m\u00eame lors de la coupe de produits plus difficiles. En outre, l&#8217;int\u00e9gration de la serrure de s\u00e9curit\u00e9 certifi\u00e9e CE prot\u00e8ge et assure un nettoyage rapide et facile. Innovation num\u00e9rique gr\u00e2ce au tag NFC, incorpor\u00e9 dans la trancheuse, qui permet au consommateur d&#8217;avoir une exp\u00e9rience exclusive Berkel avant et apr\u00e8s l&#8217;achat avec un simple smartphone.<\/p>\n<p>Certains d\u00e9tails peuvent diff\u00e9rer de ceux pr\u00e9sent\u00e9s sur la photo.<\/p>\n<p><strong>PERFORMANCE<\/strong><\/p>\n<ul>\n<li>\u00c9paisseur minimale de la derni\u00e8re tranche pour minimiser le gaspillage de produit<\/li>\n<li>Levier d&#8217;ouverture de la lame avec 18 positions pour le r\u00e9glage millim\u00e9trique de la tranche<\/li>\n<li>Plan inclin\u00e9 exploitant la gravit\u00e9 pour une coupe plus pr\u00e9cise et sans effort.<\/li>\n<li>Lame en acier chrom\u00e9 avec profil professionnel : r\u00e9duit les d\u00e9chets et assure des tranches uniformes<\/li>\n<li>Prot\u00e8ge-lame profil\u00e9 en continu pour une meilleure stabilit\u00e9 et un meilleur glissement du produit \u00e0 couper.<\/li>\n<li>Moteur professionnel de 0,25 cv \/ 0,19 kw pour une excellente performance de coupe, m\u00eame pour les produits les plus difficiles.<\/li>\n<li>D\u00e9flecteur de rabat int\u00e9gr\u00e9 pour faciliter la lib\u00e9ration de la tranche<\/li>\n<li>Le bloc de support du produit r\u00e9duit l&#8217;espace entre le chariot et la voile et permet un support complet de la tranche \u00e0 couper pour minimiser les d\u00e9chets<\/li>\n<li>Structure du bo\u00eetier et de la base en alliage sp\u00e9cial d&#8217;aluminium et pieds caoutchout\u00e9s pour une stabilit\u00e9 maximale pendant l&#8217;utilisation.<\/li>\n<li>Panneau de commande IP65 enti\u00e8rement \u00e9tanche<\/li>\n<li>Syst\u00e8me d&#8217;ouverture de la voile inclin\u00e9e pour une sortie facile du produit pendant la coupe<\/li>\n<li>Aiguisoir disponible \u00e0 l&#8217;achat en option<\/li>\n<li>Tag NFC : recherchez l&#8217;autocollant jaune pour profiter de l&#8217;exp\u00e9rience Berkel avec du contenu exclusif.<\/li>\n<\/ul>\n<p><strong>NETTOYAGE ET HYGI\u00c8NE<\/strong><\/p>\n<ul>\n<li>Bo\u00eetier avec protection de la lame : une coque plac\u00e9e \u00e0 l&#8217;arri\u00e8re de la lame limite les interstices pour \u00e9viter l&#8217;accumulation de d\u00e9chets.<\/li>\n<li>Prot\u00e8ge-lame \u00e0 profil continu en aluminium de qualit\u00e9 alimentaire avec retrait rapide pour un nettoyage facile<\/li>\n<li>Plaque basculante pour un nettoyage rapide du corps de la machine<\/li>\n<li>Poussoir facilement amovible et lavable au lave-vaisselle<\/li>\n<li>Extracteur de lame inclus<\/li>\n<li>Base avec plaque d&#8217;aluminium, ce qui permet d&#8217;\u00e9viter tout espace entre la machine et le banc.<\/li>\n<\/ul>\n<p><strong>S\u00c9CURIT\u00c9<\/strong><\/p>\n<ul>\n<li>Verrouillage de s\u00e9curit\u00e9 CE : en position de plaque bascul\u00e9e, le voile reste ferm\u00e9 pour \u00e9viter tout risque de coupure lors des op\u00e9rations de nettoyage<\/li>\n<li>Panneau de commande professionnel avec interrupteurs LED ON\/OFF \u00e0 haute visibilit\u00e9<\/li>\n<li>Anneau de protection de la lame en aluminium de qualit\u00e9 alimentaire pour plus de s\u00e9curit\u00e9<\/li>\n<li>Commandes ergonomiques dans une position facile pour minimiser l&#8217;effort de l&#8217;op\u00e9rateur<\/li>\n<li>Arr\u00eat automatique de la machine en cas de panne de courant<\/li>\n<\/ul>\n<p><strong>CARACT\u00c9RISTIQUES TECHNIQUES<\/strong><\/p>\n<p>Poids : 14,5 kg<br \/>\nHauteur : 315 mm<br \/>\nProfondeur : 552 mm<br \/>\nLargeur : 340 mm<br \/>\nDiam\u00e8tre de la lame : 250 mm<br \/>\nFiche : C\u00e2ble fourni avec des fiches EU et CH<br \/>\nSp\u00e9cifications \u00e9lectriques : 230 V 50 Hz<br \/>\nPuissance du moteur : 0,19 kW<br \/>\n\u00c9paisseur de coupe : 0 &#8211; 18 mm<br \/>\nCapacit\u00e9 de coupe (circulaire) : 183 mm<br \/>\nCapacit\u00e9 de coupe (rectangulaire) : 200&#215;183 mm<br \/>\nPi\u00e8ces amovibles : Prot\u00e8ge-lame, poussoir, plaque de coupe inclinable mais non amovible.<br \/>\nTaille-crayon : non inclus, en option en vente<br \/>\nExtracteur de lame : inclus pour un nettoyage complet<br \/>\nD\u00e9tails : Ouverture de la voile inclin\u00e9e pour une meilleure sortie de la tranche, protection de la lame \u00e0 profil continu pour un meilleur glissement, bloc de support du produit pour un support complet de la tranche et une minimisation des d\u00e9chets.<\/p>\n<p><strong>Ne peut \u00eatre vendu en dehors de l&#8217;Europe<\/strong><\/p>\n","protected":false},"excerpt":{"rendered":"<p>Home Line PLUS : Berkel apporte le design dans la cuisine. Cette gamme de trancheuses domestiques est la synth\u00e8se du<\/p>\n","protected":false},"featured_media":193612,"template":"","meta":{"_acf_changed":false,"inline_featured_image":false},"product_cat":[12449,17347],"product_tag":[23910,17352,17288,12856,19128,17353],"acf":[],"yoast_head":"<!-- This site is optimized with the Yoast SEO Premium plugin v18.6 (Yoast SEO v19.13) - https:\/\/yoast.com\/wordpress\/plugins\/seo\/ -->\n<title>BERKEL Home Slicer Home Line Plus 250 Rouge<\/title>\n<meta name=\"description\" content=\"D\u00e9couvrez BERKEL Home Slicer Home Line Plus 250 Rouge sur ErresseShop. Qualit\u00e9, prix r\u00e9duits et achat s\u00e9curis\u00e9 \u2013 commandez d\u00e8s maintenant en ligne !\" \/>\n<meta name=\"robots\" content=\"index, follow, max-snippet:-1, max-image-preview:large, max-video-preview:-1\" \/>\n<link rel=\"canonical\" href=\"https:\/\/www.erresse-shop.it\/fr\/shop\/petits-electromenagers\/trancheuses\/berkel-home-slicer-home-line-plus-250-rouge\/\" \/>\n<meta property=\"og:locale\" content=\"fr_FR\" \/>\n<meta property=\"og:type\" content=\"article\" \/>\n<meta property=\"og:title\" content=\"BERKEL Home Slicer Home Line Plus 250 Rouge\" \/>\n<meta property=\"og:description\" content=\"D\u00e9couvrez BERKEL Home Slicer Home Line Plus 250 Rouge sur ErresseShop. Qualit\u00e9, prix r\u00e9duits et achat s\u00e9curis\u00e9 \u2013 commandez d\u00e8s maintenant en ligne !\" \/>\n<meta property=\"og:url\" content=\"https:\/\/www.erresse-shop.it\/fr\/shop\/petits-electromenagers\/trancheuses\/berkel-home-slicer-home-line-plus-250-rouge\/\" \/>\n<meta property=\"og:site_name\" content=\"Erresse Shop\" \/>\n<meta property=\"article:modified_time\" content=\"2025-06-01T17:42:53+00:00\" \/>\n<meta property=\"og:image\" content=\"https:\/\/www.erresse-shop.it\/wp-content\/uploads\/2022\/10\/BERKEL-affettatrice-home-line-plus-250.jpg\" \/>\n\t<meta property=\"og:image:width\" content=\"800\" \/>\n\t<meta property=\"og:image:height\" content=\"800\" \/>\n\t<meta property=\"og:image:type\" content=\"image\/jpeg\" \/>\n<meta name=\"twitter:card\" content=\"summary_large_image\" \/>\n<script type=\"application\/ld+json\" class=\"yoast-schema-graph\">{\"@context\":\"https:\/\/schema.org\",\"@graph\":[{\"@type\":\"WebPage\",\"@id\":\"https:\/\/www.erresse-shop.it\/fr\/shop\/petits-electromenagers\/trancheuses\/berkel-home-slicer-home-line-plus-250-rouge\/\",\"url\":\"https:\/\/www.erresse-shop.it\/fr\/shop\/petits-electromenagers\/trancheuses\/berkel-home-slicer-home-line-plus-250-rouge\/\",\"name\":\"BERKEL Home Slicer Home Line Plus 250 Rouge\",\"isPartOf\":{\"@id\":\"https:\/\/www.erresse-shop.it\/fr\/#website\"},\"datePublished\":\"2022-10-17T08:16:45+00:00\",\"dateModified\":\"2025-06-01T17:42:53+00:00\",\"description\":\"D\u00e9couvrez BERKEL Home Slicer Home Line Plus 250 Rouge sur ErresseShop. Qualit\u00e9, prix r\u00e9duits et achat s\u00e9curis\u00e9 \u2013 commandez d\u00e8s maintenant en ligne !\",\"breadcrumb\":{\"@id\":\"https:\/\/www.erresse-shop.it\/fr\/shop\/petits-electromenagers\/trancheuses\/berkel-home-slicer-home-line-plus-250-rouge\/#breadcrumb\"},\"inLanguage\":\"fr-FR\",\"potentialAction\":[{\"@type\":\"ReadAction\",\"target\":[\"https:\/\/www.erresse-shop.it\/fr\/shop\/petits-electromenagers\/trancheuses\/berkel-home-slicer-home-line-plus-250-rouge\/\"]}]},{\"@type\":\"BreadcrumbList\",\"@id\":\"https:\/\/www.erresse-shop.it\/fr\/shop\/petits-electromenagers\/trancheuses\/berkel-home-slicer-home-line-plus-250-rouge\/#breadcrumb\",\"itemListElement\":[{\"@type\":\"ListItem\",\"position\":1,\"name\":\"Home\",\"item\":\"https:\/\/www.erresse-shop.it\/fr\/\"},{\"@type\":\"ListItem\",\"position\":2,\"name\":\"Shop\",\"item\":\"https:\/\/www.erresse-shop.it\/fr\/shop\/\"},{\"@type\":\"ListItem\",\"position\":3,\"name\":\"BERKEL Home Slicer Home Line Plus 250 Rouge\"}]},{\"@type\":\"WebSite\",\"@id\":\"https:\/\/www.erresse-shop.it\/fr\/#website\",\"url\":\"https:\/\/www.erresse-shop.it\/fr\/\",\"name\":\"Erresse Shop\",\"description\":\"Articoli di qualit\u00e0 per la casa\",\"potentialAction\":[{\"@type\":\"SearchAction\",\"target\":{\"@type\":\"EntryPoint\",\"urlTemplate\":\"https:\/\/www.erresse-shop.it\/fr\/?s={search_term_string}\"},\"query-input\":\"required name=search_term_string\"}],\"inLanguage\":\"fr-FR\"}]}<\/script>\n<!-- \/ Yoast SEO Premium plugin. -->","yoast_head_json":{"title":"BERKEL Home Slicer Home Line Plus 250 Rouge","description":"D\u00e9couvrez BERKEL Home Slicer Home Line Plus 250 Rouge sur ErresseShop. Qualit\u00e9, prix r\u00e9duits et achat s\u00e9curis\u00e9 \u2013 commandez d\u00e8s maintenant en ligne !","robots":{"index":"index","follow":"follow","max-snippet":"max-snippet:-1","max-image-preview":"max-image-preview:large","max-video-preview":"max-video-preview:-1"},"canonical":"https:\/\/www.erresse-shop.it\/fr\/shop\/petits-electromenagers\/trancheuses\/berkel-home-slicer-home-line-plus-250-rouge\/","og_locale":"fr_FR","og_type":"article","og_title":"BERKEL Home Slicer Home Line Plus 250 Rouge","og_description":"D\u00e9couvrez BERKEL Home Slicer Home Line Plus 250 Rouge sur ErresseShop. Qualit\u00e9, prix r\u00e9duits et achat s\u00e9curis\u00e9 \u2013 commandez d\u00e8s maintenant en ligne !","og_url":"https:\/\/www.erresse-shop.it\/fr\/shop\/petits-electromenagers\/trancheuses\/berkel-home-slicer-home-line-plus-250-rouge\/","og_site_name":"Erresse Shop","article_modified_time":"2025-06-01T17:42:53+00:00","og_image":[{"width":800,"height":800,"url":"https:\/\/www.erresse-shop.it\/wp-content\/uploads\/2022\/10\/BERKEL-affettatrice-home-line-plus-250.jpg","type":"image\/jpeg"}],"twitter_card":"summary_large_image","schema":{"@context":"https:\/\/schema.org","@graph":[{"@type":"WebPage","@id":"https:\/\/www.erresse-shop.it\/fr\/shop\/petits-electromenagers\/trancheuses\/berkel-home-slicer-home-line-plus-250-rouge\/","url":"https:\/\/www.erresse-shop.it\/fr\/shop\/petits-electromenagers\/trancheuses\/berkel-home-slicer-home-line-plus-250-rouge\/","name":"BERKEL Home Slicer Home Line Plus 250 Rouge","isPartOf":{"@id":"https:\/\/www.erresse-shop.it\/fr\/#website"},"datePublished":"2022-10-17T08:16:45+00:00","dateModified":"2025-06-01T17:42:53+00:00","description":"D\u00e9couvrez BERKEL Home Slicer Home Line Plus 250 Rouge sur ErresseShop. Qualit\u00e9, prix r\u00e9duits et achat s\u00e9curis\u00e9 \u2013 commandez d\u00e8s maintenant en ligne !","breadcrumb":{"@id":"https:\/\/www.erresse-shop.it\/fr\/shop\/petits-electromenagers\/trancheuses\/berkel-home-slicer-home-line-plus-250-rouge\/#breadcrumb"},"inLanguage":"fr-FR","potentialAction":[{"@type":"ReadAction","target":["https:\/\/www.erresse-shop.it\/fr\/shop\/petits-electromenagers\/trancheuses\/berkel-home-slicer-home-line-plus-250-rouge\/"]}]},{"@type":"BreadcrumbList","@id":"https:\/\/www.erresse-shop.it\/fr\/shop\/petits-electromenagers\/trancheuses\/berkel-home-slicer-home-line-plus-250-rouge\/#breadcrumb","itemListElement":[{"@type":"ListItem","position":1,"name":"Home","item":"https:\/\/www.erresse-shop.it\/fr\/"},{"@type":"ListItem","position":2,"name":"Shop","item":"https:\/\/www.erresse-shop.it\/fr\/shop\/"},{"@type":"ListItem","position":3,"name":"BERKEL Home Slicer Home Line Plus 250 Rouge"}]},{"@type":"WebSite","@id":"https:\/\/www.erresse-shop.it\/fr\/#website","url":"https:\/\/www.erresse-shop.it\/fr\/","name":"Erresse Shop","description":"Articoli di qualit\u00e0 per la casa","potentialAction":[{"@type":"SearchAction","target":{"@type":"EntryPoint","urlTemplate":"https:\/\/www.erresse-shop.it\/fr\/?s={search_term_string}"},"query-input":"required name=search_term_string"}],"inLanguage":"fr-FR"}]}},"df_price":374.5,"df_sale_price":374.5,"df_regular_price":749,"df_image_link":"https:\/\/www.erresse-shop.it\/wp-content\/uploads\/2022\/10\/BERKEL-affettatrice-home-line-plus-250-300x300.jpg","_links":{"self":[{"href":"https:\/\/www.erresse-shop.it\/fr\/wp-json\/wp\/v2\/product\/193574"}],"collection":[{"href":"https:\/\/www.erresse-shop.it\/fr\/wp-json\/wp\/v2\/product"}],"about":[{"href":"https:\/\/www.erresse-shop.it\/fr\/wp-json\/wp\/v2\/types\/product"}],"wp:featuredmedia":[{"embeddable":true,"href":"https:\/\/www.erresse-shop.it\/fr\/wp-json\/wp\/v2\/media\/193612"}],"wp:attachment":[{"href":"https:\/\/www.erresse-shop.it\/fr\/wp-json\/wp\/v2\/media?parent=193574"}],"wp:term":[{"taxonomy":"product_cat","embeddable":true,"href":"https:\/\/www.erresse-shop.it\/fr\/wp-json\/wp\/v2\/product_cat?post=193574"},{"taxonomy":"product_tag","embeddable":true,"href":"https:\/\/www.erresse-shop.it\/fr\/wp-json\/wp\/v2\/product_tag?post=193574"}],"curies":[{"name":"wp","href":"https:\/\/api.w.org\/{rel}","templated":true}]}}