{"id":191517,"date":"2022-10-07T08:09:35","date_gmt":"2022-10-07T08:09:40","guid":{"rendered":"https:\/\/www.erresse-shop.it\/?post_type=product&#038;p=191517"},"modified":"2024-12-31T11:28:08","modified_gmt":"2024-12-31T11:28:08","slug":"villeroy-boch-toys-delight-la-boule","status":"publish","type":"product","link":"https:\/\/www.erresse-shop.it\/fr\/shop\/table-fr-2\/plats\/villeroy-boch-toys-delight-la-boule\/","title":{"rendered":"VILLEROY &#038; BOCH Toy&#8217;s Delight La Boule"},"content":{"rendered":"<p><strong>La magie de Toy&#8217;s Delight : La collection Toy&#8217;s Delight donne \u00e0 chaque moment une touche de charme.<\/strong><\/p>\n<p><span style=\"text-decoration: underline;\">Ic\u00f4ne de design dans le style de No\u00ebl<\/span><br \/>\nAvec la collection Toy&#8217;s Delight, vous apporterez une atmosph\u00e8re de No\u00ebl nostalgique dans votre maison. La vaisselle et les accessoires d\u00e9coratifs assortis sont orn\u00e9s de jolis motifs qui \u00e9voquent de beaux souvenirs d&#8217;enfance. Id\u00e9al pour assortir, collectionner et offrir en cadeau. La fonctionnalit\u00e9 et le design iconique font de cette La Boule de No\u00ebl non seulement une attraction sur chaque table, mais aussi un objet d&#8217;int\u00e9rieur tr\u00e8s sp\u00e9cial. La Boule se compose de deux saladiers, deux bols plats et deux assiettes universelles, ainsi que d&#8217;un plat de service. Apportez l&#8217;ambiance festive de No\u00ebl \u00e0 votre table.<\/p>\n<p><span style=\"text-decoration: underline;\">L&#8217;ensemble se compose de :<\/span><\/p>\n<p>2x Bol, 620ml<br \/>\n2x Bol, 500ml<br \/>\n2x Plat universel, 24cm<br \/>\n1x Plat de service, 23.9cm<\/p>\n<p><strong>FEATURES<\/strong><\/p>\n<p><strong>Mat\u00e9riau :<\/strong> Porcelaine de qualit\u00e9 sup\u00e9rieure<br \/>\n<strong>Convient aux micro-ondes :<\/strong> NON<br \/>\n<strong>Couleur :<\/strong> blanc color\u00e9<\/p>\n<p><strong>LAVABLE AU LAVE-VAISSELLE OUI<\/strong><\/p>\n","protected":false},"excerpt":{"rendered":"<p>La magie de Toy&#8217;s Delight : La collection Toy&#8217;s Delight donne \u00e0 chaque moment une touche de charme. Ic\u00f4ne de<\/p>\n","protected":false},"featured_media":191538,"template":"","meta":{"_acf_changed":false,"inline_featured_image":false},"product_cat":[12788,12782],"product_tag":[23910,20499,20501,20500],"acf":[],"yoast_head":"<!-- This site is optimized with the Yoast SEO Premium plugin v18.6 (Yoast SEO v19.13) - https:\/\/yoast.com\/wordpress\/plugins\/seo\/ -->\n<title>VILLEROY &amp; BOCH Toy&#039;s Delight La Boule - Erresse Shop<\/title>\n<meta name=\"description\" content=\"La magie de Toy&#039;s Delight : La collection Toy&#039;s Delight donne \u00e0 chaque moment une touche de charme. Ic\u00f4ne de design dans le style de No\u00ebl Avec la\" \/>\n<meta name=\"robots\" content=\"index, follow, max-snippet:-1, max-image-preview:large, max-video-preview:-1\" \/>\n<link rel=\"canonical\" href=\"https:\/\/www.erresse-shop.it\/fr\/shop\/table-fr-2\/plats\/villeroy-boch-toys-delight-la-boule\/\" \/>\n<meta property=\"og:locale\" content=\"fr_FR\" \/>\n<meta property=\"og:type\" content=\"article\" \/>\n<meta property=\"og:title\" content=\"VILLEROY &amp; BOCH Toy&#039;s Delight La Boule\" \/>\n<meta property=\"og:description\" content=\"La magie de Toy&#039;s Delight : La collection Toy&#039;s Delight donne \u00e0 chaque moment une touche de charme. Ic\u00f4ne de design dans le style de No\u00ebl Avec la\" \/>\n<meta property=\"og:url\" content=\"https:\/\/www.erresse-shop.it\/fr\/shop\/table-fr-2\/plats\/villeroy-boch-toys-delight-la-boule\/\" \/>\n<meta property=\"og:site_name\" content=\"Erresse Shop\" \/>\n<meta property=\"article:modified_time\" content=\"2024-12-31T11:28:08+00:00\" \/>\n<meta property=\"og:image\" content=\"https:\/\/www.erresse-shop.it\/wp-content\/uploads\/2022\/10\/VILLEROY-BOCH-La-boule-natale.jpg\" \/>\n\t<meta property=\"og:image:width\" content=\"800\" \/>\n\t<meta property=\"og:image:height\" content=\"800\" \/>\n\t<meta property=\"og:image:type\" content=\"image\/jpeg\" \/>\n<meta name=\"twitter:card\" content=\"summary_large_image\" \/>\n<script type=\"application\/ld+json\" class=\"yoast-schema-graph\">{\"@context\":\"https:\/\/schema.org\",\"@graph\":[{\"@type\":\"WebPage\",\"@id\":\"https:\/\/www.erresse-shop.it\/fr\/shop\/table-fr-2\/plats\/villeroy-boch-toys-delight-la-boule\/\",\"url\":\"https:\/\/www.erresse-shop.it\/fr\/shop\/table-fr-2\/plats\/villeroy-boch-toys-delight-la-boule\/\",\"name\":\"VILLEROY & BOCH Toy's Delight La Boule - Erresse Shop\",\"isPartOf\":{\"@id\":\"https:\/\/www.erresse-shop.it\/fr\/#website\"},\"datePublished\":\"2022-10-07T08:09:40+00:00\",\"dateModified\":\"2024-12-31T11:28:08+00:00\",\"description\":\"La magie de Toy's Delight : La collection Toy's Delight donne \u00e0 chaque moment une touche de charme. Ic\u00f4ne de design dans le style de No\u00ebl Avec la\",\"breadcrumb\":{\"@id\":\"https:\/\/www.erresse-shop.it\/fr\/shop\/table-fr-2\/plats\/villeroy-boch-toys-delight-la-boule\/#breadcrumb\"},\"inLanguage\":\"fr-FR\",\"potentialAction\":[{\"@type\":\"ReadAction\",\"target\":[\"https:\/\/www.erresse-shop.it\/fr\/shop\/table-fr-2\/plats\/villeroy-boch-toys-delight-la-boule\/\"]}]},{\"@type\":\"BreadcrumbList\",\"@id\":\"https:\/\/www.erresse-shop.it\/fr\/shop\/table-fr-2\/plats\/villeroy-boch-toys-delight-la-boule\/#breadcrumb\",\"itemListElement\":[{\"@type\":\"ListItem\",\"position\":1,\"name\":\"Home\",\"item\":\"https:\/\/www.erresse-shop.it\/fr\/\"},{\"@type\":\"ListItem\",\"position\":2,\"name\":\"Shop\",\"item\":\"https:\/\/www.erresse-shop.it\/fr\/shop\/\"},{\"@type\":\"ListItem\",\"position\":3,\"name\":\"VILLEROY &#038; BOCH Toy&#8217;s Delight La Boule\"}]},{\"@type\":\"WebSite\",\"@id\":\"https:\/\/www.erresse-shop.it\/fr\/#website\",\"url\":\"https:\/\/www.erresse-shop.it\/fr\/\",\"name\":\"Erresse Shop\",\"description\":\"Articoli di qualit\u00e0 per la casa\",\"potentialAction\":[{\"@type\":\"SearchAction\",\"target\":{\"@type\":\"EntryPoint\",\"urlTemplate\":\"https:\/\/www.erresse-shop.it\/fr\/?s={search_term_string}\"},\"query-input\":\"required name=search_term_string\"}],\"inLanguage\":\"fr-FR\"}]}<\/script>\n<!-- \/ Yoast SEO Premium plugin. -->","yoast_head_json":{"title":"VILLEROY & BOCH Toy's Delight La Boule - Erresse Shop","description":"La magie de Toy's Delight : La collection Toy's Delight donne \u00e0 chaque moment une touche de charme. Ic\u00f4ne de design dans le style de No\u00ebl Avec la","robots":{"index":"index","follow":"follow","max-snippet":"max-snippet:-1","max-image-preview":"max-image-preview:large","max-video-preview":"max-video-preview:-1"},"canonical":"https:\/\/www.erresse-shop.it\/fr\/shop\/table-fr-2\/plats\/villeroy-boch-toys-delight-la-boule\/","og_locale":"fr_FR","og_type":"article","og_title":"VILLEROY & BOCH Toy's Delight La Boule","og_description":"La magie de Toy's Delight : La collection Toy's Delight donne \u00e0 chaque moment une touche de charme. Ic\u00f4ne de design dans le style de No\u00ebl Avec la","og_url":"https:\/\/www.erresse-shop.it\/fr\/shop\/table-fr-2\/plats\/villeroy-boch-toys-delight-la-boule\/","og_site_name":"Erresse Shop","article_modified_time":"2024-12-31T11:28:08+00:00","og_image":[{"width":800,"height":800,"url":"https:\/\/www.erresse-shop.it\/wp-content\/uploads\/2022\/10\/VILLEROY-BOCH-La-boule-natale.jpg","type":"image\/jpeg"}],"twitter_card":"summary_large_image","schema":{"@context":"https:\/\/schema.org","@graph":[{"@type":"WebPage","@id":"https:\/\/www.erresse-shop.it\/fr\/shop\/table-fr-2\/plats\/villeroy-boch-toys-delight-la-boule\/","url":"https:\/\/www.erresse-shop.it\/fr\/shop\/table-fr-2\/plats\/villeroy-boch-toys-delight-la-boule\/","name":"VILLEROY & BOCH Toy's Delight La Boule - Erresse Shop","isPartOf":{"@id":"https:\/\/www.erresse-shop.it\/fr\/#website"},"datePublished":"2022-10-07T08:09:40+00:00","dateModified":"2024-12-31T11:28:08+00:00","description":"La magie de Toy's Delight : La collection Toy's Delight donne \u00e0 chaque moment une touche de charme. Ic\u00f4ne de design dans le style de No\u00ebl Avec la","breadcrumb":{"@id":"https:\/\/www.erresse-shop.it\/fr\/shop\/table-fr-2\/plats\/villeroy-boch-toys-delight-la-boule\/#breadcrumb"},"inLanguage":"fr-FR","potentialAction":[{"@type":"ReadAction","target":["https:\/\/www.erresse-shop.it\/fr\/shop\/table-fr-2\/plats\/villeroy-boch-toys-delight-la-boule\/"]}]},{"@type":"BreadcrumbList","@id":"https:\/\/www.erresse-shop.it\/fr\/shop\/table-fr-2\/plats\/villeroy-boch-toys-delight-la-boule\/#breadcrumb","itemListElement":[{"@type":"ListItem","position":1,"name":"Home","item":"https:\/\/www.erresse-shop.it\/fr\/"},{"@type":"ListItem","position":2,"name":"Shop","item":"https:\/\/www.erresse-shop.it\/fr\/shop\/"},{"@type":"ListItem","position":3,"name":"VILLEROY &#038; BOCH Toy&#8217;s Delight La Boule"}]},{"@type":"WebSite","@id":"https:\/\/www.erresse-shop.it\/fr\/#website","url":"https:\/\/www.erresse-shop.it\/fr\/","name":"Erresse Shop","description":"Articoli di qualit\u00e0 per la casa","potentialAction":[{"@type":"SearchAction","target":{"@type":"EntryPoint","urlTemplate":"https:\/\/www.erresse-shop.it\/fr\/?s={search_term_string}"},"query-input":"required name=search_term_string"}],"inLanguage":"fr-FR"}]}},"df_price":339.95,"df_sale_price":339.95,"df_regular_price":399,"df_image_link":"https:\/\/www.erresse-shop.it\/wp-content\/uploads\/2022\/10\/VILLEROY-BOCH-La-boule-natale-300x300.jpg","_links":{"self":[{"href":"https:\/\/www.erresse-shop.it\/fr\/wp-json\/wp\/v2\/product\/191517"}],"collection":[{"href":"https:\/\/www.erresse-shop.it\/fr\/wp-json\/wp\/v2\/product"}],"about":[{"href":"https:\/\/www.erresse-shop.it\/fr\/wp-json\/wp\/v2\/types\/product"}],"wp:featuredmedia":[{"embeddable":true,"href":"https:\/\/www.erresse-shop.it\/fr\/wp-json\/wp\/v2\/media\/191538"}],"wp:attachment":[{"href":"https:\/\/www.erresse-shop.it\/fr\/wp-json\/wp\/v2\/media?parent=191517"}],"wp:term":[{"taxonomy":"product_cat","embeddable":true,"href":"https:\/\/www.erresse-shop.it\/fr\/wp-json\/wp\/v2\/product_cat?post=191517"},{"taxonomy":"product_tag","embeddable":true,"href":"https:\/\/www.erresse-shop.it\/fr\/wp-json\/wp\/v2\/product_tag?post=191517"}],"curies":[{"name":"wp","href":"https:\/\/api.w.org\/{rel}","templated":true}]}}