{"id":191496,"date":"2022-10-07T07:38:33","date_gmt":"2022-10-07T07:38:39","guid":{"rendered":"https:\/\/www.erresse-shop.it\/?post_type=product&#038;p=191496"},"modified":"2022-10-07T07:55:12","modified_gmt":"2022-10-07T07:55:12","slug":"versace-home-vase-18-cm-vert-echelle-de-palais","status":"publish","type":"product","link":"https:\/\/www.erresse-shop.it\/fr\/shop\/ameublement-maison\/vases-fr\/versace-home-vase-18-cm-vert-echelle-de-palais\/","title":{"rendered":"VERSACE HOME &#8211; Vase 18 cm, vert, \u00e9chelle de palais"},"content":{"rendered":"<p>Vase \u00e0 fleurs en porcelaine fine. Cet accessoire d&#8217;ameublement s&#8217;inspire du palais milanais de Versace, situ\u00e9 Via Ges\u00f9, et en particulier du spectaculaire escalier en marbre qui m\u00e8ne aux appartements priv\u00e9s.<br \/>\n\u00c9voquant une intimit\u00e9 cach\u00e9e derri\u00e8re des portes ferm\u00e9es, la collection pr\u00e9sente une combinaison \u00e9l\u00e9gante de style architectural et d&#8217;une d\u00e9licate palette de verts.<\/p>\n<p>Mat\u00e9riau : porcelaine.<br \/>\nDimensions : H 18 cm.<br \/>\nCollection : Scala Palazzo.<\/p>\n","protected":false},"excerpt":{"rendered":"<p>Vase \u00e0 fleurs en porcelaine fine. Cet accessoire d&#8217;ameublement s&#8217;inspire du palais milanais de Versace, situ\u00e9 Via Ges\u00f9, et en<\/p>\n","protected":false},"featured_media":491163,"template":"","meta":{"_acf_changed":false,"inline_featured_image":false},"product_cat":[12738,14422],"product_tag":[23690,24680,20727,13849],"acf":[],"yoast_head":"<!-- This site is optimized with the Yoast SEO Premium plugin v18.6 (Yoast SEO v19.13) - https:\/\/yoast.com\/wordpress\/plugins\/seo\/ -->\n<title>VERSACE HOME - Vase 18 cm, vert, \u00e9chelle de palais - Erresse Shop<\/title>\n<meta name=\"description\" content=\"Vase \u00e0 fleurs en porcelaine fine. Cet accessoire d&#039;ameublement s&#039;inspire du palais milanais de Versace, situ\u00e9 Via Ges\u00f9, et en particulier du spectaculaire\" \/>\n<meta name=\"robots\" content=\"index, follow, max-snippet:-1, max-image-preview:large, max-video-preview:-1\" \/>\n<link rel=\"canonical\" href=\"https:\/\/www.erresse-shop.it\/fr\/shop\/ameublement-maison\/vases-fr\/versace-home-vase-18-cm-vert-echelle-de-palais\/\" \/>\n<meta property=\"og:locale\" content=\"fr_FR\" \/>\n<meta property=\"og:type\" content=\"article\" \/>\n<meta property=\"og:title\" content=\"VERSACE HOME - Vase 18 cm, vert, \u00e9chelle de palais\" \/>\n<meta property=\"og:description\" content=\"Vase \u00e0 fleurs en porcelaine fine. Cet accessoire d&#039;ameublement s&#039;inspire du palais milanais de Versace, situ\u00e9 Via Ges\u00f9, et en particulier du spectaculaire\" \/>\n<meta property=\"og:url\" content=\"https:\/\/www.erresse-shop.it\/fr\/shop\/ameublement-maison\/vases-fr\/versace-home-vase-18-cm-vert-echelle-de-palais\/\" \/>\n<meta property=\"og:site_name\" content=\"Erresse Shop\" \/>\n<meta property=\"article:modified_time\" content=\"2022-10-07T07:55:12+00:00\" \/>\n<meta property=\"og:image\" content=\"https:\/\/www.erresse-shop.it\/wp-content\/uploads\/2022\/10\/VERSACE-scala-palazzo-verde-Vaso-18cm.jpg\" \/>\n\t<meta property=\"og:image:width\" content=\"800\" \/>\n\t<meta property=\"og:image:height\" content=\"800\" \/>\n\t<meta property=\"og:image:type\" content=\"image\/jpeg\" \/>\n<meta name=\"twitter:card\" content=\"summary_large_image\" \/>\n<script type=\"application\/ld+json\" class=\"yoast-schema-graph\">{\"@context\":\"https:\/\/schema.org\",\"@graph\":[{\"@type\":\"WebPage\",\"@id\":\"https:\/\/www.erresse-shop.it\/fr\/shop\/ameublement-maison\/vases-fr\/versace-home-vase-18-cm-vert-echelle-de-palais\/\",\"url\":\"https:\/\/www.erresse-shop.it\/fr\/shop\/ameublement-maison\/vases-fr\/versace-home-vase-18-cm-vert-echelle-de-palais\/\",\"name\":\"VERSACE HOME - Vase 18 cm, vert, \u00e9chelle de palais - Erresse Shop\",\"isPartOf\":{\"@id\":\"https:\/\/www.erresse-shop.it\/fr\/#website\"},\"datePublished\":\"2022-10-07T07:38:39+00:00\",\"dateModified\":\"2022-10-07T07:55:12+00:00\",\"description\":\"Vase \u00e0 fleurs en porcelaine fine. Cet accessoire d'ameublement s'inspire du palais milanais de Versace, situ\u00e9 Via Ges\u00f9, et en particulier du spectaculaire\",\"breadcrumb\":{\"@id\":\"https:\/\/www.erresse-shop.it\/fr\/shop\/ameublement-maison\/vases-fr\/versace-home-vase-18-cm-vert-echelle-de-palais\/#breadcrumb\"},\"inLanguage\":\"fr-FR\",\"potentialAction\":[{\"@type\":\"ReadAction\",\"target\":[\"https:\/\/www.erresse-shop.it\/fr\/shop\/ameublement-maison\/vases-fr\/versace-home-vase-18-cm-vert-echelle-de-palais\/\"]}]},{\"@type\":\"BreadcrumbList\",\"@id\":\"https:\/\/www.erresse-shop.it\/fr\/shop\/ameublement-maison\/vases-fr\/versace-home-vase-18-cm-vert-echelle-de-palais\/#breadcrumb\",\"itemListElement\":[{\"@type\":\"ListItem\",\"position\":1,\"name\":\"Home\",\"item\":\"https:\/\/www.erresse-shop.it\/fr\/\"},{\"@type\":\"ListItem\",\"position\":2,\"name\":\"Shop\",\"item\":\"https:\/\/www.erresse-shop.it\/fr\/shop\/\"},{\"@type\":\"ListItem\",\"position\":3,\"name\":\"VERSACE HOME &#8211; Vase 18 cm, vert, \u00e9chelle de palais\"}]},{\"@type\":\"WebSite\",\"@id\":\"https:\/\/www.erresse-shop.it\/fr\/#website\",\"url\":\"https:\/\/www.erresse-shop.it\/fr\/\",\"name\":\"Erresse Shop\",\"description\":\"Articoli di qualit\u00e0 per la casa\",\"potentialAction\":[{\"@type\":\"SearchAction\",\"target\":{\"@type\":\"EntryPoint\",\"urlTemplate\":\"https:\/\/www.erresse-shop.it\/fr\/?s={search_term_string}\"},\"query-input\":\"required name=search_term_string\"}],\"inLanguage\":\"fr-FR\"}]}<\/script>\n<!-- \/ Yoast SEO Premium plugin. -->","yoast_head_json":{"title":"VERSACE HOME - Vase 18 cm, vert, \u00e9chelle de palais - Erresse Shop","description":"Vase \u00e0 fleurs en porcelaine fine. Cet accessoire d'ameublement s'inspire du palais milanais de Versace, situ\u00e9 Via Ges\u00f9, et en particulier du spectaculaire","robots":{"index":"index","follow":"follow","max-snippet":"max-snippet:-1","max-image-preview":"max-image-preview:large","max-video-preview":"max-video-preview:-1"},"canonical":"https:\/\/www.erresse-shop.it\/fr\/shop\/ameublement-maison\/vases-fr\/versace-home-vase-18-cm-vert-echelle-de-palais\/","og_locale":"fr_FR","og_type":"article","og_title":"VERSACE HOME - Vase 18 cm, vert, \u00e9chelle de palais","og_description":"Vase \u00e0 fleurs en porcelaine fine. Cet accessoire d'ameublement s'inspire du palais milanais de Versace, situ\u00e9 Via Ges\u00f9, et en particulier du spectaculaire","og_url":"https:\/\/www.erresse-shop.it\/fr\/shop\/ameublement-maison\/vases-fr\/versace-home-vase-18-cm-vert-echelle-de-palais\/","og_site_name":"Erresse Shop","article_modified_time":"2022-10-07T07:55:12+00:00","og_image":[{"width":800,"height":800,"url":"https:\/\/www.erresse-shop.it\/wp-content\/uploads\/2022\/10\/VERSACE-scala-palazzo-verde-Vaso-18cm.jpg","type":"image\/jpeg"}],"twitter_card":"summary_large_image","schema":{"@context":"https:\/\/schema.org","@graph":[{"@type":"WebPage","@id":"https:\/\/www.erresse-shop.it\/fr\/shop\/ameublement-maison\/vases-fr\/versace-home-vase-18-cm-vert-echelle-de-palais\/","url":"https:\/\/www.erresse-shop.it\/fr\/shop\/ameublement-maison\/vases-fr\/versace-home-vase-18-cm-vert-echelle-de-palais\/","name":"VERSACE HOME - Vase 18 cm, vert, \u00e9chelle de palais - Erresse Shop","isPartOf":{"@id":"https:\/\/www.erresse-shop.it\/fr\/#website"},"datePublished":"2022-10-07T07:38:39+00:00","dateModified":"2022-10-07T07:55:12+00:00","description":"Vase \u00e0 fleurs en porcelaine fine. Cet accessoire d'ameublement s'inspire du palais milanais de Versace, situ\u00e9 Via Ges\u00f9, et en particulier du spectaculaire","breadcrumb":{"@id":"https:\/\/www.erresse-shop.it\/fr\/shop\/ameublement-maison\/vases-fr\/versace-home-vase-18-cm-vert-echelle-de-palais\/#breadcrumb"},"inLanguage":"fr-FR","potentialAction":[{"@type":"ReadAction","target":["https:\/\/www.erresse-shop.it\/fr\/shop\/ameublement-maison\/vases-fr\/versace-home-vase-18-cm-vert-echelle-de-palais\/"]}]},{"@type":"BreadcrumbList","@id":"https:\/\/www.erresse-shop.it\/fr\/shop\/ameublement-maison\/vases-fr\/versace-home-vase-18-cm-vert-echelle-de-palais\/#breadcrumb","itemListElement":[{"@type":"ListItem","position":1,"name":"Home","item":"https:\/\/www.erresse-shop.it\/fr\/"},{"@type":"ListItem","position":2,"name":"Shop","item":"https:\/\/www.erresse-shop.it\/fr\/shop\/"},{"@type":"ListItem","position":3,"name":"VERSACE HOME &#8211; Vase 18 cm, vert, \u00e9chelle de palais"}]},{"@type":"WebSite","@id":"https:\/\/www.erresse-shop.it\/fr\/#website","url":"https:\/\/www.erresse-shop.it\/fr\/","name":"Erresse Shop","description":"Articoli di qualit\u00e0 per la casa","potentialAction":[{"@type":"SearchAction","target":{"@type":"EntryPoint","urlTemplate":"https:\/\/www.erresse-shop.it\/fr\/?s={search_term_string}"},"query-input":"required name=search_term_string"}],"inLanguage":"fr-FR"}]}},"df_price":202.5,"df_sale_price":202.5,"df_regular_price":405,"df_image_link":"https:\/\/www.erresse-shop.it\/wp-content\/uploads\/2022\/10\/VERSACE-HOME-Vaso-18cm-Scala-Palazzo-Verde-300x300.jpg","_links":{"self":[{"href":"https:\/\/www.erresse-shop.it\/fr\/wp-json\/wp\/v2\/product\/191496"}],"collection":[{"href":"https:\/\/www.erresse-shop.it\/fr\/wp-json\/wp\/v2\/product"}],"about":[{"href":"https:\/\/www.erresse-shop.it\/fr\/wp-json\/wp\/v2\/types\/product"}],"wp:featuredmedia":[{"embeddable":true,"href":"https:\/\/www.erresse-shop.it\/fr\/wp-json\/wp\/v2\/media\/491163"}],"wp:attachment":[{"href":"https:\/\/www.erresse-shop.it\/fr\/wp-json\/wp\/v2\/media?parent=191496"}],"wp:term":[{"taxonomy":"product_cat","embeddable":true,"href":"https:\/\/www.erresse-shop.it\/fr\/wp-json\/wp\/v2\/product_cat?post=191496"},{"taxonomy":"product_tag","embeddable":true,"href":"https:\/\/www.erresse-shop.it\/fr\/wp-json\/wp\/v2\/product_tag?post=191496"}],"curies":[{"name":"wp","href":"https:\/\/api.w.org\/{rel}","templated":true}]}}