{"id":184986,"date":"2022-09-23T07:32:11","date_gmt":"2022-09-23T07:32:13","guid":{"rendered":"https:\/\/www.erresse-shop.it\/?post_type=product&#038;p=184986"},"modified":"2022-09-23T07:51:28","modified_gmt":"2022-09-23T07:51:28","slug":"seletti-vase-smiley-classic-20-cm","status":"publish","type":"product","link":"https:\/\/www.erresse-shop.it\/fr\/shop\/ameublement-maison\/vases-fr\/seletti-vase-smiley-classic-20-cm\/","title":{"rendered":"SELETTI Vase Smiley Classic 20 cm"},"content":{"rendered":"<p><strong>Collection Smiley<\/strong><\/p>\n<p>Pour c\u00e9l\u00e9brer le 50e anniversaire de cette marque embl\u00e9matique, Seletti s&#8217;associe \u00e0 Smiley.<\/p>\n<p><strong>Vase<\/strong><br \/>\n<strong>Design :<\/strong> Seletti X Smiley<br \/>\n<strong>Mat\u00e9riau :<\/strong> Porcelaine<br \/>\n<strong>Mesures :<\/strong> \u2300 20 cm<\/p>\n","protected":false},"excerpt":{"rendered":"<p>Collection Smiley Pour c\u00e9l\u00e9brer le 50e anniversaire de cette marque embl\u00e9matique, Seletti s&#8217;associe \u00e0 Smiley. Vase Design : Seletti X<\/p>\n","protected":false},"featured_media":184997,"template":"","meta":{"_acf_changed":false,"inline_featured_image":false},"product_cat":[12738,14422],"product_tag":[25021,20665,13849],"acf":[],"yoast_head":"<!-- This site is optimized with the Yoast SEO Premium plugin v18.6 (Yoast SEO v19.13) - https:\/\/yoast.com\/wordpress\/plugins\/seo\/ -->\n<title>SELETTI Vase Smiley Classic 20 cm - Erresse Shop<\/title>\n<meta name=\"description\" content=\"Collection Smiley Pour c\u00e9l\u00e9brer le 50e anniversaire de cette marque embl\u00e9matique, Seletti s&#039;associe \u00e0 Smiley. Vase Design : Seletti X Smiley Mat\u00e9riau :\" \/>\n<meta name=\"robots\" content=\"index, follow, max-snippet:-1, max-image-preview:large, max-video-preview:-1\" \/>\n<link rel=\"canonical\" href=\"https:\/\/www.erresse-shop.it\/fr\/shop\/ameublement-maison\/vases-fr\/seletti-vase-smiley-classic-20-cm\/\" \/>\n<meta property=\"og:locale\" content=\"fr_FR\" \/>\n<meta property=\"og:type\" content=\"article\" \/>\n<meta property=\"og:title\" content=\"SELETTI Vase Smiley Classic 20 cm\" \/>\n<meta property=\"og:description\" content=\"Collection Smiley Pour c\u00e9l\u00e9brer le 50e anniversaire de cette marque embl\u00e9matique, Seletti s&#039;associe \u00e0 Smiley. Vase Design : Seletti X Smiley Mat\u00e9riau :\" \/>\n<meta property=\"og:url\" content=\"https:\/\/www.erresse-shop.it\/fr\/shop\/ameublement-maison\/vases-fr\/seletti-vase-smiley-classic-20-cm\/\" \/>\n<meta property=\"og:site_name\" content=\"Erresse Shop\" \/>\n<meta property=\"article:modified_time\" content=\"2022-09-23T07:51:28+00:00\" \/>\n<meta property=\"og:image\" content=\"https:\/\/www.erresse-shop.it\/wp-content\/uploads\/2022\/09\/SELETTI-Vaso-Smiley-Classic-2.jpg\" \/>\n\t<meta property=\"og:image:width\" content=\"800\" \/>\n\t<meta property=\"og:image:height\" content=\"800\" \/>\n\t<meta property=\"og:image:type\" content=\"image\/jpeg\" \/>\n<meta name=\"twitter:card\" content=\"summary_large_image\" \/>\n<script type=\"application\/ld+json\" class=\"yoast-schema-graph\">{\"@context\":\"https:\/\/schema.org\",\"@graph\":[{\"@type\":\"WebPage\",\"@id\":\"https:\/\/www.erresse-shop.it\/fr\/shop\/ameublement-maison\/vases-fr\/seletti-vase-smiley-classic-20-cm\/\",\"url\":\"https:\/\/www.erresse-shop.it\/fr\/shop\/ameublement-maison\/vases-fr\/seletti-vase-smiley-classic-20-cm\/\",\"name\":\"SELETTI Vase Smiley Classic 20 cm - Erresse Shop\",\"isPartOf\":{\"@id\":\"https:\/\/www.erresse-shop.it\/fr\/#website\"},\"datePublished\":\"2022-09-23T07:32:13+00:00\",\"dateModified\":\"2022-09-23T07:51:28+00:00\",\"description\":\"Collection Smiley Pour c\u00e9l\u00e9brer le 50e anniversaire de cette marque embl\u00e9matique, Seletti s'associe \u00e0 Smiley. Vase Design : Seletti X Smiley Mat\u00e9riau :\",\"breadcrumb\":{\"@id\":\"https:\/\/www.erresse-shop.it\/fr\/shop\/ameublement-maison\/vases-fr\/seletti-vase-smiley-classic-20-cm\/#breadcrumb\"},\"inLanguage\":\"fr-FR\",\"potentialAction\":[{\"@type\":\"ReadAction\",\"target\":[\"https:\/\/www.erresse-shop.it\/fr\/shop\/ameublement-maison\/vases-fr\/seletti-vase-smiley-classic-20-cm\/\"]}]},{\"@type\":\"BreadcrumbList\",\"@id\":\"https:\/\/www.erresse-shop.it\/fr\/shop\/ameublement-maison\/vases-fr\/seletti-vase-smiley-classic-20-cm\/#breadcrumb\",\"itemListElement\":[{\"@type\":\"ListItem\",\"position\":1,\"name\":\"Home\",\"item\":\"https:\/\/www.erresse-shop.it\/fr\/\"},{\"@type\":\"ListItem\",\"position\":2,\"name\":\"Shop\",\"item\":\"https:\/\/www.erresse-shop.it\/fr\/shop\/\"},{\"@type\":\"ListItem\",\"position\":3,\"name\":\"SELETTI Vase Smiley Classic 20 cm\"}]},{\"@type\":\"WebSite\",\"@id\":\"https:\/\/www.erresse-shop.it\/fr\/#website\",\"url\":\"https:\/\/www.erresse-shop.it\/fr\/\",\"name\":\"Erresse Shop\",\"description\":\"Articoli di qualit\u00e0 per la casa\",\"potentialAction\":[{\"@type\":\"SearchAction\",\"target\":{\"@type\":\"EntryPoint\",\"urlTemplate\":\"https:\/\/www.erresse-shop.it\/fr\/?s={search_term_string}\"},\"query-input\":\"required name=search_term_string\"}],\"inLanguage\":\"fr-FR\"}]}<\/script>\n<!-- \/ Yoast SEO Premium plugin. -->","yoast_head_json":{"title":"SELETTI Vase Smiley Classic 20 cm - Erresse Shop","description":"Collection Smiley Pour c\u00e9l\u00e9brer le 50e anniversaire de cette marque embl\u00e9matique, Seletti s'associe \u00e0 Smiley. Vase Design : Seletti X Smiley Mat\u00e9riau :","robots":{"index":"index","follow":"follow","max-snippet":"max-snippet:-1","max-image-preview":"max-image-preview:large","max-video-preview":"max-video-preview:-1"},"canonical":"https:\/\/www.erresse-shop.it\/fr\/shop\/ameublement-maison\/vases-fr\/seletti-vase-smiley-classic-20-cm\/","og_locale":"fr_FR","og_type":"article","og_title":"SELETTI Vase Smiley Classic 20 cm","og_description":"Collection Smiley Pour c\u00e9l\u00e9brer le 50e anniversaire de cette marque embl\u00e9matique, Seletti s'associe \u00e0 Smiley. Vase Design : Seletti X Smiley Mat\u00e9riau :","og_url":"https:\/\/www.erresse-shop.it\/fr\/shop\/ameublement-maison\/vases-fr\/seletti-vase-smiley-classic-20-cm\/","og_site_name":"Erresse Shop","article_modified_time":"2022-09-23T07:51:28+00:00","og_image":[{"width":800,"height":800,"url":"https:\/\/www.erresse-shop.it\/wp-content\/uploads\/2022\/09\/SELETTI-Vaso-Smiley-Classic-2.jpg","type":"image\/jpeg"}],"twitter_card":"summary_large_image","schema":{"@context":"https:\/\/schema.org","@graph":[{"@type":"WebPage","@id":"https:\/\/www.erresse-shop.it\/fr\/shop\/ameublement-maison\/vases-fr\/seletti-vase-smiley-classic-20-cm\/","url":"https:\/\/www.erresse-shop.it\/fr\/shop\/ameublement-maison\/vases-fr\/seletti-vase-smiley-classic-20-cm\/","name":"SELETTI Vase Smiley Classic 20 cm - Erresse Shop","isPartOf":{"@id":"https:\/\/www.erresse-shop.it\/fr\/#website"},"datePublished":"2022-09-23T07:32:13+00:00","dateModified":"2022-09-23T07:51:28+00:00","description":"Collection Smiley Pour c\u00e9l\u00e9brer le 50e anniversaire de cette marque embl\u00e9matique, Seletti s'associe \u00e0 Smiley. Vase Design : Seletti X Smiley Mat\u00e9riau :","breadcrumb":{"@id":"https:\/\/www.erresse-shop.it\/fr\/shop\/ameublement-maison\/vases-fr\/seletti-vase-smiley-classic-20-cm\/#breadcrumb"},"inLanguage":"fr-FR","potentialAction":[{"@type":"ReadAction","target":["https:\/\/www.erresse-shop.it\/fr\/shop\/ameublement-maison\/vases-fr\/seletti-vase-smiley-classic-20-cm\/"]}]},{"@type":"BreadcrumbList","@id":"https:\/\/www.erresse-shop.it\/fr\/shop\/ameublement-maison\/vases-fr\/seletti-vase-smiley-classic-20-cm\/#breadcrumb","itemListElement":[{"@type":"ListItem","position":1,"name":"Home","item":"https:\/\/www.erresse-shop.it\/fr\/"},{"@type":"ListItem","position":2,"name":"Shop","item":"https:\/\/www.erresse-shop.it\/fr\/shop\/"},{"@type":"ListItem","position":3,"name":"SELETTI Vase Smiley Classic 20 cm"}]},{"@type":"WebSite","@id":"https:\/\/www.erresse-shop.it\/fr\/#website","url":"https:\/\/www.erresse-shop.it\/fr\/","name":"Erresse Shop","description":"Articoli di qualit\u00e0 per la casa","potentialAction":[{"@type":"SearchAction","target":{"@type":"EntryPoint","urlTemplate":"https:\/\/www.erresse-shop.it\/fr\/?s={search_term_string}"},"query-input":"required name=search_term_string"}],"inLanguage":"fr-FR"}]}},"df_price":26.55,"df_sale_price":26.55,"df_regular_price":59,"df_image_link":"https:\/\/www.erresse-shop.it\/wp-content\/uploads\/2022\/09\/SELETTI-Vaso-Smiley-Classic-2-300x300.jpg","_links":{"self":[{"href":"https:\/\/www.erresse-shop.it\/fr\/wp-json\/wp\/v2\/product\/184986"}],"collection":[{"href":"https:\/\/www.erresse-shop.it\/fr\/wp-json\/wp\/v2\/product"}],"about":[{"href":"https:\/\/www.erresse-shop.it\/fr\/wp-json\/wp\/v2\/types\/product"}],"wp:featuredmedia":[{"embeddable":true,"href":"https:\/\/www.erresse-shop.it\/fr\/wp-json\/wp\/v2\/media\/184997"}],"wp:attachment":[{"href":"https:\/\/www.erresse-shop.it\/fr\/wp-json\/wp\/v2\/media?parent=184986"}],"wp:term":[{"taxonomy":"product_cat","embeddable":true,"href":"https:\/\/www.erresse-shop.it\/fr\/wp-json\/wp\/v2\/product_cat?post=184986"},{"taxonomy":"product_tag","embeddable":true,"href":"https:\/\/www.erresse-shop.it\/fr\/wp-json\/wp\/v2\/product_tag?post=184986"}],"curies":[{"name":"wp","href":"https:\/\/api.w.org\/{rel}","templated":true}]}}