{"id":184939,"date":"2016-03-19T17:13:37","date_gmt":"2016-03-19T17:13:37","guid":{"rendered":"https:\/\/www.erresse-shop.it\/shop\/non class\u00e9\/smeg-jeu-2-pinces-4-tranches\/"},"modified":"2025-02-08T21:40:06","modified_gmt":"2025-02-08T21:40:06","slug":"smeg-jeu-2-pinces-4-tranches","status":"publish","type":"product","link":"https:\/\/www.erresse-shop.it\/fr\/shop\/petits-electromenagers\/grille-pains\/smeg-jeu-2-pinces-4-tranches\/","title":{"rendered":"SMEG Jeu 2 Pinces (4 Tranches)"},"content":{"rendered":"<p>S\u00e9rie <strong>SMEG<\/strong> 50s<\/p>\n<p>Objets de rencontre symboliques, ic\u00f4nes qui transforment l&#8217;espace qu&#8217;ils occupent, les nouveaux b\u00e9b\u00e9s de la ligne Anni &#8217;50s, con\u00e7us en collaboration avec Matteo Bazzicalupo et Raffaella Mangiarotti de deepdesign, \u00e9voquent d&#8217;autres temps et fa\u00e7onnent les lieux du quotidien, investissant d&#8217;un nouveau sens ce qui existe ou a exist\u00e9, comme cela se passe dans l&#8217;art et la m\u00e9moire.<br \/>\nProduits aux formes arrondies et compactes, ils sont les protagonistes de la cuisine, con\u00e7us pour ceux qui souhaitent avoir une exp\u00e9rience de chef mais pas seulement. Pour ceux qui aiment s&#8217;entourer d&#8217;objets \u00e0 fort caract\u00e8re esth\u00e9tique sans perdre de vue les performances de haute qualit\u00e9.<\/p>\n<p><strong>CARACT\u00c9RISTIQUES TECHNIQUES<\/strong><\/p>\n<ul>\n<li>Grille et base de rangement en acier inoxydable<\/li>\n<li>Poign\u00e9es en plastique r\u00e9sistant \u00e0 la chaleur<\/li>\n<\/ul>\n","protected":false},"excerpt":{"rendered":"<p>S\u00e9rie SMEG 50s Objets de rencontre symboliques, ic\u00f4nes qui transforment l&#8217;espace qu&#8217;ils occupent, les nouveaux b\u00e9b\u00e9s de la ligne Anni<\/p>\n","protected":false},"featured_media":467609,"template":"","meta":{"_acf_changed":false,"inline_featured_image":false},"product_cat":[12770,12449],"product_tag":[25181,13253,25021,12856,12822],"acf":[],"yoast_head":"<!-- This site is optimized with the Yoast SEO Premium plugin v18.6 (Yoast SEO v19.13) - https:\/\/yoast.com\/wordpress\/plugins\/seo\/ -->\n<title>SMEG Jeu 2 Pinces (4 Tranches) - Erresse Shop<\/title>\n<meta name=\"description\" content=\"S\u00e9rie SMEG 50s Objets de rencontre symboliques, ic\u00f4nes qui transforment l&#039;espace qu&#039;ils occupent, les nouveaux b\u00e9b\u00e9s de la ligne Anni &#039;50s, con\u00e7us en\" \/>\n<meta name=\"robots\" content=\"index, follow, max-snippet:-1, max-image-preview:large, max-video-preview:-1\" \/>\n<link rel=\"canonical\" href=\"https:\/\/www.erresse-shop.it\/fr\/shop\/petits-electromenagers\/grille-pains\/smeg-jeu-2-pinces-4-tranches\/\" \/>\n<meta property=\"og:locale\" content=\"fr_FR\" \/>\n<meta property=\"og:type\" content=\"article\" \/>\n<meta property=\"og:title\" content=\"SMEG Jeu 2 Pinces (4 Tranches)\" \/>\n<meta property=\"og:description\" content=\"S\u00e9rie SMEG 50s Objets de rencontre symboliques, ic\u00f4nes qui transforment l&#039;espace qu&#039;ils occupent, les nouveaux b\u00e9b\u00e9s de la ligne Anni &#039;50s, con\u00e7us en\" \/>\n<meta property=\"og:url\" content=\"https:\/\/www.erresse-shop.it\/fr\/shop\/petits-electromenagers\/grille-pains\/smeg-jeu-2-pinces-4-tranches\/\" \/>\n<meta property=\"og:site_name\" content=\"Erresse Shop\" \/>\n<meta property=\"article:modified_time\" content=\"2025-02-08T21:40:06+00:00\" \/>\n<meta property=\"og:image\" content=\"https:\/\/www.erresse-shop.it\/wp-content\/uploads\/2016\/03\/SMEG-Set-2-pinze-per-4-fette.png\" \/>\n\t<meta property=\"og:image:width\" content=\"800\" \/>\n\t<meta property=\"og:image:height\" content=\"800\" \/>\n\t<meta property=\"og:image:type\" content=\"image\/png\" \/>\n<meta name=\"twitter:card\" content=\"summary_large_image\" \/>\n<script type=\"application\/ld+json\" class=\"yoast-schema-graph\">{\"@context\":\"https:\/\/schema.org\",\"@graph\":[{\"@type\":\"WebPage\",\"@id\":\"https:\/\/www.erresse-shop.it\/fr\/shop\/petits-electromenagers\/grille-pains\/smeg-jeu-2-pinces-4-tranches\/\",\"url\":\"https:\/\/www.erresse-shop.it\/fr\/shop\/petits-electromenagers\/grille-pains\/smeg-jeu-2-pinces-4-tranches\/\",\"name\":\"SMEG Jeu 2 Pinces (4 Tranches) - Erresse Shop\",\"isPartOf\":{\"@id\":\"https:\/\/www.erresse-shop.it\/fr\/#website\"},\"datePublished\":\"2016-03-19T17:13:37+00:00\",\"dateModified\":\"2025-02-08T21:40:06+00:00\",\"description\":\"S\u00e9rie SMEG 50s Objets de rencontre symboliques, ic\u00f4nes qui transforment l'espace qu'ils occupent, les nouveaux b\u00e9b\u00e9s de la ligne Anni '50s, con\u00e7us en\",\"breadcrumb\":{\"@id\":\"https:\/\/www.erresse-shop.it\/fr\/shop\/petits-electromenagers\/grille-pains\/smeg-jeu-2-pinces-4-tranches\/#breadcrumb\"},\"inLanguage\":\"fr-FR\",\"potentialAction\":[{\"@type\":\"ReadAction\",\"target\":[\"https:\/\/www.erresse-shop.it\/fr\/shop\/petits-electromenagers\/grille-pains\/smeg-jeu-2-pinces-4-tranches\/\"]}]},{\"@type\":\"BreadcrumbList\",\"@id\":\"https:\/\/www.erresse-shop.it\/fr\/shop\/petits-electromenagers\/grille-pains\/smeg-jeu-2-pinces-4-tranches\/#breadcrumb\",\"itemListElement\":[{\"@type\":\"ListItem\",\"position\":1,\"name\":\"Home\",\"item\":\"https:\/\/www.erresse-shop.it\/fr\/\"},{\"@type\":\"ListItem\",\"position\":2,\"name\":\"Shop\",\"item\":\"https:\/\/www.erresse-shop.it\/fr\/shop\/\"},{\"@type\":\"ListItem\",\"position\":3,\"name\":\"SMEG Jeu 2 Pinces (4 Tranches)\"}]},{\"@type\":\"WebSite\",\"@id\":\"https:\/\/www.erresse-shop.it\/fr\/#website\",\"url\":\"https:\/\/www.erresse-shop.it\/fr\/\",\"name\":\"Erresse Shop\",\"description\":\"Articoli di qualit\u00e0 per la casa\",\"potentialAction\":[{\"@type\":\"SearchAction\",\"target\":{\"@type\":\"EntryPoint\",\"urlTemplate\":\"https:\/\/www.erresse-shop.it\/fr\/?s={search_term_string}\"},\"query-input\":\"required name=search_term_string\"}],\"inLanguage\":\"fr-FR\"}]}<\/script>\n<!-- \/ Yoast SEO Premium plugin. -->","yoast_head_json":{"title":"SMEG Jeu 2 Pinces (4 Tranches) - Erresse Shop","description":"S\u00e9rie SMEG 50s Objets de rencontre symboliques, ic\u00f4nes qui transforment l'espace qu'ils occupent, les nouveaux b\u00e9b\u00e9s de la ligne Anni '50s, con\u00e7us en","robots":{"index":"index","follow":"follow","max-snippet":"max-snippet:-1","max-image-preview":"max-image-preview:large","max-video-preview":"max-video-preview:-1"},"canonical":"https:\/\/www.erresse-shop.it\/fr\/shop\/petits-electromenagers\/grille-pains\/smeg-jeu-2-pinces-4-tranches\/","og_locale":"fr_FR","og_type":"article","og_title":"SMEG Jeu 2 Pinces (4 Tranches)","og_description":"S\u00e9rie SMEG 50s Objets de rencontre symboliques, ic\u00f4nes qui transforment l'espace qu'ils occupent, les nouveaux b\u00e9b\u00e9s de la ligne Anni '50s, con\u00e7us en","og_url":"https:\/\/www.erresse-shop.it\/fr\/shop\/petits-electromenagers\/grille-pains\/smeg-jeu-2-pinces-4-tranches\/","og_site_name":"Erresse Shop","article_modified_time":"2025-02-08T21:40:06+00:00","og_image":[{"width":800,"height":800,"url":"https:\/\/www.erresse-shop.it\/wp-content\/uploads\/2016\/03\/SMEG-Set-2-pinze-per-4-fette.png","type":"image\/png"}],"twitter_card":"summary_large_image","schema":{"@context":"https:\/\/schema.org","@graph":[{"@type":"WebPage","@id":"https:\/\/www.erresse-shop.it\/fr\/shop\/petits-electromenagers\/grille-pains\/smeg-jeu-2-pinces-4-tranches\/","url":"https:\/\/www.erresse-shop.it\/fr\/shop\/petits-electromenagers\/grille-pains\/smeg-jeu-2-pinces-4-tranches\/","name":"SMEG Jeu 2 Pinces (4 Tranches) - Erresse Shop","isPartOf":{"@id":"https:\/\/www.erresse-shop.it\/fr\/#website"},"datePublished":"2016-03-19T17:13:37+00:00","dateModified":"2025-02-08T21:40:06+00:00","description":"S\u00e9rie SMEG 50s Objets de rencontre symboliques, ic\u00f4nes qui transforment l'espace qu'ils occupent, les nouveaux b\u00e9b\u00e9s de la ligne Anni '50s, con\u00e7us en","breadcrumb":{"@id":"https:\/\/www.erresse-shop.it\/fr\/shop\/petits-electromenagers\/grille-pains\/smeg-jeu-2-pinces-4-tranches\/#breadcrumb"},"inLanguage":"fr-FR","potentialAction":[{"@type":"ReadAction","target":["https:\/\/www.erresse-shop.it\/fr\/shop\/petits-electromenagers\/grille-pains\/smeg-jeu-2-pinces-4-tranches\/"]}]},{"@type":"BreadcrumbList","@id":"https:\/\/www.erresse-shop.it\/fr\/shop\/petits-electromenagers\/grille-pains\/smeg-jeu-2-pinces-4-tranches\/#breadcrumb","itemListElement":[{"@type":"ListItem","position":1,"name":"Home","item":"https:\/\/www.erresse-shop.it\/fr\/"},{"@type":"ListItem","position":2,"name":"Shop","item":"https:\/\/www.erresse-shop.it\/fr\/shop\/"},{"@type":"ListItem","position":3,"name":"SMEG Jeu 2 Pinces (4 Tranches)"}]},{"@type":"WebSite","@id":"https:\/\/www.erresse-shop.it\/fr\/#website","url":"https:\/\/www.erresse-shop.it\/fr\/","name":"Erresse Shop","description":"Articoli di qualit\u00e0 per la casa","potentialAction":[{"@type":"SearchAction","target":{"@type":"EntryPoint","urlTemplate":"https:\/\/www.erresse-shop.it\/fr\/?s={search_term_string}"},"query-input":"required name=search_term_string"}],"inLanguage":"fr-FR"}]}},"df_price":27.299999999999997,"df_sale_price":27.299999999999997,"df_regular_price":39,"df_image_link":"https:\/\/www.erresse-shop.it\/wp-content\/uploads\/2016\/03\/SMEG-Set-2-pinze-per-4-fette-300x300.jpg","_links":{"self":[{"href":"https:\/\/www.erresse-shop.it\/fr\/wp-json\/wp\/v2\/product\/184939"}],"collection":[{"href":"https:\/\/www.erresse-shop.it\/fr\/wp-json\/wp\/v2\/product"}],"about":[{"href":"https:\/\/www.erresse-shop.it\/fr\/wp-json\/wp\/v2\/types\/product"}],"wp:featuredmedia":[{"embeddable":true,"href":"https:\/\/www.erresse-shop.it\/fr\/wp-json\/wp\/v2\/media\/467609"}],"wp:attachment":[{"href":"https:\/\/www.erresse-shop.it\/fr\/wp-json\/wp\/v2\/media?parent=184939"}],"wp:term":[{"taxonomy":"product_cat","embeddable":true,"href":"https:\/\/www.erresse-shop.it\/fr\/wp-json\/wp\/v2\/product_cat?post=184939"},{"taxonomy":"product_tag","embeddable":true,"href":"https:\/\/www.erresse-shop.it\/fr\/wp-json\/wp\/v2\/product_tag?post=184939"}],"curies":[{"name":"wp","href":"https:\/\/api.w.org\/{rel}","templated":true}]}}