{"id":184198,"date":"2022-09-22T06:37:31","date_gmt":"2022-09-22T06:37:36","guid":{"rendered":"https:\/\/www.erresse-shop.it\/?post_type=product&#038;p=184198"},"modified":"2022-12-01T00:10:33","modified_gmt":"2022-12-01T00:10:33","slug":"villeroy-boch-plat-de-service-toys-delight-45-cm","status":"publish","type":"product","link":"https:\/\/www.erresse-shop.it\/fr\/shop\/table-fr-2\/plateaux\/villeroy-boch-plat-de-service-toys-delight-45-cm\/","title":{"rendered":"VILLEROY &#038; BOCH Plat de Service Toy&#8217;s Delight 45 cm"},"content":{"rendered":"<p><strong><span style=\"text-decoration: underline;\">NE VA PAS AU LAVE-VAISSELLE<\/span><br \/>\nMat\u00e9riau :<\/strong> Porcelaine Premium<br \/>\n<strong>Convient au micro-ondes :<\/strong> Oui<\/p>\n<p><strong>SERVIR LE PLAISIR DE NO\u00cbL<\/strong><br \/>\nAvec la collection Toy&#8217;s Delight, vous apporterez une atmosph\u00e8re de No\u00ebl nostalgique dans votre maison. La vaisselle et les accessoires d\u00e9coratifs assortis sont orn\u00e9s de jolis motifs qui \u00e9voquent de beaux souvenirs d&#8217;enfance. Id\u00e9al pour assortir, collectionner et offrir en cadeau. Le plat de service rond est extr\u00eamement polyvalent, que ce soit pour les plats d&#8217;accompagnement d&#8217;un banquet ou pour des biscuits faits maison. M\u00eame en tant que sc\u00e8ne pour vos d\u00e9corations de No\u00ebl, il est magnifique. Apportez l&#8217;ambiance festive de No\u00ebl \u00e0 votre table.<\/p>\n","protected":false},"excerpt":{"rendered":"<p>NE VA PAS AU LAVE-VAISSELLE Mat\u00e9riau : Porcelaine Premium Convient au micro-ondes : Oui SERVIR LE PLAISIR DE NO\u00cbL Avec<\/p>\n","protected":false},"featured_media":184209,"template":"","meta":{"_acf_changed":false,"inline_featured_image":false},"product_cat":[12792,12782],"product_tag":[23910,20499,20501,20500],"acf":[],"yoast_head":"<!-- This site is optimized with the Yoast SEO Premium plugin v18.6 (Yoast SEO v19.13) - https:\/\/yoast.com\/wordpress\/plugins\/seo\/ -->\n<title>VILLEROY &amp; BOCH Plat de Service Toy&#039;s Delight 45 cm - Erresse Shop<\/title>\n<meta name=\"description\" content=\"NE VA PAS AU LAVE-VAISSELLE Mat\u00e9riau : Porcelaine Premium Convient au micro-ondes : Oui SERVIR LE PLAISIR DE NO\u00cbL Avec la collection Toy&#039;s Delight, vous\" \/>\n<meta name=\"robots\" content=\"index, follow, max-snippet:-1, max-image-preview:large, max-video-preview:-1\" \/>\n<link rel=\"canonical\" href=\"https:\/\/www.erresse-shop.it\/fr\/shop\/table-fr-2\/plateaux\/villeroy-boch-plat-de-service-toys-delight-45-cm\/\" \/>\n<meta property=\"og:locale\" content=\"fr_FR\" \/>\n<meta property=\"og:type\" content=\"article\" \/>\n<meta property=\"og:title\" content=\"VILLEROY &amp; BOCH Plat de Service Toy&#039;s Delight 45 cm\" \/>\n<meta property=\"og:description\" content=\"NE VA PAS AU LAVE-VAISSELLE Mat\u00e9riau : Porcelaine Premium Convient au micro-ondes : Oui SERVIR LE PLAISIR DE NO\u00cbL Avec la collection Toy&#039;s Delight, vous\" \/>\n<meta property=\"og:url\" content=\"https:\/\/www.erresse-shop.it\/fr\/shop\/table-fr-2\/plateaux\/villeroy-boch-plat-de-service-toys-delight-45-cm\/\" \/>\n<meta property=\"og:site_name\" content=\"Erresse Shop\" \/>\n<meta property=\"article:modified_time\" content=\"2022-12-01T00:10:33+00:00\" \/>\n<meta property=\"og:image\" content=\"https:\/\/www.erresse-shop.it\/wp-content\/uploads\/2022\/09\/VILLEROY-BOCH-Piatto-Portata-45cm-2.jpg\" \/>\n\t<meta property=\"og:image:width\" content=\"800\" \/>\n\t<meta property=\"og:image:height\" content=\"800\" \/>\n\t<meta property=\"og:image:type\" content=\"image\/jpeg\" \/>\n<meta name=\"twitter:card\" content=\"summary_large_image\" \/>\n<script type=\"application\/ld+json\" class=\"yoast-schema-graph\">{\"@context\":\"https:\/\/schema.org\",\"@graph\":[{\"@type\":\"WebPage\",\"@id\":\"https:\/\/www.erresse-shop.it\/fr\/shop\/table-fr-2\/plateaux\/villeroy-boch-plat-de-service-toys-delight-45-cm\/\",\"url\":\"https:\/\/www.erresse-shop.it\/fr\/shop\/table-fr-2\/plateaux\/villeroy-boch-plat-de-service-toys-delight-45-cm\/\",\"name\":\"VILLEROY & BOCH Plat de Service Toy's Delight 45 cm - Erresse Shop\",\"isPartOf\":{\"@id\":\"https:\/\/www.erresse-shop.it\/fr\/#website\"},\"datePublished\":\"2022-09-22T06:37:36+00:00\",\"dateModified\":\"2022-12-01T00:10:33+00:00\",\"description\":\"NE VA PAS AU LAVE-VAISSELLE Mat\u00e9riau : Porcelaine Premium Convient au micro-ondes : Oui SERVIR LE PLAISIR DE NO\u00cbL Avec la collection Toy's Delight, vous\",\"breadcrumb\":{\"@id\":\"https:\/\/www.erresse-shop.it\/fr\/shop\/table-fr-2\/plateaux\/villeroy-boch-plat-de-service-toys-delight-45-cm\/#breadcrumb\"},\"inLanguage\":\"fr-FR\",\"potentialAction\":[{\"@type\":\"ReadAction\",\"target\":[\"https:\/\/www.erresse-shop.it\/fr\/shop\/table-fr-2\/plateaux\/villeroy-boch-plat-de-service-toys-delight-45-cm\/\"]}]},{\"@type\":\"BreadcrumbList\",\"@id\":\"https:\/\/www.erresse-shop.it\/fr\/shop\/table-fr-2\/plateaux\/villeroy-boch-plat-de-service-toys-delight-45-cm\/#breadcrumb\",\"itemListElement\":[{\"@type\":\"ListItem\",\"position\":1,\"name\":\"Home\",\"item\":\"https:\/\/www.erresse-shop.it\/fr\/\"},{\"@type\":\"ListItem\",\"position\":2,\"name\":\"Shop\",\"item\":\"https:\/\/www.erresse-shop.it\/fr\/shop\/\"},{\"@type\":\"ListItem\",\"position\":3,\"name\":\"VILLEROY &#038; BOCH Plat de Service Toy&#8217;s Delight 45 cm\"}]},{\"@type\":\"WebSite\",\"@id\":\"https:\/\/www.erresse-shop.it\/fr\/#website\",\"url\":\"https:\/\/www.erresse-shop.it\/fr\/\",\"name\":\"Erresse Shop\",\"description\":\"Articoli di qualit\u00e0 per la casa\",\"potentialAction\":[{\"@type\":\"SearchAction\",\"target\":{\"@type\":\"EntryPoint\",\"urlTemplate\":\"https:\/\/www.erresse-shop.it\/fr\/?s={search_term_string}\"},\"query-input\":\"required name=search_term_string\"}],\"inLanguage\":\"fr-FR\"}]}<\/script>\n<!-- \/ Yoast SEO Premium plugin. -->","yoast_head_json":{"title":"VILLEROY & BOCH Plat de Service Toy's Delight 45 cm - Erresse Shop","description":"NE VA PAS AU LAVE-VAISSELLE Mat\u00e9riau : Porcelaine Premium Convient au micro-ondes : Oui SERVIR LE PLAISIR DE NO\u00cbL Avec la collection Toy's Delight, vous","robots":{"index":"index","follow":"follow","max-snippet":"max-snippet:-1","max-image-preview":"max-image-preview:large","max-video-preview":"max-video-preview:-1"},"canonical":"https:\/\/www.erresse-shop.it\/fr\/shop\/table-fr-2\/plateaux\/villeroy-boch-plat-de-service-toys-delight-45-cm\/","og_locale":"fr_FR","og_type":"article","og_title":"VILLEROY & BOCH Plat de Service Toy's Delight 45 cm","og_description":"NE VA PAS AU LAVE-VAISSELLE Mat\u00e9riau : Porcelaine Premium Convient au micro-ondes : Oui SERVIR LE PLAISIR DE NO\u00cbL Avec la collection Toy's Delight, vous","og_url":"https:\/\/www.erresse-shop.it\/fr\/shop\/table-fr-2\/plateaux\/villeroy-boch-plat-de-service-toys-delight-45-cm\/","og_site_name":"Erresse Shop","article_modified_time":"2022-12-01T00:10:33+00:00","og_image":[{"width":800,"height":800,"url":"https:\/\/www.erresse-shop.it\/wp-content\/uploads\/2022\/09\/VILLEROY-BOCH-Piatto-Portata-45cm-2.jpg","type":"image\/jpeg"}],"twitter_card":"summary_large_image","schema":{"@context":"https:\/\/schema.org","@graph":[{"@type":"WebPage","@id":"https:\/\/www.erresse-shop.it\/fr\/shop\/table-fr-2\/plateaux\/villeroy-boch-plat-de-service-toys-delight-45-cm\/","url":"https:\/\/www.erresse-shop.it\/fr\/shop\/table-fr-2\/plateaux\/villeroy-boch-plat-de-service-toys-delight-45-cm\/","name":"VILLEROY & BOCH Plat de Service Toy's Delight 45 cm - Erresse Shop","isPartOf":{"@id":"https:\/\/www.erresse-shop.it\/fr\/#website"},"datePublished":"2022-09-22T06:37:36+00:00","dateModified":"2022-12-01T00:10:33+00:00","description":"NE VA PAS AU LAVE-VAISSELLE Mat\u00e9riau : Porcelaine Premium Convient au micro-ondes : Oui SERVIR LE PLAISIR DE NO\u00cbL Avec la collection Toy's Delight, vous","breadcrumb":{"@id":"https:\/\/www.erresse-shop.it\/fr\/shop\/table-fr-2\/plateaux\/villeroy-boch-plat-de-service-toys-delight-45-cm\/#breadcrumb"},"inLanguage":"fr-FR","potentialAction":[{"@type":"ReadAction","target":["https:\/\/www.erresse-shop.it\/fr\/shop\/table-fr-2\/plateaux\/villeroy-boch-plat-de-service-toys-delight-45-cm\/"]}]},{"@type":"BreadcrumbList","@id":"https:\/\/www.erresse-shop.it\/fr\/shop\/table-fr-2\/plateaux\/villeroy-boch-plat-de-service-toys-delight-45-cm\/#breadcrumb","itemListElement":[{"@type":"ListItem","position":1,"name":"Home","item":"https:\/\/www.erresse-shop.it\/fr\/"},{"@type":"ListItem","position":2,"name":"Shop","item":"https:\/\/www.erresse-shop.it\/fr\/shop\/"},{"@type":"ListItem","position":3,"name":"VILLEROY &#038; BOCH Plat de Service Toy&#8217;s Delight 45 cm"}]},{"@type":"WebSite","@id":"https:\/\/www.erresse-shop.it\/fr\/#website","url":"https:\/\/www.erresse-shop.it\/fr\/","name":"Erresse Shop","description":"Articoli di qualit\u00e0 per la casa","potentialAction":[{"@type":"SearchAction","target":{"@type":"EntryPoint","urlTemplate":"https:\/\/www.erresse-shop.it\/fr\/?s={search_term_string}"},"query-input":"required name=search_term_string"}],"inLanguage":"fr-FR"}]}},"df_price":69.5,"df_sale_price":69.5,"df_regular_price":139,"df_image_link":"https:\/\/www.erresse-shop.it\/wp-content\/uploads\/2022\/09\/VILLEROY-BOCH-Piatto-Portata-45cm-2-300x300.jpg","_links":{"self":[{"href":"https:\/\/www.erresse-shop.it\/fr\/wp-json\/wp\/v2\/product\/184198"}],"collection":[{"href":"https:\/\/www.erresse-shop.it\/fr\/wp-json\/wp\/v2\/product"}],"about":[{"href":"https:\/\/www.erresse-shop.it\/fr\/wp-json\/wp\/v2\/types\/product"}],"wp:featuredmedia":[{"embeddable":true,"href":"https:\/\/www.erresse-shop.it\/fr\/wp-json\/wp\/v2\/media\/184209"}],"wp:attachment":[{"href":"https:\/\/www.erresse-shop.it\/fr\/wp-json\/wp\/v2\/media?parent=184198"}],"wp:term":[{"taxonomy":"product_cat","embeddable":true,"href":"https:\/\/www.erresse-shop.it\/fr\/wp-json\/wp\/v2\/product_cat?post=184198"},{"taxonomy":"product_tag","embeddable":true,"href":"https:\/\/www.erresse-shop.it\/fr\/wp-json\/wp\/v2\/product_tag?post=184198"}],"curies":[{"name":"wp","href":"https:\/\/api.w.org\/{rel}","templated":true}]}}