{"id":180823,"date":"2022-09-14T10:41:06","date_gmt":"2022-09-14T10:41:08","guid":{"rendered":"https:\/\/www.erresse-shop.it\/?post_type=product&#038;p=180823"},"modified":"2025-08-16T23:00:08","modified_gmt":"2025-08-16T23:00:08","slug":"bordallo-pinheiro-centre-de-table-banane-madere-48-cm","status":"publish","type":"product","link":"https:\/\/www.erresse-shop.it\/fr\/shop\/table-fr-2\/plateaux\/bordallo-pinheiro-centre-de-table-banane-madere-48-cm\/","title":{"rendered":"BORDALLO PINHEIRO Centre de Table Banane Mad\u00e8re 48 cm"},"content":{"rendered":"<p>D\u00e9velopp\u00e9e en collaboration avec Nini Andrade Silva, l&#8217;une des plus c\u00e9l\u00e8bres d\u00e9coratrices d&#8217;int\u00e9rieur au monde, n\u00e9e sur l&#8217;\u00eele de Mad\u00e8re, cette collection rend hommage \u00e0 l&#8217;un des \u00e9l\u00e9ments embl\u00e9matiques de l&#8217;\u00eele : le bananier. Diverses caract\u00e9ristiques telles que son \u00e9corce rid\u00e9e, ses grandes feuilles vertes, sa tige d\u00e9licate et le fruit lui-m\u00eame sont magistralement transform\u00e9es en grandes assiettes et plateaux, petits bols et tasses, centres de table et autres magnifiques accessoires de table qui recr\u00e9ent une ambiance tropicale.<br \/>\nL&#8217;exp\u00e9rience d&#8217;utiliser ces plats pour le d\u00eener est sp\u00e9ciale. Le soin et la passion avec lesquels les c\u00e9ramiques sont fabriqu\u00e9es conf\u00e8rent une personnalit\u00e9 \u00e0 chaque pi\u00e8ce de la collection Madeira.<br \/>\nLa collection a \u00e9t\u00e9 r\u00e9compens\u00e9e par les Iconic Awards 2020 : Innovative Interior et le German Design Award 2020.<\/p>\n<p>Une assiette de service est bien plus qu&#8217;un simple plat de service. Elle peut \u00eatre un moyen d&#8217;exprimer sa cr\u00e9ativit\u00e9 et son style personnel.<br \/>\nL&#8217;assiette centrale brune Madeira a une forte composante fonctionnelle et convient pour servir des hors-d&#8217;\u0153uvre, des plats d&#8217;accompagnement, des fruits ou des l\u00e9gumes dans un style plein de charme et de personnalit\u00e9. L&#8217;assiette en c\u00e9ramique Madeira peut \u00e9galement jouer avec succ\u00e8s le r\u00f4le d&#8217;un objet d\u00e9coratif de premier plan. L&#8217;esth\u00e9tique unique inspir\u00e9e de la nature conf\u00e8re de la personnalit\u00e9 \u00e0 la pi\u00e8ce. Plac\u00e9 au centre de la table, le vase se dressera majestueusement et ravira tous les regards.<br \/>\nPeint \u00e0 la main, ce vase impressionne par ses d\u00e9tails et le relief de la c\u00e9ramique qui lui donne un aspect r\u00e9aliste. Que ce soit pour un \u00e9v\u00e9nement festif ou un d\u00eener en famille, le plat de service Madeira compl\u00e9tera parfaitement une table m\u00e9morable.<\/p>\n<p>Le mat\u00e9riau de finition de haute qualit\u00e9, soigneusement \u00e9labor\u00e9, garantit une longue dur\u00e9e de vie, ce qui rend la plaque adapt\u00e9e \u00e0 un usage quotidien. Il peut \u00eatre lav\u00e9 au lave-vaisselle.<br \/>\nLe design unique fait du bol central Madeira un cadeau inspirant pour une personne importante. Il peut \u00eatre offert avec succ\u00e8s lors de diverses occasions sp\u00e9ciales telles que les mariages, les fian\u00e7ailles ou les pendaisons de cr\u00e9maill\u00e8re. Le bol en c\u00e9ramique sera certainement un cadeau m\u00e9morable qui laissera une impression durable.<\/p>\n<p><strong>Mat\u00e9riau :<\/strong> terre cuite<\/p>\n","protected":false},"excerpt":{"rendered":"<p>D\u00e9velopp\u00e9e en collaboration avec Nini Andrade Silva, l&#8217;une des plus c\u00e9l\u00e8bres d\u00e9coratrices d&#8217;int\u00e9rieur au monde, n\u00e9e sur l&#8217;\u00eele de Mad\u00e8re,<\/p>\n","protected":false},"featured_media":457337,"template":"","meta":{"_acf_changed":false,"inline_featured_image":false},"product_cat":[12792,12782],"product_tag":[25036,16799,23910,18328,25021,13499,24603],"acf":[],"yoast_head":"<!-- This site is optimized with the Yoast SEO Premium plugin v18.6 (Yoast SEO v19.13) - https:\/\/yoast.com\/wordpress\/plugins\/seo\/ -->\n<title>BORDALLO PINHEIRO Centre de Table Banane Mad\u00e8re 48 cm<\/title>\n<meta name=\"description\" content=\"D\u00e9couvrez BORDALLO PINHEIRO Centre de Table Banane Mad\u00e8re 48 cm sur ErresseShop. Qualit\u00e9, prix r\u00e9duits et achat s\u00e9curis\u00e9 \u2013 commandez d\u00e8s maintenant en ligne !\" \/>\n<meta name=\"robots\" content=\"index, follow, max-snippet:-1, max-image-preview:large, max-video-preview:-1\" \/>\n<link rel=\"canonical\" href=\"https:\/\/www.erresse-shop.it\/fr\/shop\/table-fr-2\/plateaux\/bordallo-pinheiro-centre-de-table-banane-madere-48-cm\/\" \/>\n<meta property=\"og:locale\" content=\"fr_FR\" \/>\n<meta property=\"og:type\" content=\"article\" \/>\n<meta property=\"og:title\" content=\"BORDALLO PINHEIRO Centre de Table Banane Mad\u00e8re 48 cm\" \/>\n<meta property=\"og:description\" content=\"D\u00e9couvrez BORDALLO PINHEIRO Centre de Table Banane Mad\u00e8re 48 cm sur ErresseShop. Qualit\u00e9, prix r\u00e9duits et achat s\u00e9curis\u00e9 \u2013 commandez d\u00e8s maintenant en ligne !\" \/>\n<meta property=\"og:url\" content=\"https:\/\/www.erresse-shop.it\/fr\/shop\/table-fr-2\/plateaux\/bordallo-pinheiro-centre-de-table-banane-madere-48-cm\/\" \/>\n<meta property=\"og:site_name\" content=\"Erresse Shop\" \/>\n<meta property=\"article:modified_time\" content=\"2025-08-16T23:00:08+00:00\" \/>\n<meta property=\"og:image\" content=\"https:\/\/www.erresse-shop.it\/wp-content\/uploads\/2022\/09\/BORDALLO-PINHEIRO-Centrotavola-Banana-di-Madeira-48-cm.jpg\" \/>\n\t<meta property=\"og:image:width\" content=\"1200\" \/>\n\t<meta property=\"og:image:height\" content=\"1200\" \/>\n\t<meta property=\"og:image:type\" content=\"image\/jpeg\" \/>\n<meta name=\"twitter:card\" content=\"summary_large_image\" \/>\n<script type=\"application\/ld+json\" class=\"yoast-schema-graph\">{\"@context\":\"https:\/\/schema.org\",\"@graph\":[{\"@type\":\"WebPage\",\"@id\":\"https:\/\/www.erresse-shop.it\/fr\/shop\/table-fr-2\/plateaux\/bordallo-pinheiro-centre-de-table-banane-madere-48-cm\/\",\"url\":\"https:\/\/www.erresse-shop.it\/fr\/shop\/table-fr-2\/plateaux\/bordallo-pinheiro-centre-de-table-banane-madere-48-cm\/\",\"name\":\"BORDALLO PINHEIRO Centre de Table Banane Mad\u00e8re 48 cm\",\"isPartOf\":{\"@id\":\"https:\/\/www.erresse-shop.it\/fr\/#website\"},\"datePublished\":\"2022-09-14T10:41:08+00:00\",\"dateModified\":\"2025-08-16T23:00:08+00:00\",\"description\":\"D\u00e9couvrez BORDALLO PINHEIRO Centre de Table Banane Mad\u00e8re 48 cm sur ErresseShop. Qualit\u00e9, prix r\u00e9duits et achat s\u00e9curis\u00e9 \u2013 commandez d\u00e8s maintenant en ligne !\",\"breadcrumb\":{\"@id\":\"https:\/\/www.erresse-shop.it\/fr\/shop\/table-fr-2\/plateaux\/bordallo-pinheiro-centre-de-table-banane-madere-48-cm\/#breadcrumb\"},\"inLanguage\":\"fr-FR\",\"potentialAction\":[{\"@type\":\"ReadAction\",\"target\":[\"https:\/\/www.erresse-shop.it\/fr\/shop\/table-fr-2\/plateaux\/bordallo-pinheiro-centre-de-table-banane-madere-48-cm\/\"]}]},{\"@type\":\"BreadcrumbList\",\"@id\":\"https:\/\/www.erresse-shop.it\/fr\/shop\/table-fr-2\/plateaux\/bordallo-pinheiro-centre-de-table-banane-madere-48-cm\/#breadcrumb\",\"itemListElement\":[{\"@type\":\"ListItem\",\"position\":1,\"name\":\"Home\",\"item\":\"https:\/\/www.erresse-shop.it\/fr\/\"},{\"@type\":\"ListItem\",\"position\":2,\"name\":\"Shop\",\"item\":\"https:\/\/www.erresse-shop.it\/fr\/shop\/\"},{\"@type\":\"ListItem\",\"position\":3,\"name\":\"BORDALLO PINHEIRO Centre de Table Banane Mad\u00e8re 48 cm\"}]},{\"@type\":\"WebSite\",\"@id\":\"https:\/\/www.erresse-shop.it\/fr\/#website\",\"url\":\"https:\/\/www.erresse-shop.it\/fr\/\",\"name\":\"Erresse Shop\",\"description\":\"Articoli di qualit\u00e0 per la casa\",\"potentialAction\":[{\"@type\":\"SearchAction\",\"target\":{\"@type\":\"EntryPoint\",\"urlTemplate\":\"https:\/\/www.erresse-shop.it\/fr\/?s={search_term_string}\"},\"query-input\":\"required name=search_term_string\"}],\"inLanguage\":\"fr-FR\"}]}<\/script>\n<!-- \/ Yoast SEO Premium plugin. -->","yoast_head_json":{"title":"BORDALLO PINHEIRO Centre de Table Banane Mad\u00e8re 48 cm","description":"D\u00e9couvrez BORDALLO PINHEIRO Centre de Table Banane Mad\u00e8re 48 cm sur ErresseShop. Qualit\u00e9, prix r\u00e9duits et achat s\u00e9curis\u00e9 \u2013 commandez d\u00e8s maintenant en ligne !","robots":{"index":"index","follow":"follow","max-snippet":"max-snippet:-1","max-image-preview":"max-image-preview:large","max-video-preview":"max-video-preview:-1"},"canonical":"https:\/\/www.erresse-shop.it\/fr\/shop\/table-fr-2\/plateaux\/bordallo-pinheiro-centre-de-table-banane-madere-48-cm\/","og_locale":"fr_FR","og_type":"article","og_title":"BORDALLO PINHEIRO Centre de Table Banane Mad\u00e8re 48 cm","og_description":"D\u00e9couvrez BORDALLO PINHEIRO Centre de Table Banane Mad\u00e8re 48 cm sur ErresseShop. Qualit\u00e9, prix r\u00e9duits et achat s\u00e9curis\u00e9 \u2013 commandez d\u00e8s maintenant en ligne !","og_url":"https:\/\/www.erresse-shop.it\/fr\/shop\/table-fr-2\/plateaux\/bordallo-pinheiro-centre-de-table-banane-madere-48-cm\/","og_site_name":"Erresse Shop","article_modified_time":"2025-08-16T23:00:08+00:00","og_image":[{"width":1200,"height":1200,"url":"https:\/\/www.erresse-shop.it\/wp-content\/uploads\/2022\/09\/BORDALLO-PINHEIRO-Centrotavola-Banana-di-Madeira-48-cm.jpg","type":"image\/jpeg"}],"twitter_card":"summary_large_image","schema":{"@context":"https:\/\/schema.org","@graph":[{"@type":"WebPage","@id":"https:\/\/www.erresse-shop.it\/fr\/shop\/table-fr-2\/plateaux\/bordallo-pinheiro-centre-de-table-banane-madere-48-cm\/","url":"https:\/\/www.erresse-shop.it\/fr\/shop\/table-fr-2\/plateaux\/bordallo-pinheiro-centre-de-table-banane-madere-48-cm\/","name":"BORDALLO PINHEIRO Centre de Table Banane Mad\u00e8re 48 cm","isPartOf":{"@id":"https:\/\/www.erresse-shop.it\/fr\/#website"},"datePublished":"2022-09-14T10:41:08+00:00","dateModified":"2025-08-16T23:00:08+00:00","description":"D\u00e9couvrez BORDALLO PINHEIRO Centre de Table Banane Mad\u00e8re 48 cm sur ErresseShop. Qualit\u00e9, prix r\u00e9duits et achat s\u00e9curis\u00e9 \u2013 commandez d\u00e8s maintenant en ligne !","breadcrumb":{"@id":"https:\/\/www.erresse-shop.it\/fr\/shop\/table-fr-2\/plateaux\/bordallo-pinheiro-centre-de-table-banane-madere-48-cm\/#breadcrumb"},"inLanguage":"fr-FR","potentialAction":[{"@type":"ReadAction","target":["https:\/\/www.erresse-shop.it\/fr\/shop\/table-fr-2\/plateaux\/bordallo-pinheiro-centre-de-table-banane-madere-48-cm\/"]}]},{"@type":"BreadcrumbList","@id":"https:\/\/www.erresse-shop.it\/fr\/shop\/table-fr-2\/plateaux\/bordallo-pinheiro-centre-de-table-banane-madere-48-cm\/#breadcrumb","itemListElement":[{"@type":"ListItem","position":1,"name":"Home","item":"https:\/\/www.erresse-shop.it\/fr\/"},{"@type":"ListItem","position":2,"name":"Shop","item":"https:\/\/www.erresse-shop.it\/fr\/shop\/"},{"@type":"ListItem","position":3,"name":"BORDALLO PINHEIRO Centre de Table Banane Mad\u00e8re 48 cm"}]},{"@type":"WebSite","@id":"https:\/\/www.erresse-shop.it\/fr\/#website","url":"https:\/\/www.erresse-shop.it\/fr\/","name":"Erresse Shop","description":"Articoli di qualit\u00e0 per la casa","potentialAction":[{"@type":"SearchAction","target":{"@type":"EntryPoint","urlTemplate":"https:\/\/www.erresse-shop.it\/fr\/?s={search_term_string}"},"query-input":"required name=search_term_string"}],"inLanguage":"fr-FR"}]}},"df_price":76.95,"df_sale_price":76.95,"df_regular_price":171,"df_image_link":"https:\/\/www.erresse-shop.it\/wp-content\/uploads\/2022\/09\/BORDALLO-PINHEIRO-Centrotavola-Banana-di-Madeira-48-cm-300x300.jpg","_links":{"self":[{"href":"https:\/\/www.erresse-shop.it\/fr\/wp-json\/wp\/v2\/product\/180823"}],"collection":[{"href":"https:\/\/www.erresse-shop.it\/fr\/wp-json\/wp\/v2\/product"}],"about":[{"href":"https:\/\/www.erresse-shop.it\/fr\/wp-json\/wp\/v2\/types\/product"}],"wp:featuredmedia":[{"embeddable":true,"href":"https:\/\/www.erresse-shop.it\/fr\/wp-json\/wp\/v2\/media\/457337"}],"wp:attachment":[{"href":"https:\/\/www.erresse-shop.it\/fr\/wp-json\/wp\/v2\/media?parent=180823"}],"wp:term":[{"taxonomy":"product_cat","embeddable":true,"href":"https:\/\/www.erresse-shop.it\/fr\/wp-json\/wp\/v2\/product_cat?post=180823"},{"taxonomy":"product_tag","embeddable":true,"href":"https:\/\/www.erresse-shop.it\/fr\/wp-json\/wp\/v2\/product_tag?post=180823"}],"curies":[{"name":"wp","href":"https:\/\/api.w.org\/{rel}","templated":true}]}}