{"id":180817,"date":"2022-09-14T10:30:54","date_gmt":"2022-09-14T10:30:55","guid":{"rendered":"https:\/\/www.erresse-shop.it\/?post_type=product&#038;p=180817"},"modified":"2025-01-14T17:30:37","modified_gmt":"2025-01-14T17:30:37","slug":"bordallo-pinheiro-plateau-papaye-35-cm","status":"publish","type":"product","link":"https:\/\/www.erresse-shop.it\/fr\/shop\/table-fr-2\/plateaux\/bordallo-pinheiro-plateau-papaye-35-cm\/","title":{"rendered":"BORDALLO PINHEIRO Plateau Papaye 35 cm"},"content":{"rendered":"<p>La collection Tropical Fruit est un hymne \u00e0 l&#8217;exub\u00e9rance et aux d\u00e9tails de la nature dans son \u00e9tat le plus pur. Le kiwi, le fruit du dragon, le fruit de la passion, la papaye, l&#8217;annone, la noix de coco et l&#8217;avocat ont \u00e9t\u00e9 recr\u00e9\u00e9s \u00e0 l&#8217;aide de diverses techniques manuelles qui donnent des couleurs, des textures et des reliefs si r\u00e9els que nous avons l&#8217;impression d&#8217;\u00eatre au milieu de la for\u00eat tropicale.<\/p>\n<p>&#8220;Pour reproduire des caract\u00e9ristiques telles que les graines et la texture, le fruit a \u00e9t\u00e9 utilis\u00e9 \u00e0 diff\u00e9rentes \u00e9tapes du processus. Les textures, par exemple, ont \u00e9t\u00e9 reproduites \u00e0 partir du fruit apr\u00e8s s\u00e9chage, qui a \u00e9t\u00e9 utilis\u00e9 pour mouler l&#8217;argile. Divers outils traditionnels et techniques ancestrales ont \u00e9t\u00e9 utilis\u00e9s dans ce processus. L&#8217;ensemble du processus a \u00e9t\u00e9 tr\u00e8s exigeant et a pris beaucoup de temps, pour aboutir \u00e0 une ligne esth\u00e9tique et technique tr\u00e8s riche et \u00e9clectique, o\u00f9 les op\u00e9rations manuelles ressortent clairement&#8221;, explique le designer coordonnateur de Bordallo Pinheiro, Francisco Vieira Martins, \u00e0 propos du processus cr\u00e9atif et des \u00e9tapes complexes de la production.<\/p>\n<p>L&#8217;assiette Papaya convient pour servir des fruits et des amuse-gueules sucr\u00e9s ou sal\u00e9s. Peint \u00e0 la main, il surprend par ses d\u00e9tails et le relief de la c\u00e9ramique qui lui donne un aspect r\u00e9aliste. Que ce soit pour un \u00e9v\u00e9nement festif ou un d\u00eener en famille, le plat de service Tropical Fruit Papaya compl\u00e8te parfaitement un d\u00e9cor de table impressionnant.<\/p>\n<p><strong>Mat\u00e9riau :<\/strong> terre cuite<\/p>\n","protected":false},"excerpt":{"rendered":"<p>La collection Tropical Fruit est un hymne \u00e0 l&#8217;exub\u00e9rance et aux d\u00e9tails de la nature dans son \u00e9tat le plus<\/p>\n","protected":false},"featured_media":180668,"template":"","meta":{"_acf_changed":false,"inline_featured_image":false},"product_cat":[12792,12782],"product_tag":[25036,23910,18328,25021,20614,13499,24603],"acf":[],"yoast_head":"<!-- This site is optimized with the Yoast SEO Premium plugin v18.6 (Yoast SEO v19.13) - https:\/\/yoast.com\/wordpress\/plugins\/seo\/ -->\n<title>BORDALLO PINHEIRO Plateau Papaye 35 cm<\/title>\n<meta name=\"description\" content=\"D\u00e9couvrez BORDALLO PINHEIRO Plateau Papaye 35 cm sur ErresseShop. Qualit\u00e9, prix r\u00e9duits et achat s\u00e9curis\u00e9 \u2013 commandez d\u00e8s maintenant en ligne !\" \/>\n<meta name=\"robots\" content=\"index, follow, max-snippet:-1, max-image-preview:large, max-video-preview:-1\" \/>\n<link rel=\"canonical\" href=\"https:\/\/www.erresse-shop.it\/fr\/shop\/table-fr-2\/plateaux\/bordallo-pinheiro-plateau-papaye-35-cm\/\" \/>\n<meta property=\"og:locale\" content=\"fr_FR\" \/>\n<meta property=\"og:type\" content=\"article\" \/>\n<meta property=\"og:title\" content=\"BORDALLO PINHEIRO Plateau Papaye 35 cm\" \/>\n<meta property=\"og:description\" content=\"D\u00e9couvrez BORDALLO PINHEIRO Plateau Papaye 35 cm sur ErresseShop. Qualit\u00e9, prix r\u00e9duits et achat s\u00e9curis\u00e9 \u2013 commandez d\u00e8s maintenant en ligne !\" \/>\n<meta property=\"og:url\" content=\"https:\/\/www.erresse-shop.it\/fr\/shop\/table-fr-2\/plateaux\/bordallo-pinheiro-plateau-papaye-35-cm\/\" \/>\n<meta property=\"og:site_name\" content=\"Erresse Shop\" \/>\n<meta property=\"article:modified_time\" content=\"2025-01-14T17:30:37+00:00\" \/>\n<meta property=\"og:image\" content=\"https:\/\/www.erresse-shop.it\/wp-content\/uploads\/2022\/09\/BORDALLO-PINHEIRO-Vassoio-Papaya.jpg\" \/>\n\t<meta property=\"og:image:width\" content=\"800\" \/>\n\t<meta property=\"og:image:height\" content=\"800\" \/>\n\t<meta property=\"og:image:type\" content=\"image\/jpeg\" \/>\n<meta name=\"twitter:card\" content=\"summary_large_image\" \/>\n<script type=\"application\/ld+json\" class=\"yoast-schema-graph\">{\"@context\":\"https:\/\/schema.org\",\"@graph\":[{\"@type\":\"WebPage\",\"@id\":\"https:\/\/www.erresse-shop.it\/fr\/shop\/table-fr-2\/plateaux\/bordallo-pinheiro-plateau-papaye-35-cm\/\",\"url\":\"https:\/\/www.erresse-shop.it\/fr\/shop\/table-fr-2\/plateaux\/bordallo-pinheiro-plateau-papaye-35-cm\/\",\"name\":\"BORDALLO PINHEIRO Plateau Papaye 35 cm\",\"isPartOf\":{\"@id\":\"https:\/\/www.erresse-shop.it\/fr\/#website\"},\"datePublished\":\"2022-09-14T10:30:55+00:00\",\"dateModified\":\"2025-01-14T17:30:37+00:00\",\"description\":\"D\u00e9couvrez BORDALLO PINHEIRO Plateau Papaye 35 cm sur ErresseShop. Qualit\u00e9, prix r\u00e9duits et achat s\u00e9curis\u00e9 \u2013 commandez d\u00e8s maintenant en ligne !\",\"breadcrumb\":{\"@id\":\"https:\/\/www.erresse-shop.it\/fr\/shop\/table-fr-2\/plateaux\/bordallo-pinheiro-plateau-papaye-35-cm\/#breadcrumb\"},\"inLanguage\":\"fr-FR\",\"potentialAction\":[{\"@type\":\"ReadAction\",\"target\":[\"https:\/\/www.erresse-shop.it\/fr\/shop\/table-fr-2\/plateaux\/bordallo-pinheiro-plateau-papaye-35-cm\/\"]}]},{\"@type\":\"BreadcrumbList\",\"@id\":\"https:\/\/www.erresse-shop.it\/fr\/shop\/table-fr-2\/plateaux\/bordallo-pinheiro-plateau-papaye-35-cm\/#breadcrumb\",\"itemListElement\":[{\"@type\":\"ListItem\",\"position\":1,\"name\":\"Home\",\"item\":\"https:\/\/www.erresse-shop.it\/fr\/\"},{\"@type\":\"ListItem\",\"position\":2,\"name\":\"Shop\",\"item\":\"https:\/\/www.erresse-shop.it\/fr\/shop\/\"},{\"@type\":\"ListItem\",\"position\":3,\"name\":\"BORDALLO PINHEIRO Plateau Papaye 35 cm\"}]},{\"@type\":\"WebSite\",\"@id\":\"https:\/\/www.erresse-shop.it\/fr\/#website\",\"url\":\"https:\/\/www.erresse-shop.it\/fr\/\",\"name\":\"Erresse Shop\",\"description\":\"Articoli di qualit\u00e0 per la casa\",\"potentialAction\":[{\"@type\":\"SearchAction\",\"target\":{\"@type\":\"EntryPoint\",\"urlTemplate\":\"https:\/\/www.erresse-shop.it\/fr\/?s={search_term_string}\"},\"query-input\":\"required name=search_term_string\"}],\"inLanguage\":\"fr-FR\"}]}<\/script>\n<!-- \/ Yoast SEO Premium plugin. -->","yoast_head_json":{"title":"BORDALLO PINHEIRO Plateau Papaye 35 cm","description":"D\u00e9couvrez BORDALLO PINHEIRO Plateau Papaye 35 cm sur ErresseShop. Qualit\u00e9, prix r\u00e9duits et achat s\u00e9curis\u00e9 \u2013 commandez d\u00e8s maintenant en ligne !","robots":{"index":"index","follow":"follow","max-snippet":"max-snippet:-1","max-image-preview":"max-image-preview:large","max-video-preview":"max-video-preview:-1"},"canonical":"https:\/\/www.erresse-shop.it\/fr\/shop\/table-fr-2\/plateaux\/bordallo-pinheiro-plateau-papaye-35-cm\/","og_locale":"fr_FR","og_type":"article","og_title":"BORDALLO PINHEIRO Plateau Papaye 35 cm","og_description":"D\u00e9couvrez BORDALLO PINHEIRO Plateau Papaye 35 cm sur ErresseShop. Qualit\u00e9, prix r\u00e9duits et achat s\u00e9curis\u00e9 \u2013 commandez d\u00e8s maintenant en ligne !","og_url":"https:\/\/www.erresse-shop.it\/fr\/shop\/table-fr-2\/plateaux\/bordallo-pinheiro-plateau-papaye-35-cm\/","og_site_name":"Erresse Shop","article_modified_time":"2025-01-14T17:30:37+00:00","og_image":[{"width":800,"height":800,"url":"https:\/\/www.erresse-shop.it\/wp-content\/uploads\/2022\/09\/BORDALLO-PINHEIRO-Vassoio-Papaya.jpg","type":"image\/jpeg"}],"twitter_card":"summary_large_image","schema":{"@context":"https:\/\/schema.org","@graph":[{"@type":"WebPage","@id":"https:\/\/www.erresse-shop.it\/fr\/shop\/table-fr-2\/plateaux\/bordallo-pinheiro-plateau-papaye-35-cm\/","url":"https:\/\/www.erresse-shop.it\/fr\/shop\/table-fr-2\/plateaux\/bordallo-pinheiro-plateau-papaye-35-cm\/","name":"BORDALLO PINHEIRO Plateau Papaye 35 cm","isPartOf":{"@id":"https:\/\/www.erresse-shop.it\/fr\/#website"},"datePublished":"2022-09-14T10:30:55+00:00","dateModified":"2025-01-14T17:30:37+00:00","description":"D\u00e9couvrez BORDALLO PINHEIRO Plateau Papaye 35 cm sur ErresseShop. Qualit\u00e9, prix r\u00e9duits et achat s\u00e9curis\u00e9 \u2013 commandez d\u00e8s maintenant en ligne !","breadcrumb":{"@id":"https:\/\/www.erresse-shop.it\/fr\/shop\/table-fr-2\/plateaux\/bordallo-pinheiro-plateau-papaye-35-cm\/#breadcrumb"},"inLanguage":"fr-FR","potentialAction":[{"@type":"ReadAction","target":["https:\/\/www.erresse-shop.it\/fr\/shop\/table-fr-2\/plateaux\/bordallo-pinheiro-plateau-papaye-35-cm\/"]}]},{"@type":"BreadcrumbList","@id":"https:\/\/www.erresse-shop.it\/fr\/shop\/table-fr-2\/plateaux\/bordallo-pinheiro-plateau-papaye-35-cm\/#breadcrumb","itemListElement":[{"@type":"ListItem","position":1,"name":"Home","item":"https:\/\/www.erresse-shop.it\/fr\/"},{"@type":"ListItem","position":2,"name":"Shop","item":"https:\/\/www.erresse-shop.it\/fr\/shop\/"},{"@type":"ListItem","position":3,"name":"BORDALLO PINHEIRO Plateau Papaye 35 cm"}]},{"@type":"WebSite","@id":"https:\/\/www.erresse-shop.it\/fr\/#website","url":"https:\/\/www.erresse-shop.it\/fr\/","name":"Erresse Shop","description":"Articoli di qualit\u00e0 per la casa","potentialAction":[{"@type":"SearchAction","target":{"@type":"EntryPoint","urlTemplate":"https:\/\/www.erresse-shop.it\/fr\/?s={search_term_string}"},"query-input":"required name=search_term_string"}],"inLanguage":"fr-FR"}]}},"df_price":36.9,"df_sale_price":36.9,"df_regular_price":82,"df_image_link":"https:\/\/www.erresse-shop.it\/wp-content\/uploads\/2022\/09\/BORDALLO-PINHEIRO-Vassoio-Papaya-300x300.jpg","_links":{"self":[{"href":"https:\/\/www.erresse-shop.it\/fr\/wp-json\/wp\/v2\/product\/180817"}],"collection":[{"href":"https:\/\/www.erresse-shop.it\/fr\/wp-json\/wp\/v2\/product"}],"about":[{"href":"https:\/\/www.erresse-shop.it\/fr\/wp-json\/wp\/v2\/types\/product"}],"wp:featuredmedia":[{"embeddable":true,"href":"https:\/\/www.erresse-shop.it\/fr\/wp-json\/wp\/v2\/media\/180668"}],"wp:attachment":[{"href":"https:\/\/www.erresse-shop.it\/fr\/wp-json\/wp\/v2\/media?parent=180817"}],"wp:term":[{"taxonomy":"product_cat","embeddable":true,"href":"https:\/\/www.erresse-shop.it\/fr\/wp-json\/wp\/v2\/product_cat?post=180817"},{"taxonomy":"product_tag","embeddable":true,"href":"https:\/\/www.erresse-shop.it\/fr\/wp-json\/wp\/v2\/product_tag?post=180817"}],"curies":[{"name":"wp","href":"https:\/\/api.w.org\/{rel}","templated":true}]}}