{"id":180787,"date":"2022-09-14T09:45:22","date_gmt":"2022-09-14T09:45:23","guid":{"rendered":"https:\/\/www.erresse-shop.it\/?post_type=product&#038;p=180787"},"modified":"2025-06-30T08:38:20","modified_gmt":"2025-06-30T08:38:20","slug":"bordallo-pinheiro-corbeille-a-fruits-amazonia-37-cm","status":"publish","type":"product","link":"https:\/\/www.erresse-shop.it\/fr\/shop\/table-fr-2\/recipients-et-bols\/bordallo-pinheiro-corbeille-a-fruits-amazonia-37-cm\/","title":{"rendered":"BORDALLO PINHEIRO Corbeille \u00e0 Fruits Amazonia 37 cm"},"content":{"rendered":"<p>Cette collection est le fruit d&#8217;une collaboration entre Bordallo Pinheiro et l&#8217;ONG br\u00e9silienne Ecoarts Amaz\u00f4nia pour la conservation d&#8217;un patrimoine environnemental, culturel, social et scientifique crucial pour l&#8217;avenir de l&#8217;humanit\u00e9. Chaque pi\u00e8ce a \u00e9t\u00e9 inspir\u00e9e par la richesse de la flore locale et n&#8217;a \u00e9t\u00e9 possible que gr\u00e2ce \u00e0 un intense partage de connaissances avec ceux qui vivent au quotidien dans cette mosa\u00efque vibrante d&#8217;\u00e9cosyst\u00e8mes, de traditions, de couleurs, de sons et d&#8217;odeurs qu&#8217;est la for\u00eat amazonienne. Une partie des recettes de la collecte sera consacr\u00e9e \u00e0 la reforestation de la r\u00e9gion amazonienne du Mato Grosso, en plantant des arbres fruitiers indig\u00e8nes dans les villes, les zones rurales et les villages indig\u00e8nes de la r\u00e9gion o\u00f9 op\u00e8re Ecoarts Amaz\u00f4nia.<\/p>\n<p>La collection a \u00e9t\u00e9 r\u00e9compens\u00e9e par un prix europ\u00e9en de design de produit &#8211; laur\u00e9at du prix d&#8217;or et par un prix allemand de design 2020.<\/p>\n<p><strong>Mat\u00e9riau :<\/strong> terre cuite<\/p>\n","protected":false},"excerpt":{"rendered":"<p>Cette collection est le fruit d&#8217;une collaboration entre Bordallo Pinheiro et l&#8217;ONG br\u00e9silienne Ecoarts Amaz\u00f4nia pour la conservation d&#8217;un patrimoine<\/p>\n","protected":false},"featured_media":463375,"template":"","meta":{"_acf_changed":false,"inline_featured_image":false},"product_cat":[14244,12782],"product_tag":[25036,18333,23910,18328,25021,24603,13040],"acf":[],"yoast_head":"<!-- This site is optimized with the Yoast SEO Premium plugin v18.6 (Yoast SEO v19.13) - https:\/\/yoast.com\/wordpress\/plugins\/seo\/ -->\n<title>BORDALLO PINHEIRO Corbeille \u00e0 Fruits Amazonia 37 cm<\/title>\n<meta name=\"description\" content=\"D\u00e9couvrez BORDALLO PINHEIRO Corbeille \u00e0 Fruits Amazonia 37 cm sur ErresseShop. Qualit\u00e9, prix r\u00e9duits et achat s\u00e9curis\u00e9 \u2013 commandez d\u00e8s maintenant en ligne !\" \/>\n<meta name=\"robots\" content=\"index, follow, max-snippet:-1, max-image-preview:large, max-video-preview:-1\" \/>\n<link rel=\"canonical\" href=\"https:\/\/www.erresse-shop.it\/fr\/shop\/table-fr-2\/recipients-et-bols\/bordallo-pinheiro-corbeille-a-fruits-amazonia-37-cm\/\" \/>\n<meta property=\"og:locale\" content=\"fr_FR\" \/>\n<meta property=\"og:type\" content=\"article\" \/>\n<meta property=\"og:title\" content=\"BORDALLO PINHEIRO Corbeille \u00e0 Fruits Amazonia 37 cm\" \/>\n<meta property=\"og:description\" content=\"D\u00e9couvrez BORDALLO PINHEIRO Corbeille \u00e0 Fruits Amazonia 37 cm sur ErresseShop. Qualit\u00e9, prix r\u00e9duits et achat s\u00e9curis\u00e9 \u2013 commandez d\u00e8s maintenant en ligne !\" \/>\n<meta property=\"og:url\" content=\"https:\/\/www.erresse-shop.it\/fr\/shop\/table-fr-2\/recipients-et-bols\/bordallo-pinheiro-corbeille-a-fruits-amazonia-37-cm\/\" \/>\n<meta property=\"og:site_name\" content=\"Erresse Shop\" \/>\n<meta property=\"article:modified_time\" content=\"2025-06-30T08:38:20+00:00\" \/>\n<meta property=\"og:image\" content=\"https:\/\/www.erresse-shop.it\/wp-content\/uploads\/2022\/09\/BORDALLO-PINHEIRO-Fruttiera-Amazzonia-37-cm.png\" \/>\n\t<meta property=\"og:image:width\" content=\"800\" \/>\n\t<meta property=\"og:image:height\" content=\"800\" \/>\n\t<meta property=\"og:image:type\" content=\"image\/png\" \/>\n<meta name=\"twitter:card\" content=\"summary_large_image\" \/>\n<script type=\"application\/ld+json\" class=\"yoast-schema-graph\">{\"@context\":\"https:\/\/schema.org\",\"@graph\":[{\"@type\":\"WebPage\",\"@id\":\"https:\/\/www.erresse-shop.it\/fr\/shop\/table-fr-2\/recipients-et-bols\/bordallo-pinheiro-corbeille-a-fruits-amazonia-37-cm\/\",\"url\":\"https:\/\/www.erresse-shop.it\/fr\/shop\/table-fr-2\/recipients-et-bols\/bordallo-pinheiro-corbeille-a-fruits-amazonia-37-cm\/\",\"name\":\"BORDALLO PINHEIRO Corbeille \u00e0 Fruits Amazonia 37 cm\",\"isPartOf\":{\"@id\":\"https:\/\/www.erresse-shop.it\/fr\/#website\"},\"datePublished\":\"2022-09-14T09:45:23+00:00\",\"dateModified\":\"2025-06-30T08:38:20+00:00\",\"description\":\"D\u00e9couvrez BORDALLO PINHEIRO Corbeille \u00e0 Fruits Amazonia 37 cm sur ErresseShop. Qualit\u00e9, prix r\u00e9duits et achat s\u00e9curis\u00e9 \u2013 commandez d\u00e8s maintenant en ligne !\",\"breadcrumb\":{\"@id\":\"https:\/\/www.erresse-shop.it\/fr\/shop\/table-fr-2\/recipients-et-bols\/bordallo-pinheiro-corbeille-a-fruits-amazonia-37-cm\/#breadcrumb\"},\"inLanguage\":\"fr-FR\",\"potentialAction\":[{\"@type\":\"ReadAction\",\"target\":[\"https:\/\/www.erresse-shop.it\/fr\/shop\/table-fr-2\/recipients-et-bols\/bordallo-pinheiro-corbeille-a-fruits-amazonia-37-cm\/\"]}]},{\"@type\":\"BreadcrumbList\",\"@id\":\"https:\/\/www.erresse-shop.it\/fr\/shop\/table-fr-2\/recipients-et-bols\/bordallo-pinheiro-corbeille-a-fruits-amazonia-37-cm\/#breadcrumb\",\"itemListElement\":[{\"@type\":\"ListItem\",\"position\":1,\"name\":\"Home\",\"item\":\"https:\/\/www.erresse-shop.it\/fr\/\"},{\"@type\":\"ListItem\",\"position\":2,\"name\":\"Shop\",\"item\":\"https:\/\/www.erresse-shop.it\/fr\/shop\/\"},{\"@type\":\"ListItem\",\"position\":3,\"name\":\"BORDALLO PINHEIRO Corbeille \u00e0 Fruits Amazonia 37 cm\"}]},{\"@type\":\"WebSite\",\"@id\":\"https:\/\/www.erresse-shop.it\/fr\/#website\",\"url\":\"https:\/\/www.erresse-shop.it\/fr\/\",\"name\":\"Erresse Shop\",\"description\":\"Articoli di qualit\u00e0 per la casa\",\"potentialAction\":[{\"@type\":\"SearchAction\",\"target\":{\"@type\":\"EntryPoint\",\"urlTemplate\":\"https:\/\/www.erresse-shop.it\/fr\/?s={search_term_string}\"},\"query-input\":\"required name=search_term_string\"}],\"inLanguage\":\"fr-FR\"}]}<\/script>\n<!-- \/ Yoast SEO Premium plugin. -->","yoast_head_json":{"title":"BORDALLO PINHEIRO Corbeille \u00e0 Fruits Amazonia 37 cm","description":"D\u00e9couvrez BORDALLO PINHEIRO Corbeille \u00e0 Fruits Amazonia 37 cm sur ErresseShop. Qualit\u00e9, prix r\u00e9duits et achat s\u00e9curis\u00e9 \u2013 commandez d\u00e8s maintenant en ligne !","robots":{"index":"index","follow":"follow","max-snippet":"max-snippet:-1","max-image-preview":"max-image-preview:large","max-video-preview":"max-video-preview:-1"},"canonical":"https:\/\/www.erresse-shop.it\/fr\/shop\/table-fr-2\/recipients-et-bols\/bordallo-pinheiro-corbeille-a-fruits-amazonia-37-cm\/","og_locale":"fr_FR","og_type":"article","og_title":"BORDALLO PINHEIRO Corbeille \u00e0 Fruits Amazonia 37 cm","og_description":"D\u00e9couvrez BORDALLO PINHEIRO Corbeille \u00e0 Fruits Amazonia 37 cm sur ErresseShop. Qualit\u00e9, prix r\u00e9duits et achat s\u00e9curis\u00e9 \u2013 commandez d\u00e8s maintenant en ligne !","og_url":"https:\/\/www.erresse-shop.it\/fr\/shop\/table-fr-2\/recipients-et-bols\/bordallo-pinheiro-corbeille-a-fruits-amazonia-37-cm\/","og_site_name":"Erresse Shop","article_modified_time":"2025-06-30T08:38:20+00:00","og_image":[{"width":800,"height":800,"url":"https:\/\/www.erresse-shop.it\/wp-content\/uploads\/2022\/09\/BORDALLO-PINHEIRO-Fruttiera-Amazzonia-37-cm.png","type":"image\/png"}],"twitter_card":"summary_large_image","schema":{"@context":"https:\/\/schema.org","@graph":[{"@type":"WebPage","@id":"https:\/\/www.erresse-shop.it\/fr\/shop\/table-fr-2\/recipients-et-bols\/bordallo-pinheiro-corbeille-a-fruits-amazonia-37-cm\/","url":"https:\/\/www.erresse-shop.it\/fr\/shop\/table-fr-2\/recipients-et-bols\/bordallo-pinheiro-corbeille-a-fruits-amazonia-37-cm\/","name":"BORDALLO PINHEIRO Corbeille \u00e0 Fruits Amazonia 37 cm","isPartOf":{"@id":"https:\/\/www.erresse-shop.it\/fr\/#website"},"datePublished":"2022-09-14T09:45:23+00:00","dateModified":"2025-06-30T08:38:20+00:00","description":"D\u00e9couvrez BORDALLO PINHEIRO Corbeille \u00e0 Fruits Amazonia 37 cm sur ErresseShop. Qualit\u00e9, prix r\u00e9duits et achat s\u00e9curis\u00e9 \u2013 commandez d\u00e8s maintenant en ligne !","breadcrumb":{"@id":"https:\/\/www.erresse-shop.it\/fr\/shop\/table-fr-2\/recipients-et-bols\/bordallo-pinheiro-corbeille-a-fruits-amazonia-37-cm\/#breadcrumb"},"inLanguage":"fr-FR","potentialAction":[{"@type":"ReadAction","target":["https:\/\/www.erresse-shop.it\/fr\/shop\/table-fr-2\/recipients-et-bols\/bordallo-pinheiro-corbeille-a-fruits-amazonia-37-cm\/"]}]},{"@type":"BreadcrumbList","@id":"https:\/\/www.erresse-shop.it\/fr\/shop\/table-fr-2\/recipients-et-bols\/bordallo-pinheiro-corbeille-a-fruits-amazonia-37-cm\/#breadcrumb","itemListElement":[{"@type":"ListItem","position":1,"name":"Home","item":"https:\/\/www.erresse-shop.it\/fr\/"},{"@type":"ListItem","position":2,"name":"Shop","item":"https:\/\/www.erresse-shop.it\/fr\/shop\/"},{"@type":"ListItem","position":3,"name":"BORDALLO PINHEIRO Corbeille \u00e0 Fruits Amazonia 37 cm"}]},{"@type":"WebSite","@id":"https:\/\/www.erresse-shop.it\/fr\/#website","url":"https:\/\/www.erresse-shop.it\/fr\/","name":"Erresse Shop","description":"Articoli di qualit\u00e0 per la casa","potentialAction":[{"@type":"SearchAction","target":{"@type":"EntryPoint","urlTemplate":"https:\/\/www.erresse-shop.it\/fr\/?s={search_term_string}"},"query-input":"required name=search_term_string"}],"inLanguage":"fr-FR"}]}},"df_price":86.95,"df_sale_price":86.95,"df_regular_price":119,"df_image_link":"https:\/\/www.erresse-shop.it\/wp-content\/uploads\/2022\/09\/BORDALLO-PINHEIRO-Fruttiera-Amazzonia-37-cm-300x300.jpg","_links":{"self":[{"href":"https:\/\/www.erresse-shop.it\/fr\/wp-json\/wp\/v2\/product\/180787"}],"collection":[{"href":"https:\/\/www.erresse-shop.it\/fr\/wp-json\/wp\/v2\/product"}],"about":[{"href":"https:\/\/www.erresse-shop.it\/fr\/wp-json\/wp\/v2\/types\/product"}],"wp:featuredmedia":[{"embeddable":true,"href":"https:\/\/www.erresse-shop.it\/fr\/wp-json\/wp\/v2\/media\/463375"}],"wp:attachment":[{"href":"https:\/\/www.erresse-shop.it\/fr\/wp-json\/wp\/v2\/media?parent=180787"}],"wp:term":[{"taxonomy":"product_cat","embeddable":true,"href":"https:\/\/www.erresse-shop.it\/fr\/wp-json\/wp\/v2\/product_cat?post=180787"},{"taxonomy":"product_tag","embeddable":true,"href":"https:\/\/www.erresse-shop.it\/fr\/wp-json\/wp\/v2\/product_tag?post=180787"}],"curies":[{"name":"wp","href":"https:\/\/api.w.org\/{rel}","templated":true}]}}