{"id":178829,"date":"2022-09-12T09:55:03","date_gmt":"2022-09-12T09:55:05","guid":{"rendered":"https:\/\/www.erresse-shop.it\/?post_type=product&#038;p=178829"},"modified":"2024-11-11T15:47:18","modified_gmt":"2024-11-11T15:47:18","slug":"villeroy-boch-set-6-assiettes-plates-toys-delight-29-cm","status":"publish","type":"product","link":"https:\/\/www.erresse-shop.it\/fr\/shop\/table-fr-2\/plats\/villeroy-boch-set-6-assiettes-plates-toys-delight-29-cm\/","title":{"rendered":"VILLEROY &#038; BOCH Set 6 Assiettes Plates Toy&#8217;s Delight 29 cm"},"content":{"rendered":"<p><strong><span style=\"text-decoration: underline;\">NE VA PAS AU LAVE-VAISSELLE<\/span><br \/>\nMat\u00e9riau :<\/strong> Porcelaine Premium<br \/>\n<strong>Convient au micro-ondes :<\/strong> Oui<\/p>\n<p><strong>ASSIETTE POUR LA TABLE DE NO\u00cbL<\/strong><br \/>\nAvec la collection Toy&#8217;s Delight, vous apporterez une atmosph\u00e8re de No\u00ebl nostalgique dans votre maison. La porcelaine est d\u00e9cor\u00e9e de jolis motifs rouges, verts et blancs et \u00e9voque des souvenirs d&#8217;enfance. Pour correspondre, collecter et offrir en cadeau. Cette charmante assiette rouge attirera tous les regards sur votre table de No\u00ebl. Impressionnez vos invit\u00e9s avec la porcelaine de No\u00ebl.<\/p>\n","protected":false},"excerpt":{"rendered":"<p>NE VA PAS AU LAVE-VAISSELLE Mat\u00e9riau : Porcelaine Premium Convient au micro-ondes : Oui ASSIETTE POUR LA TABLE DE NO\u00cbL<\/p>\n","protected":false},"featured_media":201672,"template":"","meta":{"_acf_changed":false,"inline_featured_image":false},"product_cat":[12788,12782],"product_tag":[23910,20499],"acf":[],"yoast_head":"<!-- This site is optimized with the Yoast SEO Premium plugin v18.6 (Yoast SEO v19.13) - https:\/\/yoast.com\/wordpress\/plugins\/seo\/ -->\n<title>VILLEROY &amp; BOCH Set 6 Assiettes Plates Toy&#039;s Delight 29 cm - Erresse Shop<\/title>\n<meta name=\"description\" content=\"NE VA PAS AU LAVE-VAISSELLE Mat\u00e9riau : Porcelaine Premium Convient au micro-ondes : Oui ASSIETTE POUR LA TABLE DE NO\u00cbL Avec la collection Toy&#039;s Delight,\" \/>\n<meta name=\"robots\" content=\"index, follow, max-snippet:-1, max-image-preview:large, max-video-preview:-1\" \/>\n<link rel=\"canonical\" href=\"https:\/\/www.erresse-shop.it\/fr\/shop\/table-fr-2\/plats\/villeroy-boch-set-6-assiettes-plates-toys-delight-29-cm\/\" \/>\n<meta property=\"og:locale\" content=\"fr_FR\" \/>\n<meta property=\"og:type\" content=\"article\" \/>\n<meta property=\"og:title\" content=\"VILLEROY &amp; BOCH Set 6 Assiettes Plates Toy&#039;s Delight 29 cm\" \/>\n<meta property=\"og:description\" content=\"NE VA PAS AU LAVE-VAISSELLE Mat\u00e9riau : Porcelaine Premium Convient au micro-ondes : Oui ASSIETTE POUR LA TABLE DE NO\u00cbL Avec la collection Toy&#039;s Delight,\" \/>\n<meta property=\"og:url\" content=\"https:\/\/www.erresse-shop.it\/fr\/shop\/table-fr-2\/plats\/villeroy-boch-set-6-assiettes-plates-toys-delight-29-cm\/\" \/>\n<meta property=\"og:site_name\" content=\"Erresse Shop\" \/>\n<meta property=\"article:modified_time\" content=\"2024-11-11T15:47:18+00:00\" \/>\n<meta property=\"og:image\" content=\"https:\/\/www.erresse-shop.it\/wp-content\/uploads\/2022\/09\/Villeroy-boch-piatto-piano-set-6-pezzi.jpg\" \/>\n\t<meta property=\"og:image:width\" content=\"800\" \/>\n\t<meta property=\"og:image:height\" content=\"800\" \/>\n\t<meta property=\"og:image:type\" content=\"image\/jpeg\" \/>\n<meta name=\"twitter:card\" content=\"summary_large_image\" \/>\n<script type=\"application\/ld+json\" class=\"yoast-schema-graph\">{\"@context\":\"https:\/\/schema.org\",\"@graph\":[{\"@type\":\"WebPage\",\"@id\":\"https:\/\/www.erresse-shop.it\/fr\/shop\/table-fr-2\/plats\/villeroy-boch-set-6-assiettes-plates-toys-delight-29-cm\/\",\"url\":\"https:\/\/www.erresse-shop.it\/fr\/shop\/table-fr-2\/plats\/villeroy-boch-set-6-assiettes-plates-toys-delight-29-cm\/\",\"name\":\"VILLEROY & BOCH Set 6 Assiettes Plates Toy's Delight 29 cm - Erresse Shop\",\"isPartOf\":{\"@id\":\"https:\/\/www.erresse-shop.it\/fr\/#website\"},\"datePublished\":\"2022-09-12T09:55:05+00:00\",\"dateModified\":\"2024-11-11T15:47:18+00:00\",\"description\":\"NE VA PAS AU LAVE-VAISSELLE Mat\u00e9riau : Porcelaine Premium Convient au micro-ondes : Oui ASSIETTE POUR LA TABLE DE NO\u00cbL Avec la collection Toy's Delight,\",\"breadcrumb\":{\"@id\":\"https:\/\/www.erresse-shop.it\/fr\/shop\/table-fr-2\/plats\/villeroy-boch-set-6-assiettes-plates-toys-delight-29-cm\/#breadcrumb\"},\"inLanguage\":\"fr-FR\",\"potentialAction\":[{\"@type\":\"ReadAction\",\"target\":[\"https:\/\/www.erresse-shop.it\/fr\/shop\/table-fr-2\/plats\/villeroy-boch-set-6-assiettes-plates-toys-delight-29-cm\/\"]}]},{\"@type\":\"BreadcrumbList\",\"@id\":\"https:\/\/www.erresse-shop.it\/fr\/shop\/table-fr-2\/plats\/villeroy-boch-set-6-assiettes-plates-toys-delight-29-cm\/#breadcrumb\",\"itemListElement\":[{\"@type\":\"ListItem\",\"position\":1,\"name\":\"Home\",\"item\":\"https:\/\/www.erresse-shop.it\/fr\/\"},{\"@type\":\"ListItem\",\"position\":2,\"name\":\"Shop\",\"item\":\"https:\/\/www.erresse-shop.it\/fr\/shop\/\"},{\"@type\":\"ListItem\",\"position\":3,\"name\":\"VILLEROY &#038; BOCH Set 6 Assiettes Plates Toy&#8217;s Delight 29 cm\"}]},{\"@type\":\"WebSite\",\"@id\":\"https:\/\/www.erresse-shop.it\/fr\/#website\",\"url\":\"https:\/\/www.erresse-shop.it\/fr\/\",\"name\":\"Erresse Shop\",\"description\":\"Articoli di qualit\u00e0 per la casa\",\"potentialAction\":[{\"@type\":\"SearchAction\",\"target\":{\"@type\":\"EntryPoint\",\"urlTemplate\":\"https:\/\/www.erresse-shop.it\/fr\/?s={search_term_string}\"},\"query-input\":\"required name=search_term_string\"}],\"inLanguage\":\"fr-FR\"}]}<\/script>\n<!-- \/ Yoast SEO Premium plugin. -->","yoast_head_json":{"title":"VILLEROY & BOCH Set 6 Assiettes Plates Toy's Delight 29 cm - Erresse Shop","description":"NE VA PAS AU LAVE-VAISSELLE Mat\u00e9riau : Porcelaine Premium Convient au micro-ondes : Oui ASSIETTE POUR LA TABLE DE NO\u00cbL Avec la collection Toy's Delight,","robots":{"index":"index","follow":"follow","max-snippet":"max-snippet:-1","max-image-preview":"max-image-preview:large","max-video-preview":"max-video-preview:-1"},"canonical":"https:\/\/www.erresse-shop.it\/fr\/shop\/table-fr-2\/plats\/villeroy-boch-set-6-assiettes-plates-toys-delight-29-cm\/","og_locale":"fr_FR","og_type":"article","og_title":"VILLEROY & BOCH Set 6 Assiettes Plates Toy's Delight 29 cm","og_description":"NE VA PAS AU LAVE-VAISSELLE Mat\u00e9riau : Porcelaine Premium Convient au micro-ondes : Oui ASSIETTE POUR LA TABLE DE NO\u00cbL Avec la collection Toy's Delight,","og_url":"https:\/\/www.erresse-shop.it\/fr\/shop\/table-fr-2\/plats\/villeroy-boch-set-6-assiettes-plates-toys-delight-29-cm\/","og_site_name":"Erresse Shop","article_modified_time":"2024-11-11T15:47:18+00:00","og_image":[{"width":800,"height":800,"url":"https:\/\/www.erresse-shop.it\/wp-content\/uploads\/2022\/09\/Villeroy-boch-piatto-piano-set-6-pezzi.jpg","type":"image\/jpeg"}],"twitter_card":"summary_large_image","schema":{"@context":"https:\/\/schema.org","@graph":[{"@type":"WebPage","@id":"https:\/\/www.erresse-shop.it\/fr\/shop\/table-fr-2\/plats\/villeroy-boch-set-6-assiettes-plates-toys-delight-29-cm\/","url":"https:\/\/www.erresse-shop.it\/fr\/shop\/table-fr-2\/plats\/villeroy-boch-set-6-assiettes-plates-toys-delight-29-cm\/","name":"VILLEROY & BOCH Set 6 Assiettes Plates Toy's Delight 29 cm - Erresse Shop","isPartOf":{"@id":"https:\/\/www.erresse-shop.it\/fr\/#website"},"datePublished":"2022-09-12T09:55:05+00:00","dateModified":"2024-11-11T15:47:18+00:00","description":"NE VA PAS AU LAVE-VAISSELLE Mat\u00e9riau : Porcelaine Premium Convient au micro-ondes : Oui ASSIETTE POUR LA TABLE DE NO\u00cbL Avec la collection Toy's Delight,","breadcrumb":{"@id":"https:\/\/www.erresse-shop.it\/fr\/shop\/table-fr-2\/plats\/villeroy-boch-set-6-assiettes-plates-toys-delight-29-cm\/#breadcrumb"},"inLanguage":"fr-FR","potentialAction":[{"@type":"ReadAction","target":["https:\/\/www.erresse-shop.it\/fr\/shop\/table-fr-2\/plats\/villeroy-boch-set-6-assiettes-plates-toys-delight-29-cm\/"]}]},{"@type":"BreadcrumbList","@id":"https:\/\/www.erresse-shop.it\/fr\/shop\/table-fr-2\/plats\/villeroy-boch-set-6-assiettes-plates-toys-delight-29-cm\/#breadcrumb","itemListElement":[{"@type":"ListItem","position":1,"name":"Home","item":"https:\/\/www.erresse-shop.it\/fr\/"},{"@type":"ListItem","position":2,"name":"Shop","item":"https:\/\/www.erresse-shop.it\/fr\/shop\/"},{"@type":"ListItem","position":3,"name":"VILLEROY &#038; BOCH Set 6 Assiettes Plates Toy&#8217;s Delight 29 cm"}]},{"@type":"WebSite","@id":"https:\/\/www.erresse-shop.it\/fr\/#website","url":"https:\/\/www.erresse-shop.it\/fr\/","name":"Erresse Shop","description":"Articoli di qualit\u00e0 per la casa","potentialAction":[{"@type":"SearchAction","target":{"@type":"EntryPoint","urlTemplate":"https:\/\/www.erresse-shop.it\/fr\/?s={search_term_string}"},"query-input":"required name=search_term_string"}],"inLanguage":"fr-FR"}]}},"df_price":117.95,"df_sale_price":117.95,"df_regular_price":179.4,"df_image_link":"https:\/\/www.erresse-shop.it\/wp-content\/uploads\/2022\/09\/Villeroy-boch-piatto-piano-set-6-pezzi-300x300.jpg","_links":{"self":[{"href":"https:\/\/www.erresse-shop.it\/fr\/wp-json\/wp\/v2\/product\/178829"}],"collection":[{"href":"https:\/\/www.erresse-shop.it\/fr\/wp-json\/wp\/v2\/product"}],"about":[{"href":"https:\/\/www.erresse-shop.it\/fr\/wp-json\/wp\/v2\/types\/product"}],"wp:featuredmedia":[{"embeddable":true,"href":"https:\/\/www.erresse-shop.it\/fr\/wp-json\/wp\/v2\/media\/201672"}],"wp:attachment":[{"href":"https:\/\/www.erresse-shop.it\/fr\/wp-json\/wp\/v2\/media?parent=178829"}],"wp:term":[{"taxonomy":"product_cat","embeddable":true,"href":"https:\/\/www.erresse-shop.it\/fr\/wp-json\/wp\/v2\/product_cat?post=178829"},{"taxonomy":"product_tag","embeddable":true,"href":"https:\/\/www.erresse-shop.it\/fr\/wp-json\/wp\/v2\/product_tag?post=178829"}],"curies":[{"name":"wp","href":"https:\/\/api.w.org\/{rel}","templated":true}]}}