{"id":178702,"date":"2022-09-12T08:55:13","date_gmt":"2022-09-12T08:55:15","guid":{"rendered":"https:\/\/www.erresse-shop.it\/?post_type=product&#038;p=178702"},"modified":"2023-12-18T10:15:23","modified_gmt":"2023-12-18T10:15:23","slug":"villeroy-boch-jeu-8-assiettes-toys-delight","status":"publish","type":"product","link":"https:\/\/www.erresse-shop.it\/fr\/shop\/table-fr-2\/plats\/villeroy-boch-jeu-8-assiettes-toys-delight\/","title":{"rendered":"VILLEROY &#038; BOCH Jeu 8 Assiettes Toy&#8217;s Delight"},"content":{"rendered":"<p><strong><span style=\"text-decoration: underline;\">NE VA PAS AU LAVE-VAISSELLE<\/span><br \/>\nMat\u00e9riau :<\/strong> Porcelaine Premium<br \/>\n<strong>Convient au micro-ondes :<\/strong> Oui<\/p>\n<p><strong>SET D&#8217;ASSIETTES DE NO\u00cbL PRATIQUE POUR 4 PERSONNES<\/strong><br \/>\nAvec la collection Toy&#8217;s Delight, vous apporterez une atmosph\u00e8re de No\u00ebl nostalgique dans votre maison. La porcelaine est d\u00e9cor\u00e9e de jolis motifs rouges, verts et blancs et \u00e9voque des souvenirs d&#8217;enfance. Pour correspondre, collecter et offrir en cadeau. Le set d&#8217;assiettes en papier nostalgique pour 4 personnes avec une assiette plate et des assiettes \u00e0 dessert est parfait pour un agr\u00e9able festin de No\u00ebl avec les proches.<br \/>\nInvitez des parents et des amis au d\u00eener de No\u00ebl. <strong>L&#8217;ensemble se compose de :<\/strong><\/p>\n<ul>\n<li>4x assiette \u00e0 d\u00eener, 29 cm<\/li>\n<li>4x Assiette petit-d\u00e9jeuner, 24 cm<\/li>\n<\/ul>\n","protected":false},"excerpt":{"rendered":"<p>NE VA PAS AU LAVE-VAISSELLE Mat\u00e9riau : Porcelaine Premium Convient au micro-ondes : Oui SET D&#8217;ASSIETTES DE NO\u00cbL PRATIQUE POUR<\/p>\n","protected":false},"featured_media":443969,"template":"","meta":{"_acf_changed":false,"inline_featured_image":false},"product_cat":[12788,12782],"product_tag":[23910,20499,20501,20500],"acf":[],"yoast_head":"<!-- This site is optimized with the Yoast SEO Premium plugin v18.6 (Yoast SEO v19.13) - https:\/\/yoast.com\/wordpress\/plugins\/seo\/ -->\n<title>VILLEROY &amp; BOCH Jeu 8 Assiettes Toy&#039;s Delight - Erresse Shop<\/title>\n<meta name=\"description\" content=\"NE VA PAS AU LAVE-VAISSELLE Mat\u00e9riau : Porcelaine Premium Convient au micro-ondes : Oui SET D&#039;ASSIETTES DE NO\u00cbL PRATIQUE POUR 4 PERSONNES Avec la\" \/>\n<meta name=\"robots\" content=\"index, follow, max-snippet:-1, max-image-preview:large, max-video-preview:-1\" \/>\n<link rel=\"canonical\" href=\"https:\/\/www.erresse-shop.it\/fr\/shop\/table-fr-2\/plats\/villeroy-boch-jeu-8-assiettes-toys-delight\/\" \/>\n<meta property=\"og:locale\" content=\"fr_FR\" \/>\n<meta property=\"og:type\" content=\"article\" \/>\n<meta property=\"og:title\" content=\"VILLEROY &amp; BOCH Jeu 8 Assiettes Toy&#039;s Delight\" \/>\n<meta property=\"og:description\" content=\"NE VA PAS AU LAVE-VAISSELLE Mat\u00e9riau : Porcelaine Premium Convient au micro-ondes : Oui SET D&#039;ASSIETTES DE NO\u00cbL PRATIQUE POUR 4 PERSONNES Avec la\" \/>\n<meta property=\"og:url\" content=\"https:\/\/www.erresse-shop.it\/fr\/shop\/table-fr-2\/plats\/villeroy-boch-jeu-8-assiettes-toys-delight\/\" \/>\n<meta property=\"og:site_name\" content=\"Erresse Shop\" \/>\n<meta property=\"article:modified_time\" content=\"2023-12-18T10:15:23+00:00\" \/>\n<meta property=\"og:image\" content=\"https:\/\/www.erresse-shop.it\/wp-content\/uploads\/2022\/09\/VILLEROY-BOCH-Set-8-Piatti-Toys-Delight.jpg\" \/>\n\t<meta property=\"og:image:width\" content=\"1200\" \/>\n\t<meta property=\"og:image:height\" content=\"1200\" \/>\n\t<meta property=\"og:image:type\" content=\"image\/jpeg\" \/>\n<meta name=\"twitter:card\" content=\"summary_large_image\" \/>\n<script type=\"application\/ld+json\" class=\"yoast-schema-graph\">{\"@context\":\"https:\/\/schema.org\",\"@graph\":[{\"@type\":\"WebPage\",\"@id\":\"https:\/\/www.erresse-shop.it\/fr\/shop\/table-fr-2\/plats\/villeroy-boch-jeu-8-assiettes-toys-delight\/\",\"url\":\"https:\/\/www.erresse-shop.it\/fr\/shop\/table-fr-2\/plats\/villeroy-boch-jeu-8-assiettes-toys-delight\/\",\"name\":\"VILLEROY & BOCH Jeu 8 Assiettes Toy's Delight - Erresse Shop\",\"isPartOf\":{\"@id\":\"https:\/\/www.erresse-shop.it\/fr\/#website\"},\"datePublished\":\"2022-09-12T08:55:15+00:00\",\"dateModified\":\"2023-12-18T10:15:23+00:00\",\"description\":\"NE VA PAS AU LAVE-VAISSELLE Mat\u00e9riau : Porcelaine Premium Convient au micro-ondes : Oui SET D'ASSIETTES DE NO\u00cbL PRATIQUE POUR 4 PERSONNES Avec la\",\"breadcrumb\":{\"@id\":\"https:\/\/www.erresse-shop.it\/fr\/shop\/table-fr-2\/plats\/villeroy-boch-jeu-8-assiettes-toys-delight\/#breadcrumb\"},\"inLanguage\":\"fr-FR\",\"potentialAction\":[{\"@type\":\"ReadAction\",\"target\":[\"https:\/\/www.erresse-shop.it\/fr\/shop\/table-fr-2\/plats\/villeroy-boch-jeu-8-assiettes-toys-delight\/\"]}]},{\"@type\":\"BreadcrumbList\",\"@id\":\"https:\/\/www.erresse-shop.it\/fr\/shop\/table-fr-2\/plats\/villeroy-boch-jeu-8-assiettes-toys-delight\/#breadcrumb\",\"itemListElement\":[{\"@type\":\"ListItem\",\"position\":1,\"name\":\"Home\",\"item\":\"https:\/\/www.erresse-shop.it\/fr\/\"},{\"@type\":\"ListItem\",\"position\":2,\"name\":\"Shop\",\"item\":\"https:\/\/www.erresse-shop.it\/fr\/shop\/\"},{\"@type\":\"ListItem\",\"position\":3,\"name\":\"VILLEROY &#038; BOCH Jeu 8 Assiettes Toy&#8217;s Delight\"}]},{\"@type\":\"WebSite\",\"@id\":\"https:\/\/www.erresse-shop.it\/fr\/#website\",\"url\":\"https:\/\/www.erresse-shop.it\/fr\/\",\"name\":\"Erresse Shop\",\"description\":\"Articoli di qualit\u00e0 per la casa\",\"potentialAction\":[{\"@type\":\"SearchAction\",\"target\":{\"@type\":\"EntryPoint\",\"urlTemplate\":\"https:\/\/www.erresse-shop.it\/fr\/?s={search_term_string}\"},\"query-input\":\"required name=search_term_string\"}],\"inLanguage\":\"fr-FR\"}]}<\/script>\n<!-- \/ Yoast SEO Premium plugin. -->","yoast_head_json":{"title":"VILLEROY & BOCH Jeu 8 Assiettes Toy's Delight - Erresse Shop","description":"NE VA PAS AU LAVE-VAISSELLE Mat\u00e9riau : Porcelaine Premium Convient au micro-ondes : Oui SET D'ASSIETTES DE NO\u00cbL PRATIQUE POUR 4 PERSONNES Avec la","robots":{"index":"index","follow":"follow","max-snippet":"max-snippet:-1","max-image-preview":"max-image-preview:large","max-video-preview":"max-video-preview:-1"},"canonical":"https:\/\/www.erresse-shop.it\/fr\/shop\/table-fr-2\/plats\/villeroy-boch-jeu-8-assiettes-toys-delight\/","og_locale":"fr_FR","og_type":"article","og_title":"VILLEROY & BOCH Jeu 8 Assiettes Toy's Delight","og_description":"NE VA PAS AU LAVE-VAISSELLE Mat\u00e9riau : Porcelaine Premium Convient au micro-ondes : Oui SET D'ASSIETTES DE NO\u00cbL PRATIQUE POUR 4 PERSONNES Avec la","og_url":"https:\/\/www.erresse-shop.it\/fr\/shop\/table-fr-2\/plats\/villeroy-boch-jeu-8-assiettes-toys-delight\/","og_site_name":"Erresse Shop","article_modified_time":"2023-12-18T10:15:23+00:00","og_image":[{"width":1200,"height":1200,"url":"https:\/\/www.erresse-shop.it\/wp-content\/uploads\/2022\/09\/VILLEROY-BOCH-Set-8-Piatti-Toys-Delight.jpg","type":"image\/jpeg"}],"twitter_card":"summary_large_image","schema":{"@context":"https:\/\/schema.org","@graph":[{"@type":"WebPage","@id":"https:\/\/www.erresse-shop.it\/fr\/shop\/table-fr-2\/plats\/villeroy-boch-jeu-8-assiettes-toys-delight\/","url":"https:\/\/www.erresse-shop.it\/fr\/shop\/table-fr-2\/plats\/villeroy-boch-jeu-8-assiettes-toys-delight\/","name":"VILLEROY & BOCH Jeu 8 Assiettes Toy's Delight - Erresse Shop","isPartOf":{"@id":"https:\/\/www.erresse-shop.it\/fr\/#website"},"datePublished":"2022-09-12T08:55:15+00:00","dateModified":"2023-12-18T10:15:23+00:00","description":"NE VA PAS AU LAVE-VAISSELLE Mat\u00e9riau : Porcelaine Premium Convient au micro-ondes : Oui SET D'ASSIETTES DE NO\u00cbL PRATIQUE POUR 4 PERSONNES Avec la","breadcrumb":{"@id":"https:\/\/www.erresse-shop.it\/fr\/shop\/table-fr-2\/plats\/villeroy-boch-jeu-8-assiettes-toys-delight\/#breadcrumb"},"inLanguage":"fr-FR","potentialAction":[{"@type":"ReadAction","target":["https:\/\/www.erresse-shop.it\/fr\/shop\/table-fr-2\/plats\/villeroy-boch-jeu-8-assiettes-toys-delight\/"]}]},{"@type":"BreadcrumbList","@id":"https:\/\/www.erresse-shop.it\/fr\/shop\/table-fr-2\/plats\/villeroy-boch-jeu-8-assiettes-toys-delight\/#breadcrumb","itemListElement":[{"@type":"ListItem","position":1,"name":"Home","item":"https:\/\/www.erresse-shop.it\/fr\/"},{"@type":"ListItem","position":2,"name":"Shop","item":"https:\/\/www.erresse-shop.it\/fr\/shop\/"},{"@type":"ListItem","position":3,"name":"VILLEROY &#038; BOCH Jeu 8 Assiettes Toy&#8217;s Delight"}]},{"@type":"WebSite","@id":"https:\/\/www.erresse-shop.it\/fr\/#website","url":"https:\/\/www.erresse-shop.it\/fr\/","name":"Erresse Shop","description":"Articoli di qualit\u00e0 per la casa","potentialAction":[{"@type":"SearchAction","target":{"@type":"EntryPoint","urlTemplate":"https:\/\/www.erresse-shop.it\/fr\/?s={search_term_string}"},"query-input":"required name=search_term_string"}],"inLanguage":"fr-FR"}]}},"df_price":139.95,"df_sale_price":139.95,"df_regular_price":231.2,"df_image_link":"https:\/\/www.erresse-shop.it\/wp-content\/uploads\/2022\/09\/VILLEROY-BOCH-Set-8-Piatti-Toys-Delight-300x300.jpg","_links":{"self":[{"href":"https:\/\/www.erresse-shop.it\/fr\/wp-json\/wp\/v2\/product\/178702"}],"collection":[{"href":"https:\/\/www.erresse-shop.it\/fr\/wp-json\/wp\/v2\/product"}],"about":[{"href":"https:\/\/www.erresse-shop.it\/fr\/wp-json\/wp\/v2\/types\/product"}],"wp:featuredmedia":[{"embeddable":true,"href":"https:\/\/www.erresse-shop.it\/fr\/wp-json\/wp\/v2\/media\/443969"}],"wp:attachment":[{"href":"https:\/\/www.erresse-shop.it\/fr\/wp-json\/wp\/v2\/media?parent=178702"}],"wp:term":[{"taxonomy":"product_cat","embeddable":true,"href":"https:\/\/www.erresse-shop.it\/fr\/wp-json\/wp\/v2\/product_cat?post=178702"},{"taxonomy":"product_tag","embeddable":true,"href":"https:\/\/www.erresse-shop.it\/fr\/wp-json\/wp\/v2\/product_tag?post=178702"}],"curies":[{"name":"wp","href":"https:\/\/api.w.org\/{rel}","templated":true}]}}