{"id":178551,"date":"2022-09-12T07:32:59","date_gmt":"2022-09-12T07:33:01","guid":{"rendered":"https:\/\/www.erresse-shop.it\/?post_type=product&#038;p=178551"},"modified":"2022-12-01T00:11:44","modified_gmt":"2022-12-01T00:11:44","slug":"villeroy-boch-saladier-moyen-toys-delight-32-cm","status":"publish","type":"product","link":"https:\/\/www.erresse-shop.it\/fr\/shop\/table-fr-2\/saladiers-et-soupieres\/villeroy-boch-saladier-moyen-toys-delight-32-cm\/","title":{"rendered":"VILLEROY &#038; BOCH Saladier Moyen Toy&#8217;s Delight 32 cm"},"content":{"rendered":"<p><strong><span style=\"text-decoration: underline;\">NE VA PAS AU LAVE-VAISSELLE<\/span><br \/>\nMat\u00e9riau :<\/strong> Porcelaine Premium<br \/>\n<strong>Convient au micro-ondes :<\/strong> Oui<\/p>\n<p><strong>SERVIR LES POMMES DE TERRE, LE RIZ ET LES L\u00c9GUMES DE MANI\u00c8RE APP\u00c9TISSANTE<\/strong><br \/>\nAvec la collection Toy&#8217;s Delight, vous apporterez une atmosph\u00e8re de No\u00ebl nostalgique dans votre maison. La porcelaine est d\u00e9cor\u00e9e de jolis motifs rouges, verts et blancs et \u00e9voque des souvenirs d&#8217;enfance. Pour correspondre, collecter et offrir en cadeau. Ce joli saladier est parfait pour servir des l\u00e9gumes, du riz, des pommes de terre ou de la salade lors de votre banquet de No\u00ebl. Faites briller la table de f\u00eate.<\/p>\n","protected":false},"excerpt":{"rendered":"<p>NE VA PAS AU LAVE-VAISSELLE Mat\u00e9riau : Porcelaine Premium Convient au micro-ondes : Oui SERVIR LES POMMES DE TERRE, LE<\/p>\n","protected":false},"featured_media":178562,"template":"","meta":{"_acf_changed":false,"inline_featured_image":false},"product_cat":[12787,12782],"product_tag":[23910,20499,20501,20500],"acf":[],"yoast_head":"<!-- This site is optimized with the Yoast SEO Premium plugin v18.6 (Yoast SEO v19.13) - https:\/\/yoast.com\/wordpress\/plugins\/seo\/ -->\n<title>VILLEROY &amp; BOCH Saladier Moyen Toy&#039;s Delight 32 cm - Erresse Shop<\/title>\n<meta name=\"description\" content=\"NE VA PAS AU LAVE-VAISSELLE Mat\u00e9riau : Porcelaine Premium Convient au micro-ondes : Oui SERVIR LES POMMES DE TERRE, LE RIZ ET LES L\u00c9GUMES DE MANI\u00c8RE\" \/>\n<meta name=\"robots\" content=\"index, follow, max-snippet:-1, max-image-preview:large, max-video-preview:-1\" \/>\n<link rel=\"canonical\" href=\"https:\/\/www.erresse-shop.it\/fr\/shop\/table-fr-2\/saladiers-et-soupieres\/villeroy-boch-saladier-moyen-toys-delight-32-cm\/\" \/>\n<meta property=\"og:locale\" content=\"fr_FR\" \/>\n<meta property=\"og:type\" content=\"article\" \/>\n<meta property=\"og:title\" content=\"VILLEROY &amp; BOCH Saladier Moyen Toy&#039;s Delight 32 cm\" \/>\n<meta property=\"og:description\" content=\"NE VA PAS AU LAVE-VAISSELLE Mat\u00e9riau : Porcelaine Premium Convient au micro-ondes : Oui SERVIR LES POMMES DE TERRE, LE RIZ ET LES L\u00c9GUMES DE MANI\u00c8RE\" \/>\n<meta property=\"og:url\" content=\"https:\/\/www.erresse-shop.it\/fr\/shop\/table-fr-2\/saladiers-et-soupieres\/villeroy-boch-saladier-moyen-toys-delight-32-cm\/\" \/>\n<meta property=\"og:site_name\" content=\"Erresse Shop\" \/>\n<meta property=\"article:modified_time\" content=\"2022-12-01T00:11:44+00:00\" \/>\n<meta property=\"og:image\" content=\"https:\/\/www.erresse-shop.it\/wp-content\/uploads\/2022\/09\/VILLEROY-BOCH-Insalatiera-32-2.jpg\" \/>\n\t<meta property=\"og:image:width\" content=\"800\" \/>\n\t<meta property=\"og:image:height\" content=\"800\" \/>\n\t<meta property=\"og:image:type\" content=\"image\/jpeg\" \/>\n<meta name=\"twitter:card\" content=\"summary_large_image\" \/>\n<script type=\"application\/ld+json\" class=\"yoast-schema-graph\">{\"@context\":\"https:\/\/schema.org\",\"@graph\":[{\"@type\":\"WebPage\",\"@id\":\"https:\/\/www.erresse-shop.it\/fr\/shop\/table-fr-2\/saladiers-et-soupieres\/villeroy-boch-saladier-moyen-toys-delight-32-cm\/\",\"url\":\"https:\/\/www.erresse-shop.it\/fr\/shop\/table-fr-2\/saladiers-et-soupieres\/villeroy-boch-saladier-moyen-toys-delight-32-cm\/\",\"name\":\"VILLEROY & BOCH Saladier Moyen Toy's Delight 32 cm - Erresse Shop\",\"isPartOf\":{\"@id\":\"https:\/\/www.erresse-shop.it\/fr\/#website\"},\"datePublished\":\"2022-09-12T07:33:01+00:00\",\"dateModified\":\"2022-12-01T00:11:44+00:00\",\"description\":\"NE VA PAS AU LAVE-VAISSELLE Mat\u00e9riau : Porcelaine Premium Convient au micro-ondes : Oui SERVIR LES POMMES DE TERRE, LE RIZ ET LES L\u00c9GUMES DE MANI\u00c8RE\",\"breadcrumb\":{\"@id\":\"https:\/\/www.erresse-shop.it\/fr\/shop\/table-fr-2\/saladiers-et-soupieres\/villeroy-boch-saladier-moyen-toys-delight-32-cm\/#breadcrumb\"},\"inLanguage\":\"fr-FR\",\"potentialAction\":[{\"@type\":\"ReadAction\",\"target\":[\"https:\/\/www.erresse-shop.it\/fr\/shop\/table-fr-2\/saladiers-et-soupieres\/villeroy-boch-saladier-moyen-toys-delight-32-cm\/\"]}]},{\"@type\":\"BreadcrumbList\",\"@id\":\"https:\/\/www.erresse-shop.it\/fr\/shop\/table-fr-2\/saladiers-et-soupieres\/villeroy-boch-saladier-moyen-toys-delight-32-cm\/#breadcrumb\",\"itemListElement\":[{\"@type\":\"ListItem\",\"position\":1,\"name\":\"Home\",\"item\":\"https:\/\/www.erresse-shop.it\/fr\/\"},{\"@type\":\"ListItem\",\"position\":2,\"name\":\"Shop\",\"item\":\"https:\/\/www.erresse-shop.it\/fr\/shop\/\"},{\"@type\":\"ListItem\",\"position\":3,\"name\":\"VILLEROY &#038; BOCH Saladier Moyen Toy&#8217;s Delight 32 cm\"}]},{\"@type\":\"WebSite\",\"@id\":\"https:\/\/www.erresse-shop.it\/fr\/#website\",\"url\":\"https:\/\/www.erresse-shop.it\/fr\/\",\"name\":\"Erresse Shop\",\"description\":\"Articoli di qualit\u00e0 per la casa\",\"potentialAction\":[{\"@type\":\"SearchAction\",\"target\":{\"@type\":\"EntryPoint\",\"urlTemplate\":\"https:\/\/www.erresse-shop.it\/fr\/?s={search_term_string}\"},\"query-input\":\"required name=search_term_string\"}],\"inLanguage\":\"fr-FR\"}]}<\/script>\n<!-- \/ Yoast SEO Premium plugin. -->","yoast_head_json":{"title":"VILLEROY & BOCH Saladier Moyen Toy's Delight 32 cm - Erresse Shop","description":"NE VA PAS AU LAVE-VAISSELLE Mat\u00e9riau : Porcelaine Premium Convient au micro-ondes : Oui SERVIR LES POMMES DE TERRE, LE RIZ ET LES L\u00c9GUMES DE MANI\u00c8RE","robots":{"index":"index","follow":"follow","max-snippet":"max-snippet:-1","max-image-preview":"max-image-preview:large","max-video-preview":"max-video-preview:-1"},"canonical":"https:\/\/www.erresse-shop.it\/fr\/shop\/table-fr-2\/saladiers-et-soupieres\/villeroy-boch-saladier-moyen-toys-delight-32-cm\/","og_locale":"fr_FR","og_type":"article","og_title":"VILLEROY & BOCH Saladier Moyen Toy's Delight 32 cm","og_description":"NE VA PAS AU LAVE-VAISSELLE Mat\u00e9riau : Porcelaine Premium Convient au micro-ondes : Oui SERVIR LES POMMES DE TERRE, LE RIZ ET LES L\u00c9GUMES DE MANI\u00c8RE","og_url":"https:\/\/www.erresse-shop.it\/fr\/shop\/table-fr-2\/saladiers-et-soupieres\/villeroy-boch-saladier-moyen-toys-delight-32-cm\/","og_site_name":"Erresse Shop","article_modified_time":"2022-12-01T00:11:44+00:00","og_image":[{"width":800,"height":800,"url":"https:\/\/www.erresse-shop.it\/wp-content\/uploads\/2022\/09\/VILLEROY-BOCH-Insalatiera-32-2.jpg","type":"image\/jpeg"}],"twitter_card":"summary_large_image","schema":{"@context":"https:\/\/schema.org","@graph":[{"@type":"WebPage","@id":"https:\/\/www.erresse-shop.it\/fr\/shop\/table-fr-2\/saladiers-et-soupieres\/villeroy-boch-saladier-moyen-toys-delight-32-cm\/","url":"https:\/\/www.erresse-shop.it\/fr\/shop\/table-fr-2\/saladiers-et-soupieres\/villeroy-boch-saladier-moyen-toys-delight-32-cm\/","name":"VILLEROY & BOCH Saladier Moyen Toy's Delight 32 cm - Erresse Shop","isPartOf":{"@id":"https:\/\/www.erresse-shop.it\/fr\/#website"},"datePublished":"2022-09-12T07:33:01+00:00","dateModified":"2022-12-01T00:11:44+00:00","description":"NE VA PAS AU LAVE-VAISSELLE Mat\u00e9riau : Porcelaine Premium Convient au micro-ondes : Oui SERVIR LES POMMES DE TERRE, LE RIZ ET LES L\u00c9GUMES DE MANI\u00c8RE","breadcrumb":{"@id":"https:\/\/www.erresse-shop.it\/fr\/shop\/table-fr-2\/saladiers-et-soupieres\/villeroy-boch-saladier-moyen-toys-delight-32-cm\/#breadcrumb"},"inLanguage":"fr-FR","potentialAction":[{"@type":"ReadAction","target":["https:\/\/www.erresse-shop.it\/fr\/shop\/table-fr-2\/saladiers-et-soupieres\/villeroy-boch-saladier-moyen-toys-delight-32-cm\/"]}]},{"@type":"BreadcrumbList","@id":"https:\/\/www.erresse-shop.it\/fr\/shop\/table-fr-2\/saladiers-et-soupieres\/villeroy-boch-saladier-moyen-toys-delight-32-cm\/#breadcrumb","itemListElement":[{"@type":"ListItem","position":1,"name":"Home","item":"https:\/\/www.erresse-shop.it\/fr\/"},{"@type":"ListItem","position":2,"name":"Shop","item":"https:\/\/www.erresse-shop.it\/fr\/shop\/"},{"@type":"ListItem","position":3,"name":"VILLEROY &#038; BOCH Saladier Moyen Toy&#8217;s Delight 32 cm"}]},{"@type":"WebSite","@id":"https:\/\/www.erresse-shop.it\/fr\/#website","url":"https:\/\/www.erresse-shop.it\/fr\/","name":"Erresse Shop","description":"Articoli di qualit\u00e0 per la casa","potentialAction":[{"@type":"SearchAction","target":{"@type":"EntryPoint","urlTemplate":"https:\/\/www.erresse-shop.it\/fr\/?s={search_term_string}"},"query-input":"required name=search_term_string"}],"inLanguage":"fr-FR"}]}},"df_price":44.95,"df_sale_price":44.95,"df_regular_price":89.9,"df_image_link":"https:\/\/www.erresse-shop.it\/wp-content\/uploads\/2022\/09\/VILLEROY-BOCH-Insalatiera-32-2-300x300.jpg","_links":{"self":[{"href":"https:\/\/www.erresse-shop.it\/fr\/wp-json\/wp\/v2\/product\/178551"}],"collection":[{"href":"https:\/\/www.erresse-shop.it\/fr\/wp-json\/wp\/v2\/product"}],"about":[{"href":"https:\/\/www.erresse-shop.it\/fr\/wp-json\/wp\/v2\/types\/product"}],"wp:featuredmedia":[{"embeddable":true,"href":"https:\/\/www.erresse-shop.it\/fr\/wp-json\/wp\/v2\/media\/178562"}],"wp:attachment":[{"href":"https:\/\/www.erresse-shop.it\/fr\/wp-json\/wp\/v2\/media?parent=178551"}],"wp:term":[{"taxonomy":"product_cat","embeddable":true,"href":"https:\/\/www.erresse-shop.it\/fr\/wp-json\/wp\/v2\/product_cat?post=178551"},{"taxonomy":"product_tag","embeddable":true,"href":"https:\/\/www.erresse-shop.it\/fr\/wp-json\/wp\/v2\/product_tag?post=178551"}],"curies":[{"name":"wp","href":"https:\/\/api.w.org\/{rel}","templated":true}]}}