{"id":178478,"date":"2022-09-12T06:56:51","date_gmt":"2022-09-12T06:56:53","guid":{"rendered":"https:\/\/www.erresse-shop.it\/?post_type=product&#038;p=178478"},"modified":"2024-11-29T20:18:59","modified_gmt":"2024-11-29T20:18:59","slug":"villeroy-boch-traineau-pere-noel-christmas-toys-memory","status":"publish","type":"product","link":"https:\/\/www.erresse-shop.it\/fr\/shop\/ameublement-maison\/objets-de-decoration\/villeroy-boch-traineau-pere-noel-christmas-toys-memory\/","title":{"rendered":"VILLEROY &#038; BOCH Tra\u00eeneau P\u00e8re No\u00ebl Christmas Toys Memory"},"content":{"rendered":"<p><strong>Mat\u00e9riau :<\/strong> Porcelaine<\/p>\n<p><strong>LA BO\u00ceTE \u00c0 MUSIQUE JOUE &#8220;LE P\u00c8RE NO\u00cbL ARRIVE EN VILLE&#8221;<\/strong><br \/>\nCette d\u00e9coration peinte \u00e0 la main par Christmas Toys Memory rappelle l&#8217;\u00e9poque o\u00f9 les jouets \u00e9taient encore apport\u00e9s par le P\u00e8re No\u00ebl. Les rennes tirent le tra\u00eeneau du P\u00e8re No\u00ebl et portent sur leur dos de petites bougies pour une lumi\u00e8re agr\u00e9able. Cette bo\u00eete \u00e0 musique joue &#8220;Santa Claus is coming to town&#8221;. D\u00e9couvrez No\u00ebl \u00e0 travers les yeux d&#8217;un enfant.<\/p>\n","protected":false},"excerpt":{"rendered":"<p>Mat\u00e9riau : Porcelaine LA BO\u00ceTE \u00c0 MUSIQUE JOUE &#8220;LE P\u00c8RE NO\u00cbL ARRIVE EN VILLE&#8221; Cette d\u00e9coration peinte \u00e0 la main<\/p>\n","protected":false},"featured_media":443950,"template":"","meta":{"_acf_changed":false,"inline_featured_image":false},"product_cat":[12738,14441],"product_tag":[23910,20499,20501,20500,21327],"acf":[],"yoast_head":"<!-- This site is optimized with the Yoast SEO Premium plugin v18.6 (Yoast SEO v19.13) - https:\/\/yoast.com\/wordpress\/plugins\/seo\/ -->\n<title>VILLEROY &amp; BOCH Tra\u00eeneau P\u00e8re No\u00ebl Christmas Toys Memory - Erresse Shop<\/title>\n<meta name=\"description\" content=\"Mat\u00e9riau : Porcelaine LA BO\u00ceTE \u00c0 MUSIQUE JOUE &quot;LE P\u00c8RE NO\u00cbL ARRIVE EN VILLE&quot; Cette d\u00e9coration peinte \u00e0 la main par Christmas Toys Memory rappelle l&#039;\u00e9poque\" \/>\n<meta name=\"robots\" content=\"index, follow, max-snippet:-1, max-image-preview:large, max-video-preview:-1\" \/>\n<link rel=\"canonical\" href=\"https:\/\/www.erresse-shop.it\/fr\/shop\/ameublement-maison\/objets-de-decoration\/villeroy-boch-traineau-pere-noel-christmas-toys-memory\/\" \/>\n<meta property=\"og:locale\" content=\"fr_FR\" \/>\n<meta property=\"og:type\" content=\"article\" \/>\n<meta property=\"og:title\" content=\"VILLEROY &amp; BOCH Tra\u00eeneau P\u00e8re No\u00ebl Christmas Toys Memory\" \/>\n<meta property=\"og:description\" content=\"Mat\u00e9riau : Porcelaine LA BO\u00ceTE \u00c0 MUSIQUE JOUE &quot;LE P\u00c8RE NO\u00cbL ARRIVE EN VILLE&quot; Cette d\u00e9coration peinte \u00e0 la main par Christmas Toys Memory rappelle l&#039;\u00e9poque\" \/>\n<meta property=\"og:url\" content=\"https:\/\/www.erresse-shop.it\/fr\/shop\/ameublement-maison\/objets-de-decoration\/villeroy-boch-traineau-pere-noel-christmas-toys-memory\/\" \/>\n<meta property=\"og:site_name\" content=\"Erresse Shop\" \/>\n<meta property=\"article:modified_time\" content=\"2024-11-29T20:18:59+00:00\" \/>\n<meta property=\"og:image\" content=\"https:\/\/www.erresse-shop.it\/wp-content\/uploads\/2022\/09\/VILLEROY-BOCH-Slitta-di-Babbo-Natale-Christmas-Toys-Memory.jpg\" \/>\n\t<meta property=\"og:image:width\" content=\"1200\" \/>\n\t<meta property=\"og:image:height\" content=\"1200\" \/>\n\t<meta property=\"og:image:type\" content=\"image\/jpeg\" \/>\n<meta name=\"twitter:card\" content=\"summary_large_image\" \/>\n<script type=\"application\/ld+json\" class=\"yoast-schema-graph\">{\"@context\":\"https:\/\/schema.org\",\"@graph\":[{\"@type\":\"WebPage\",\"@id\":\"https:\/\/www.erresse-shop.it\/fr\/shop\/ameublement-maison\/objets-de-decoration\/villeroy-boch-traineau-pere-noel-christmas-toys-memory\/\",\"url\":\"https:\/\/www.erresse-shop.it\/fr\/shop\/ameublement-maison\/objets-de-decoration\/villeroy-boch-traineau-pere-noel-christmas-toys-memory\/\",\"name\":\"VILLEROY & BOCH Tra\u00eeneau P\u00e8re No\u00ebl Christmas Toys Memory - Erresse Shop\",\"isPartOf\":{\"@id\":\"https:\/\/www.erresse-shop.it\/fr\/#website\"},\"datePublished\":\"2022-09-12T06:56:53+00:00\",\"dateModified\":\"2024-11-29T20:18:59+00:00\",\"description\":\"Mat\u00e9riau : Porcelaine LA BO\u00ceTE \u00c0 MUSIQUE JOUE \\\"LE P\u00c8RE NO\u00cbL ARRIVE EN VILLE\\\" Cette d\u00e9coration peinte \u00e0 la main par Christmas Toys Memory rappelle l'\u00e9poque\",\"breadcrumb\":{\"@id\":\"https:\/\/www.erresse-shop.it\/fr\/shop\/ameublement-maison\/objets-de-decoration\/villeroy-boch-traineau-pere-noel-christmas-toys-memory\/#breadcrumb\"},\"inLanguage\":\"fr-FR\",\"potentialAction\":[{\"@type\":\"ReadAction\",\"target\":[\"https:\/\/www.erresse-shop.it\/fr\/shop\/ameublement-maison\/objets-de-decoration\/villeroy-boch-traineau-pere-noel-christmas-toys-memory\/\"]}]},{\"@type\":\"BreadcrumbList\",\"@id\":\"https:\/\/www.erresse-shop.it\/fr\/shop\/ameublement-maison\/objets-de-decoration\/villeroy-boch-traineau-pere-noel-christmas-toys-memory\/#breadcrumb\",\"itemListElement\":[{\"@type\":\"ListItem\",\"position\":1,\"name\":\"Home\",\"item\":\"https:\/\/www.erresse-shop.it\/fr\/\"},{\"@type\":\"ListItem\",\"position\":2,\"name\":\"Shop\",\"item\":\"https:\/\/www.erresse-shop.it\/fr\/shop\/\"},{\"@type\":\"ListItem\",\"position\":3,\"name\":\"VILLEROY &#038; BOCH Tra\u00eeneau P\u00e8re No\u00ebl Christmas Toys Memory\"}]},{\"@type\":\"WebSite\",\"@id\":\"https:\/\/www.erresse-shop.it\/fr\/#website\",\"url\":\"https:\/\/www.erresse-shop.it\/fr\/\",\"name\":\"Erresse Shop\",\"description\":\"Articoli di qualit\u00e0 per la casa\",\"potentialAction\":[{\"@type\":\"SearchAction\",\"target\":{\"@type\":\"EntryPoint\",\"urlTemplate\":\"https:\/\/www.erresse-shop.it\/fr\/?s={search_term_string}\"},\"query-input\":\"required name=search_term_string\"}],\"inLanguage\":\"fr-FR\"}]}<\/script>\n<!-- \/ Yoast SEO Premium plugin. -->","yoast_head_json":{"title":"VILLEROY & BOCH Tra\u00eeneau P\u00e8re No\u00ebl Christmas Toys Memory - Erresse Shop","description":"Mat\u00e9riau : Porcelaine LA BO\u00ceTE \u00c0 MUSIQUE JOUE \"LE P\u00c8RE NO\u00cbL ARRIVE EN VILLE\" Cette d\u00e9coration peinte \u00e0 la main par Christmas Toys Memory rappelle l'\u00e9poque","robots":{"index":"index","follow":"follow","max-snippet":"max-snippet:-1","max-image-preview":"max-image-preview:large","max-video-preview":"max-video-preview:-1"},"canonical":"https:\/\/www.erresse-shop.it\/fr\/shop\/ameublement-maison\/objets-de-decoration\/villeroy-boch-traineau-pere-noel-christmas-toys-memory\/","og_locale":"fr_FR","og_type":"article","og_title":"VILLEROY & BOCH Tra\u00eeneau P\u00e8re No\u00ebl Christmas Toys Memory","og_description":"Mat\u00e9riau : Porcelaine LA BO\u00ceTE \u00c0 MUSIQUE JOUE \"LE P\u00c8RE NO\u00cbL ARRIVE EN VILLE\" Cette d\u00e9coration peinte \u00e0 la main par Christmas Toys Memory rappelle l'\u00e9poque","og_url":"https:\/\/www.erresse-shop.it\/fr\/shop\/ameublement-maison\/objets-de-decoration\/villeroy-boch-traineau-pere-noel-christmas-toys-memory\/","og_site_name":"Erresse Shop","article_modified_time":"2024-11-29T20:18:59+00:00","og_image":[{"width":1200,"height":1200,"url":"https:\/\/www.erresse-shop.it\/wp-content\/uploads\/2022\/09\/VILLEROY-BOCH-Slitta-di-Babbo-Natale-Christmas-Toys-Memory.jpg","type":"image\/jpeg"}],"twitter_card":"summary_large_image","schema":{"@context":"https:\/\/schema.org","@graph":[{"@type":"WebPage","@id":"https:\/\/www.erresse-shop.it\/fr\/shop\/ameublement-maison\/objets-de-decoration\/villeroy-boch-traineau-pere-noel-christmas-toys-memory\/","url":"https:\/\/www.erresse-shop.it\/fr\/shop\/ameublement-maison\/objets-de-decoration\/villeroy-boch-traineau-pere-noel-christmas-toys-memory\/","name":"VILLEROY & BOCH Tra\u00eeneau P\u00e8re No\u00ebl Christmas Toys Memory - Erresse Shop","isPartOf":{"@id":"https:\/\/www.erresse-shop.it\/fr\/#website"},"datePublished":"2022-09-12T06:56:53+00:00","dateModified":"2024-11-29T20:18:59+00:00","description":"Mat\u00e9riau : Porcelaine LA BO\u00ceTE \u00c0 MUSIQUE JOUE \"LE P\u00c8RE NO\u00cbL ARRIVE EN VILLE\" Cette d\u00e9coration peinte \u00e0 la main par Christmas Toys Memory rappelle l'\u00e9poque","breadcrumb":{"@id":"https:\/\/www.erresse-shop.it\/fr\/shop\/ameublement-maison\/objets-de-decoration\/villeroy-boch-traineau-pere-noel-christmas-toys-memory\/#breadcrumb"},"inLanguage":"fr-FR","potentialAction":[{"@type":"ReadAction","target":["https:\/\/www.erresse-shop.it\/fr\/shop\/ameublement-maison\/objets-de-decoration\/villeroy-boch-traineau-pere-noel-christmas-toys-memory\/"]}]},{"@type":"BreadcrumbList","@id":"https:\/\/www.erresse-shop.it\/fr\/shop\/ameublement-maison\/objets-de-decoration\/villeroy-boch-traineau-pere-noel-christmas-toys-memory\/#breadcrumb","itemListElement":[{"@type":"ListItem","position":1,"name":"Home","item":"https:\/\/www.erresse-shop.it\/fr\/"},{"@type":"ListItem","position":2,"name":"Shop","item":"https:\/\/www.erresse-shop.it\/fr\/shop\/"},{"@type":"ListItem","position":3,"name":"VILLEROY &#038; BOCH Tra\u00eeneau P\u00e8re No\u00ebl Christmas Toys Memory"}]},{"@type":"WebSite","@id":"https:\/\/www.erresse-shop.it\/fr\/#website","url":"https:\/\/www.erresse-shop.it\/fr\/","name":"Erresse Shop","description":"Articoli di qualit\u00e0 per la casa","potentialAction":[{"@type":"SearchAction","target":{"@type":"EntryPoint","urlTemplate":"https:\/\/www.erresse-shop.it\/fr\/?s={search_term_string}"},"query-input":"required name=search_term_string"}],"inLanguage":"fr-FR"}]}},"df_price":164.5,"df_sale_price":164.5,"df_regular_price":329,"df_image_link":"https:\/\/www.erresse-shop.it\/wp-content\/uploads\/2022\/09\/VILLEROY-BOCH-Slitta-di-Babbo-Natale-Christmas-Toys-Memory-300x300.jpg","_links":{"self":[{"href":"https:\/\/www.erresse-shop.it\/fr\/wp-json\/wp\/v2\/product\/178478"}],"collection":[{"href":"https:\/\/www.erresse-shop.it\/fr\/wp-json\/wp\/v2\/product"}],"about":[{"href":"https:\/\/www.erresse-shop.it\/fr\/wp-json\/wp\/v2\/types\/product"}],"wp:featuredmedia":[{"embeddable":true,"href":"https:\/\/www.erresse-shop.it\/fr\/wp-json\/wp\/v2\/media\/443950"}],"wp:attachment":[{"href":"https:\/\/www.erresse-shop.it\/fr\/wp-json\/wp\/v2\/media?parent=178478"}],"wp:term":[{"taxonomy":"product_cat","embeddable":true,"href":"https:\/\/www.erresse-shop.it\/fr\/wp-json\/wp\/v2\/product_cat?post=178478"},{"taxonomy":"product_tag","embeddable":true,"href":"https:\/\/www.erresse-shop.it\/fr\/wp-json\/wp\/v2\/product_tag?post=178478"}],"curies":[{"name":"wp","href":"https:\/\/api.w.org\/{rel}","templated":true}]}}