{"id":178442,"date":"2022-09-12T06:39:36","date_gmt":"2022-09-12T06:39:37","guid":{"rendered":"https:\/\/www.erresse-shop.it\/?post_type=product&#038;p=178442"},"modified":"2025-03-15T17:00:06","modified_gmt":"2025-03-15T17:00:06","slug":"villeroy-boch-creche-christmas-toys-memory","status":"publish","type":"product","link":"https:\/\/www.erresse-shop.it\/fr\/shop\/ameublement-maison\/objets-de-decoration\/villeroy-boch-creche-christmas-toys-memory\/","title":{"rendered":"VILLEROY &#038; BOCH Cr\u00e8che Christmas Toys Memory"},"content":{"rendered":"<p><strong>Mat\u00e9riau :<\/strong> Porcelaine<\/p>\n<p><strong>DE FAIRE REVIVRE L&#8217;ANCIENNE TRADITION<\/strong><br \/>\nLa m\u00e9moire du jouet de No\u00ebl fait partie du vaste univers de No\u00ebl de Villeroy &amp; Boch. Dans cette collection, les moments de nostalgie et les motifs d\u00e9taill\u00e9s se rejoignent dans un pays des merveilles joyeux et festif. Id\u00e9al comme ajout \u00e0 votre maison d\u00e9cor\u00e9e de mani\u00e8re festive, \u00e0 collectionner et \u00e0 assortir. Cette cr\u00e8che en porcelaine de haute qualit\u00e9 enchante par la richesse de ses d\u00e9tails et ne manquera pas d&#8217;avoir une place d&#8217;honneur sous votre arbre de No\u00ebl. D\u00e9corez votre maison avec de belles d\u00e9corations.<\/p>\n","protected":false},"excerpt":{"rendered":"<p>Mat\u00e9riau : Porcelaine DE FAIRE REVIVRE L&#8217;ANCIENNE TRADITION La m\u00e9moire du jouet de No\u00ebl fait partie du vaste univers de<\/p>\n","protected":false},"featured_media":443933,"template":"","meta":{"_acf_changed":false,"inline_featured_image":false},"product_cat":[12738,14441],"product_tag":[23910,20499,20501,20500,21327],"acf":[],"yoast_head":"<!-- This site is optimized with the Yoast SEO Premium plugin v18.6 (Yoast SEO v19.13) - https:\/\/yoast.com\/wordpress\/plugins\/seo\/ -->\n<title>VILLEROY &amp; BOCH Cr\u00e8che Christmas Toys Memory - Erresse Shop<\/title>\n<meta name=\"description\" content=\"Mat\u00e9riau : Porcelaine DE FAIRE REVIVRE L&#039;ANCIENNE TRADITION La m\u00e9moire du jouet de No\u00ebl fait partie du vaste univers de No\u00ebl de Villeroy &amp; Boch. Dans\" \/>\n<meta name=\"robots\" content=\"index, follow, max-snippet:-1, max-image-preview:large, max-video-preview:-1\" \/>\n<link rel=\"canonical\" href=\"https:\/\/www.erresse-shop.it\/fr\/shop\/ameublement-maison\/objets-de-decoration\/villeroy-boch-creche-christmas-toys-memory\/\" \/>\n<meta property=\"og:locale\" content=\"fr_FR\" \/>\n<meta property=\"og:type\" content=\"article\" \/>\n<meta property=\"og:title\" content=\"VILLEROY &amp; BOCH Cr\u00e8che Christmas Toys Memory\" \/>\n<meta property=\"og:description\" content=\"Mat\u00e9riau : Porcelaine DE FAIRE REVIVRE L&#039;ANCIENNE TRADITION La m\u00e9moire du jouet de No\u00ebl fait partie du vaste univers de No\u00ebl de Villeroy &amp; Boch. Dans\" \/>\n<meta property=\"og:url\" content=\"https:\/\/www.erresse-shop.it\/fr\/shop\/ameublement-maison\/objets-de-decoration\/villeroy-boch-creche-christmas-toys-memory\/\" \/>\n<meta property=\"og:site_name\" content=\"Erresse Shop\" \/>\n<meta property=\"article:modified_time\" content=\"2025-03-15T17:00:06+00:00\" \/>\n<meta property=\"og:image\" content=\"https:\/\/www.erresse-shop.it\/wp-content\/uploads\/2022\/09\/VILLEROY-BOCH-Presepe-Christmas-Toys-Memory.jpg\" \/>\n\t<meta property=\"og:image:width\" content=\"1200\" \/>\n\t<meta property=\"og:image:height\" content=\"1200\" \/>\n\t<meta property=\"og:image:type\" content=\"image\/jpeg\" \/>\n<meta name=\"twitter:card\" content=\"summary_large_image\" \/>\n<script type=\"application\/ld+json\" class=\"yoast-schema-graph\">{\"@context\":\"https:\/\/schema.org\",\"@graph\":[{\"@type\":\"WebPage\",\"@id\":\"https:\/\/www.erresse-shop.it\/fr\/shop\/ameublement-maison\/objets-de-decoration\/villeroy-boch-creche-christmas-toys-memory\/\",\"url\":\"https:\/\/www.erresse-shop.it\/fr\/shop\/ameublement-maison\/objets-de-decoration\/villeroy-boch-creche-christmas-toys-memory\/\",\"name\":\"VILLEROY & BOCH Cr\u00e8che Christmas Toys Memory - Erresse Shop\",\"isPartOf\":{\"@id\":\"https:\/\/www.erresse-shop.it\/fr\/#website\"},\"datePublished\":\"2022-09-12T06:39:37+00:00\",\"dateModified\":\"2025-03-15T17:00:06+00:00\",\"description\":\"Mat\u00e9riau : Porcelaine DE FAIRE REVIVRE L'ANCIENNE TRADITION La m\u00e9moire du jouet de No\u00ebl fait partie du vaste univers de No\u00ebl de Villeroy &amp; Boch. Dans\",\"breadcrumb\":{\"@id\":\"https:\/\/www.erresse-shop.it\/fr\/shop\/ameublement-maison\/objets-de-decoration\/villeroy-boch-creche-christmas-toys-memory\/#breadcrumb\"},\"inLanguage\":\"fr-FR\",\"potentialAction\":[{\"@type\":\"ReadAction\",\"target\":[\"https:\/\/www.erresse-shop.it\/fr\/shop\/ameublement-maison\/objets-de-decoration\/villeroy-boch-creche-christmas-toys-memory\/\"]}]},{\"@type\":\"BreadcrumbList\",\"@id\":\"https:\/\/www.erresse-shop.it\/fr\/shop\/ameublement-maison\/objets-de-decoration\/villeroy-boch-creche-christmas-toys-memory\/#breadcrumb\",\"itemListElement\":[{\"@type\":\"ListItem\",\"position\":1,\"name\":\"Home\",\"item\":\"https:\/\/www.erresse-shop.it\/fr\/\"},{\"@type\":\"ListItem\",\"position\":2,\"name\":\"Shop\",\"item\":\"https:\/\/www.erresse-shop.it\/fr\/shop\/\"},{\"@type\":\"ListItem\",\"position\":3,\"name\":\"VILLEROY &#038; BOCH Cr\u00e8che Christmas Toys Memory\"}]},{\"@type\":\"WebSite\",\"@id\":\"https:\/\/www.erresse-shop.it\/fr\/#website\",\"url\":\"https:\/\/www.erresse-shop.it\/fr\/\",\"name\":\"Erresse Shop\",\"description\":\"Articoli di qualit\u00e0 per la casa\",\"potentialAction\":[{\"@type\":\"SearchAction\",\"target\":{\"@type\":\"EntryPoint\",\"urlTemplate\":\"https:\/\/www.erresse-shop.it\/fr\/?s={search_term_string}\"},\"query-input\":\"required name=search_term_string\"}],\"inLanguage\":\"fr-FR\"}]}<\/script>\n<!-- \/ Yoast SEO Premium plugin. -->","yoast_head_json":{"title":"VILLEROY & BOCH Cr\u00e8che Christmas Toys Memory - Erresse Shop","description":"Mat\u00e9riau : Porcelaine DE FAIRE REVIVRE L'ANCIENNE TRADITION La m\u00e9moire du jouet de No\u00ebl fait partie du vaste univers de No\u00ebl de Villeroy &amp; Boch. Dans","robots":{"index":"index","follow":"follow","max-snippet":"max-snippet:-1","max-image-preview":"max-image-preview:large","max-video-preview":"max-video-preview:-1"},"canonical":"https:\/\/www.erresse-shop.it\/fr\/shop\/ameublement-maison\/objets-de-decoration\/villeroy-boch-creche-christmas-toys-memory\/","og_locale":"fr_FR","og_type":"article","og_title":"VILLEROY & BOCH Cr\u00e8che Christmas Toys Memory","og_description":"Mat\u00e9riau : Porcelaine DE FAIRE REVIVRE L'ANCIENNE TRADITION La m\u00e9moire du jouet de No\u00ebl fait partie du vaste univers de No\u00ebl de Villeroy &amp; Boch. Dans","og_url":"https:\/\/www.erresse-shop.it\/fr\/shop\/ameublement-maison\/objets-de-decoration\/villeroy-boch-creche-christmas-toys-memory\/","og_site_name":"Erresse Shop","article_modified_time":"2025-03-15T17:00:06+00:00","og_image":[{"width":1200,"height":1200,"url":"https:\/\/www.erresse-shop.it\/wp-content\/uploads\/2022\/09\/VILLEROY-BOCH-Presepe-Christmas-Toys-Memory.jpg","type":"image\/jpeg"}],"twitter_card":"summary_large_image","schema":{"@context":"https:\/\/schema.org","@graph":[{"@type":"WebPage","@id":"https:\/\/www.erresse-shop.it\/fr\/shop\/ameublement-maison\/objets-de-decoration\/villeroy-boch-creche-christmas-toys-memory\/","url":"https:\/\/www.erresse-shop.it\/fr\/shop\/ameublement-maison\/objets-de-decoration\/villeroy-boch-creche-christmas-toys-memory\/","name":"VILLEROY & BOCH Cr\u00e8che Christmas Toys Memory - Erresse Shop","isPartOf":{"@id":"https:\/\/www.erresse-shop.it\/fr\/#website"},"datePublished":"2022-09-12T06:39:37+00:00","dateModified":"2025-03-15T17:00:06+00:00","description":"Mat\u00e9riau : Porcelaine DE FAIRE REVIVRE L'ANCIENNE TRADITION La m\u00e9moire du jouet de No\u00ebl fait partie du vaste univers de No\u00ebl de Villeroy &amp; Boch. Dans","breadcrumb":{"@id":"https:\/\/www.erresse-shop.it\/fr\/shop\/ameublement-maison\/objets-de-decoration\/villeroy-boch-creche-christmas-toys-memory\/#breadcrumb"},"inLanguage":"fr-FR","potentialAction":[{"@type":"ReadAction","target":["https:\/\/www.erresse-shop.it\/fr\/shop\/ameublement-maison\/objets-de-decoration\/villeroy-boch-creche-christmas-toys-memory\/"]}]},{"@type":"BreadcrumbList","@id":"https:\/\/www.erresse-shop.it\/fr\/shop\/ameublement-maison\/objets-de-decoration\/villeroy-boch-creche-christmas-toys-memory\/#breadcrumb","itemListElement":[{"@type":"ListItem","position":1,"name":"Home","item":"https:\/\/www.erresse-shop.it\/fr\/"},{"@type":"ListItem","position":2,"name":"Shop","item":"https:\/\/www.erresse-shop.it\/fr\/shop\/"},{"@type":"ListItem","position":3,"name":"VILLEROY &#038; BOCH Cr\u00e8che Christmas Toys Memory"}]},{"@type":"WebSite","@id":"https:\/\/www.erresse-shop.it\/fr\/#website","url":"https:\/\/www.erresse-shop.it\/fr\/","name":"Erresse Shop","description":"Articoli di qualit\u00e0 per la casa","potentialAction":[{"@type":"SearchAction","target":{"@type":"EntryPoint","urlTemplate":"https:\/\/www.erresse-shop.it\/fr\/?s={search_term_string}"},"query-input":"required name=search_term_string"}],"inLanguage":"fr-FR"}]}},"df_price":74.5,"df_sale_price":74.5,"df_regular_price":149,"df_image_link":"https:\/\/www.erresse-shop.it\/wp-content\/uploads\/2022\/09\/VILLEROY-BOCH-Presepe-Christmas-Toys-Memory-300x300.jpg","_links":{"self":[{"href":"https:\/\/www.erresse-shop.it\/fr\/wp-json\/wp\/v2\/product\/178442"}],"collection":[{"href":"https:\/\/www.erresse-shop.it\/fr\/wp-json\/wp\/v2\/product"}],"about":[{"href":"https:\/\/www.erresse-shop.it\/fr\/wp-json\/wp\/v2\/types\/product"}],"wp:featuredmedia":[{"embeddable":true,"href":"https:\/\/www.erresse-shop.it\/fr\/wp-json\/wp\/v2\/media\/443933"}],"wp:attachment":[{"href":"https:\/\/www.erresse-shop.it\/fr\/wp-json\/wp\/v2\/media?parent=178442"}],"wp:term":[{"taxonomy":"product_cat","embeddable":true,"href":"https:\/\/www.erresse-shop.it\/fr\/wp-json\/wp\/v2\/product_cat?post=178442"},{"taxonomy":"product_tag","embeddable":true,"href":"https:\/\/www.erresse-shop.it\/fr\/wp-json\/wp\/v2\/product_tag?post=178442"}],"curies":[{"name":"wp","href":"https:\/\/api.w.org\/{rel}","templated":true}]}}