{"id":178254,"date":"2022-09-09T13:17:25","date_gmt":"2022-09-09T13:17:27","guid":{"rendered":"https:\/\/www.erresse-shop.it\/?post_type=product&#038;p=178254"},"modified":"2024-07-22T07:04:10","modified_gmt":"2024-07-22T07:04:10","slug":"villeroy-boch-paquet-cadeau-christmas-toy","status":"publish","type":"product","link":"https:\/\/www.erresse-shop.it\/fr\/shop\/ameublement-maison\/objets-de-decoration\/villeroy-boch-paquet-cadeau-christmas-toy\/","title":{"rendered":"VILLEROY &#038; BOCH Paquet Cadeau Christmas Toy"},"content":{"rendered":"<p><strong>Mat\u00e9riau :<\/strong> Porcelaine<\/p>\n<p><strong>PAQUET CADEAU AVEC PORTE-BOUGIE ET BO\u00ceTE \u00c0 MUSIQUE<\/strong><br \/>\nLa collection Christmas Toy combine des moments nostalgiques et un design moderne dans un monde merveilleux et festif avec des march\u00e9s de No\u00ebl, des bonhommes de neige et le P\u00e8re No\u00ebl. Id\u00e9al pour compl\u00e9ter votre d\u00e9coration festive, \u00e0 collectionner et \u00e0 assortir, et \u00e0 offrir en cadeau. La figurine richement d\u00e9taill\u00e9e peut tenir une bougie dans l&#8217;arbre. Les petites ouvertures font scintiller l&#8217;arbre comme par magie. Offrez des accessoires joyeux et festifs \u00e0 vous-m\u00eame ou \u00e0 vos proches.<\/p>\n","protected":false},"excerpt":{"rendered":"<p>Mat\u00e9riau : Porcelaine PAQUET CADEAU AVEC PORTE-BOUGIE ET BO\u00ceTE \u00c0 MUSIQUE La collection Christmas Toy combine des moments nostalgiques et<\/p>\n","protected":false},"featured_media":178265,"template":"","meta":{"_acf_changed":false,"inline_featured_image":false},"product_cat":[12738,14441],"product_tag":[23910,20499,20501,20500,21327],"acf":[],"yoast_head":"<!-- This site is optimized with the Yoast SEO Premium plugin v18.6 (Yoast SEO v19.13) - https:\/\/yoast.com\/wordpress\/plugins\/seo\/ -->\n<title>VILLEROY &amp; BOCH Paquet Cadeau Christmas Toy - Erresse Shop<\/title>\n<meta name=\"description\" content=\"Mat\u00e9riau : Porcelaine PAQUET CADEAU AVEC PORTE-BOUGIE ET BO\u00ceTE \u00c0 MUSIQUE La collection Christmas Toy combine des moments nostalgiques et un design moderne\" \/>\n<meta name=\"robots\" content=\"index, follow, max-snippet:-1, max-image-preview:large, max-video-preview:-1\" \/>\n<link rel=\"canonical\" href=\"https:\/\/www.erresse-shop.it\/fr\/shop\/ameublement-maison\/objets-de-decoration\/villeroy-boch-paquet-cadeau-christmas-toy\/\" \/>\n<meta property=\"og:locale\" content=\"fr_FR\" \/>\n<meta property=\"og:type\" content=\"article\" \/>\n<meta property=\"og:title\" content=\"VILLEROY &amp; BOCH Paquet Cadeau Christmas Toy\" \/>\n<meta property=\"og:description\" content=\"Mat\u00e9riau : Porcelaine PAQUET CADEAU AVEC PORTE-BOUGIE ET BO\u00ceTE \u00c0 MUSIQUE La collection Christmas Toy combine des moments nostalgiques et un design moderne\" \/>\n<meta property=\"og:url\" content=\"https:\/\/www.erresse-shop.it\/fr\/shop\/ameublement-maison\/objets-de-decoration\/villeroy-boch-paquet-cadeau-christmas-toy\/\" \/>\n<meta property=\"og:site_name\" content=\"Erresse Shop\" \/>\n<meta property=\"article:modified_time\" content=\"2024-07-22T07:04:10+00:00\" \/>\n<meta property=\"og:image\" content=\"https:\/\/www.erresse-shop.it\/wp-content\/uploads\/2022\/09\/VILLEROY-BOCH-Scatola-Regalo-2.jpg\" \/>\n\t<meta property=\"og:image:width\" content=\"800\" \/>\n\t<meta property=\"og:image:height\" content=\"800\" \/>\n\t<meta property=\"og:image:type\" content=\"image\/jpeg\" \/>\n<meta name=\"twitter:card\" content=\"summary_large_image\" \/>\n<script type=\"application\/ld+json\" class=\"yoast-schema-graph\">{\"@context\":\"https:\/\/schema.org\",\"@graph\":[{\"@type\":\"WebPage\",\"@id\":\"https:\/\/www.erresse-shop.it\/fr\/shop\/ameublement-maison\/objets-de-decoration\/villeroy-boch-paquet-cadeau-christmas-toy\/\",\"url\":\"https:\/\/www.erresse-shop.it\/fr\/shop\/ameublement-maison\/objets-de-decoration\/villeroy-boch-paquet-cadeau-christmas-toy\/\",\"name\":\"VILLEROY & BOCH Paquet Cadeau Christmas Toy - Erresse Shop\",\"isPartOf\":{\"@id\":\"https:\/\/www.erresse-shop.it\/fr\/#website\"},\"datePublished\":\"2022-09-09T13:17:27+00:00\",\"dateModified\":\"2024-07-22T07:04:10+00:00\",\"description\":\"Mat\u00e9riau : Porcelaine PAQUET CADEAU AVEC PORTE-BOUGIE ET BO\u00ceTE \u00c0 MUSIQUE La collection Christmas Toy combine des moments nostalgiques et un design moderne\",\"breadcrumb\":{\"@id\":\"https:\/\/www.erresse-shop.it\/fr\/shop\/ameublement-maison\/objets-de-decoration\/villeroy-boch-paquet-cadeau-christmas-toy\/#breadcrumb\"},\"inLanguage\":\"fr-FR\",\"potentialAction\":[{\"@type\":\"ReadAction\",\"target\":[\"https:\/\/www.erresse-shop.it\/fr\/shop\/ameublement-maison\/objets-de-decoration\/villeroy-boch-paquet-cadeau-christmas-toy\/\"]}]},{\"@type\":\"BreadcrumbList\",\"@id\":\"https:\/\/www.erresse-shop.it\/fr\/shop\/ameublement-maison\/objets-de-decoration\/villeroy-boch-paquet-cadeau-christmas-toy\/#breadcrumb\",\"itemListElement\":[{\"@type\":\"ListItem\",\"position\":1,\"name\":\"Home\",\"item\":\"https:\/\/www.erresse-shop.it\/fr\/\"},{\"@type\":\"ListItem\",\"position\":2,\"name\":\"Shop\",\"item\":\"https:\/\/www.erresse-shop.it\/fr\/shop\/\"},{\"@type\":\"ListItem\",\"position\":3,\"name\":\"VILLEROY &#038; BOCH Paquet Cadeau Christmas Toy\"}]},{\"@type\":\"WebSite\",\"@id\":\"https:\/\/www.erresse-shop.it\/fr\/#website\",\"url\":\"https:\/\/www.erresse-shop.it\/fr\/\",\"name\":\"Erresse Shop\",\"description\":\"Articoli di qualit\u00e0 per la casa\",\"potentialAction\":[{\"@type\":\"SearchAction\",\"target\":{\"@type\":\"EntryPoint\",\"urlTemplate\":\"https:\/\/www.erresse-shop.it\/fr\/?s={search_term_string}\"},\"query-input\":\"required name=search_term_string\"}],\"inLanguage\":\"fr-FR\"}]}<\/script>\n<!-- \/ Yoast SEO Premium plugin. -->","yoast_head_json":{"title":"VILLEROY & BOCH Paquet Cadeau Christmas Toy - Erresse Shop","description":"Mat\u00e9riau : Porcelaine PAQUET CADEAU AVEC PORTE-BOUGIE ET BO\u00ceTE \u00c0 MUSIQUE La collection Christmas Toy combine des moments nostalgiques et un design moderne","robots":{"index":"index","follow":"follow","max-snippet":"max-snippet:-1","max-image-preview":"max-image-preview:large","max-video-preview":"max-video-preview:-1"},"canonical":"https:\/\/www.erresse-shop.it\/fr\/shop\/ameublement-maison\/objets-de-decoration\/villeroy-boch-paquet-cadeau-christmas-toy\/","og_locale":"fr_FR","og_type":"article","og_title":"VILLEROY & BOCH Paquet Cadeau Christmas Toy","og_description":"Mat\u00e9riau : Porcelaine PAQUET CADEAU AVEC PORTE-BOUGIE ET BO\u00ceTE \u00c0 MUSIQUE La collection Christmas Toy combine des moments nostalgiques et un design moderne","og_url":"https:\/\/www.erresse-shop.it\/fr\/shop\/ameublement-maison\/objets-de-decoration\/villeroy-boch-paquet-cadeau-christmas-toy\/","og_site_name":"Erresse Shop","article_modified_time":"2024-07-22T07:04:10+00:00","og_image":[{"width":800,"height":800,"url":"https:\/\/www.erresse-shop.it\/wp-content\/uploads\/2022\/09\/VILLEROY-BOCH-Scatola-Regalo-2.jpg","type":"image\/jpeg"}],"twitter_card":"summary_large_image","schema":{"@context":"https:\/\/schema.org","@graph":[{"@type":"WebPage","@id":"https:\/\/www.erresse-shop.it\/fr\/shop\/ameublement-maison\/objets-de-decoration\/villeroy-boch-paquet-cadeau-christmas-toy\/","url":"https:\/\/www.erresse-shop.it\/fr\/shop\/ameublement-maison\/objets-de-decoration\/villeroy-boch-paquet-cadeau-christmas-toy\/","name":"VILLEROY & BOCH Paquet Cadeau Christmas Toy - Erresse Shop","isPartOf":{"@id":"https:\/\/www.erresse-shop.it\/fr\/#website"},"datePublished":"2022-09-09T13:17:27+00:00","dateModified":"2024-07-22T07:04:10+00:00","description":"Mat\u00e9riau : Porcelaine PAQUET CADEAU AVEC PORTE-BOUGIE ET BO\u00ceTE \u00c0 MUSIQUE La collection Christmas Toy combine des moments nostalgiques et un design moderne","breadcrumb":{"@id":"https:\/\/www.erresse-shop.it\/fr\/shop\/ameublement-maison\/objets-de-decoration\/villeroy-boch-paquet-cadeau-christmas-toy\/#breadcrumb"},"inLanguage":"fr-FR","potentialAction":[{"@type":"ReadAction","target":["https:\/\/www.erresse-shop.it\/fr\/shop\/ameublement-maison\/objets-de-decoration\/villeroy-boch-paquet-cadeau-christmas-toy\/"]}]},{"@type":"BreadcrumbList","@id":"https:\/\/www.erresse-shop.it\/fr\/shop\/ameublement-maison\/objets-de-decoration\/villeroy-boch-paquet-cadeau-christmas-toy\/#breadcrumb","itemListElement":[{"@type":"ListItem","position":1,"name":"Home","item":"https:\/\/www.erresse-shop.it\/fr\/"},{"@type":"ListItem","position":2,"name":"Shop","item":"https:\/\/www.erresse-shop.it\/fr\/shop\/"},{"@type":"ListItem","position":3,"name":"VILLEROY &#038; BOCH Paquet Cadeau Christmas Toy"}]},{"@type":"WebSite","@id":"https:\/\/www.erresse-shop.it\/fr\/#website","url":"https:\/\/www.erresse-shop.it\/fr\/","name":"Erresse Shop","description":"Articoli di qualit\u00e0 per la casa","potentialAction":[{"@type":"SearchAction","target":{"@type":"EntryPoint","urlTemplate":"https:\/\/www.erresse-shop.it\/fr\/?s={search_term_string}"},"query-input":"required name=search_term_string"}],"inLanguage":"fr-FR"}]}},"df_price":54.5,"df_sale_price":54.5,"df_regular_price":109,"df_image_link":"https:\/\/www.erresse-shop.it\/wp-content\/uploads\/2022\/09\/VILLEROY-BOCH-Scatola-Regalo-2-300x300.jpg","_links":{"self":[{"href":"https:\/\/www.erresse-shop.it\/fr\/wp-json\/wp\/v2\/product\/178254"}],"collection":[{"href":"https:\/\/www.erresse-shop.it\/fr\/wp-json\/wp\/v2\/product"}],"about":[{"href":"https:\/\/www.erresse-shop.it\/fr\/wp-json\/wp\/v2\/types\/product"}],"wp:featuredmedia":[{"embeddable":true,"href":"https:\/\/www.erresse-shop.it\/fr\/wp-json\/wp\/v2\/media\/178265"}],"wp:attachment":[{"href":"https:\/\/www.erresse-shop.it\/fr\/wp-json\/wp\/v2\/media?parent=178254"}],"wp:term":[{"taxonomy":"product_cat","embeddable":true,"href":"https:\/\/www.erresse-shop.it\/fr\/wp-json\/wp\/v2\/product_cat?post=178254"},{"taxonomy":"product_tag","embeddable":true,"href":"https:\/\/www.erresse-shop.it\/fr\/wp-json\/wp\/v2\/product_tag?post=178254"}],"curies":[{"name":"wp","href":"https:\/\/api.w.org\/{rel}","templated":true}]}}