{"id":177958,"date":"2022-09-08T13:00:57","date_gmt":"2022-09-08T13:00:58","guid":{"rendered":"https:\/\/www.erresse-shop.it\/?post_type=product&#038;p=177958"},"modified":"2025-01-14T17:35:12","modified_gmt":"2025-01-14T17:35:12","slug":"emile-henry-bol-profond-a-fruits-et-legumes-grand-cru","status":"publish","type":"product","link":"https:\/\/www.erresse-shop.it\/fr\/shop\/table-fr-2\/recipients-et-bols\/emile-henry-bol-profond-a-fruits-et-legumes-grand-cru\/","title":{"rendered":"EMILE HENRY Bol Profond \u00e0 Fruits et L\u00e9gumes Grand Cru"},"content":{"rendered":"<p>Cr\u00e9\u00e9 avec un design astucieux et utilisant des mat\u00e9riaux naturels id\u00e9aux pour conserver les produits frais, le grand bol d&#8217;Emile Henry fonctionne sur deux niveaux. Le couvercle en li\u00e8ge, qui sert de coupe \u00e0 fruits, offre une pr\u00e9sentation \u00e9l\u00e9gante, tandis que la base en c\u00e9ramique offre de l&#8217;espace pour stocker des oignons, des betteraves ou des pommes de terre fra\u00eeches.<\/p>\n<p>Sous le couvercle, le manque de lumi\u00e8re ralentit la germination et 3 petits trous assurent la bonne ventilation. Gr\u00e2ce aux propri\u00e9t\u00e9s isolantes du li\u00e8ge et de la c\u00e9ramique, le grand bol de rangement Emile Henry recr\u00e9e les conditions d&#8217;une cave au c\u0153ur m\u00eame de votre cuisine ou de votre salle \u00e0 manger.<\/p>\n<p>Au sommet, le bol en li\u00e8ge peut accueillir les fruits les plus d\u00e9licats. En reposant sur la surface du li\u00e8ge, les fruits risquent moins de s&#8217;ab\u00eemer au contact. Les conseils transmis par les diff\u00e9rentes cultures reposent sur l&#8217;id\u00e9e que le li\u00e8ge permet d&#8217;\u00e9loigner les mouches des fruits et d&#8217;absorber l&#8217;humidit\u00e9 que les fruits pourraient d\u00e9gager.<\/p>\n<p>Tous les produits Emile Henry sont fabriqu\u00e9s en France et b\u00e9n\u00e9ficient d&#8217;une garantie d\u00e9cennale.<\/p>\n<p><strong>Longueur\/diam\u00e8tre :<\/strong> 36 cm<br \/>\n<strong>Largeur :<\/strong> 36 cm<br \/>\n<strong>Hauteur :<\/strong> 15,7 cm<br \/>\n<strong>Poids :<\/strong> 3,14 kg<\/p>\n","protected":false},"excerpt":{"rendered":"<p><br data-mce-bogus=\"1\"><\/p>\n","protected":false},"featured_media":177969,"template":"","meta":{"_acf_changed":false,"inline_featured_image":false},"product_cat":[14244,12782],"product_tag":[25086,23910,25021,19099,19092,21821],"acf":[],"yoast_head":"<!-- This site is optimized with the Yoast SEO Premium plugin v18.6 (Yoast SEO v19.13) - https:\/\/yoast.com\/wordpress\/plugins\/seo\/ -->\n<title>EMILE HENRY Bol Profond \u00e0 Fruits et L\u00e9gumes Grand Cru<\/title>\n<meta name=\"description\" content=\"D\u00e9couvrez EMILE HENRY Bol Profond \u00e0 Fruits et L\u00e9gumes Grand Cru sur ErresseShop. Qualit\u00e9, prix r\u00e9duits et achat s\u00e9curis\u00e9 \u2013 commandez d\u00e8s maintenant en ligne !\" \/>\n<meta name=\"robots\" content=\"index, follow, max-snippet:-1, max-image-preview:large, max-video-preview:-1\" \/>\n<link rel=\"canonical\" href=\"https:\/\/www.erresse-shop.it\/fr\/shop\/table-fr-2\/recipients-et-bols\/emile-henry-bol-profond-a-fruits-et-legumes-grand-cru\/\" \/>\n<meta property=\"og:locale\" content=\"fr_FR\" \/>\n<meta property=\"og:type\" content=\"article\" \/>\n<meta property=\"og:title\" content=\"EMILE HENRY Bol Profond \u00e0 Fruits et L\u00e9gumes Grand Cru\" \/>\n<meta property=\"og:description\" content=\"D\u00e9couvrez EMILE HENRY Bol Profond \u00e0 Fruits et L\u00e9gumes Grand Cru sur ErresseShop. Qualit\u00e9, prix r\u00e9duits et achat s\u00e9curis\u00e9 \u2013 commandez d\u00e8s maintenant en ligne !\" \/>\n<meta property=\"og:url\" content=\"https:\/\/www.erresse-shop.it\/fr\/shop\/table-fr-2\/recipients-et-bols\/emile-henry-bol-profond-a-fruits-et-legumes-grand-cru\/\" \/>\n<meta property=\"og:site_name\" content=\"Erresse Shop\" \/>\n<meta property=\"article:modified_time\" content=\"2025-01-14T17:35:12+00:00\" \/>\n<meta property=\"og:image\" content=\"https:\/\/www.erresse-shop.it\/wp-content\/uploads\/2022\/09\/EMILE-HENRY-Ciotola-Alta-Rossojpg.jpg\" \/>\n\t<meta property=\"og:image:width\" content=\"800\" \/>\n\t<meta property=\"og:image:height\" content=\"800\" \/>\n\t<meta property=\"og:image:type\" content=\"image\/jpeg\" \/>\n<meta name=\"twitter:card\" content=\"summary_large_image\" \/>\n<script type=\"application\/ld+json\" class=\"yoast-schema-graph\">{\"@context\":\"https:\/\/schema.org\",\"@graph\":[{\"@type\":\"WebPage\",\"@id\":\"https:\/\/www.erresse-shop.it\/fr\/shop\/table-fr-2\/recipients-et-bols\/emile-henry-bol-profond-a-fruits-et-legumes-grand-cru\/\",\"url\":\"https:\/\/www.erresse-shop.it\/fr\/shop\/table-fr-2\/recipients-et-bols\/emile-henry-bol-profond-a-fruits-et-legumes-grand-cru\/\",\"name\":\"EMILE HENRY Bol Profond \u00e0 Fruits et L\u00e9gumes Grand Cru\",\"isPartOf\":{\"@id\":\"https:\/\/www.erresse-shop.it\/fr\/#website\"},\"datePublished\":\"2022-09-08T13:00:58+00:00\",\"dateModified\":\"2025-01-14T17:35:12+00:00\",\"description\":\"D\u00e9couvrez EMILE HENRY Bol Profond \u00e0 Fruits et L\u00e9gumes Grand Cru sur ErresseShop. Qualit\u00e9, prix r\u00e9duits et achat s\u00e9curis\u00e9 \u2013 commandez d\u00e8s maintenant en ligne !\",\"breadcrumb\":{\"@id\":\"https:\/\/www.erresse-shop.it\/fr\/shop\/table-fr-2\/recipients-et-bols\/emile-henry-bol-profond-a-fruits-et-legumes-grand-cru\/#breadcrumb\"},\"inLanguage\":\"fr-FR\",\"potentialAction\":[{\"@type\":\"ReadAction\",\"target\":[\"https:\/\/www.erresse-shop.it\/fr\/shop\/table-fr-2\/recipients-et-bols\/emile-henry-bol-profond-a-fruits-et-legumes-grand-cru\/\"]}]},{\"@type\":\"BreadcrumbList\",\"@id\":\"https:\/\/www.erresse-shop.it\/fr\/shop\/table-fr-2\/recipients-et-bols\/emile-henry-bol-profond-a-fruits-et-legumes-grand-cru\/#breadcrumb\",\"itemListElement\":[{\"@type\":\"ListItem\",\"position\":1,\"name\":\"Home\",\"item\":\"https:\/\/www.erresse-shop.it\/fr\/\"},{\"@type\":\"ListItem\",\"position\":2,\"name\":\"Shop\",\"item\":\"https:\/\/www.erresse-shop.it\/fr\/shop\/\"},{\"@type\":\"ListItem\",\"position\":3,\"name\":\"EMILE HENRY Bol Profond \u00e0 Fruits et L\u00e9gumes Grand Cru\"}]},{\"@type\":\"WebSite\",\"@id\":\"https:\/\/www.erresse-shop.it\/fr\/#website\",\"url\":\"https:\/\/www.erresse-shop.it\/fr\/\",\"name\":\"Erresse Shop\",\"description\":\"Articoli di qualit\u00e0 per la casa\",\"potentialAction\":[{\"@type\":\"SearchAction\",\"target\":{\"@type\":\"EntryPoint\",\"urlTemplate\":\"https:\/\/www.erresse-shop.it\/fr\/?s={search_term_string}\"},\"query-input\":\"required name=search_term_string\"}],\"inLanguage\":\"fr-FR\"}]}<\/script>\n<!-- \/ Yoast SEO Premium plugin. -->","yoast_head_json":{"title":"EMILE HENRY Bol Profond \u00e0 Fruits et L\u00e9gumes Grand Cru","description":"D\u00e9couvrez EMILE HENRY Bol Profond \u00e0 Fruits et L\u00e9gumes Grand Cru sur ErresseShop. Qualit\u00e9, prix r\u00e9duits et achat s\u00e9curis\u00e9 \u2013 commandez d\u00e8s maintenant en ligne !","robots":{"index":"index","follow":"follow","max-snippet":"max-snippet:-1","max-image-preview":"max-image-preview:large","max-video-preview":"max-video-preview:-1"},"canonical":"https:\/\/www.erresse-shop.it\/fr\/shop\/table-fr-2\/recipients-et-bols\/emile-henry-bol-profond-a-fruits-et-legumes-grand-cru\/","og_locale":"fr_FR","og_type":"article","og_title":"EMILE HENRY Bol Profond \u00e0 Fruits et L\u00e9gumes Grand Cru","og_description":"D\u00e9couvrez EMILE HENRY Bol Profond \u00e0 Fruits et L\u00e9gumes Grand Cru sur ErresseShop. Qualit\u00e9, prix r\u00e9duits et achat s\u00e9curis\u00e9 \u2013 commandez d\u00e8s maintenant en ligne !","og_url":"https:\/\/www.erresse-shop.it\/fr\/shop\/table-fr-2\/recipients-et-bols\/emile-henry-bol-profond-a-fruits-et-legumes-grand-cru\/","og_site_name":"Erresse Shop","article_modified_time":"2025-01-14T17:35:12+00:00","og_image":[{"width":800,"height":800,"url":"https:\/\/www.erresse-shop.it\/wp-content\/uploads\/2022\/09\/EMILE-HENRY-Ciotola-Alta-Rossojpg.jpg","type":"image\/jpeg"}],"twitter_card":"summary_large_image","schema":{"@context":"https:\/\/schema.org","@graph":[{"@type":"WebPage","@id":"https:\/\/www.erresse-shop.it\/fr\/shop\/table-fr-2\/recipients-et-bols\/emile-henry-bol-profond-a-fruits-et-legumes-grand-cru\/","url":"https:\/\/www.erresse-shop.it\/fr\/shop\/table-fr-2\/recipients-et-bols\/emile-henry-bol-profond-a-fruits-et-legumes-grand-cru\/","name":"EMILE HENRY Bol Profond \u00e0 Fruits et L\u00e9gumes Grand Cru","isPartOf":{"@id":"https:\/\/www.erresse-shop.it\/fr\/#website"},"datePublished":"2022-09-08T13:00:58+00:00","dateModified":"2025-01-14T17:35:12+00:00","description":"D\u00e9couvrez EMILE HENRY Bol Profond \u00e0 Fruits et L\u00e9gumes Grand Cru sur ErresseShop. Qualit\u00e9, prix r\u00e9duits et achat s\u00e9curis\u00e9 \u2013 commandez d\u00e8s maintenant en ligne !","breadcrumb":{"@id":"https:\/\/www.erresse-shop.it\/fr\/shop\/table-fr-2\/recipients-et-bols\/emile-henry-bol-profond-a-fruits-et-legumes-grand-cru\/#breadcrumb"},"inLanguage":"fr-FR","potentialAction":[{"@type":"ReadAction","target":["https:\/\/www.erresse-shop.it\/fr\/shop\/table-fr-2\/recipients-et-bols\/emile-henry-bol-profond-a-fruits-et-legumes-grand-cru\/"]}]},{"@type":"BreadcrumbList","@id":"https:\/\/www.erresse-shop.it\/fr\/shop\/table-fr-2\/recipients-et-bols\/emile-henry-bol-profond-a-fruits-et-legumes-grand-cru\/#breadcrumb","itemListElement":[{"@type":"ListItem","position":1,"name":"Home","item":"https:\/\/www.erresse-shop.it\/fr\/"},{"@type":"ListItem","position":2,"name":"Shop","item":"https:\/\/www.erresse-shop.it\/fr\/shop\/"},{"@type":"ListItem","position":3,"name":"EMILE HENRY Bol Profond \u00e0 Fruits et L\u00e9gumes Grand Cru"}]},{"@type":"WebSite","@id":"https:\/\/www.erresse-shop.it\/fr\/#website","url":"https:\/\/www.erresse-shop.it\/fr\/","name":"Erresse Shop","description":"Articoli di qualit\u00e0 per la casa","potentialAction":[{"@type":"SearchAction","target":{"@type":"EntryPoint","urlTemplate":"https:\/\/www.erresse-shop.it\/fr\/?s={search_term_string}"},"query-input":"required name=search_term_string"}],"inLanguage":"fr-FR"}]}},"df_price":82.95,"df_sale_price":82.95,"df_regular_price":99.9,"df_image_link":"https:\/\/www.erresse-shop.it\/wp-content\/uploads\/2022\/09\/EMILE-HENRY-Ciotola-Alta-Rossojpg-300x300.jpg","_links":{"self":[{"href":"https:\/\/www.erresse-shop.it\/fr\/wp-json\/wp\/v2\/product\/177958"}],"collection":[{"href":"https:\/\/www.erresse-shop.it\/fr\/wp-json\/wp\/v2\/product"}],"about":[{"href":"https:\/\/www.erresse-shop.it\/fr\/wp-json\/wp\/v2\/types\/product"}],"wp:featuredmedia":[{"embeddable":true,"href":"https:\/\/www.erresse-shop.it\/fr\/wp-json\/wp\/v2\/media\/177969"}],"wp:attachment":[{"href":"https:\/\/www.erresse-shop.it\/fr\/wp-json\/wp\/v2\/media?parent=177958"}],"wp:term":[{"taxonomy":"product_cat","embeddable":true,"href":"https:\/\/www.erresse-shop.it\/fr\/wp-json\/wp\/v2\/product_cat?post=177958"},{"taxonomy":"product_tag","embeddable":true,"href":"https:\/\/www.erresse-shop.it\/fr\/wp-json\/wp\/v2\/product_tag?post=177958"}],"curies":[{"name":"wp","href":"https:\/\/api.w.org\/{rel}","templated":true}]}}