{"id":177933,"date":"2022-09-08T12:12:41","date_gmt":"2022-09-08T12:12:42","guid":{"rendered":"https:\/\/www.erresse-shop.it\/?post_type=product&#038;p=177933"},"modified":"2025-01-14T17:35:27","modified_gmt":"2025-01-14T17:35:27","slug":"emile-henry-cocotte-a-oeufs-jaune","status":"publish","type":"product","link":"https:\/\/www.erresse-shop.it\/fr\/shop\/poeles-pots\/marmites-et-cocottes-poeles-pots\/emile-henry-cocotte-a-oeufs-jaune\/","title":{"rendered":"EMILE HENRY Cocotte \u00e0 Oeufs Jaune"},"content":{"rendered":"<p>Tajine signifie rencontres et g\u00e9n\u00e9rosit\u00e9. Des contrastes vari\u00e9s, des d\u00e9sirs et des souvenirs partag\u00e9s. C&#8217;est aussi l&#8217;une des seules recettes qui d\u00e9signe \u00e0 la fois un plat&#8230; et le plat dans lequel il est cuisin\u00e9. Preuve, s&#8217;il en \u00e9tait besoin, de l&#8217;importance, lorsqu&#8217;on pr\u00e9pare, d&#8217;\u00eatre bien entour\u00e9.<\/p>\n<p>Notre &#8221; tajine &#8221; est con\u00e7u pour sublimer ce plat voyageur, avec sa chaleur, sa rondeur et sa saveur. Parce que le meilleur tajine n&#8217;est pas le plus compliqu\u00e9 ! C&#8217;est ce que vous imaginez, en choisissant les ingr\u00e9dients qui vous inspirent et \u00e9voquent des \u00e9motions retrouv\u00e9es : citrons du jardin, dattes fra\u00eeches et fondantes, agrumes juteux&#8230; le tout d\u00e9licieusement envelopp\u00e9 d&#8217;\u00e9pices parfum\u00e9es.<\/p>\n<p>Il suffit ensuite de le laisser mijoter, mijoter, mijoter sans se soucier : notre c\u00e9ramique Flame\u00ae diffuse une chaleur douce et homog\u00e8ne qui s&#8217;adapte parfaitement.<\/p>\n<p>Gr\u00e2ce au couvercle conique ferm\u00e9, la vapeur circule, les ar\u00f4mes se d\u00e9veloppent et les saveurs se lib\u00e8rent tout au long du processus de cuisson. Enfin, sa taille vous permet de rester fid\u00e8le \u00e0 l&#8217;esprit de ce plat g\u00e9n\u00e9reux, en servant 8 \u00e0 10 convives. Et n&#8217;oubliez pas : il est si bon que nous vous recommandons vivement de le servir \u00e0 table !<\/p>\n<p>Quelques conseils pour utiliser votre tajine Emile Henry :<\/p>\n<p>Commencez toujours par un feu doux pendant les 5 premi\u00e8res minutes pour augmenter progressivement la temp\u00e9rature. Ne chauffez pas la base de votre tajine vide : ajoutez toujours un peu d&#8217;eau ou d&#8217;huile. Veillez \u00e0 ce qu&#8217;il y ait toujours du jus dans votre tajine pendant la cuisson. Si n\u00e9cessaire, vous pouvez ajouter un petit verre d&#8217;eau. Gardez le tajine ferm\u00e9 pendant la cuisson, vous pouvez bien s\u00fbr l&#8217;ouvrir rapidement pour ajouter d&#8217;autres ingr\u00e9dients et \u00e9pices.<\/p>\n<p><strong>Longueur\/diam\u00e8tre :<\/strong> 14 cm<br \/>\n<strong>Largeur :<\/strong> 11 cm<br \/>\n<strong>Hauteur :<\/strong> 11,5 cm<br \/>\n<strong>Poids &#8211; KG :<\/strong> 0.5 KG<br \/>\n<strong>Temp\u00e9rature maximale :<\/strong> 270 \u00b0C<br \/>\n<strong>Temp\u00e9rature minimale :<\/strong> -20 \u00b0C<\/p>\n","protected":false},"excerpt":{"rendered":"<p>Tajine signifie rencontres et g\u00e9n\u00e9rosit\u00e9. Des contrastes vari\u00e9s, des d\u00e9sirs et des souvenirs partag\u00e9s. C&#8217;est aussi l&#8217;une des seules recettes<\/p>\n","protected":false},"featured_media":177944,"template":"","meta":{"_acf_changed":false,"inline_featured_image":false},"product_cat":[12458,14792],"product_tag":[12466,19071],"acf":[],"yoast_head":"<!-- This site is optimized with the Yoast SEO Premium plugin v18.6 (Yoast SEO v19.13) - https:\/\/yoast.com\/wordpress\/plugins\/seo\/ -->\n<title>EMILE HENRY Cocotte \u00e0 Oeufs Jaune<\/title>\n<meta name=\"description\" content=\"D\u00e9couvrez EMILE HENRY Cocotte \u00e0 Oeufs Jaune sur ErresseShop. Qualit\u00e9, prix r\u00e9duits et achat s\u00e9curis\u00e9 \u2013 commandez d\u00e8s maintenant en ligne !\" \/>\n<meta name=\"robots\" content=\"index, follow, max-snippet:-1, max-image-preview:large, max-video-preview:-1\" \/>\n<link rel=\"canonical\" href=\"https:\/\/www.erresse-shop.it\/fr\/shop\/poeles-pots\/marmites-et-cocottes-poeles-pots\/emile-henry-cocotte-a-oeufs-jaune\/\" \/>\n<meta property=\"og:locale\" content=\"fr_FR\" \/>\n<meta property=\"og:type\" content=\"article\" \/>\n<meta property=\"og:title\" content=\"EMILE HENRY Cocotte \u00e0 Oeufs Jaune\" \/>\n<meta property=\"og:description\" content=\"D\u00e9couvrez EMILE HENRY Cocotte \u00e0 Oeufs Jaune sur ErresseShop. Qualit\u00e9, prix r\u00e9duits et achat s\u00e9curis\u00e9 \u2013 commandez d\u00e8s maintenant en ligne !\" \/>\n<meta property=\"og:url\" content=\"https:\/\/www.erresse-shop.it\/fr\/shop\/poeles-pots\/marmites-et-cocottes-poeles-pots\/emile-henry-cocotte-a-oeufs-jaune\/\" \/>\n<meta property=\"og:site_name\" content=\"Erresse Shop\" \/>\n<meta property=\"article:modified_time\" content=\"2025-01-14T17:35:27+00:00\" \/>\n<meta property=\"og:image\" content=\"https:\/\/www.erresse-shop.it\/wp-content\/uploads\/2022\/09\/EMILE-HENRY-Uovo-Giallo-2.jpg\" \/>\n\t<meta property=\"og:image:width\" content=\"800\" \/>\n\t<meta property=\"og:image:height\" content=\"800\" \/>\n\t<meta property=\"og:image:type\" content=\"image\/jpeg\" \/>\n<meta name=\"twitter:card\" content=\"summary_large_image\" \/>\n<script type=\"application\/ld+json\" class=\"yoast-schema-graph\">{\"@context\":\"https:\/\/schema.org\",\"@graph\":[{\"@type\":\"WebPage\",\"@id\":\"https:\/\/www.erresse-shop.it\/fr\/shop\/poeles-pots\/marmites-et-cocottes-poeles-pots\/emile-henry-cocotte-a-oeufs-jaune\/\",\"url\":\"https:\/\/www.erresse-shop.it\/fr\/shop\/poeles-pots\/marmites-et-cocottes-poeles-pots\/emile-henry-cocotte-a-oeufs-jaune\/\",\"name\":\"EMILE HENRY Cocotte \u00e0 Oeufs Jaune\",\"isPartOf\":{\"@id\":\"https:\/\/www.erresse-shop.it\/fr\/#website\"},\"datePublished\":\"2022-09-08T12:12:42+00:00\",\"dateModified\":\"2025-01-14T17:35:27+00:00\",\"description\":\"D\u00e9couvrez EMILE HENRY Cocotte \u00e0 Oeufs Jaune sur ErresseShop. Qualit\u00e9, prix r\u00e9duits et achat s\u00e9curis\u00e9 \u2013 commandez d\u00e8s maintenant en ligne !\",\"breadcrumb\":{\"@id\":\"https:\/\/www.erresse-shop.it\/fr\/shop\/poeles-pots\/marmites-et-cocottes-poeles-pots\/emile-henry-cocotte-a-oeufs-jaune\/#breadcrumb\"},\"inLanguage\":\"fr-FR\",\"potentialAction\":[{\"@type\":\"ReadAction\",\"target\":[\"https:\/\/www.erresse-shop.it\/fr\/shop\/poeles-pots\/marmites-et-cocottes-poeles-pots\/emile-henry-cocotte-a-oeufs-jaune\/\"]}]},{\"@type\":\"BreadcrumbList\",\"@id\":\"https:\/\/www.erresse-shop.it\/fr\/shop\/poeles-pots\/marmites-et-cocottes-poeles-pots\/emile-henry-cocotte-a-oeufs-jaune\/#breadcrumb\",\"itemListElement\":[{\"@type\":\"ListItem\",\"position\":1,\"name\":\"Home\",\"item\":\"https:\/\/www.erresse-shop.it\/fr\/\"},{\"@type\":\"ListItem\",\"position\":2,\"name\":\"Shop\",\"item\":\"https:\/\/www.erresse-shop.it\/fr\/shop\/\"},{\"@type\":\"ListItem\",\"position\":3,\"name\":\"EMILE HENRY Cocotte \u00e0 Oeufs Jaune\"}]},{\"@type\":\"WebSite\",\"@id\":\"https:\/\/www.erresse-shop.it\/fr\/#website\",\"url\":\"https:\/\/www.erresse-shop.it\/fr\/\",\"name\":\"Erresse Shop\",\"description\":\"Articoli di qualit\u00e0 per la casa\",\"potentialAction\":[{\"@type\":\"SearchAction\",\"target\":{\"@type\":\"EntryPoint\",\"urlTemplate\":\"https:\/\/www.erresse-shop.it\/fr\/?s={search_term_string}\"},\"query-input\":\"required name=search_term_string\"}],\"inLanguage\":\"fr-FR\"}]}<\/script>\n<!-- \/ Yoast SEO Premium plugin. -->","yoast_head_json":{"title":"EMILE HENRY Cocotte \u00e0 Oeufs Jaune","description":"D\u00e9couvrez EMILE HENRY Cocotte \u00e0 Oeufs Jaune sur ErresseShop. Qualit\u00e9, prix r\u00e9duits et achat s\u00e9curis\u00e9 \u2013 commandez d\u00e8s maintenant en ligne !","robots":{"index":"index","follow":"follow","max-snippet":"max-snippet:-1","max-image-preview":"max-image-preview:large","max-video-preview":"max-video-preview:-1"},"canonical":"https:\/\/www.erresse-shop.it\/fr\/shop\/poeles-pots\/marmites-et-cocottes-poeles-pots\/emile-henry-cocotte-a-oeufs-jaune\/","og_locale":"fr_FR","og_type":"article","og_title":"EMILE HENRY Cocotte \u00e0 Oeufs Jaune","og_description":"D\u00e9couvrez EMILE HENRY Cocotte \u00e0 Oeufs Jaune sur ErresseShop. Qualit\u00e9, prix r\u00e9duits et achat s\u00e9curis\u00e9 \u2013 commandez d\u00e8s maintenant en ligne !","og_url":"https:\/\/www.erresse-shop.it\/fr\/shop\/poeles-pots\/marmites-et-cocottes-poeles-pots\/emile-henry-cocotte-a-oeufs-jaune\/","og_site_name":"Erresse Shop","article_modified_time":"2025-01-14T17:35:27+00:00","og_image":[{"width":800,"height":800,"url":"https:\/\/www.erresse-shop.it\/wp-content\/uploads\/2022\/09\/EMILE-HENRY-Uovo-Giallo-2.jpg","type":"image\/jpeg"}],"twitter_card":"summary_large_image","schema":{"@context":"https:\/\/schema.org","@graph":[{"@type":"WebPage","@id":"https:\/\/www.erresse-shop.it\/fr\/shop\/poeles-pots\/marmites-et-cocottes-poeles-pots\/emile-henry-cocotte-a-oeufs-jaune\/","url":"https:\/\/www.erresse-shop.it\/fr\/shop\/poeles-pots\/marmites-et-cocottes-poeles-pots\/emile-henry-cocotte-a-oeufs-jaune\/","name":"EMILE HENRY Cocotte \u00e0 Oeufs Jaune","isPartOf":{"@id":"https:\/\/www.erresse-shop.it\/fr\/#website"},"datePublished":"2022-09-08T12:12:42+00:00","dateModified":"2025-01-14T17:35:27+00:00","description":"D\u00e9couvrez EMILE HENRY Cocotte \u00e0 Oeufs Jaune sur ErresseShop. Qualit\u00e9, prix r\u00e9duits et achat s\u00e9curis\u00e9 \u2013 commandez d\u00e8s maintenant en ligne !","breadcrumb":{"@id":"https:\/\/www.erresse-shop.it\/fr\/shop\/poeles-pots\/marmites-et-cocottes-poeles-pots\/emile-henry-cocotte-a-oeufs-jaune\/#breadcrumb"},"inLanguage":"fr-FR","potentialAction":[{"@type":"ReadAction","target":["https:\/\/www.erresse-shop.it\/fr\/shop\/poeles-pots\/marmites-et-cocottes-poeles-pots\/emile-henry-cocotte-a-oeufs-jaune\/"]}]},{"@type":"BreadcrumbList","@id":"https:\/\/www.erresse-shop.it\/fr\/shop\/poeles-pots\/marmites-et-cocottes-poeles-pots\/emile-henry-cocotte-a-oeufs-jaune\/#breadcrumb","itemListElement":[{"@type":"ListItem","position":1,"name":"Home","item":"https:\/\/www.erresse-shop.it\/fr\/"},{"@type":"ListItem","position":2,"name":"Shop","item":"https:\/\/www.erresse-shop.it\/fr\/shop\/"},{"@type":"ListItem","position":3,"name":"EMILE HENRY Cocotte \u00e0 Oeufs Jaune"}]},{"@type":"WebSite","@id":"https:\/\/www.erresse-shop.it\/fr\/#website","url":"https:\/\/www.erresse-shop.it\/fr\/","name":"Erresse Shop","description":"Articoli di qualit\u00e0 per la casa","potentialAction":[{"@type":"SearchAction","target":{"@type":"EntryPoint","urlTemplate":"https:\/\/www.erresse-shop.it\/fr\/?s={search_term_string}"},"query-input":"required name=search_term_string"}],"inLanguage":"fr-FR"}]}},"df_price":35.022,"df_sale_price":35.022,"df_regular_price":44.9,"df_image_link":"https:\/\/www.erresse-shop.it\/wp-content\/uploads\/2022\/09\/EMILE-HENRY-Uovo-Giallo-2-300x300.jpg","_links":{"self":[{"href":"https:\/\/www.erresse-shop.it\/fr\/wp-json\/wp\/v2\/product\/177933"}],"collection":[{"href":"https:\/\/www.erresse-shop.it\/fr\/wp-json\/wp\/v2\/product"}],"about":[{"href":"https:\/\/www.erresse-shop.it\/fr\/wp-json\/wp\/v2\/types\/product"}],"wp:featuredmedia":[{"embeddable":true,"href":"https:\/\/www.erresse-shop.it\/fr\/wp-json\/wp\/v2\/media\/177944"}],"wp:attachment":[{"href":"https:\/\/www.erresse-shop.it\/fr\/wp-json\/wp\/v2\/media?parent=177933"}],"wp:term":[{"taxonomy":"product_cat","embeddable":true,"href":"https:\/\/www.erresse-shop.it\/fr\/wp-json\/wp\/v2\/product_cat?post=177933"},{"taxonomy":"product_tag","embeddable":true,"href":"https:\/\/www.erresse-shop.it\/fr\/wp-json\/wp\/v2\/product_tag?post=177933"}],"curies":[{"name":"wp","href":"https:\/\/api.w.org\/{rel}","templated":true}]}}