{"id":177570,"date":"2022-09-07T12:23:56","date_gmt":"2022-09-07T12:23:58","guid":{"rendered":"https:\/\/www.erresse-shop.it\/?post_type=product&#038;p=177570"},"modified":"2025-01-14T14:14:30","modified_gmt":"2025-01-14T14:14:30","slug":"berkel-bloc-couteau-bag-rouge","status":"publish","type":"product","link":"https:\/\/www.erresse-shop.it\/fr\/shop\/cuisine\/couteaux\/berkel-bloc-couteau-bag-rouge\/","title":{"rendered":"BERKEL Bloc Couteau Bag Rouge"},"content":{"rendered":"<p><strong>BLOC \u00c0 COUTEAUX DESIGN<\/strong><br \/>\nUn design essentiel pour un bloc \u00e0 couteaux qui apporte une touche de modernit\u00e9 \u00e0 la cuisine. Bloc de couteaux en bois multicouche verni. Peut contenir jusqu&#8217;\u00e0 six couteaux, m\u00eame de grande taille. Hygi\u00e8ne maximale, le mat\u00e9riau int\u00e9rieur est amovible et passe au lave-vaisselle \u00e0 65 \u00b0C.<\/p>\n<p><span style=\"text-decoration: underline;\"><strong>LES COUTEAUX NE SONT PAS INCLUS<\/strong><\/span><\/p>\n","protected":false},"excerpt":{"rendered":"<p>BLOC \u00c0 COUTEAUX DESIGN Un design essentiel pour un bloc \u00e0 couteaux qui apporte une touche de modernit\u00e9 \u00e0 la<\/p>\n","protected":false},"featured_media":177553,"template":"","meta":{"_acf_changed":false,"inline_featured_image":false},"product_cat":[12745,12742,12748],"product_tag":[15838,14045,12856],"acf":[],"yoast_head":"<!-- This site is optimized with the Yoast SEO Premium plugin v18.6 (Yoast SEO v19.13) - https:\/\/yoast.com\/wordpress\/plugins\/seo\/ -->\n<title>BERKEL Bloc Couteau Bag Rouge<\/title>\n<meta name=\"description\" content=\"D\u00e9couvrez BERKEL Bloc Couteau Bag Rouge sur ErresseShop. Qualit\u00e9, prix r\u00e9duits et achat s\u00e9curis\u00e9 \u2013 commandez d\u00e8s maintenant en ligne !\" \/>\n<meta name=\"robots\" content=\"index, follow, max-snippet:-1, max-image-preview:large, max-video-preview:-1\" \/>\n<link rel=\"canonical\" href=\"https:\/\/www.erresse-shop.it\/fr\/shop\/cuisine\/couteaux\/berkel-bloc-couteau-bag-rouge\/\" \/>\n<meta property=\"og:locale\" content=\"fr_FR\" \/>\n<meta property=\"og:type\" content=\"article\" \/>\n<meta property=\"og:title\" content=\"BERKEL Bloc Couteau Bag Rouge\" \/>\n<meta property=\"og:description\" content=\"D\u00e9couvrez BERKEL Bloc Couteau Bag Rouge sur ErresseShop. Qualit\u00e9, prix r\u00e9duits et achat s\u00e9curis\u00e9 \u2013 commandez d\u00e8s maintenant en ligne !\" \/>\n<meta property=\"og:url\" content=\"https:\/\/www.erresse-shop.it\/fr\/shop\/cuisine\/couteaux\/berkel-bloc-couteau-bag-rouge\/\" \/>\n<meta property=\"og:site_name\" content=\"Erresse Shop\" \/>\n<meta property=\"article:modified_time\" content=\"2025-01-14T14:14:30+00:00\" \/>\n<meta property=\"og:image\" content=\"https:\/\/www.erresse-shop.it\/wp-content\/uploads\/2022\/09\/BERKEL-Bag-Rosso-Ceppo.jpg\" \/>\n\t<meta property=\"og:image:width\" content=\"800\" \/>\n\t<meta property=\"og:image:height\" content=\"800\" \/>\n\t<meta property=\"og:image:type\" content=\"image\/jpeg\" \/>\n<meta name=\"twitter:card\" content=\"summary_large_image\" \/>\n<script type=\"application\/ld+json\" class=\"yoast-schema-graph\">{\"@context\":\"https:\/\/schema.org\",\"@graph\":[{\"@type\":\"WebPage\",\"@id\":\"https:\/\/www.erresse-shop.it\/fr\/shop\/cuisine\/couteaux\/berkel-bloc-couteau-bag-rouge\/\",\"url\":\"https:\/\/www.erresse-shop.it\/fr\/shop\/cuisine\/couteaux\/berkel-bloc-couteau-bag-rouge\/\",\"name\":\"BERKEL Bloc Couteau Bag Rouge\",\"isPartOf\":{\"@id\":\"https:\/\/www.erresse-shop.it\/fr\/#website\"},\"datePublished\":\"2022-09-07T12:23:58+00:00\",\"dateModified\":\"2025-01-14T14:14:30+00:00\",\"description\":\"D\u00e9couvrez BERKEL Bloc Couteau Bag Rouge sur ErresseShop. Qualit\u00e9, prix r\u00e9duits et achat s\u00e9curis\u00e9 \u2013 commandez d\u00e8s maintenant en ligne !\",\"breadcrumb\":{\"@id\":\"https:\/\/www.erresse-shop.it\/fr\/shop\/cuisine\/couteaux\/berkel-bloc-couteau-bag-rouge\/#breadcrumb\"},\"inLanguage\":\"fr-FR\",\"potentialAction\":[{\"@type\":\"ReadAction\",\"target\":[\"https:\/\/www.erresse-shop.it\/fr\/shop\/cuisine\/couteaux\/berkel-bloc-couteau-bag-rouge\/\"]}]},{\"@type\":\"BreadcrumbList\",\"@id\":\"https:\/\/www.erresse-shop.it\/fr\/shop\/cuisine\/couteaux\/berkel-bloc-couteau-bag-rouge\/#breadcrumb\",\"itemListElement\":[{\"@type\":\"ListItem\",\"position\":1,\"name\":\"Home\",\"item\":\"https:\/\/www.erresse-shop.it\/fr\/\"},{\"@type\":\"ListItem\",\"position\":2,\"name\":\"Shop\",\"item\":\"https:\/\/www.erresse-shop.it\/fr\/shop\/\"},{\"@type\":\"ListItem\",\"position\":3,\"name\":\"BERKEL Bloc Couteau Bag Rouge\"}]},{\"@type\":\"WebSite\",\"@id\":\"https:\/\/www.erresse-shop.it\/fr\/#website\",\"url\":\"https:\/\/www.erresse-shop.it\/fr\/\",\"name\":\"Erresse Shop\",\"description\":\"Articoli di qualit\u00e0 per la casa\",\"potentialAction\":[{\"@type\":\"SearchAction\",\"target\":{\"@type\":\"EntryPoint\",\"urlTemplate\":\"https:\/\/www.erresse-shop.it\/fr\/?s={search_term_string}\"},\"query-input\":\"required name=search_term_string\"}],\"inLanguage\":\"fr-FR\"}]}<\/script>\n<!-- \/ Yoast SEO Premium plugin. -->","yoast_head_json":{"title":"BERKEL Bloc Couteau Bag Rouge","description":"D\u00e9couvrez BERKEL Bloc Couteau Bag Rouge sur ErresseShop. Qualit\u00e9, prix r\u00e9duits et achat s\u00e9curis\u00e9 \u2013 commandez d\u00e8s maintenant en ligne !","robots":{"index":"index","follow":"follow","max-snippet":"max-snippet:-1","max-image-preview":"max-image-preview:large","max-video-preview":"max-video-preview:-1"},"canonical":"https:\/\/www.erresse-shop.it\/fr\/shop\/cuisine\/couteaux\/berkel-bloc-couteau-bag-rouge\/","og_locale":"fr_FR","og_type":"article","og_title":"BERKEL Bloc Couteau Bag Rouge","og_description":"D\u00e9couvrez BERKEL Bloc Couteau Bag Rouge sur ErresseShop. Qualit\u00e9, prix r\u00e9duits et achat s\u00e9curis\u00e9 \u2013 commandez d\u00e8s maintenant en ligne !","og_url":"https:\/\/www.erresse-shop.it\/fr\/shop\/cuisine\/couteaux\/berkel-bloc-couteau-bag-rouge\/","og_site_name":"Erresse Shop","article_modified_time":"2025-01-14T14:14:30+00:00","og_image":[{"width":800,"height":800,"url":"https:\/\/www.erresse-shop.it\/wp-content\/uploads\/2022\/09\/BERKEL-Bag-Rosso-Ceppo.jpg","type":"image\/jpeg"}],"twitter_card":"summary_large_image","schema":{"@context":"https:\/\/schema.org","@graph":[{"@type":"WebPage","@id":"https:\/\/www.erresse-shop.it\/fr\/shop\/cuisine\/couteaux\/berkel-bloc-couteau-bag-rouge\/","url":"https:\/\/www.erresse-shop.it\/fr\/shop\/cuisine\/couteaux\/berkel-bloc-couteau-bag-rouge\/","name":"BERKEL Bloc Couteau Bag Rouge","isPartOf":{"@id":"https:\/\/www.erresse-shop.it\/fr\/#website"},"datePublished":"2022-09-07T12:23:58+00:00","dateModified":"2025-01-14T14:14:30+00:00","description":"D\u00e9couvrez BERKEL Bloc Couteau Bag Rouge sur ErresseShop. Qualit\u00e9, prix r\u00e9duits et achat s\u00e9curis\u00e9 \u2013 commandez d\u00e8s maintenant en ligne !","breadcrumb":{"@id":"https:\/\/www.erresse-shop.it\/fr\/shop\/cuisine\/couteaux\/berkel-bloc-couteau-bag-rouge\/#breadcrumb"},"inLanguage":"fr-FR","potentialAction":[{"@type":"ReadAction","target":["https:\/\/www.erresse-shop.it\/fr\/shop\/cuisine\/couteaux\/berkel-bloc-couteau-bag-rouge\/"]}]},{"@type":"BreadcrumbList","@id":"https:\/\/www.erresse-shop.it\/fr\/shop\/cuisine\/couteaux\/berkel-bloc-couteau-bag-rouge\/#breadcrumb","itemListElement":[{"@type":"ListItem","position":1,"name":"Home","item":"https:\/\/www.erresse-shop.it\/fr\/"},{"@type":"ListItem","position":2,"name":"Shop","item":"https:\/\/www.erresse-shop.it\/fr\/shop\/"},{"@type":"ListItem","position":3,"name":"BERKEL Bloc Couteau Bag Rouge"}]},{"@type":"WebSite","@id":"https:\/\/www.erresse-shop.it\/fr\/#website","url":"https:\/\/www.erresse-shop.it\/fr\/","name":"Erresse Shop","description":"Articoli di qualit\u00e0 per la casa","potentialAction":[{"@type":"SearchAction","target":{"@type":"EntryPoint","urlTemplate":"https:\/\/www.erresse-shop.it\/fr\/?s={search_term_string}"},"query-input":"required name=search_term_string"}],"inLanguage":"fr-FR"}]}},"df_price":154.5,"df_sale_price":154.5,"df_regular_price":309,"df_image_link":"https:\/\/www.erresse-shop.it\/wp-content\/uploads\/2022\/09\/BERKEL-Bag-Rosso-Ceppo-300x300.jpg","_links":{"self":[{"href":"https:\/\/www.erresse-shop.it\/fr\/wp-json\/wp\/v2\/product\/177570"}],"collection":[{"href":"https:\/\/www.erresse-shop.it\/fr\/wp-json\/wp\/v2\/product"}],"about":[{"href":"https:\/\/www.erresse-shop.it\/fr\/wp-json\/wp\/v2\/types\/product"}],"wp:featuredmedia":[{"embeddable":true,"href":"https:\/\/www.erresse-shop.it\/fr\/wp-json\/wp\/v2\/media\/177553"}],"wp:attachment":[{"href":"https:\/\/www.erresse-shop.it\/fr\/wp-json\/wp\/v2\/media?parent=177570"}],"wp:term":[{"taxonomy":"product_cat","embeddable":true,"href":"https:\/\/www.erresse-shop.it\/fr\/wp-json\/wp\/v2\/product_cat?post=177570"},{"taxonomy":"product_tag","embeddable":true,"href":"https:\/\/www.erresse-shop.it\/fr\/wp-json\/wp\/v2\/product_tag?post=177570"}],"curies":[{"name":"wp","href":"https:\/\/api.w.org\/{rel}","templated":true}]}}